{"id":23399,"date":"2023-04-04T22:44:16","date_gmt":"2023-04-04T19:44:16","guid":{"rendered":"https:\/\/sachviet.eu\/shop\/dem-giang-sinh-lung-linh-bo-ghep-hinh-3d\/"},"modified":"2026-02-19T13:12:30","modified_gmt":"2026-02-19T11:12:30","slug":"dem-giang-sinh-lung-linh-bo-ghep-hinh-3d","status":"publish","type":"product","link":"https:\/\/sachviet.eu\/en\/shop\/dem-giang-sinh-lung-linh-bo-ghep-hinh-3d\/","title":{"rendered":"\u0110\u00eam Gi\u00e1ng Sinh lung linh &#8211; B\u1ed9 Gh\u00e9p H\u00ecnh 3D"},"content":{"rendered":"<p>B\u1ed8 GH\u00c9P H\u00ccNH 3D &#8211; B\u1ed9 tr\u00f2 ch\u01a1i kh\u00f4ng th\u1ec3 thi\u1ebfu cho Noel 2022 c\u1ee7a c\u00e1c con \u2728\u2728<br \/>\nS\u1ebd th\u1eadt tuy\u1ec7t khi c\u00e1c con k\u1ebft th\u00fac m\u1ed9t cu\u1ed1n s\u00e1ch v\u00e0 nh\u00ecn th\u1ea5y khung c\u1ea3nh trong c\u00e2u chuy\u1ec7n hi\u1ec7n ra ngay tr\u01b0\u1edbc m\u1eaft m\u00ecnh, b\u1ed1 m\u1eb9 nh\u1ec9! \u0110i\u1ec1u \u0111\u00f3 ho\u00e0n to\u00e0n c\u00f3 th\u1ec3 tr\u1edf th\u00e0nh hi\u1ec7n th\u1ef1c v\u1edbi B\u1ed9 gh\u00e9p h\u00ecnh 3D c\u1ee7a Crabit Kidbooks:<br \/>\n&#8211; B\u1ed9 gh\u00e9p h\u00ecnh \u0111i k\u00e8m cu\u1ed1n s\u00e1ch tranh \u201c\u0110\u00eam Gi\u00e1ng Sinh lung linh\u201d d\u1ec5 th\u01b0\u01a1ng. Khi \u0111\u1ecdc xong s\u00e1ch, b\u1ed9 gh\u00e9p h\u00ecnh gi\u00fap c\u00e1c con \u201ch\u00f4 bi\u1ebfn\u201d c\u1ea3nh cu\u1ed1i trong truy\u1ec7n hi\u1ec7n ra trong kh\u00f4ng gian 3D c\u1ef1c ch\u1ea5t!<br \/>\n&#8211; \u0110\u1ef1ng trong h\u1ed9p ch\u1eafc ch\u1eafn, ti\u1ec7n l\u1ee3i \u0111\u1ec3 cha m\u1eb9 c\u1ea5t gi\u1eef v\u00e0 mang theo cho con t\u1ef1 ch\u01a1i \u1edf b\u1ea5t k\u1ef3 \u0111\u00e2u.<br \/>\n&#8211; T\u1ea5t c\u1ea3 nh\u1eefng g\u00ec c\u00e1c con c\u1ea7n l\u00e0m l\u00e0 d\u00f9ng tay nh\u1eb9 nh\u00e0ng \u1ea5n c\u00e1c m\u1ea3nh m\u00f4 h\u00ecnh ra kh\u1ecfi c\u00e1c t\u1ea5m th\u1ebb v\u00e0 gh\u00e9p ch\u00fang l\u1ea1i m\u00e0 kh\u00f4ng c\u1ea7n d\u00f9ng keo hay k\u00e9o, r\u1ea5t an to\u00e0n \u0111\u1ec3 con t\u1ef1 ch\u01a1i v\u00e0 kh\u00e1m ph\u00e1.<\/p>\n","protected":false},"excerpt":{"rendered":"<p>B\u1ed8 GH\u00c9P H\u00ccNH 3D &#8211; B\u1ed9 tr\u00f2 ch\u01a1i kh\u00f4ng th\u1ec3 thi\u1ebfu cho Noel 2022 c\u1ee7a c\u00e1c con \u2728\u2728<br \/>\nS\u1ebd th\u1eadt tuy\u1ec7t khi c\u00e1c con k\u1ebft th\u00fac m\u1ed9t cu\u1ed1n s\u00e1ch v\u00e0 nh\u00ecn th\u1ea5y khung c\u1ea3nh trong c\u00e2u chuy\u1ec7n hi\u1ec7n ra ngay tr\u01b0\u1edbc m\u1eaft m\u00ecnh, b\u1ed1 m\u1eb9 nh\u1ec9! \u0110i\u1ec1u \u0111\u00f3 ho\u00e0n to\u00e0n c\u00f3 th\u1ec3 tr\u1edf th\u00e0nh hi\u1ec7n th\u1ef1c v\u1edbi B\u1ed9 gh\u00e9p h\u00ecnh 3D c\u1ee7a Crabit Kidbooks:<br \/>\n&#8211; B\u1ed9 gh\u00e9p h\u00ecnh \u0111i k\u00e8m cu\u1ed1n s\u00e1ch tranh \u201c\u0110\u00eam Gi\u00e1ng Sinh lung linh\u201d d\u1ec5 th\u01b0\u01a1ng. Khi \u0111\u1ecdc xong s\u00e1ch, b\u1ed9 gh\u00e9p h\u00ecnh gi\u00fap c\u00e1c con \u201ch\u00f4 bi\u1ebfn\u201d c\u1ea3nh cu\u1ed1i trong truy\u1ec7n hi\u1ec7n ra trong kh\u00f4ng gian 3D c\u1ef1c ch\u1ea5t!<br \/>\n&#8211; \u0110\u1ef1ng trong h\u1ed9p ch\u1eafc ch\u1eafn, ti\u1ec7n l\u1ee3i \u0111\u1ec3 cha m\u1eb9 c\u1ea5t gi\u1eef v\u00e0 mang theo cho con t\u1ef1 ch\u01a1i \u1edf b\u1ea5t k\u1ef3 \u0111\u00e2u.<br \/>\n&#8211; T\u1ea5t c\u1ea3 nh\u1eefng g\u00ec c\u00e1c con c\u1ea7n l\u00e0m l\u00e0 d\u00f9ng tay nh\u1eb9 nh\u00e0ng \u1ea5n c\u00e1c m\u1ea3nh m\u00f4 h\u00ecnh ra kh\u1ecfi c\u00e1c t\u1ea5m th\u1ebb v\u00e0 gh\u00e9p ch\u00fang l\u1ea1i m\u00e0 kh\u00f4ng c\u1ea7n d\u00f9ng keo hay k\u00e9o, r\u1ea5t an to\u00e0n \u0111\u1ec3 con t\u1ef1 ch\u01a1i v\u00e0 kh\u00e1m ph\u00e1.<\/p>\n","protected":false},"featured_media":23398,"template":"","meta":{"_acf_changed":false},"product_brand":[],"product_cat":[20,25,70,17,26],"product_tag":[83],"class_list":{"0":"post-23399","1":"product","2":"type-product","3":"status-publish","4":"has-post-thumbnail","6":"product_cat-be-vua-hoc-vua-choi","7":"product_cat-nhi-dong-6-tuoi-12-tuoi","8":"product_cat-qua-tang","9":"product_cat-sach-danh-cho-cac-be","10":"product_cat-thieu-nien-11-tuoi-18-tuoi","11":"product_tag-sach-moi-xuat-ban","13":"first","14":"instock","15":"taxable","16":"shipping-taxable","17":"purchasable","18":"product-type-simple"},"supplier_id":null,"supplier_sku":"","barcode":null,"atum_controlled":true,"out_stock_date":null,"out_stock_threshold":null,"inheritable":false,"inbound_stock":0,"stock_on_hold":0,"sold_today":0,"sales_last_days":0,"reserved_stock":0,"customer_returns":0,"warehouse_damage":0,"lost_in_post":0,"other_logs":0,"out_stock_days":0,"lost_sales":0,"has_location":false,"update_date":"2026-03-15T22:56:15","atum_locations":[],"atum_stock_status":"instock","restock_status":false,"low_stock_amount":"","sales_update_date":"2026-03-15T22:56:15","calc_backorders":null,"acf":{"publisher":{"ID":1458,"post_author":"1","post_date":"2021-02-17 01:12:22","post_date_gmt":"2021-02-16 23:12:22","post_content":"<!-- wp:flatsome\/uxbuilder -->\n<h1 style=\"text-align: center\"><strong>Crabit Kidbooks<\/strong><\/h1>\n[row]\n\n[col span=\"8\" span__sm=\"12\"]\n\n<p>Crabit Kidbooks l\u00e0 nh\u00e0 ph\u00e1t h\u00e0nh s\u00e1ch thi\u1ebfu nhi thu\u1ed9c C\u00f4ng ty CPTM &amp; XNK Ng\u1ecdc \u00c1nh \u2013 \u0111\u01a1n v\u1ecb h\u01a1n 20 n\u0103m kinh nghi\u1ec7m trong ng\u00e0nh in \u1ea5n v\u00e0 l\u00e0 \u0111\u1ed1i t\u00e1c uy t\u00edn cung c\u1ea5p h\u1ecdc li\u1ec7u, s\u00e1ch v\u1edf h\u1ecdc sinh cho h\u01a1n 5000 kh\u00e1ch h\u00e0ng kh\u1eafp 28 t\u1ec9nh th\u00e0nh ph\u00eda B\u1eafc Vi\u1ec7t Nam H\u1ec7 th\u1ed1ng s\u1ea3n ph\u1ea9m Crabit Kidbooks<\/p>\n<p>Theo s\u1ef1 t\u00ecm hi\u1ec3u c\u1ee7a <strong>SACHVIET.EU<\/strong><strong>\u00a0<\/strong>tuy Crabit Kidbooks l\u00e0 m\u1ed9t nh\u00e0 ph\u00e1t h\u00e0nh tr\u1ebb t\u1ea1i Vi\u1ec7t Nam nh\u01b0ng l\u1ea1i mang \u0111\u1ebfn s\u1ef1 ch\u1ec9n chu qua t\u1eebng trang s\u00e1ch, t\u1eeb ch\u1ea5t li\u1ec7u gi\u1ea5y cao c\u1ea5p, b\u00eca c\u1ee9ng gi\u1eef g\u00ecn s\u00e1ch \u0111\u01b0\u1ee3c b\u1ec1n l\u00e2u \u0111\u1ebfn l\u1eddi v\u0103n c\u00e2u ch\u1eef \u0111\u01b0\u1ee3c ch\u1ecdn l\u1ecdc ch\u1ec9nh s\u1eeda sao cho ti\u1ebfp c\u1eadn th\u00e2n thi\u1ec7n nh\u1ea5t v\u1edbi tr\u1ebb em. <strong>SACHVIET.EU<\/strong> th\u1ef1c s\u1ef1 \u1ea5n t\u01b0\u1ee3ng b\u1edfi t\u1ea7m nh\u00ecn v\u00e0 s\u1ef1 c\u1ed1 g\u1eafng ho\u00e0n thi\u1ec7n nh\u1eefng t\u00e1c ph\u1ea9m c\u00f3 gi\u00e1 tr\u1ecb tuy\u1ec7t v\u1eddi m\u00e0 Crabit Kidbooks mang l\u1ea1i. \u0110\u00e2y c\u0169ng l\u00e0 nh\u00e0 ph\u00e1t h\u00e0nh duy nh\u1ea5t t\u1edbi th\u1eddi \u0111i\u1ec3m n\u00e0y m\u00e0 <strong>SACHVIET.EU<\/strong> quy\u1ebft t\u00e2m h\u1ee3p t\u00e1c mang h\u1ebft t\u1ea5t c\u1ea3 c\u00e1c \u0111\u1ea7u s\u00e1ch m\u00e0 Crabit Kidbooks c\u00f3 \u0111\u1ec3 \u0111em \u0111\u1ebfn Ch\u00e2u \u00c2u ph\u1ee5c v\u1ee5 m\u1ecdi ng\u01b0\u1eddi. \u0110\u00e2y th\u1ef1c s\u1ef1 l\u00e0 m\u1ed9t s\u1ef1 li\u1ec1u l\u0129nh c\u1ee7a <strong>SACHVIET.EU<\/strong>, tuy nhi\u00ean ch\u00fang m\u00ecnh tin t\u01b0\u1edfng v\u00e0 t\u1ef1 tin r\u1eb1ng t\u1eebng cu\u1ed1n s\u00e1ch m\u00e0 ch\u00fang m\u00ecnh gi\u1edbi thi\u1ec7u x\u1ee9ng \u0111\u00e1ng v\u1edbi nh\u1eefng g\u00ec ch\u00fang m\u00ecnh theo \u0111u\u1ed5i.<\/p>\n\n[\/col]\n[col span=\"4\" span__sm=\"12\"]\n\n[ux_image id=\"1701\" image_size=\"medium\"]\n\n\n[\/col]\n\n[\/row]\n\n<!-- \/wp:flatsome\/uxbuilder -->","post_title":"Crabit Kidbooks","post_excerpt":"","post_status":"publish","comment_status":"closed","ping_status":"closed","post_password":"","post_name":"crabit-kidbooks","to_ping":"","pinged":"","post_modified":"2022-12-19 23:12:10","post_modified_gmt":"2022-12-19 21:12:10","post_content_filtered":"","post_parent":0,"guid":"https:\/\/sachviet.eu\/nha-phat-hanh\/crabitkidbooks\/","menu_order":0,"post_type":"publisher","post_mime_type":"","comment_count":"0","filter":"raw"}},"_links":{"self":[{"href":"https:\/\/sachviet.eu\/en\/wp-json\/wp\/v2\/product\/23399","targetHints":{"allow":["GET"]}}],"collection":[{"href":"https:\/\/sachviet.eu\/en\/wp-json\/wp\/v2\/product"}],"about":[{"href":"https:\/\/sachviet.eu\/en\/wp-json\/wp\/v2\/types\/product"}],"wp:featuredmedia":[{"embeddable":true,"href":"https:\/\/sachviet.eu\/en\/wp-json\/wp\/v2\/media\/23398"}],"wp:attachment":[{"href":"https:\/\/sachviet.eu\/en\/wp-json\/wp\/v2\/media?parent=23399"}],"wp:term":[{"taxonomy":"product_brand","embeddable":true,"href":"https:\/\/sachviet.eu\/en\/wp-json\/wp\/v2\/product_brand?post=23399"},{"taxonomy":"product_cat","embeddable":true,"href":"https:\/\/sachviet.eu\/en\/wp-json\/wp\/v2\/product_cat?post=23399"},{"taxonomy":"product_tag","embeddable":true,"href":"https:\/\/sachviet.eu\/en\/wp-json\/wp\/v2\/product_tag?post=23399"}],"curies":[{"name":"wp","href":"https:\/\/api.w.org\/{rel}","templated":true}]}}