{"id":23395,"date":"2023-04-04T22:43:16","date_gmt":"2023-04-04T19:43:16","guid":{"rendered":"https:\/\/sachviet.eu\/shop\/duong-ve-tinh-thuc-what-is-mindfulness\/"},"modified":"2024-11-05T07:32:58","modified_gmt":"2024-11-05T05:32:58","slug":"duong-ve-tinh-thuc-what-is-mindfulness","status":"publish","type":"product","link":"https:\/\/sachviet.eu\/en\/shop\/duong-ve-tinh-thuc-what-is-mindfulness\/","title":{"rendered":"\u0110\u01b0\u1eddng V\u1ec1 T\u1ec9nh Th\u1ee9c &#8211; What Is Mindfulness?"},"content":{"rendered":"<p>\u201c\u0110\u01b0\u1eddng v\u1ec1 t\u1ec9nh th\u1ee9c\u201d l\u00e0 cu\u1ed1n s\u00e1ch gi\u00fap b\u1ea1n ti\u1ebfp c\u1eadn v\u1edbi Ch\u00e1nh ni\u1ec7m m\u1ed9t c\u00e1ch g\u1ea7n g\u0169i v\u00e0 d\u1ec5 hi\u1ec3u nh\u1ea5t. Th\u00f4ng qua cu\u1ed1n s\u00e1ch, t\u00e1c gi\u1ea3 &#8211; Ti\u1ebfn s\u0129 Tamara Russell s\u1ebd gi\u00fap b\u1ea1n nh\u1eadn ra nh\u1eefng l\u1ea7m t\u01b0\u1edfng c\u1ee7a m\u1ecdi ng\u01b0\u1eddi v\u1ec1 Ch\u00e1nh ni\u1ec7m t\u1eeb tr\u01b0\u1edbc \u0111\u1ebfn nay. T\u1eeb \u0111\u00f3 nh\u00ecn th\u1ea5u \u0111\u01b0\u1ee3c ngu\u1ed3n g\u1ed1c, c\u01a1 ch\u1ebf, v\u00e0 \u00fd ngh\u0129a c\u1ee7a n\u00f3 trong cu\u1ed9c s\u1ed1ng th\u01b0\u1eddng nh\u1eadt, \u0111\u1ec3 c\u00f3 s\u1ef1 c\u00e2n nh\u1eafc trong t\u1eebng h\u00e0nh \u0111\u1ed9ng thay v\u00ec l\u00e0m m\u1ecdi th\u1ee9 theo b\u1ea3n n\u0103ng v\u00e0 thi\u1ebfu suy ngh\u0129. N\u1eef t\u00e1c gi\u1ea3 c\u0169ng chia s\u1ebb r\u1eb1ng, cu\u1ed1n s\u00e1ch s\u1ebd l\u00e0 ng\u01b0\u1eddi b\u1ea1n \u0111\u1ea7u ti\u00ean c\u1ee7a b\u1ea1n tr\u00ean h\u00e0nh tr\u00ecnh d\u1ea5n th\u00e2n v\u00e0o Ch\u00e1nh ni\u1ec7m, \u0111\u1eb7c bi\u1ec7t l\u00e0 khi b\u1ea1n \u0111\u1eb7t s\u1ef1 t\u1ec9nh th\u1ee9c l\u00ean m\u1ed9t v\u1ecb tr\u00ed quan tr\u1ecdng trong cu\u1ed9c \u0111\u1eddi m\u00ecnh.<\/p>\n","protected":false},"excerpt":{"rendered":"<p>\u201c\u0110\u01b0\u1eddng v\u1ec1 t\u1ec9nh th\u1ee9c\u201d l\u00e0 cu\u1ed1n s\u00e1ch gi\u00fap b\u1ea1n ti\u1ebfp c\u1eadn v\u1edbi Ch\u00e1nh ni\u1ec7m m\u1ed9t c\u00e1ch g\u1ea7n g\u0169i v\u00e0 d\u1ec5 hi\u1ec3u nh\u1ea5t. Th\u00f4ng qua cu\u1ed1n s\u00e1ch, t\u00e1c gi\u1ea3 &#8211; Ti\u1ebfn s\u0129 Tamara Russell s\u1ebd gi\u00fap b\u1ea1n nh\u1eadn ra nh\u1eefng l\u1ea7m t\u01b0\u1edfng c\u1ee7a m\u1ecdi ng\u01b0\u1eddi v\u1ec1 Ch\u00e1nh ni\u1ec7m t\u1eeb tr\u01b0\u1edbc \u0111\u1ebfn nay. T\u1eeb \u0111\u00f3 nh\u00ecn th\u1ea5u \u0111\u01b0\u1ee3c ngu\u1ed3n g\u1ed1c, c\u01a1 ch\u1ebf, v\u00e0 \u00fd ngh\u0129a c\u1ee7a n\u00f3 trong cu\u1ed9c s\u1ed1ng th\u01b0\u1eddng nh\u1eadt, \u0111\u1ec3 c\u00f3 s\u1ef1 c\u00e2n nh\u1eafc trong t\u1eebng h\u00e0nh \u0111\u1ed9ng thay v\u00ec l\u00e0m m\u1ecdi th\u1ee9 theo b\u1ea3n n\u0103ng v\u00e0 thi\u1ebfu suy ngh\u0129. N\u1eef t\u00e1c gi\u1ea3 c\u0169ng chia s\u1ebb r\u1eb1ng, cu\u1ed1n s\u00e1ch s\u1ebd l\u00e0 ng\u01b0\u1eddi b\u1ea1n \u0111\u1ea7u ti\u00ean c\u1ee7a b\u1ea1n tr\u00ean h\u00e0nh tr\u00ecnh d\u1ea5n th\u00e2n v\u00e0o Ch\u00e1nh ni\u1ec7m, \u0111\u1eb7c bi\u1ec7t l\u00e0 khi b\u1ea1n \u0111\u1eb7t s\u1ef1 t\u1ec9nh th\u1ee9c l\u00ean m\u1ed9t v\u1ecb tr\u00ed quan tr\u1ecdng trong cu\u1ed9c \u0111\u1eddi m\u00ecnh.<\/p>\n","protected":false},"featured_media":23394,"template":"","meta":{"_acf_changed":false},"product_brand":[],"product_cat":[18,15,46],"product_tag":[],"class_list":{"0":"post-23395","1":"product","2":"type-product","3":"status-publish","4":"has-post-thumbnail","6":"product_cat-kinh-te","7":"product_cat-sach-danh-cho-nguoi-lon","8":"product_cat-ky-nang-song","10":"first","11":"outofstock","12":"taxable","13":"shipping-taxable","14":"purchasable","15":"product-type-simple"},"supplier_id":null,"supplier_sku":"","barcode":null,"atum_controlled":true,"out_stock_date":"2023-04-16 10:16:15","out_stock_threshold":null,"inheritable":false,"inbound_stock":0,"stock_on_hold":0,"sold_today":0,"sales_last_days":0,"reserved_stock":0,"customer_returns":0,"warehouse_damage":0,"lost_in_post":0,"other_logs":0,"out_stock_days":1018,"lost_sales":0,"has_location":false,"update_date":"2026-01-28T23:11:27","atum_locations":[],"atum_stock_status":"outofstock","restock_status":false,"low_stock_amount":"","sales_update_date":"2026-01-28T23:11:26","calc_backorders":null,"acf":{"publisher":{"ID":6196,"post_author":"1","post_date":"2021-03-15 01:26:01","post_date_gmt":"2021-03-14 23:26:01","post_content":"","post_title":"FIRST NEWS","post_excerpt":"","post_status":"publish","comment_status":"closed","ping_status":"closed","post_password":"","post_name":"first-news","to_ping":"","pinged":"","post_modified":"2021-03-15 01:26:01","post_modified_gmt":"2021-03-14 23:26:01","post_content_filtered":"","post_parent":0,"guid":"https:\/\/sachviet.eu\/blog\/nha-phat-hanh\/first-news\/","menu_order":0,"post_type":"publisher","post_mime_type":"","comment_count":"0","filter":"raw"}},"_links":{"self":[{"href":"https:\/\/sachviet.eu\/en\/wp-json\/wp\/v2\/product\/23395","targetHints":{"allow":["GET"]}}],"collection":[{"href":"https:\/\/sachviet.eu\/en\/wp-json\/wp\/v2\/product"}],"about":[{"href":"https:\/\/sachviet.eu\/en\/wp-json\/wp\/v2\/types\/product"}],"wp:featuredmedia":[{"embeddable":true,"href":"https:\/\/sachviet.eu\/en\/wp-json\/wp\/v2\/media\/23394"}],"wp:attachment":[{"href":"https:\/\/sachviet.eu\/en\/wp-json\/wp\/v2\/media?parent=23395"}],"wp:term":[{"taxonomy":"product_brand","embeddable":true,"href":"https:\/\/sachviet.eu\/en\/wp-json\/wp\/v2\/product_brand?post=23395"},{"taxonomy":"product_cat","embeddable":true,"href":"https:\/\/sachviet.eu\/en\/wp-json\/wp\/v2\/product_cat?post=23395"},{"taxonomy":"product_tag","embeddable":true,"href":"https:\/\/sachviet.eu\/en\/wp-json\/wp\/v2\/product_tag?post=23395"}],"curies":[{"name":"wp","href":"https:\/\/api.w.org\/{rel}","templated":true}]}}