{"id":23393,"date":"2023-04-04T22:43:10","date_gmt":"2023-04-04T19:43:10","guid":{"rendered":"https:\/\/sachviet.eu\/shop\/nhung-nguoi-hang-xom-nguyen-nhat-anh\/"},"modified":"2023-06-06T14:03:47","modified_gmt":"2023-06-06T11:03:47","slug":"nhung-nguoi-hang-xom-nguyen-nhat-anh","status":"publish","type":"product","link":"https:\/\/sachviet.eu\/en\/shop\/nhung-nguoi-hang-xom-nguyen-nhat-anh\/","title":{"rendered":"Nh\u1eefng Ng\u01b0\u1eddi H\u00e0ng X\u00f3m &#8211; Nguy\u1ec5n Nh\u1eadt \u00c1nh"},"content":{"rendered":"<p>Cu\u1ed9c s\u1ed1ng t\u1ea1i m\u1ed9t th\u1ecb tr\u1ea5n nh\u1ecf c\u1ee7a nh\u1eefng con ng\u01b0\u1eddi lao \u0111\u1ed9ng b\u00ecnh th\u01b0\u1eddng \u0111\u1ea7y nh\u1eefng b\u1ea5t ng\u1edd trong y\u00eau th\u01b0\u01a1ng, \u1ea5m \u00e1p. C\u00e2u chuy\u1ec7n \u0111i theo l\u1eddi k\u1ec3 c\u1ee7a m\u1ed9t anh ch\u00e0ng m\u1edbi l\u1ea5y v\u1ee3, chu\u1ea9n b\u1ecb \u0111i l\u00e0m v\u00e0 c\u00f3 \u00fd th\u00edch vi\u1ebft v\u0103n. Anh ch\u00e0ng y\u00eau v\u1ee3 theo c\u00e1ch c\u1ee7a m\u00ecnh, khen ng\u1ee3i s\u00f9ng b\u00e1i ng\u01b0\u1eddi y\u00eau c\u0169ng theo c\u00e1ch c\u1ee7a m\u00ecnh, nh\u01b0ng nh\u00ecn cu\u1ed9c \u0111\u1eddi theo c\u00e1ch s\u1ed1ng c\u1ee7a nh\u1eefng ng\u01b0\u1eddi h\u00e0ng x\u00f3m. S\u1ed1ng trong t\u00ecnh y\u00eau c\u1ee7a v\u1ee3 \u0111\u1ea7y m\u00f9i th\u01a1m v\u00e0 nhi\u1ec1u v\u1ecb ng\u1ecdt. Ch\u1ee9ng ki\u1ebfn t\u00ecnh y\u00eau c\u1ee7a anh c\u1ea3nh s\u00e1t v\u1edbi c\u00f4 b\u1ea1n g\u00e1i ng\u00e0nh y; m\u1ed1i t\u00ecnh th\u1ee9 hai c\u1ee7a ng\u01b0\u1eddi ph\u1ee5 n\u1eef t\u1ed1t b\u1ee5ng ph\u00e1t thanh vi\u00ean ng\u00f4n ng\u1eef k\u00fd hi\u1ec7u. V\u00e0 \u0111\u01b0\u1ee3c chi\u00eam nghi\u1ec7m trong t\u00ecnh y\u00eau \u0111\u1eafm \u0111u\u1ed1i m\u1ed7i ng\u00e0y c\u1ee7a \u00f4ng h\u1ecda s\u0129 gi\u00e0 th\u01b0\u01a1ng nh\u1edb ng\u01b0\u1eddi v\u1ee3 xinh \u0111\u1eb9p-ng\u01b0\u1eddi m\u1eabu, n\u00e0ng th\u01a1 c\u1ee7a \u00f4ng.<\/p>\n<p>Nh\u01b0 m\u1ed9t cu\u1ed1n phim \u0111\u1ea7y m\u00e0u s\u1eafc v\u1edbi \u00e2m \u0111i\u1ec7u d\u1ecbu d\u00e0ng, \u00eam \u1ea3. Cu\u1ed9c s\u1ed1ng b\u00ecnh y\u00ean c\u1ee7a nh\u1eefng ng\u01b0\u1eddi y\u00eau th\u01b0\u01a1ng nhau. B\u00e0i h\u1ecdc v\u1ec1 t\u00ecnh ng\u01b0\u1eddi \u0111\u1ee9ng ph\u00eda sau b\u00e0i h\u1ecdc v\u1ec1 ngh\u1ec1 vi\u1ebft, v\u00e0 c\u1ea3 trong c\u00e2u chuy\u1ec7n v\u1ec1 m\u1ed9t l\u1ed1i kinh doanh nh\u00e0 c\u1ef1c k\u1ef3 \u0111\u1eb7c bi\u1ec7t!<\/p>\n<p>C\u00e2u chuy\u1ec7n m\u1edf ra s\u1ebd l\u00e0 b\u1ea5t ng\u1edd v\u1edbi b\u1ea1n \u0111\u1ecdc \u201cru\u1ed9t\u201d c\u1ee7a Nguy\u1ec5n Nh\u1eadt \u00c1nh, v\u00e0 k\u1ebft th\u00fac trong m\u1ed9t s\u1ef1 d\u1ecbu d\u00e0ng nh\u1eb9 nh\u00f5m l\u00f2ng, b\u1edfi nh\u00e0 v\u0103n \u0111\u00e3 nh\u1eafc l\u1ea1i cho ta nh\u1edb: cu\u1ed9c s\u1ed1ng lu\u00f4n th\u1eadt l\u00e0 t\u01b0\u01a1i \u0111\u1eb9p bi\u1ebft bao. Kh\u00e9p s\u00e1ch l\u1ea1i, b\u1ea1n s\u1ebd nh\u1eadn \u0111\u01b0\u1ee3c ni\u1ec1m vui b\u00ecnh y\u00ean.<\/p>\n","protected":false},"excerpt":{"rendered":"<p>Cu\u1ed9c s\u1ed1ng t\u1ea1i m\u1ed9t th\u1ecb tr\u1ea5n nh\u1ecf c\u1ee7a nh\u1eefng con ng\u01b0\u1eddi lao \u0111\u1ed9ng b\u00ecnh th\u01b0\u1eddng \u0111\u1ea7y nh\u1eefng b\u1ea5t ng\u1edd trong y\u00eau th\u01b0\u01a1ng, \u1ea5m \u00e1p. C\u00e2u chuy\u1ec7n \u0111i theo l\u1eddi k\u1ec3 c\u1ee7a m\u1ed9t anh ch\u00e0ng m\u1edbi l\u1ea5y v\u1ee3, chu\u1ea9n b\u1ecb \u0111i l\u00e0m v\u00e0 c\u00f3 \u00fd th\u00edch vi\u1ebft v\u0103n. Anh ch\u00e0ng y\u00eau v\u1ee3 theo c\u00e1ch c\u1ee7a m\u00ecnh, khen ng\u1ee3i s\u00f9ng b\u00e1i ng\u01b0\u1eddi y\u00eau c\u0169ng theo c\u00e1ch c\u1ee7a m\u00ecnh, nh\u01b0ng nh\u00ecn cu\u1ed9c \u0111\u1eddi theo c\u00e1ch s\u1ed1ng c\u1ee7a nh\u1eefng ng\u01b0\u1eddi h\u00e0ng x\u00f3m. S\u1ed1ng trong t\u00ecnh y\u00eau c\u1ee7a v\u1ee3 \u0111\u1ea7y m\u00f9i th\u01a1m v\u00e0 nhi\u1ec1u v\u1ecb ng\u1ecdt. Ch\u1ee9ng ki\u1ebfn t\u00ecnh y\u00eau c\u1ee7a anh c\u1ea3nh s\u00e1t v\u1edbi c\u00f4 b\u1ea1n g\u00e1i ng\u00e0nh y; m\u1ed1i t\u00ecnh th\u1ee9 hai c\u1ee7a ng\u01b0\u1eddi ph\u1ee5 n\u1eef t\u1ed1t b\u1ee5ng ph\u00e1t thanh vi\u00ean ng\u00f4n ng\u1eef k\u00fd hi\u1ec7u. V\u00e0 \u0111\u01b0\u1ee3c chi\u00eam nghi\u1ec7m trong t\u00ecnh y\u00eau \u0111\u1eafm \u0111u\u1ed1i m\u1ed7i ng\u00e0y c\u1ee7a \u00f4ng h\u1ecda s\u0129 gi\u00e0 th\u01b0\u01a1ng nh\u1edb ng\u01b0\u1eddi v\u1ee3 xinh \u0111\u1eb9p-ng\u01b0\u1eddi m\u1eabu, n\u00e0ng th\u01a1 c\u1ee7a \u00f4ng.<\/p>\n<p>Nh\u01b0 m\u1ed9t cu\u1ed1n phim \u0111\u1ea7y m\u00e0u s\u1eafc v\u1edbi \u00e2m \u0111i\u1ec7u d\u1ecbu d\u00e0ng, \u00eam \u1ea3. Cu\u1ed9c s\u1ed1ng b\u00ecnh y\u00ean c\u1ee7a nh\u1eefng ng\u01b0\u1eddi y\u00eau th\u01b0\u01a1ng nhau. B\u00e0i h\u1ecdc v\u1ec1 t\u00ecnh ng\u01b0\u1eddi \u0111\u1ee9ng ph\u00eda sau b\u00e0i h\u1ecdc v\u1ec1 ngh\u1ec1 vi\u1ebft, v\u00e0 c\u1ea3 trong c\u00e2u chuy\u1ec7n v\u1ec1 m\u1ed9t l\u1ed1i kinh doanh nh\u00e0 c\u1ef1c k\u1ef3 \u0111\u1eb7c bi\u1ec7t!<\/p>\n<p>C\u00e2u chuy\u1ec7n m\u1edf ra s\u1ebd l\u00e0 b\u1ea5t ng\u1edd v\u1edbi b\u1ea1n \u0111\u1ecdc \u201cru\u1ed9t\u201d c\u1ee7a Nguy\u1ec5n Nh\u1eadt \u00c1nh, v\u00e0 k\u1ebft th\u00fac trong m\u1ed9t s\u1ef1 d\u1ecbu d\u00e0ng nh\u1eb9 nh\u00f5m l\u00f2ng, b\u1edfi nh\u00e0 v\u0103n \u0111\u00e3 nh\u1eafc l\u1ea1i cho ta nh\u1edb: cu\u1ed9c s\u1ed1ng lu\u00f4n th\u1eadt l\u00e0 t\u01b0\u01a1i \u0111\u1eb9p bi\u1ebft bao. Kh\u00e9p s\u00e1ch l\u1ea1i, b\u1ea1n s\u1ebd nh\u1eadn \u0111\u01b0\u1ee3c ni\u1ec1m vui b\u00ecnh y\u00ean.<\/p>\n","protected":false},"featured_media":23392,"template":"","meta":{"_acf_changed":false},"product_brand":[],"product_cat":[15,45],"product_tag":[],"class_list":{"0":"post-23393","1":"product","2":"type-product","3":"status-publish","4":"has-post-thumbnail","6":"product_cat-sach-danh-cho-nguoi-lon","7":"product_cat-tieu-thuyet","9":"first","10":"outofstock","11":"taxable","12":"shipping-taxable","13":"purchasable","14":"product-type-simple"},"supplier_id":null,"supplier_sku":"","barcode":null,"atum_controlled":true,"out_stock_date":"2023-06-06 11:03:47","out_stock_threshold":null,"inheritable":false,"inbound_stock":0,"stock_on_hold":0,"sold_today":0,"sales_last_days":0,"reserved_stock":0,"customer_returns":0,"warehouse_damage":0,"lost_in_post":0,"other_logs":0,"out_stock_days":967,"lost_sales":0,"has_location":false,"update_date":"2026-01-28T23:11:15","atum_locations":[],"atum_stock_status":"outofstock","restock_status":false,"low_stock_amount":"","sales_update_date":"2026-01-28T23:11:15","calc_backorders":null,"acf":{"publisher":{"ID":1517,"post_author":"1","post_date":"2021-02-17 01:14:41","post_date_gmt":"2021-02-16 23:14:41","post_content":"","post_title":"NXB Tr\u1ebb","post_excerpt":"","post_status":"publish","comment_status":"closed","ping_status":"closed","post_password":"","post_name":"nxb-tre","to_ping":"","pinged":"","post_modified":"2021-02-17 01:14:41","post_modified_gmt":"2021-02-16 23:14:41","post_content_filtered":"","post_parent":0,"guid":"https:\/\/sachviet.eu\/nha-phat-hanh\/nxb-tre\/","menu_order":0,"post_type":"publisher","post_mime_type":"","comment_count":"0","filter":"raw"}},"_links":{"self":[{"href":"https:\/\/sachviet.eu\/en\/wp-json\/wp\/v2\/product\/23393","targetHints":{"allow":["GET"]}}],"collection":[{"href":"https:\/\/sachviet.eu\/en\/wp-json\/wp\/v2\/product"}],"about":[{"href":"https:\/\/sachviet.eu\/en\/wp-json\/wp\/v2\/types\/product"}],"wp:featuredmedia":[{"embeddable":true,"href":"https:\/\/sachviet.eu\/en\/wp-json\/wp\/v2\/media\/23392"}],"wp:attachment":[{"href":"https:\/\/sachviet.eu\/en\/wp-json\/wp\/v2\/media?parent=23393"}],"wp:term":[{"taxonomy":"product_brand","embeddable":true,"href":"https:\/\/sachviet.eu\/en\/wp-json\/wp\/v2\/product_brand?post=23393"},{"taxonomy":"product_cat","embeddable":true,"href":"https:\/\/sachviet.eu\/en\/wp-json\/wp\/v2\/product_cat?post=23393"},{"taxonomy":"product_tag","embeddable":true,"href":"https:\/\/sachviet.eu\/en\/wp-json\/wp\/v2\/product_tag?post=23393"}],"curies":[{"name":"wp","href":"https:\/\/api.w.org\/{rel}","templated":true}]}}