{"id":23391,"date":"2023-04-04T22:43:02","date_gmt":"2023-04-04T19:43:02","guid":{"rendered":"https:\/\/sachviet.eu\/shop\/suc-manh-cua-ngon-tu-2\/"},"modified":"2023-04-05T00:15:49","modified_gmt":"2023-04-04T21:15:49","slug":"suc-manh-cua-ngon-tu-2","status":"publish","type":"product","link":"https:\/\/sachviet.eu\/en\/shop\/suc-manh-cua-ngon-tu-2\/","title":{"rendered":"S\u1ee9c m\u1ea1nh c\u1ee7a ng\u00f4n t\u1eeb"},"content":{"rendered":"<p>S\u1eed d\u1ee5ng \u0111\u00fang ng\u00f4n t\u1eeb \u0111\u1ec3 \u0111\u1ea1t hi\u1ec7u qu\u1ea3 giao ti\u1ebfp cao nh\u1ea5t.<\/p>\n<p>N\u1ebfu b\u1ea1n c\u0169ng gi\u1ed1ng nh\u01b0 h\u00e0ng tri\u1ec7u ng\u01b0\u1eddi th\u01b0\u1eddng ng\u1ed3i l\u1eb7ng y\u00ean trong c\u00e1c cu\u1ed9c h\u1ecdp, b\u1ecf l\u1ee1 nhi\u1ec1u c\u01a1 h\u1ed9i th\u0103ng ti\u1ebfn, c\u0103ng th\u1eb3ng trong c\u00e1c bu\u1ed5i g\u1eb7p m\u1eb7t, kh\u00f4ng bi\u1ebft n\u00f3i g\u00ec m\u1ed7i khi \u0111\u1ed1i di\u1ec7n v\u1edbi c\u1ea5p tr\u00ean, th\u01b0\u1eddng n\u00f3i v\u1edbi ng\u01b0\u1eddi th\u00e2n nh\u1eefng \u0111i\u1ec1u khi\u1ebfn sau n\u00e0y ph\u1ea3i h\u1ed1i h\u1eadn, ho\u1eb7c kh\u00f4ng bao gi\u1edd \u0111\u1ea1t \u0111\u01b0\u1ee3c k\u1ebft qu\u1ea3 nh\u01b0 \u00fd trong c\u00e1c cu\u1ed9c tranh lu\u1eadn\u2026 th\u00ec quy\u1ec3n s\u00e1ch n\u00e0y l\u00e0 m\u1ed9t l\u1ef1a ch\u1ecdn v\u00f4 c\u00f9ng \u0111\u00fang \u0111\u1eafn d\u00e0nh cho b\u1ea1n!<\/p>\n<p>Quy\u1ec3n s\u00e1ch S\u1ee9c m\u1ea1nh c\u1ee7a Ng\u00f4n t\u1eeb \u0111\u01b0\u1ee3c chia l\u00e0m ba ph\u1ea7n g\u1ed3m 20 ch\u01b0\u01a1ng v\u1edbi c\u00e1c n\u1ed9i dung \u00e1p d\u1ee5ng trong c\u00f4ng vi\u1ec7c, quan h\u1ec7 kh\u00e1ch h\u00e0ng &#8211; nh\u00e0 cung c\u1ea5p v\u00e0 trong giao ti\u1ebfp x\u00e3 h\u1ed9i v\u1edbi h\u00e0ng tr\u0103m g\u1ee3i \u00fd, t\u00ecnh hu\u1ed1ng c\u00f9ng c\u00e1c v\u00ed d\u1ee5 th\u1ef1c t\u1ebf, sinh \u0111\u1ed9ng v\u1edbi nh\u1eefng l\u1eddi khuy\u00ean, nh\u1eefng b\u00ed quy\u1ebft giao ti\u1ebfp hi\u1ec7u qu\u1ea3 \u0111\u1ebfn ng\u1ea1c nhi\u00ean v\u00e0 th\u1ef1c s\u1ef1 h\u1eefu \u00edch trong c\u00f4ng vi\u1ec7c v\u00e0 cu\u1ed9c s\u1ed1ng c\u1ee7a b\u1ea1n. \u0110\u1ed3ng th\u1eddi s\u1ebd t\u1eb7ng b\u1ea1n r\u1ea5t nhi\u1ec1u t\u1eeb ng\u1eef k\u1ef3 di\u1ec7u, nh\u1eefng c\u00e2u ch\u1eef tinh t\u1ebf, nh\u1eefng c\u00e1ch m\u1edf \u0111\u1ea7u thu h\u00fat c\u1eed t\u1ecda \u0111\u1ebfn kh\u00f4ng ng\u1edd, c\u00e1c ng\u1eef c\u1ea3nh giao ti\u1ebfp v\u00e0 v\u00ed d\u1ee5 minh h\u1ecda c\u1ef1c k\u1ef3 sinh \u0111\u1ed9ng\u2026. Ch\u1eb3ng h\u1ea1n, b\u1ea1n n\u00ean s\u1eed d\u1ee5ng ng\u00f4n t\u1eeb nh\u01b0 th\u1ebf n\u00e0o \u0111\u1ec3:<\/p>\n","protected":false},"excerpt":{"rendered":"<p>S\u1eed d\u1ee5ng \u0111\u00fang ng\u00f4n t\u1eeb \u0111\u1ec3 \u0111\u1ea1t hi\u1ec7u qu\u1ea3 giao ti\u1ebfp cao nh\u1ea5t.<\/p>\n<p>N\u1ebfu b\u1ea1n c\u0169ng gi\u1ed1ng nh\u01b0 h\u00e0ng tri\u1ec7u ng\u01b0\u1eddi th\u01b0\u1eddng ng\u1ed3i l\u1eb7ng y\u00ean trong c\u00e1c cu\u1ed9c h\u1ecdp, b\u1ecf l\u1ee1 nhi\u1ec1u c\u01a1 h\u1ed9i th\u0103ng ti\u1ebfn, c\u0103ng th\u1eb3ng trong c\u00e1c bu\u1ed5i g\u1eb7p m\u1eb7t, kh\u00f4ng bi\u1ebft n\u00f3i g\u00ec m\u1ed7i khi \u0111\u1ed1i di\u1ec7n v\u1edbi c\u1ea5p tr\u00ean, th\u01b0\u1eddng n\u00f3i v\u1edbi ng\u01b0\u1eddi th\u00e2n nh\u1eefng \u0111i\u1ec1u khi\u1ebfn sau n\u00e0y ph\u1ea3i h\u1ed1i h\u1eadn, ho\u1eb7c kh\u00f4ng bao gi\u1edd \u0111\u1ea1t \u0111\u01b0\u1ee3c k\u1ebft qu\u1ea3 nh\u01b0 \u00fd trong c\u00e1c cu\u1ed9c tranh lu\u1eadn\u2026 th\u00ec quy\u1ec3n s\u00e1ch n\u00e0y l\u00e0 m\u1ed9t l\u1ef1a ch\u1ecdn v\u00f4 c\u00f9ng \u0111\u00fang \u0111\u1eafn d\u00e0nh cho b\u1ea1n!<\/p>\n<p>Quy\u1ec3n s\u00e1ch S\u1ee9c m\u1ea1nh c\u1ee7a Ng\u00f4n t\u1eeb \u0111\u01b0\u1ee3c chia l\u00e0m ba ph\u1ea7n g\u1ed3m 20 ch\u01b0\u01a1ng v\u1edbi c\u00e1c n\u1ed9i dung \u00e1p d\u1ee5ng trong c\u00f4ng vi\u1ec7c, quan h\u1ec7 kh\u00e1ch h\u00e0ng &#8211; nh\u00e0 cung c\u1ea5p v\u00e0 trong giao ti\u1ebfp x\u00e3 h\u1ed9i v\u1edbi h\u00e0ng tr\u0103m g\u1ee3i \u00fd, t\u00ecnh hu\u1ed1ng c\u00f9ng c\u00e1c v\u00ed d\u1ee5 th\u1ef1c t\u1ebf, sinh \u0111\u1ed9ng v\u1edbi nh\u1eefng l\u1eddi khuy\u00ean, nh\u1eefng b\u00ed quy\u1ebft giao ti\u1ebfp hi\u1ec7u qu\u1ea3 \u0111\u1ebfn ng\u1ea1c nhi\u00ean v\u00e0 th\u1ef1c s\u1ef1 h\u1eefu \u00edch trong c\u00f4ng vi\u1ec7c v\u00e0 cu\u1ed9c s\u1ed1ng c\u1ee7a b\u1ea1n. \u0110\u1ed3ng th\u1eddi s\u1ebd t\u1eb7ng b\u1ea1n r\u1ea5t nhi\u1ec1u t\u1eeb ng\u1eef k\u1ef3 di\u1ec7u, nh\u1eefng c\u00e2u ch\u1eef tinh t\u1ebf, nh\u1eefng c\u00e1ch m\u1edf \u0111\u1ea7u thu h\u00fat c\u1eed t\u1ecda \u0111\u1ebfn kh\u00f4ng ng\u1edd, c\u00e1c ng\u1eef c\u1ea3nh giao ti\u1ebfp v\u00e0 v\u00ed d\u1ee5 minh h\u1ecda c\u1ef1c k\u1ef3 sinh \u0111\u1ed9ng\u2026. Ch\u1eb3ng h\u1ea1n, b\u1ea1n n\u00ean s\u1eed d\u1ee5ng ng\u00f4n t\u1eeb nh\u01b0 th\u1ebf n\u00e0o \u0111\u1ec3:<\/p>\n","protected":false},"featured_media":23390,"template":"","meta":{"_acf_changed":false},"product_brand":[],"product_cat":[15,46],"product_tag":[],"class_list":{"0":"post-23391","1":"product","2":"type-product","3":"status-publish","4":"has-post-thumbnail","6":"product_cat-sach-danh-cho-nguoi-lon","7":"product_cat-ky-nang-song","9":"first","10":"outofstock","11":"taxable","12":"shipping-taxable","13":"purchasable","14":"product-type-simple"},"supplier_id":null,"supplier_sku":"","barcode":null,"atum_controlled":true,"out_stock_date":"2023-04-04 19:43:02","out_stock_threshold":null,"inheritable":false,"inbound_stock":0,"stock_on_hold":0,"sold_today":0,"sales_last_days":0,"reserved_stock":0,"customer_returns":0,"warehouse_damage":0,"lost_in_post":0,"other_logs":0,"out_stock_days":1030,"lost_sales":0,"has_location":false,"update_date":"2026-01-28T23:11:15","atum_locations":[],"atum_stock_status":"outofstock","restock_status":false,"low_stock_amount":"","sales_update_date":"2026-01-28T23:11:15","calc_backorders":null,"acf":{"publisher":{"ID":6196,"post_author":"1","post_date":"2021-03-15 01:26:01","post_date_gmt":"2021-03-14 23:26:01","post_content":"","post_title":"FIRST NEWS","post_excerpt":"","post_status":"publish","comment_status":"closed","ping_status":"closed","post_password":"","post_name":"first-news","to_ping":"","pinged":"","post_modified":"2021-03-15 01:26:01","post_modified_gmt":"2021-03-14 23:26:01","post_content_filtered":"","post_parent":0,"guid":"https:\/\/sachviet.eu\/blog\/nha-phat-hanh\/first-news\/","menu_order":0,"post_type":"publisher","post_mime_type":"","comment_count":"0","filter":"raw"}},"_links":{"self":[{"href":"https:\/\/sachviet.eu\/en\/wp-json\/wp\/v2\/product\/23391","targetHints":{"allow":["GET"]}}],"collection":[{"href":"https:\/\/sachviet.eu\/en\/wp-json\/wp\/v2\/product"}],"about":[{"href":"https:\/\/sachviet.eu\/en\/wp-json\/wp\/v2\/types\/product"}],"wp:featuredmedia":[{"embeddable":true,"href":"https:\/\/sachviet.eu\/en\/wp-json\/wp\/v2\/media\/23390"}],"wp:attachment":[{"href":"https:\/\/sachviet.eu\/en\/wp-json\/wp\/v2\/media?parent=23391"}],"wp:term":[{"taxonomy":"product_brand","embeddable":true,"href":"https:\/\/sachviet.eu\/en\/wp-json\/wp\/v2\/product_brand?post=23391"},{"taxonomy":"product_cat","embeddable":true,"href":"https:\/\/sachviet.eu\/en\/wp-json\/wp\/v2\/product_cat?post=23391"},{"taxonomy":"product_tag","embeddable":true,"href":"https:\/\/sachviet.eu\/en\/wp-json\/wp\/v2\/product_tag?post=23391"}],"curies":[{"name":"wp","href":"https:\/\/api.w.org\/{rel}","templated":true}]}}