{"id":23389,"date":"2023-04-04T22:42:56","date_gmt":"2023-04-04T19:42:56","guid":{"rendered":"https:\/\/sachviet.eu\/shop\/mat-trang\/"},"modified":"2023-04-05T00:15:49","modified_gmt":"2023-04-04T21:15:49","slug":"mat-trang","status":"publish","type":"product","link":"https:\/\/sachviet.eu\/en\/shop\/mat-trang\/","title":{"rendered":"M\u1eb6T TR\u0102NG"},"content":{"rendered":"<p>Kh\u00f4ng gian v\u00e0 v\u0169 tr\u1ee5 lu\u00f4n k\u1ef3 di\u1ec7u v\u1edbi c\u00e1c b\u1ea1n nh\u1ecf \u0111ang trong \u0111\u1ed9 tu\u1ed5i t\u00ecm t\u00f2i, kh\u00e1m ph\u00e1.<br \/>\nT\u1eeb h\u00e0ng ng\u00e0n n\u0103m nay, con ng\u01b0\u1eddi \u0111\u1ec1u ng\u1eafm nh\u00ecn M\u1eb7t tr\u0103ng v\u00e0 t\u1ef1 h\u1ecfi th\u1ef1c ra M\u1eb7t tr\u0103ng l\u00e0 g\u00ec v\u00e0 n\u00f3 \u0111\u1ebfn t\u1eeb \u0111\u00e2u? Tr\u0103ng bao nhi\u00eau tu\u1ed5i? N\u00f3 to c\u1ee1 n\u00e0o? Ch\u00fang ta c\u00f3 th\u1ec3 ch\u1ea1m v\u00e0o m\u1eb7t tr\u0103ng kh\u00f4ng?<br \/>\nC\u00f3 mu\u00f4n v\u00e0n nh\u1eefng \u0111i\u1ec1u b\u00ed \u1ea9n v\u1ec1 m\u1eb7t tr\u0103ng m\u00e0 ch\u1eafc h\u1eb3n tr\u1ebb s\u1ebd v\u00f4 c\u00f9ng ng\u1ea1c nhi\u00ean khi kh\u00e1m ph\u00e1 cu\u1ed1n s\u00e1ch c\u00f3 t\u00ean M\u1eb6T TR\u0102NG n\u00e0y.<br \/>\nTrong cu\u1ed1n s\u00e1ch n\u00e0y c\u00e1c b\u1ea1n nh\u1ecf s\u1ebd \u0111\u01b0\u1ee3c nghe k\u1ec3 nh\u1eefng truy\u1ec1n thuy\u1ebft c\u1ed5 x\u01b0a v\u1ec1 s\u1ef1 ra \u0111\u1eddi c\u1ee7a M\u1eb7t tr\u0103ng \u0111\u1ebfn t\u1eeb nhi\u1ec1u qu\u1ed1c gia tr\u00ean th\u1ebf gi\u1edbi. C\u00e2u chuy\u1ec7n th\u00e1m hi\u1ec3m m\u1eb7t tr\u0103ng c\u1ee7a c\u00e1c phi h\u00e0nh gia, g\u1eb7p g\u1ee1 c\u00e1c nh\u00e0 nghi\u00ean c\u1ee9u v\u00e0 thi\u00ean v\u0103n h\u1ecdc xem h\u1ecd \u0111\u00e3 l\u00e0m c\u00e1ch n\u00e0o \u0111\u1ec3 quan s\u00e1t m\u1eb7t tr\u0103ng m\u1ed9t c\u00e1ch r\u00f5 nh\u1ea5t nh\u00ecn t\u1eeb tr\u00e1i \u0111\u1ea5t, hay cu\u1ed9c \u0111\u1ed5 b\u1ed9 l\u00ean m\u1eb7t tr\u0103ng mang t\u00ednh b\u01b0\u1edbc ngo\u1eb7t trong cu\u1ed9c \u0111ua v\u00e0o v\u0169 tr\u1ee5\u2026<br \/>\nKh\u00f4ng ch\u1ec9 xoay quanh ch\u1ee7 \u0111\u1ec1 m\u1eb7t tr\u0103ng, m\u1ed7i trang s\u00e1ch \u0111em \u0111\u1ebfn cho c\u00e1c b\u1ea1n nh\u1ecf nhi\u1ec1u s\u1ef1 th\u1eadt th\u00fa v\u1ecb v\u1ec1 h\u1ec7 m\u1eb7t tr\u1eddi, kh\u00f4ng gian v\u0169 tr\u1ee5 v\u00ed nh\u01b0: n\u1ebfu c\u00f3 th\u1ec3 l\u00e1i \u00f4 t\u00f4 t\u1edbi M\u1eb7t tr\u0103ng ch\u00fang ta s\u1ebd m\u1ea5t 5 th\u00e1ng li\u00ean t\u1ee5c v\u1edbi t\u1ed1c \u0111\u1ed9 cao nh\u1ea5t, v\u00e0 n\u1ebfu l\u00e1i \u00f4 t\u00f4 t\u1eeb Tr\u00e1i \u0111\u1ea5t ch\u00fang ta s\u1ebd m\u1ea5t 200 n\u0103m \u0111\u1ec3 t\u1edbi M\u1eb7t tr\u1eddi, k\u1ec3 c\u1ea3 v\u1edbi t\u00ean l\u1eeda s\u1ebd m\u1ea5t 3 ng\u00e0y \u0111\u1ec3 bay t\u1eeb Tr\u00e1i \u0111\u1ea5t t\u1edbi M\u1eb7t tr\u0103ng\u2026<br \/>\nCu\u1ed1n s\u00e1ch \u0111\u01b0\u1ee3c mua b\u1ea3n quy\u1ec1n t\u1eeb NXB Usborne c\u00f3 minh h\u1ecda \u0111\u1eb9p m\u1eaft, mang phong c\u00e1ch \u0111\u1ed9c \u0111\u00e1o c\u1ee7a h\u1ecda s\u0129 Diana Toledano c\u00f9ng r\u1ea5t nhi\u1ec1u th\u00f4ng tin b\u1ed5 \u00edch, d\u1ec5 hi\u1ec3u \u0111\u01b0\u1ee3c t\u00e1c gi\u1ea3 Laura Cowan vi\u1ebft l\u1eddi s\u1ebd l\u00e0m phong ph\u00fa th\u00eam v\u1ed1n ki\u1ebfn th\u1ee9c v\u1ec1 m\u1eb7t tr\u0103ng cho c\u00e1c b\u1ea1n nh\u1ecf.<br \/>\nCu\u1ed1n s\u00e1ch truy\u1ec1n c\u1ea3m h\u1ee9ng \u0111\u1ec3 c\u00e1c b\u1ea1n nh\u1ecf kh\u00e1m ph\u00e1 th\u00eam v\u1ec1 thi\u00ean v\u0103n h\u1ecdc v\u00e0 nu\u00f4i d\u01b0\u1ee1ng \u01b0\u1edbc m\u01a1 tr\u1edf th\u00e0nh m\u1ed9t phi h\u00e0nh gia.<\/p>\n","protected":false},"excerpt":{"rendered":"<p>Kh\u00f4ng gian v\u00e0 v\u0169 tr\u1ee5 lu\u00f4n k\u1ef3 di\u1ec7u v\u1edbi c\u00e1c b\u1ea1n nh\u1ecf \u0111ang trong \u0111\u1ed9 tu\u1ed5i t\u00ecm t\u00f2i, kh\u00e1m ph\u00e1.<br \/>\nT\u1eeb h\u00e0ng ng\u00e0n n\u0103m nay, con ng\u01b0\u1eddi \u0111\u1ec1u ng\u1eafm nh\u00ecn M\u1eb7t tr\u0103ng v\u00e0 t\u1ef1 h\u1ecfi th\u1ef1c ra M\u1eb7t tr\u0103ng l\u00e0 g\u00ec v\u00e0 n\u00f3 \u0111\u1ebfn t\u1eeb \u0111\u00e2u? Tr\u0103ng bao nhi\u00eau tu\u1ed5i? N\u00f3 to c\u1ee1 n\u00e0o? Ch\u00fang ta c\u00f3 th\u1ec3 ch\u1ea1m v\u00e0o m\u1eb7t tr\u0103ng kh\u00f4ng?<br \/>\nC\u00f3 mu\u00f4n v\u00e0n nh\u1eefng \u0111i\u1ec1u b\u00ed \u1ea9n v\u1ec1 m\u1eb7t tr\u0103ng m\u00e0 ch\u1eafc h\u1eb3n tr\u1ebb s\u1ebd v\u00f4 c\u00f9ng ng\u1ea1c nhi\u00ean khi kh\u00e1m ph\u00e1 cu\u1ed1n s\u00e1ch c\u00f3 t\u00ean M\u1eb6T TR\u0102NG n\u00e0y.<br \/>\nTrong cu\u1ed1n s\u00e1ch n\u00e0y c\u00e1c b\u1ea1n nh\u1ecf s\u1ebd \u0111\u01b0\u1ee3c nghe k\u1ec3 nh\u1eefng truy\u1ec1n thuy\u1ebft c\u1ed5 x\u01b0a v\u1ec1 s\u1ef1 ra \u0111\u1eddi c\u1ee7a M\u1eb7t tr\u0103ng \u0111\u1ebfn t\u1eeb nhi\u1ec1u qu\u1ed1c gia tr\u00ean th\u1ebf gi\u1edbi. C\u00e2u chuy\u1ec7n th\u00e1m hi\u1ec3m m\u1eb7t tr\u0103ng c\u1ee7a c\u00e1c phi h\u00e0nh gia, g\u1eb7p g\u1ee1 c\u00e1c nh\u00e0 nghi\u00ean c\u1ee9u v\u00e0 thi\u00ean v\u0103n h\u1ecdc xem h\u1ecd \u0111\u00e3 l\u00e0m c\u00e1ch n\u00e0o \u0111\u1ec3 quan s\u00e1t m\u1eb7t tr\u0103ng m\u1ed9t c\u00e1ch r\u00f5 nh\u1ea5t nh\u00ecn t\u1eeb tr\u00e1i \u0111\u1ea5t, hay cu\u1ed9c \u0111\u1ed5 b\u1ed9 l\u00ean m\u1eb7t tr\u0103ng mang t\u00ednh b\u01b0\u1edbc ngo\u1eb7t trong cu\u1ed9c \u0111ua v\u00e0o v\u0169 tr\u1ee5\u2026<br \/>\nKh\u00f4ng ch\u1ec9 xoay quanh ch\u1ee7 \u0111\u1ec1 m\u1eb7t tr\u0103ng, m\u1ed7i trang s\u00e1ch \u0111em \u0111\u1ebfn cho c\u00e1c b\u1ea1n nh\u1ecf nhi\u1ec1u s\u1ef1 th\u1eadt th\u00fa v\u1ecb v\u1ec1 h\u1ec7 m\u1eb7t tr\u1eddi, kh\u00f4ng gian v\u0169 tr\u1ee5 v\u00ed nh\u01b0: n\u1ebfu c\u00f3 th\u1ec3 l\u00e1i \u00f4 t\u00f4 t\u1edbi M\u1eb7t tr\u0103ng ch\u00fang ta s\u1ebd m\u1ea5t 5 th\u00e1ng li\u00ean t\u1ee5c v\u1edbi t\u1ed1c \u0111\u1ed9 cao nh\u1ea5t, v\u00e0 n\u1ebfu l\u00e1i \u00f4 t\u00f4 t\u1eeb Tr\u00e1i \u0111\u1ea5t ch\u00fang ta s\u1ebd m\u1ea5t 200 n\u0103m \u0111\u1ec3 t\u1edbi M\u1eb7t tr\u1eddi, k\u1ec3 c\u1ea3 v\u1edbi t\u00ean l\u1eeda s\u1ebd m\u1ea5t 3 ng\u00e0y \u0111\u1ec3 bay t\u1eeb Tr\u00e1i \u0111\u1ea5t t\u1edbi M\u1eb7t tr\u0103ng\u2026<br \/>\nCu\u1ed1n s\u00e1ch \u0111\u01b0\u1ee3c mua b\u1ea3n quy\u1ec1n t\u1eeb NXB Usborne c\u00f3 minh h\u1ecda \u0111\u1eb9p m\u1eaft, mang phong c\u00e1ch \u0111\u1ed9c \u0111\u00e1o c\u1ee7a h\u1ecda s\u0129 Diana Toledano c\u00f9ng r\u1ea5t nhi\u1ec1u th\u00f4ng tin b\u1ed5 \u00edch, d\u1ec5 hi\u1ec3u \u0111\u01b0\u1ee3c t\u00e1c gi\u1ea3 Laura Cowan vi\u1ebft l\u1eddi s\u1ebd l\u00e0m phong ph\u00fa th\u00eam v\u1ed1n ki\u1ebfn th\u1ee9c v\u1ec1 m\u1eb7t tr\u0103ng cho c\u00e1c b\u1ea1n nh\u1ecf.<br \/>\nCu\u1ed1n s\u00e1ch truy\u1ec1n c\u1ea3m h\u1ee9ng \u0111\u1ec3 c\u00e1c b\u1ea1n nh\u1ecf kh\u00e1m ph\u00e1 th\u00eam v\u1ec1 thi\u00ean v\u0103n h\u1ecdc v\u00e0 nu\u00f4i d\u01b0\u1ee1ng \u01b0\u1edbc m\u01a1 tr\u1edf th\u00e0nh m\u1ed9t phi h\u00e0nh gia.<\/p>\n","protected":false},"featured_media":23388,"template":"","meta":{"_acf_changed":false},"product_brand":[],"product_cat":[24,25,17],"product_tag":[83],"class_list":{"0":"post-23389","1":"product","2":"type-product","3":"status-publish","4":"has-post-thumbnail","6":"product_cat-nha-tre-mau-giao-0-tuoi-6-tuoi","7":"product_cat-nhi-dong-6-tuoi-12-tuoi","8":"product_cat-sach-danh-cho-cac-be","9":"product_tag-sach-moi-xuat-ban","11":"first","12":"instock","13":"taxable","14":"shipping-taxable","15":"purchasable","16":"product-type-simple"},"supplier_id":null,"supplier_sku":"","barcode":null,"atum_controlled":true,"out_stock_date":null,"out_stock_threshold":null,"inheritable":false,"inbound_stock":0,"stock_on_hold":0,"sold_today":0,"sales_last_days":0,"reserved_stock":0,"customer_returns":0,"warehouse_damage":0,"lost_in_post":0,"other_logs":0,"out_stock_days":0,"lost_sales":0,"has_location":false,"update_date":"2026-01-28T23:11:15","atum_locations":[],"atum_stock_status":"instock","restock_status":false,"low_stock_amount":"","sales_update_date":"2026-01-28T23:11:15","calc_backorders":null,"acf":{"publisher":{"ID":5988,"post_author":"1","post_date":"2021-03-14 02:36:31","post_date_gmt":"2021-03-14 00:36:31","post_content":"","post_title":"Ph\u1ee5 N\u1eef","post_excerpt":"","post_status":"publish","comment_status":"closed","ping_status":"closed","post_password":"","post_name":"phu-nu","to_ping":"","pinged":"","post_modified":"2021-03-14 02:36:31","post_modified_gmt":"2021-03-14 00:36:31","post_content_filtered":"","post_parent":0,"guid":"https:\/\/sachviet.eu\/blog\/nha-phat-hanh\/phu-nu\/","menu_order":0,"post_type":"publisher","post_mime_type":"","comment_count":"0","filter":"raw"}},"_links":{"self":[{"href":"https:\/\/sachviet.eu\/en\/wp-json\/wp\/v2\/product\/23389","targetHints":{"allow":["GET"]}}],"collection":[{"href":"https:\/\/sachviet.eu\/en\/wp-json\/wp\/v2\/product"}],"about":[{"href":"https:\/\/sachviet.eu\/en\/wp-json\/wp\/v2\/types\/product"}],"wp:featuredmedia":[{"embeddable":true,"href":"https:\/\/sachviet.eu\/en\/wp-json\/wp\/v2\/media\/23388"}],"wp:attachment":[{"href":"https:\/\/sachviet.eu\/en\/wp-json\/wp\/v2\/media?parent=23389"}],"wp:term":[{"taxonomy":"product_brand","embeddable":true,"href":"https:\/\/sachviet.eu\/en\/wp-json\/wp\/v2\/product_brand?post=23389"},{"taxonomy":"product_cat","embeddable":true,"href":"https:\/\/sachviet.eu\/en\/wp-json\/wp\/v2\/product_cat?post=23389"},{"taxonomy":"product_tag","embeddable":true,"href":"https:\/\/sachviet.eu\/en\/wp-json\/wp\/v2\/product_tag?post=23389"}],"curies":[{"name":"wp","href":"https:\/\/api.w.org\/{rel}","templated":true}]}}