{"id":23385,"date":"2023-04-04T22:42:42","date_gmt":"2023-04-04T19:42:42","guid":{"rendered":"https:\/\/sachviet.eu\/shop\/combo-ton-trong-gioi-tinh-co-tich-binh-dang-gioi-4-quyen\/"},"modified":"2023-05-20T18:11:22","modified_gmt":"2023-05-20T15:11:22","slug":"combo-ton-trong-gioi-tinh-co-tich-binh-dang-gioi-4-quyen","status":"publish","type":"product","link":"https:\/\/sachviet.eu\/en\/shop\/combo-ton-trong-gioi-tinh-co-tich-binh-dang-gioi-4-quyen\/","title":{"rendered":"COMBO T\u00d4N TR\u1eccNG GI\u1edaI T\u00cdNH &#8211; C\u1ed4 T\u00cdCH B\u00ccNH \u0110\u1eb2NG GI\u1edaI (4 QUY\u1ec2N)"},"content":{"rendered":"<p>Kh\u00e1i ni\u1ec7m v\u1ec1 gi\u1edbi t\u00ednh \u1edf tr\u1ebb em \u0111\u01b0\u1ee3c h\u00ecnh th\u00e0nh trong \u0111\u1ed9 tu\u1ed5i kho\u1ea3ng t\u1eeb ba \u0111\u1ebfn b\u1ea3y. C\u00e1c em ti\u1ebfp nh\u1eadn hi\u1ec3u bi\u1ebft v\u1ec1 c\u00e1c chu\u1ea9n m\u1ef1c, nh\u1eadn d\u1ea1ng v\u00e0 khu\u00f4n m\u1eabu v\u1ec1 gi\u1edbi, th\u00f4ng qua nh\u1eefng g\u00ec \u0111\u01b0\u1ee3c ti\u1ebfp x\u00fac trong m\u00f4i tr\u01b0\u1eddng s\u1ed1ng m\u00e0 m\u1ed9t trong s\u1ed1 \u0111\u00f3 l\u00e0 truy\u1ec7n c\u1ed5 t\u00edch.<br \/>\nNh\u1eefng hi\u1ec3u bi\u1ebft \u0111\u00fang \u0111\u1eafn v\u00e0 v\u0103n minh v\u1ec1 gi\u1edbi t\u00ednh s\u1ebd gi\u00fap c\u00e1c em \u0111\u01b0\u1ee3c t\u1ef1 do ph\u00e1t tri\u1ec3n h\u1ebft ti\u1ec1m n\u0103ng. \u0110\u1ed3ng th\u1eddi, tr\u1ebb c\u0169ng h\u1ecdc \u0111\u01b0\u1ee3c c\u00e1ch t\u00f4n tr\u1ecdng gi\u1edbi t\u00ednh c\u1ee7a ch\u00ednh c\u00e1c em v\u00e0 ng\u01b0\u1eddi kh\u00e1c.<br \/>\nK\u1ec3 l\u1ea1i c\u00e1c c\u00e2u chuy\u1ec7n c\u1ed5 t\u00edch quen thu\u1ed9c theo c\u00e1ch hi\u1ec7n \u0111\u1ea1i v\u00e0 nh\u00e2n v\u0103n, b\u1ed9 s\u00e1ch T\u00f4n tr\u1ecdng gi\u1edbi t\u00ednh &#8211; C\u1ed5 t\u00edch b\u00ecnh \u0111\u1eb3ng gi\u1edbi s\u1ebd mang \u0111\u1ebfn cho tr\u1ebb nh\u1eefng tri th\u1ee9c c\u1ee7a th\u1eddi \u0111\u1ea1i m\u1edbi \u0111\u1ec3 c\u00e1c em c\u00f3 th\u1ec3 ph\u00e1t tri\u1ec3n to\u00e0n v\u1eb9n nh\u1ea5t.<br \/>\nC\u00e1c t\u00e1c gi\u1ea3 tr\u1ebb c\u1ee7a b\u1ed9 s\u00e1ch n\u00e0y \u0111\u00e3 tham gia ch\u01b0\u01a1ng tr\u00ecnh Th\u1ebf h\u1ec7 Kh\u00f4ng gi\u1edbi h\u1ea1n c\u00f9ng UNICEF Vi\u1ec7t Nam, v\u1edbi d\u1ef1 \u00e1n v\u1ec1 ch\u1ee7 \u0111\u1ec1 trao quy\u1ec1n cho tr\u1ebb em v\u00e0 b\u00ecnh \u0111\u1eb3ng gi\u1edbi. H\u1ecd quy\u1ebft \u0111\u1ecbnh vi\u1ebft l\u1ea1i nh\u1eefng c\u00e2u chuy\u1ec7n c\u1ed5 t\u00edch truy\u1ec1n th\u1ed1ng \u0111\u1ec3 thay \u0111\u1ed5i \u0111\u1ecbnh ki\u1ebfn gi\u1edbi cho tr\u1ebb em.<br \/>\nB\u1ed9 s\u00e1ch T\u00f4n Tr\u1ecdng Gi\u1edbi T\u00ednh &#8211; C\u1ed5 T\u00edch B\u00ecnh \u0110\u1eb3ng Gi\u1edbi g\u1ed3m 4 cu\u1ed1n:<br \/>\nT\u00f4n Tr\u1ecdng Gi\u1edbi T\u00ednh &#8211; C\u1ed5 T\u00edch B\u00ecnh \u0110\u1eb3ng Gi\u1edbi: B\u1ea1ch Tuy\u1ebft Ki\u00ean Quy\u1ebft &#8211; B\u1ea1ch Tuy\u1ebft \u0110\u1ed1i M\u1eb7t N\u1eef Ho\u00e0ng<br \/>\nT\u00f4n Tr\u1ecdng Gi\u1edbi T\u00ednh &#8211; C\u1ed5 T\u00edch B\u00ecnh \u0110\u1eb3ng Gi\u1edbi: T\u00f3c M\u00e2y Th\u00f4ng Minh &#8211; Ng\u01b0\u1eddi \u0110\u1eb9p T\u00f3c M\u00e2y T\u00ecm L\u1ea1i T\u1ef1 Do<br \/>\nT\u00f4n Tr\u1ecdng Gi\u1edbi T\u00ednh &#8211; C\u1ed5 T\u00edch B\u00ecnh \u0110\u1eb3ng Gi\u1edbi: Hoa H\u1ed3ng Gan D\u1ea1 &#8211; C\u00f4ng Ch\u00faa Ph\u00e1 V\u1ee1 L\u1eddi Nguy\u1ec1n Gi\u1ea5c Ng\u1ee7 Tr\u0103m N\u0103m<br \/>\nT\u00f4n Tr\u1ecdng Gi\u1edbi T\u00ednh &#8211; C\u1ed5 T\u00edch B\u00ecnh \u0110\u1eb3ng Gi\u1edbi: Lem Lu\u1ed1c T\u1ef1 L\u1eadp &#8211; N\u00e0ng Lem Lu\u1ed1c Kh\u00f4ng Mu\u1ed1n L\u00e0m V\u1ee3 Ho\u00e0ng T\u1eed<\/p>\n","protected":false},"excerpt":{"rendered":"<p>Kh\u00e1i ni\u1ec7m v\u1ec1 gi\u1edbi t\u00ednh \u1edf tr\u1ebb em \u0111\u01b0\u1ee3c h\u00ecnh th\u00e0nh trong \u0111\u1ed9 tu\u1ed5i kho\u1ea3ng t\u1eeb ba \u0111\u1ebfn b\u1ea3y. C\u00e1c em ti\u1ebfp nh\u1eadn hi\u1ec3u bi\u1ebft v\u1ec1 c\u00e1c chu\u1ea9n m\u1ef1c, nh\u1eadn d\u1ea1ng v\u00e0 khu\u00f4n m\u1eabu v\u1ec1 gi\u1edbi, th\u00f4ng qua nh\u1eefng g\u00ec \u0111\u01b0\u1ee3c ti\u1ebfp x\u00fac trong m\u00f4i tr\u01b0\u1eddng s\u1ed1ng m\u00e0 m\u1ed9t trong s\u1ed1 \u0111\u00f3 l\u00e0 truy\u1ec7n c\u1ed5 t\u00edch.<br \/>\nNh\u1eefng hi\u1ec3u bi\u1ebft \u0111\u00fang \u0111\u1eafn v\u00e0 v\u0103n minh v\u1ec1 gi\u1edbi t\u00ednh s\u1ebd gi\u00fap c\u00e1c em \u0111\u01b0\u1ee3c t\u1ef1 do ph\u00e1t tri\u1ec3n h\u1ebft ti\u1ec1m n\u0103ng. \u0110\u1ed3ng th\u1eddi, tr\u1ebb c\u0169ng h\u1ecdc \u0111\u01b0\u1ee3c c\u00e1ch t\u00f4n tr\u1ecdng gi\u1edbi t\u00ednh c\u1ee7a ch\u00ednh c\u00e1c em v\u00e0 ng\u01b0\u1eddi kh\u00e1c.<br \/>\nK\u1ec3 l\u1ea1i c\u00e1c c\u00e2u chuy\u1ec7n c\u1ed5 t\u00edch quen thu\u1ed9c theo c\u00e1ch hi\u1ec7n \u0111\u1ea1i v\u00e0 nh\u00e2n v\u0103n, b\u1ed9 s\u00e1ch T\u00f4n tr\u1ecdng gi\u1edbi t\u00ednh &#8211; C\u1ed5 t\u00edch b\u00ecnh \u0111\u1eb3ng gi\u1edbi s\u1ebd mang \u0111\u1ebfn cho tr\u1ebb nh\u1eefng tri th\u1ee9c c\u1ee7a th\u1eddi \u0111\u1ea1i m\u1edbi \u0111\u1ec3 c\u00e1c em c\u00f3 th\u1ec3 ph\u00e1t tri\u1ec3n to\u00e0n v\u1eb9n nh\u1ea5t.<br \/>\nC\u00e1c t\u00e1c gi\u1ea3 tr\u1ebb c\u1ee7a b\u1ed9 s\u00e1ch n\u00e0y \u0111\u00e3 tham gia ch\u01b0\u01a1ng tr\u00ecnh Th\u1ebf h\u1ec7 Kh\u00f4ng gi\u1edbi h\u1ea1n c\u00f9ng UNICEF Vi\u1ec7t Nam, v\u1edbi d\u1ef1 \u00e1n v\u1ec1 ch\u1ee7 \u0111\u1ec1 trao quy\u1ec1n cho tr\u1ebb em v\u00e0 b\u00ecnh \u0111\u1eb3ng gi\u1edbi. H\u1ecd quy\u1ebft \u0111\u1ecbnh vi\u1ebft l\u1ea1i nh\u1eefng c\u00e2u chuy\u1ec7n c\u1ed5 t\u00edch truy\u1ec1n th\u1ed1ng \u0111\u1ec3 thay \u0111\u1ed5i \u0111\u1ecbnh ki\u1ebfn gi\u1edbi cho tr\u1ebb em.<br \/>\nB\u1ed9 s\u00e1ch T\u00f4n Tr\u1ecdng Gi\u1edbi T\u00ednh &#8211; C\u1ed5 T\u00edch B\u00ecnh \u0110\u1eb3ng Gi\u1edbi g\u1ed3m 4 cu\u1ed1n:<br \/>\nT\u00f4n Tr\u1ecdng Gi\u1edbi T\u00ednh &#8211; C\u1ed5 T\u00edch B\u00ecnh \u0110\u1eb3ng Gi\u1edbi: B\u1ea1ch Tuy\u1ebft Ki\u00ean Quy\u1ebft &#8211; B\u1ea1ch Tuy\u1ebft \u0110\u1ed1i M\u1eb7t N\u1eef Ho\u00e0ng<br \/>\nT\u00f4n Tr\u1ecdng Gi\u1edbi T\u00ednh &#8211; C\u1ed5 T\u00edch B\u00ecnh \u0110\u1eb3ng Gi\u1edbi: T\u00f3c M\u00e2y Th\u00f4ng Minh &#8211; Ng\u01b0\u1eddi \u0110\u1eb9p T\u00f3c M\u00e2y T\u00ecm L\u1ea1i T\u1ef1 Do<br \/>\nT\u00f4n Tr\u1ecdng Gi\u1edbi T\u00ednh &#8211; C\u1ed5 T\u00edch B\u00ecnh \u0110\u1eb3ng Gi\u1edbi: Hoa H\u1ed3ng Gan D\u1ea1 &#8211; C\u00f4ng Ch\u00faa Ph\u00e1 V\u1ee1 L\u1eddi Nguy\u1ec1n Gi\u1ea5c Ng\u1ee7 Tr\u0103m N\u0103m<br \/>\nT\u00f4n Tr\u1ecdng Gi\u1edbi T\u00ednh &#8211; C\u1ed5 T\u00edch B\u00ecnh \u0110\u1eb3ng Gi\u1edbi: Lem Lu\u1ed1c T\u1ef1 L\u1eadp &#8211; N\u00e0ng Lem Lu\u1ed1c Kh\u00f4ng Mu\u1ed1n L\u00e0m V\u1ee3 Ho\u00e0ng T\u1eed<\/p>\n","protected":false},"featured_media":23384,"template":"","meta":{"_acf_changed":false},"product_brand":[],"product_cat":[25,17,26],"product_tag":[83],"class_list":{"0":"post-23385","1":"product","2":"type-product","3":"status-publish","4":"has-post-thumbnail","6":"product_cat-nhi-dong-6-tuoi-12-tuoi","7":"product_cat-sach-danh-cho-cac-be","8":"product_cat-thieu-nien-11-tuoi-18-tuoi","9":"product_tag-sach-moi-xuat-ban","11":"first","12":"instock","13":"taxable","14":"shipping-taxable","15":"purchasable","16":"product-type-simple"},"supplier_id":null,"supplier_sku":"","barcode":null,"atum_controlled":true,"out_stock_date":null,"out_stock_threshold":null,"inheritable":false,"inbound_stock":0,"stock_on_hold":0,"sold_today":0,"sales_last_days":0,"reserved_stock":0,"customer_returns":0,"warehouse_damage":0,"lost_in_post":0,"other_logs":0,"out_stock_days":0,"lost_sales":0,"has_location":false,"update_date":"2026-01-28T23:11:15","atum_locations":[],"atum_stock_status":"instock","restock_status":false,"low_stock_amount":"","sales_update_date":"2026-01-28T23:11:15","calc_backorders":null,"acf":{"publisher":{"ID":1454,"post_author":"1","post_date":"2021-02-17 01:11:34","post_date_gmt":"2021-02-16 23:11:34","post_content":"<!-- wp:flatsome\/uxbuilder -->\n<h1 style=\"text-align: center;\"><strong>Kim \u0110\u1ed3ng<\/strong><\/h1>\n[row]\n\n[col span=\"3\" span__sm=\"12\"]\n\n[ux_image id=\"1534\" image_size=\"medium\"]\n\n\n[\/col]\n[col span=\"9\" span__sm=\"12\"]\n\n<p>Nh\u00e0 xu\u1ea5t b\u1ea3n Kim \u0110\u1ed3ng tr\u1ef1c thu\u1ed9c Trung \u01b0\u01a1ng \u0110o\u00e0n TNCS H\u1ed3 Ch\u00ed Minh l\u00e0 Nh\u00e0 xu\u1ea5t b\u1ea3n t\u1ed5ng h\u1ee3p c\u00f3 ch\u1ee9c n\u0103ng xu\u1ea5t b\u1ea3n s\u00e1ch v\u00e0 v\u0103n h\u00f3a ph\u1ea9m ph\u1ee5c v\u1ee5 thi\u1ebfu nhi v\u00e0 c\u00e1c b\u1eadc ph\u1ee5 huynh trong c\u1ea3 n\u01b0\u1edbc, qu\u1ea3ng b\u00e1 v\u00e0 gi\u1edbi thi\u1ec7u v\u0103n h\u00f3a Vi\u1ec7t Nam ra th\u1ebf gi\u1edbi.<br \/>Nh\u00e0 xu\u1ea5t b\u1ea3n c\u00f3 nhi\u1ec7m v\u1ee5 t\u1ed5 ch\u1ee9c b\u1ea3n th\u1ea3o, bi\u00ean so\u1ea1n, bi\u00ean d\u1ecbch, xu\u1ea5t b\u1ea3n v\u00e0 ph\u00e1t h\u00e0nh c\u00e1c xu\u1ea5t b\u1ea3n ph\u1ea9m c\u00f3 n\u1ed9i dung: gi\u00e1o d\u1ee5c truy\u1ec1n th\u1ed1ng d\u00e2n t\u1ed9c, gi\u00e1o d\u1ee5c v\u1ec1 tri th\u1ee9c, ki\u1ebfn th\u1ee9c\u2026 tr\u00ean c\u00e1c l\u0129nh v\u1ef1c v\u0103n h\u1ecdc, ngh\u1ec7 thu\u1eadt, khoa h\u1ecdc k\u1ef9 thu\u1eadt nh\u1eb1m cung c\u1ea5p cho c\u00e1c em thi\u1ebfu nhi c\u0169ng nh\u01b0 c\u00e1c b\u1eadc ph\u1ee5 huynh c\u00e1c ki\u1ebfn th\u1ee9c c\u1ea7n thi\u1ebft trong cu\u1ed9c s\u1ed1ng, nh\u1eefng tinh hoa c\u1ee7a tri th\u1ee9c nh\u00e2n lo\u1ea1i nh\u1eb1m g\u00f3p ph\u1ea7n gi\u00e1o d\u1ee5c v\u00e0 h\u00ecnh th\u00e0nh nh\u00e2n c\u00e1ch th\u1ebf h\u1ec7 tr\u1ebb.<br \/>\u0110\u1ed1i t\u01b0\u1ee3ng ph\u1ee5c v\u1ee5 c\u1ee7a Nh\u00e0 xu\u1ea5t b\u1ea3n l\u00e0 c\u00e1c em t\u1eeb tu\u1ed5i nh\u00e0 tr\u1ebb m\u1eabu gi\u00e1o (1 \u0111\u1ebfn 5 tu\u1ed5i), nhi \u0111\u1ed3ng (6 \u0111\u1ebfn 9 tu\u1ed5i), thi\u1ebfu ni\u00ean (10 \u0111\u1ebfn 15 tu\u1ed5i) \u0111\u1ebfn c\u00e1c em tu\u1ed5i m\u1edbi l\u1edbn (16 \u0111\u1ebfn 18 tu\u1ed5i) v\u00e0 c\u00e1c b\u1eadc ph\u1ee5 huynh.<\/p>\n\n[\/col]\n\n[\/row]\n\n<!-- \/wp:flatsome\/uxbuilder -->","post_title":"Kim \u0110\u1ed3ng","post_excerpt":"","post_status":"publish","comment_status":"closed","ping_status":"closed","post_password":"","post_name":"kim-dong","to_ping":"","pinged":"","post_modified":"2021-02-17 01:31:56","post_modified_gmt":"2021-02-16 23:31:56","post_content_filtered":"","post_parent":0,"guid":"https:\/\/sachviet.eu\/nha-phat-hanh\/kim-dong\/","menu_order":0,"post_type":"publisher","post_mime_type":"","comment_count":"0","filter":"raw"}},"_links":{"self":[{"href":"https:\/\/sachviet.eu\/en\/wp-json\/wp\/v2\/product\/23385","targetHints":{"allow":["GET"]}}],"collection":[{"href":"https:\/\/sachviet.eu\/en\/wp-json\/wp\/v2\/product"}],"about":[{"href":"https:\/\/sachviet.eu\/en\/wp-json\/wp\/v2\/types\/product"}],"wp:featuredmedia":[{"embeddable":true,"href":"https:\/\/sachviet.eu\/en\/wp-json\/wp\/v2\/media\/23384"}],"wp:attachment":[{"href":"https:\/\/sachviet.eu\/en\/wp-json\/wp\/v2\/media?parent=23385"}],"wp:term":[{"taxonomy":"product_brand","embeddable":true,"href":"https:\/\/sachviet.eu\/en\/wp-json\/wp\/v2\/product_brand?post=23385"},{"taxonomy":"product_cat","embeddable":true,"href":"https:\/\/sachviet.eu\/en\/wp-json\/wp\/v2\/product_cat?post=23385"},{"taxonomy":"product_tag","embeddable":true,"href":"https:\/\/sachviet.eu\/en\/wp-json\/wp\/v2\/product_tag?post=23385"}],"curies":[{"name":"wp","href":"https:\/\/api.w.org\/{rel}","templated":true}]}}