{"id":23378,"date":"2023-04-04T22:39:50","date_gmt":"2023-04-04T19:39:50","guid":{"rendered":"https:\/\/sachviet.eu\/shop\/cua-hang-the-gioi-tuoi-tho\/"},"modified":"2025-05-27T04:49:54","modified_gmt":"2025-05-27T01:49:54","slug":"cua-hang-the-gioi-tuoi-tho","status":"publish","type":"product","link":"https:\/\/sachviet.eu\/en\/shop\/cua-hang-the-gioi-tuoi-tho\/","title":{"rendered":"C\u1eecA H\u00c0NG TH\u1ebe GI\u1edaI TU\u1ed4I TH\u01a0"},"content":{"rendered":"<p>\u201cC\u1eeda h\u00e0ng Th\u1ebf gi\u1edbi tu\u1ed5i th\u01a1\u201d b\u00e1n t\u1ea5t t\u1ea7n t\u1eadt nh\u1eefng th\u1ee9 m\u00e0 c\u00e1c em b\u00e9 th\u01b0\u1eddng m\u01a1 \u01b0\u1edbc: nh\u1eefng chi\u1ebfc xe \u0111\u1ea1p, nh\u1eefng c\u00f4 b\u00fap b\u00ea, nh\u1eefng ng\u01b0\u1eddi b\u1ea1n nh\u1ed3i b\u00f4ng\u2026 Ph\u00eda sau c\u00e1c gian h\u00e0ng l\u00e0 v\u00f4 s\u1ed1 c\u00e2u chuy\u1ec7n b\u1ea5t ng\u1edd v\u1ec1 nh\u1eefng ch\u1ee7 nh\u00e2n th\u1ef1c s\u1ef1 c\u1ee7a \u201cC\u1eeda h\u00e0ng Th\u1ebf gi\u1edbi tu\u1ed5i th\u01a1\u201d, \u0111\u00f3 l\u00e0 b\u1ea1n m\u00e8o con nh\u01b0ng l\u1ea1i to \u0111\u1ebfn m\u1ee9c ch\u1eb3ng ai d\u00e1m mua, v\u1ec1 cu\u1ed9c t\u00ecm ki\u1ebfm ch\u00faa s\u01a1n l\u00e2m c\u1ee7a c\u1ea3 c\u1eeda h\u00e0ng, hay tr\u1eadn chi\u1ebfn v\u00f4 c\u00f9ng gay c\u1ea5n gi\u1eefa \u0111\u00e1m xe t\u0103ng \u0111\u1ed3 ch\u01a1i v\u00e0 b\u1ea7y th\u00fa b\u00f4ng\u2026  Em h\u00e3y c\u00f9ng d\u00f5i theo cu\u1ed1n s\u00e1ch th\u00fa v\u1ecb n\u00e0y \u0111\u1ec3 t\u1eeb t\u1eeb kh\u00e1m ph\u00e1 nh\u00e9!<br \/>\nS\u00e1ch \u0111\u01b0\u1ee3c ho\u1ea1 s\u0129 Elena Bulai minh ho\u1ea1 b\u1eb1ng n\u00e9t v\u1ebd ng\u1ed9 ngh\u0129nh, m\u00e0u s\u1eafc t\u01b0\u01a1i t\u1eafn \u1ea5n t\u01b0\u1ee3ng. C\u1eeda h\u00e0ng Th\u1ebf gi\u1edbi tu\u1ed5i th\u01a1 l\u00e0 t\u00e1c ph\u1ea9m \u0111\u00e3 nh\u1eadn \u0111\u01b0\u1ee3c gi\u1ea3i th\u01b0\u1edfng minh ho\u1ea1 c\u1ee7a H\u1ed9i s\u00e1ch thi\u1ebfu nhi Bologna 2021.<br \/>\nSERGEY SEDOV l\u00e0 bi\u00ean k\u1ecbch v\u00e0 t\u00e1c gi\u1ea3 s\u00e1ch thi\u1ebfu nhi ng\u01b0\u1eddi Nga. C\u00e1c t\u00e1c ph\u1ea9m c\u1ee7a \u00f4ng b\u1eaft \u0111\u1ea7u \u0111\u01b0\u1ee3c xu\u1ea5t b\u1ea3n t\u1eeb nh\u1eefng n\u0103m 1980. \u00d4ng t\u1eebng tham gia nhi\u1ec1u d\u1ef1 \u00e1n v\u0103n h\u1ecdc cho tr\u1ebb em, vi\u1ebft k\u1ecbch b\u1ea3n cho phim ho\u1ea1t h\u00ecnh, s\u00e1ng t\u00e1c th\u01a1 v\u00e0 v\u0103n xu\u00f4i cho ng\u01b0\u1eddi l\u1edbn. Th\u1ec3 lo\u1ea1i y\u00eau th\u00edch c\u1ee7a \u00f4ng l\u00e0 truy\u1ec7n c\u01b0\u1eddi.<br \/>\nELENA BULAI l\u00e0 h\u1ecda s\u0129 minh h\u1ecda hi\u1ec7n sinh s\u1ed1ng t\u1ea1i Moscow. C\u00f4 t\u1ed1t nghi\u1ec7p \u0110\u1ea1i h\u1ecdc M\u0129 thu\u1eadt c\u00f4ng l\u1eadp  Moscow chuy\u00ean ng\u00e0nh \u0111\u1ed3 h\u1ecda v\u00e0 sau \u0111\u00f3 theo h\u1ecdc minh h\u1ecda t\u1ea1i Tr\u01b0\u1eddng Ngh\u1ec7 thu\u1eadt v\u00e0 Thi\u1ebft k\u1ebf Anh Qu\u1ed1c. Elena chuy\u00ean v\u1ebd minh h\u1ecda cho s\u00e1ch, t\u1ea1p ch\u00ed v\u00e0 c\u1ea3 s\u1ea3n ph\u1ea9m c\u00f4ng nghi\u1ec7p. C\u00f4 c\u1ed9ng t\u00e1c v\u1edbi c\u00e1c nh\u00e0 xu\u1ea5t b\u1ea3n, \u0111\u1ea1i l\u00ed qu\u1ea3ng c\u00e1o, t\u1ea1p ch\u00ed v\u00e0 c\u00e1c c\u00f4ng ty trong nhi\u1ec1u l\u0129nh v\u1ef1c kh\u00e1c. Elena \u0111ang gi\u1ea3ng d\u1ea1y t\u1ea1i Tr\u01b0\u1eddng Ngh\u1ec7 thu\u1eadt v\u00e0 Thi\u1ebft k\u1ebf Anh Qu\u1ed1c.<br \/>\nC\u00c1C GI\u1ea2I TH\u01af\u1edeNG M\u00c0 ELENA BULAI NH\u1eacN \u0110\u01af\u1ee2C:<br \/>\n\u2022 Gi\u1ea3i New Blood D&amp;AD, n\u0103m 2016<br \/>\n\u2022 L\u1ecdt v\u00e0o chung k\u1ebft cu\u1ed9c thi &#8220;Image of the book\u201d, n\u0103m 2020<br \/>\n\u2022 Tri\u1ec3n l\u00e3m minh h\u1ecda t\u1ea1i H\u1ed9i ch\u1ee3 s\u00e1ch thi\u1ebfu nhi Bologna (cu\u1ed1n C\u1eeda h\u00e0ng Th\u1ebf gi\u1edbi tu\u1ed5i th\u01a1), n\u0103m 2021<br \/>\n\u2022 Tri\u1ec3n l\u00e3m minh h\u1ecda t\u1ea1i H\u1ed9i ch\u1ee3 s\u00e1ch d\u00e0nh cho tr\u1ebb em Bologna (cu\u1ed1n The Dog Book), n\u0103m 2022<br \/>\n\u2022 Qu\u00e1n qu\u00e2n cu\u1ed9c thi \u201cImage of the book\u201d, n\u0103m 2022<\/p>\n","protected":false},"excerpt":{"rendered":"<p>\u201cC\u1eeda h\u00e0ng Th\u1ebf gi\u1edbi tu\u1ed5i th\u01a1\u201d b\u00e1n t\u1ea5t t\u1ea7n t\u1eadt nh\u1eefng th\u1ee9 m\u00e0 c\u00e1c em b\u00e9 th\u01b0\u1eddng m\u01a1 \u01b0\u1edbc: nh\u1eefng chi\u1ebfc xe \u0111\u1ea1p, nh\u1eefng c\u00f4 b\u00fap b\u00ea, nh\u1eefng ng\u01b0\u1eddi b\u1ea1n nh\u1ed3i b\u00f4ng\u2026 Ph\u00eda sau c\u00e1c gian h\u00e0ng l\u00e0 v\u00f4 s\u1ed1 c\u00e2u chuy\u1ec7n b\u1ea5t ng\u1edd v\u1ec1 nh\u1eefng ch\u1ee7 nh\u00e2n th\u1ef1c s\u1ef1 c\u1ee7a \u201cC\u1eeda h\u00e0ng Th\u1ebf gi\u1edbi tu\u1ed5i th\u01a1\u201d, \u0111\u00f3 l\u00e0 b\u1ea1n m\u00e8o con nh\u01b0ng l\u1ea1i to \u0111\u1ebfn m\u1ee9c ch\u1eb3ng ai d\u00e1m mua, v\u1ec1 cu\u1ed9c t\u00ecm ki\u1ebfm ch\u00faa s\u01a1n l\u00e2m c\u1ee7a c\u1ea3 c\u1eeda h\u00e0ng, hay tr\u1eadn chi\u1ebfn v\u00f4 c\u00f9ng gay c\u1ea5n gi\u1eefa \u0111\u00e1m xe t\u0103ng \u0111\u1ed3 ch\u01a1i v\u00e0 b\u1ea7y th\u00fa b\u00f4ng\u2026  Em h\u00e3y c\u00f9ng d\u00f5i theo cu\u1ed1n s\u00e1ch th\u00fa v\u1ecb n\u00e0y \u0111\u1ec3 t\u1eeb t\u1eeb kh\u00e1m ph\u00e1 nh\u00e9!<br \/>\nS\u00e1ch \u0111\u01b0\u1ee3c ho\u1ea1 s\u0129 Elena Bulai minh ho\u1ea1 b\u1eb1ng n\u00e9t v\u1ebd ng\u1ed9 ngh\u0129nh, m\u00e0u s\u1eafc t\u01b0\u01a1i t\u1eafn \u1ea5n t\u01b0\u1ee3ng. C\u1eeda h\u00e0ng Th\u1ebf gi\u1edbi tu\u1ed5i th\u01a1 l\u00e0 t\u00e1c ph\u1ea9m \u0111\u00e3 nh\u1eadn \u0111\u01b0\u1ee3c gi\u1ea3i th\u01b0\u1edfng minh ho\u1ea1 c\u1ee7a H\u1ed9i s\u00e1ch thi\u1ebfu nhi Bologna 2021.<br \/>\nSERGEY SEDOV l\u00e0 bi\u00ean k\u1ecbch v\u00e0 t\u00e1c gi\u1ea3 s\u00e1ch thi\u1ebfu nhi ng\u01b0\u1eddi Nga. C\u00e1c t\u00e1c ph\u1ea9m c\u1ee7a \u00f4ng b\u1eaft \u0111\u1ea7u \u0111\u01b0\u1ee3c xu\u1ea5t b\u1ea3n t\u1eeb nh\u1eefng n\u0103m 1980. \u00d4ng t\u1eebng tham gia nhi\u1ec1u d\u1ef1 \u00e1n v\u0103n h\u1ecdc cho tr\u1ebb em, vi\u1ebft k\u1ecbch b\u1ea3n cho phim ho\u1ea1t h\u00ecnh, s\u00e1ng t\u00e1c th\u01a1 v\u00e0 v\u0103n xu\u00f4i cho ng\u01b0\u1eddi l\u1edbn. Th\u1ec3 lo\u1ea1i y\u00eau th\u00edch c\u1ee7a \u00f4ng l\u00e0 truy\u1ec7n c\u01b0\u1eddi.<br \/>\nELENA BULAI l\u00e0 h\u1ecda s\u0129 minh h\u1ecda hi\u1ec7n sinh s\u1ed1ng t\u1ea1i Moscow. C\u00f4 t\u1ed1t nghi\u1ec7p \u0110\u1ea1i h\u1ecdc M\u0129 thu\u1eadt c\u00f4ng l\u1eadp  Moscow chuy\u00ean ng\u00e0nh \u0111\u1ed3 h\u1ecda v\u00e0 sau \u0111\u00f3 theo h\u1ecdc minh h\u1ecda t\u1ea1i Tr\u01b0\u1eddng Ngh\u1ec7 thu\u1eadt v\u00e0 Thi\u1ebft k\u1ebf Anh Qu\u1ed1c. Elena chuy\u00ean v\u1ebd minh h\u1ecda cho s\u00e1ch, t\u1ea1p ch\u00ed v\u00e0 c\u1ea3 s\u1ea3n ph\u1ea9m c\u00f4ng nghi\u1ec7p. C\u00f4 c\u1ed9ng t\u00e1c v\u1edbi c\u00e1c nh\u00e0 xu\u1ea5t b\u1ea3n, \u0111\u1ea1i l\u00ed qu\u1ea3ng c\u00e1o, t\u1ea1p ch\u00ed v\u00e0 c\u00e1c c\u00f4ng ty trong nhi\u1ec1u l\u0129nh v\u1ef1c kh\u00e1c. Elena \u0111ang gi\u1ea3ng d\u1ea1y t\u1ea1i Tr\u01b0\u1eddng Ngh\u1ec7 thu\u1eadt v\u00e0 Thi\u1ebft k\u1ebf Anh Qu\u1ed1c.<br \/>\nC\u00c1C GI\u1ea2I TH\u01af\u1edeNG M\u00c0 ELENA BULAI NH\u1eacN \u0110\u01af\u1ee2C:<br \/>\n\u2022 Gi\u1ea3i New Blood D&amp;AD, n\u0103m 2016<br \/>\n\u2022 L\u1ecdt v\u00e0o chung k\u1ebft cu\u1ed9c thi &#8220;Image of the book\u201d, n\u0103m 2020<br \/>\n\u2022 Tri\u1ec3n l\u00e3m minh h\u1ecda t\u1ea1i H\u1ed9i ch\u1ee3 s\u00e1ch thi\u1ebfu nhi Bologna (cu\u1ed1n C\u1eeda h\u00e0ng Th\u1ebf gi\u1edbi tu\u1ed5i th\u01a1), n\u0103m 2021<br \/>\n\u2022 Tri\u1ec3n l\u00e3m minh h\u1ecda t\u1ea1i H\u1ed9i ch\u1ee3 s\u00e1ch d\u00e0nh cho tr\u1ebb em Bologna (cu\u1ed1n The Dog Book), n\u0103m 2022<br \/>\n\u2022 Qu\u00e1n qu\u00e2n cu\u1ed9c thi \u201cImage of the book\u201d, n\u0103m 2022<\/p>\n","protected":false},"featured_media":23377,"template":"","meta":{"_acf_changed":false},"product_brand":[],"product_cat":[25,17,26],"product_tag":[],"class_list":{"0":"post-23378","1":"product","2":"type-product","3":"status-publish","4":"has-post-thumbnail","6":"product_cat-nhi-dong-6-tuoi-12-tuoi","7":"product_cat-sach-danh-cho-cac-be","8":"product_cat-thieu-nien-11-tuoi-18-tuoi","10":"first","11":"outofstock","12":"taxable","13":"shipping-taxable","14":"purchasable","15":"product-type-simple"},"supplier_id":null,"supplier_sku":"","barcode":null,"atum_controlled":true,"out_stock_date":"2023-06-12 18:20:35","out_stock_threshold":null,"inheritable":false,"inbound_stock":0,"stock_on_hold":0,"sold_today":0,"sales_last_days":0,"reserved_stock":0,"customer_returns":0,"warehouse_damage":0,"lost_in_post":0,"other_logs":0,"out_stock_days":961,"lost_sales":0,"has_location":false,"update_date":"2026-01-28T23:11:29","atum_locations":[],"atum_stock_status":"outofstock","restock_status":false,"low_stock_amount":"","sales_update_date":"2026-01-28T23:11:29","calc_backorders":null,"acf":{"publisher":{"ID":1454,"post_author":"1","post_date":"2021-02-17 01:11:34","post_date_gmt":"2021-02-16 23:11:34","post_content":"<!-- wp:flatsome\/uxbuilder -->\n<h1 style=\"text-align: center;\"><strong>Kim \u0110\u1ed3ng<\/strong><\/h1>\n[row]\n\n[col span=\"3\" span__sm=\"12\"]\n\n[ux_image id=\"1534\" image_size=\"medium\"]\n\n\n[\/col]\n[col span=\"9\" span__sm=\"12\"]\n\n<p>Nh\u00e0 xu\u1ea5t b\u1ea3n Kim \u0110\u1ed3ng tr\u1ef1c thu\u1ed9c Trung \u01b0\u01a1ng \u0110o\u00e0n TNCS H\u1ed3 Ch\u00ed Minh l\u00e0 Nh\u00e0 xu\u1ea5t b\u1ea3n t\u1ed5ng h\u1ee3p c\u00f3 ch\u1ee9c n\u0103ng xu\u1ea5t b\u1ea3n s\u00e1ch v\u00e0 v\u0103n h\u00f3a ph\u1ea9m ph\u1ee5c v\u1ee5 thi\u1ebfu nhi v\u00e0 c\u00e1c b\u1eadc ph\u1ee5 huynh trong c\u1ea3 n\u01b0\u1edbc, qu\u1ea3ng b\u00e1 v\u00e0 gi\u1edbi thi\u1ec7u v\u0103n h\u00f3a Vi\u1ec7t Nam ra th\u1ebf gi\u1edbi.<br \/>Nh\u00e0 xu\u1ea5t b\u1ea3n c\u00f3 nhi\u1ec7m v\u1ee5 t\u1ed5 ch\u1ee9c b\u1ea3n th\u1ea3o, bi\u00ean so\u1ea1n, bi\u00ean d\u1ecbch, xu\u1ea5t b\u1ea3n v\u00e0 ph\u00e1t h\u00e0nh c\u00e1c xu\u1ea5t b\u1ea3n ph\u1ea9m c\u00f3 n\u1ed9i dung: gi\u00e1o d\u1ee5c truy\u1ec1n th\u1ed1ng d\u00e2n t\u1ed9c, gi\u00e1o d\u1ee5c v\u1ec1 tri th\u1ee9c, ki\u1ebfn th\u1ee9c\u2026 tr\u00ean c\u00e1c l\u0129nh v\u1ef1c v\u0103n h\u1ecdc, ngh\u1ec7 thu\u1eadt, khoa h\u1ecdc k\u1ef9 thu\u1eadt nh\u1eb1m cung c\u1ea5p cho c\u00e1c em thi\u1ebfu nhi c\u0169ng nh\u01b0 c\u00e1c b\u1eadc ph\u1ee5 huynh c\u00e1c ki\u1ebfn th\u1ee9c c\u1ea7n thi\u1ebft trong cu\u1ed9c s\u1ed1ng, nh\u1eefng tinh hoa c\u1ee7a tri th\u1ee9c nh\u00e2n lo\u1ea1i nh\u1eb1m g\u00f3p ph\u1ea7n gi\u00e1o d\u1ee5c v\u00e0 h\u00ecnh th\u00e0nh nh\u00e2n c\u00e1ch th\u1ebf h\u1ec7 tr\u1ebb.<br \/>\u0110\u1ed1i t\u01b0\u1ee3ng ph\u1ee5c v\u1ee5 c\u1ee7a Nh\u00e0 xu\u1ea5t b\u1ea3n l\u00e0 c\u00e1c em t\u1eeb tu\u1ed5i nh\u00e0 tr\u1ebb m\u1eabu gi\u00e1o (1 \u0111\u1ebfn 5 tu\u1ed5i), nhi \u0111\u1ed3ng (6 \u0111\u1ebfn 9 tu\u1ed5i), thi\u1ebfu ni\u00ean (10 \u0111\u1ebfn 15 tu\u1ed5i) \u0111\u1ebfn c\u00e1c em tu\u1ed5i m\u1edbi l\u1edbn (16 \u0111\u1ebfn 18 tu\u1ed5i) v\u00e0 c\u00e1c b\u1eadc ph\u1ee5 huynh.<\/p>\n\n[\/col]\n\n[\/row]\n\n<!-- \/wp:flatsome\/uxbuilder -->","post_title":"Kim \u0110\u1ed3ng","post_excerpt":"","post_status":"publish","comment_status":"closed","ping_status":"closed","post_password":"","post_name":"kim-dong","to_ping":"","pinged":"","post_modified":"2021-02-17 01:31:56","post_modified_gmt":"2021-02-16 23:31:56","post_content_filtered":"","post_parent":0,"guid":"https:\/\/sachviet.eu\/nha-phat-hanh\/kim-dong\/","menu_order":0,"post_type":"publisher","post_mime_type":"","comment_count":"0","filter":"raw"}},"_links":{"self":[{"href":"https:\/\/sachviet.eu\/en\/wp-json\/wp\/v2\/product\/23378","targetHints":{"allow":["GET"]}}],"collection":[{"href":"https:\/\/sachviet.eu\/en\/wp-json\/wp\/v2\/product"}],"about":[{"href":"https:\/\/sachviet.eu\/en\/wp-json\/wp\/v2\/types\/product"}],"wp:featuredmedia":[{"embeddable":true,"href":"https:\/\/sachviet.eu\/en\/wp-json\/wp\/v2\/media\/23377"}],"wp:attachment":[{"href":"https:\/\/sachviet.eu\/en\/wp-json\/wp\/v2\/media?parent=23378"}],"wp:term":[{"taxonomy":"product_brand","embeddable":true,"href":"https:\/\/sachviet.eu\/en\/wp-json\/wp\/v2\/product_brand?post=23378"},{"taxonomy":"product_cat","embeddable":true,"href":"https:\/\/sachviet.eu\/en\/wp-json\/wp\/v2\/product_cat?post=23378"},{"taxonomy":"product_tag","embeddable":true,"href":"https:\/\/sachviet.eu\/en\/wp-json\/wp\/v2\/product_tag?post=23378"}],"curies":[{"name":"wp","href":"https:\/\/api.w.org\/{rel}","templated":true}]}}