{"id":23376,"date":"2023-04-04T22:39:45","date_gmt":"2023-04-04T19:39:45","guid":{"rendered":"https:\/\/sachviet.eu\/shop\/bo-sach-harry-chu-chuot-hanh-phuc-bo-5-quyen\/"},"modified":"2023-05-19T15:08:08","modified_gmt":"2023-05-19T12:08:08","slug":"bo-sach-harry-chu-chuot-hanh-phuc-bo-5-quyen","status":"publish","type":"product","link":"https:\/\/sachviet.eu\/en\/shop\/bo-sach-harry-chu-chuot-hanh-phuc-bo-5-quyen\/","title":{"rendered":"B\u1ed9 S\u00e1ch Harry &#8211; Ch\u00fa Chu\u1ed9t H\u1ea1nh Ph\u00fac &#8211; B\u1ed9 5 Quy\u1ec3n"},"content":{"rendered":"<p>HARRY \u2013 CH\u00da CHU\u1ed8T H\u1ea0NH PH\u00daC\u201d l\u00e0 m\u1ed9t trong nh\u1eefng series s\u00e1ch thi\u1ebfu nhi b\u00e1n ch\u1ea1y nh\u1ea5t \u1edf Anh, M\u1ef9, Canada. B\u1ed9 s\u00e1ch ch\u00ednh th\u1ee9c \u0111\u01b0\u1ee3c Pingbooks mua b\u1ea3n quy\u1ec1n v\u1edbi mong mu\u1ed1n truy\u1ec1n \u0111it\u1ea3i th\u00f4ng \u0111i\u1ec7p t\u1edbi c\u00e1c b\u1ea1n nh\u1ecf Vi\u1ec7t Nam: Ch\u00fang ta kh\u00f4ng c\u1ea7n ph\u1ea3i tr\u1edf th\u00e0nh nh\u1eefng \u201csi\u00eau anh h\u00f9ng\u201d m\u1edbi c\u00f3 th\u1ec3 thay \u0111\u1ed5i th\u1ebf gi\u1edbi, m\u00e0 ngay c\u1ea3 nh\u1eefng h\u00e0nh \u0111\u1ed9ng nh\u1ecf xu\u1ea5t ph\u00e1t t\u1eeb t\u1ea5m l\u00f2ng t\u1eed t\u1ebf c\u0169ng s\u1ebd tr\u1edf th\u00e0nh s\u1ee9c m\u1ea1nh lan t\u1ecfa, khi\u1ebfn th\u1ebf gi\u1edbi m\u00e0 ch\u00fang ta \u0111ang s\u1ed1ng tr\u1edf n\u00ean t\u1ed1t \u0111\u1eb9p h\u01a1n.<\/p>\n<p>B\u1ed9 s\u00e1ch xoay quanh c\u00e2u chuy\u1ec7n v\u1ec1 l\u00f2ng t\u1ed1t c\u1ee7a ch\u00fa chu\u1ed9t Harry. Trong \u0111\u00f3 \u1ea9n gi\u1ea5u nh\u1eefng b\u00e0i h\u1ecdc v\u1ec1 cu\u1ed9c s\u1ed1ng, gi\u00fap c\u00e1c b\u00e9 s\u1ed1ng t\u1ed1t v\u00e0 l\u00e0m nh\u1eefng vi\u1ec7c \u00fd ngh\u0129a h\u01a1n cho m\u00ecnh v\u00e0 nh\u1eefng ng\u01b0\u1eddi xung quanh. M\u1ed7i c\u00e2u chuy\u1ec7n v\u1ec1 chu\u1ed9t Harry l\u00e0 m\u1ed9t t\u00ecnh hu\u1ed1ng th\u00fa v\u1ecb gi\u00fap b\u00e9 t\u00ecm th\u1ea5y c\u00e2u tr\u1ea3 l\u1eddi cho nh\u1eefng b\u0103n kho\u0103n nho nh\u1ecf v\u1ec1 cu\u1ed9c s\u1ed1ng: \u00fd ngh\u0129a c\u1ee7a t\u00ecnh b\u1ea1n, s\u1ef1 s\u1ebb chia, gi\u00fap \u0111\u1ee1\u2026 l\u00e0 cho \u0111i \u0111\u1ec3 nh\u1eadn l\u1ea5y ni\u1ec1m vui v\u00e0 h\u1ea1nh ph\u00fac.<\/p>\n","protected":false},"excerpt":{"rendered":"<p>HARRY \u2013 CH\u00da CHU\u1ed8T H\u1ea0NH PH\u00daC\u201d l\u00e0 m\u1ed9t trong nh\u1eefng series s\u00e1ch thi\u1ebfu nhi b\u00e1n ch\u1ea1y nh\u1ea5t \u1edf Anh, M\u1ef9, Canada. B\u1ed9 s\u00e1ch ch\u00ednh th\u1ee9c \u0111\u01b0\u1ee3c Pingbooks mua b\u1ea3n quy\u1ec1n v\u1edbi mong mu\u1ed1n truy\u1ec1n \u0111it\u1ea3i th\u00f4ng \u0111i\u1ec7p t\u1edbi c\u00e1c b\u1ea1n nh\u1ecf Vi\u1ec7t Nam: Ch\u00fang ta kh\u00f4ng c\u1ea7n ph\u1ea3i tr\u1edf th\u00e0nh nh\u1eefng \u201csi\u00eau anh h\u00f9ng\u201d m\u1edbi c\u00f3 th\u1ec3 thay \u0111\u1ed5i th\u1ebf gi\u1edbi, m\u00e0 ngay c\u1ea3 nh\u1eefng h\u00e0nh \u0111\u1ed9ng nh\u1ecf xu\u1ea5t ph\u00e1t t\u1eeb t\u1ea5m l\u00f2ng t\u1eed t\u1ebf c\u0169ng s\u1ebd tr\u1edf th\u00e0nh s\u1ee9c m\u1ea1nh lan t\u1ecfa, khi\u1ebfn th\u1ebf gi\u1edbi m\u00e0 ch\u00fang ta \u0111ang s\u1ed1ng tr\u1edf n\u00ean t\u1ed1t \u0111\u1eb9p h\u01a1n.<\/p>\n<p>B\u1ed9 s\u00e1ch xoay quanh c\u00e2u chuy\u1ec7n v\u1ec1 l\u00f2ng t\u1ed1t c\u1ee7a ch\u00fa chu\u1ed9t Harry. Trong \u0111\u00f3 \u1ea9n gi\u1ea5u nh\u1eefng b\u00e0i h\u1ecdc v\u1ec1 cu\u1ed9c s\u1ed1ng, gi\u00fap c\u00e1c b\u00e9 s\u1ed1ng t\u1ed1t v\u00e0 l\u00e0m nh\u1eefng vi\u1ec7c \u00fd ngh\u0129a h\u01a1n cho m\u00ecnh v\u00e0 nh\u1eefng ng\u01b0\u1eddi xung quanh. M\u1ed7i c\u00e2u chuy\u1ec7n v\u1ec1 chu\u1ed9t Harry l\u00e0 m\u1ed9t t\u00ecnh hu\u1ed1ng th\u00fa v\u1ecb gi\u00fap b\u00e9 t\u00ecm th\u1ea5y c\u00e2u tr\u1ea3 l\u1eddi cho nh\u1eefng b\u0103n kho\u0103n nho nh\u1ecf v\u1ec1 cu\u1ed9c s\u1ed1ng: \u00fd ngh\u0129a c\u1ee7a t\u00ecnh b\u1ea1n, s\u1ef1 s\u1ebb chia, gi\u00fap \u0111\u1ee1\u2026 l\u00e0 cho \u0111i \u0111\u1ec3 nh\u1eadn l\u1ea5y ni\u1ec1m vui v\u00e0 h\u1ea1nh ph\u00fac.<\/p>\n","protected":false},"featured_media":23375,"template":"","meta":{"_acf_changed":false},"product_brand":[],"product_cat":[25,17,26],"product_tag":[83],"class_list":{"0":"post-23376","1":"product","2":"type-product","3":"status-publish","4":"has-post-thumbnail","6":"product_cat-nhi-dong-6-tuoi-12-tuoi","7":"product_cat-sach-danh-cho-cac-be","8":"product_cat-thieu-nien-11-tuoi-18-tuoi","9":"product_tag-sach-moi-xuat-ban","11":"first","12":"outofstock","13":"taxable","14":"shipping-taxable","15":"purchasable","16":"product-type-simple"},"supplier_id":null,"supplier_sku":"","barcode":null,"atum_controlled":true,"out_stock_date":"2023-05-19 12:08:08","out_stock_threshold":null,"inheritable":false,"inbound_stock":0,"stock_on_hold":0,"sold_today":0,"sales_last_days":0,"reserved_stock":0,"customer_returns":0,"warehouse_damage":0,"lost_in_post":0,"other_logs":0,"out_stock_days":985,"lost_sales":0,"has_location":false,"update_date":"2026-01-28T23:11:15","atum_locations":[],"atum_stock_status":"outofstock","restock_status":false,"low_stock_amount":"","sales_update_date":"2026-01-28T23:11:15","calc_backorders":null,"acf":{"publisher":{"ID":16394,"post_author":"1","post_date":"2021-12-26 17:28:32","post_date_gmt":"2021-12-26 15:28:32","post_content":"","post_title":"Pingbooks","post_excerpt":"","post_status":"publish","comment_status":"closed","ping_status":"closed","post_password":"","post_name":"pingbooks","to_ping":"","pinged":"","post_modified":"2021-12-26 17:28:32","post_modified_gmt":"2021-12-26 15:28:32","post_content_filtered":"","post_parent":0,"guid":"https:\/\/sachviet.eu\/nha-phat-hanh\/pingbooks\/","menu_order":0,"post_type":"publisher","post_mime_type":"","comment_count":"0","filter":"raw"}},"_links":{"self":[{"href":"https:\/\/sachviet.eu\/en\/wp-json\/wp\/v2\/product\/23376","targetHints":{"allow":["GET"]}}],"collection":[{"href":"https:\/\/sachviet.eu\/en\/wp-json\/wp\/v2\/product"}],"about":[{"href":"https:\/\/sachviet.eu\/en\/wp-json\/wp\/v2\/types\/product"}],"wp:featuredmedia":[{"embeddable":true,"href":"https:\/\/sachviet.eu\/en\/wp-json\/wp\/v2\/media\/23375"}],"wp:attachment":[{"href":"https:\/\/sachviet.eu\/en\/wp-json\/wp\/v2\/media?parent=23376"}],"wp:term":[{"taxonomy":"product_brand","embeddable":true,"href":"https:\/\/sachviet.eu\/en\/wp-json\/wp\/v2\/product_brand?post=23376"},{"taxonomy":"product_cat","embeddable":true,"href":"https:\/\/sachviet.eu\/en\/wp-json\/wp\/v2\/product_cat?post=23376"},{"taxonomy":"product_tag","embeddable":true,"href":"https:\/\/sachviet.eu\/en\/wp-json\/wp\/v2\/product_tag?post=23376"}],"curies":[{"name":"wp","href":"https:\/\/api.w.org\/{rel}","templated":true}]}}