{"id":23372,"date":"2023-04-04T22:39:36","date_gmt":"2023-04-04T19:39:36","guid":{"rendered":"https:\/\/sachviet.eu\/shop\/combo-truong-hoc-khung-long-bo-5-cuon\/"},"modified":"2023-11-27T21:06:02","modified_gmt":"2023-11-27T19:06:02","slug":"combo-truong-hoc-khung-long-bo-5-cuon","status":"publish","type":"product","link":"https:\/\/sachviet.eu\/en\/shop\/combo-truong-hoc-khung-long-bo-5-cuon\/","title":{"rendered":"Combo Tr\u01b0\u1eddng H\u1ecdc Kh\u1ee7ng Long (B\u1ed9 5 cu\u1ed1n)"},"content":{"rendered":"<p>Combo Tr\u01b0\u1eddng H\u1ecdc Kh\u1ee7ng Long g\u1ed3m 5 cu\u1ed1n:<\/p>\n<p>1. Diplo \u01a0i, C\u1eadu L\u00e0 Ng\u01b0\u1eddi H\u00f9ng<\/p>\n<p>\u1ede l\u1edbp, l\u00fac n\u00e0o b\u1ea1n b\u00e8 c\u0169ng tr\u00eau ch\u1ecdc Diplo.<\/p>\n<p>\u201cDiplo m\u1eadp \u00f9! Diplo \u0111\u1ee5ng \u0111\u00e2u \u0111\u1ed5 \u0111\u00f3!\u201d<\/p>\n<p>Th\u1ebf nh\u01b0ng, \u0111\u1eb1ng sau th\u00e2n h\u00ecnh to l\u1edbn v\u1edbi c\u00e1i c\u1ed5 d\u00e0i \u0111\u00f3 l\u1ea1i l\u00e0 m\u1ed9t ng\u01b0\u1eddi h\u00f9<\/p>\n<p>2. \u0110\u1eebng S\u1ee3 N\u01b0\u1edbc N\u1eefa Nha, Anky<\/p>\n<p>C\u1ea3 l\u1edbp \u0111\u01b0\u1ee3c c\u00f4 gi\u00e1o d\u1eabn \u0111i bi\u1ec3n. C\u00e1c b\u1ea1n \u0111\u1ec1u r\u1ea5t vui v\u1ebb, nh\u1ea3y \u00f9m xu\u1ed1ng bi\u1ec3n. T\u1ea5t c\u1ea3 Ch\u1ec9 tr\u1eeb Anky.<\/p>\n<p>Li\u1ec7u c\u00f4 b\u00e9 kh\u1ee7ng long \u0111u\u00f4i b\u00faa c\u00f3 v\u01b0\u1ee3t qua \u0111\u01b0\u1ee3c n\u1ed7i s\u1ee3 n\u01b0\u1edbc hay kh\u00f4ng?<\/p>\n<p>3. B\u1ea1n Th\u00e2n L\u00e0 V\u1eady \u0110\u00f3, Tric\u00e9<\/p>\n<p>Tric\u00e9 mu\u1ed1n ch\u01a1i c\u00f9ng v\u1edbi Edmonta v\u00e0 Para. C\u1eadu kh\u1ee7ng long nh\u1ecf c\u00f3 v\u1ebb m\u1eafc c\u1ee1.<\/p>\n<p>Para tr\u00eau ch\u1ecdc Tric\u00e9. B\u1ea1n \u1ea5y l\u1ea1i c\u00f2n ghen t\u1ecb khi th\u1ea5y Tric\u00e9 v\u00e0 Edmonta \u1edf c\u1ea1nh nhau. Tric\u00e9 ph\u1ea3i l\u00e0m sao \u0111\u00e2y?<\/p>\n<p>4. Ch\u00fac M\u1eebng Sinh Nh\u1eadt C\u1eadu, St\u00e9ga<\/p>\n<p>V\u00e0o ng\u00e0y sinh nh\u1eadt c\u1ee7a m\u00ecnh, St\u00e9ga mang t\u1edbi l\u1edbp m\u1ed9t chi\u1ebfc b\u00e1nh ng\u1ecdt.<\/p>\n<p>Nh\u01b0ng \u0111\u1ebfn l\u00fac th\u1ed5i n\u1ebfn, m\u1ed9t cu\u1ed9c chi\u1ebfn l\u1ea1i n\u1ed5 ra\u2026 ngay ph\u00eda sau l\u1edbp h\u1ecdc\u2026<\/p>\n<p>5. Tyrex Kh\u00f4ng C\u00f2n L\u00e0 Nh\u00f3c Con<\/p>\n<p>Th\u1eadt b\u1ef1c m\u00ecnh qu\u00e1 \u0111i!<\/p>\n<p>C\u00e1c b\u1ea1n trong l\u1edbp \u0111\u1ec1u ngh\u0129 Tyrex qu\u00e1 th\u1ea5p, kh\u00f4ng th\u1ec3 n\u00e9m tr\u00e1i d\u1eeba v\u00e0o r\u1ed5.<\/p>\n<p>Nh\u01b0ng gi\u1edd Tyrex s\u1ebd cho c\u00e1c b\u1ea1n th\u1ea5y c\u1eadu l\u00e0 m\u1ed9t ch\u00fa kh\u1ee7ng long kh\u1ed5ng l\u1ed3, m\u1ea1nh m\u1ebd<\/p>\n","protected":false},"excerpt":{"rendered":"<p>Combo Tr\u01b0\u1eddng H\u1ecdc Kh\u1ee7ng Long g\u1ed3m 5 cu\u1ed1n:<\/p>\n<p>1. Diplo \u01a0i, C\u1eadu L\u00e0 Ng\u01b0\u1eddi H\u00f9ng<\/p>\n<p>\u1ede l\u1edbp, l\u00fac n\u00e0o b\u1ea1n b\u00e8 c\u0169ng tr\u00eau ch\u1ecdc Diplo.<\/p>\n<p>\u201cDiplo m\u1eadp \u00f9! Diplo \u0111\u1ee5ng \u0111\u00e2u \u0111\u1ed5 \u0111\u00f3!\u201d<\/p>\n<p>Th\u1ebf nh\u01b0ng, \u0111\u1eb1ng sau th\u00e2n h\u00ecnh to l\u1edbn v\u1edbi c\u00e1i c\u1ed5 d\u00e0i \u0111\u00f3 l\u1ea1i l\u00e0 m\u1ed9t ng\u01b0\u1eddi h\u00f9<\/p>\n<p>2. \u0110\u1eebng S\u1ee3 N\u01b0\u1edbc N\u1eefa Nha, Anky<\/p>\n<p>C\u1ea3 l\u1edbp \u0111\u01b0\u1ee3c c\u00f4 gi\u00e1o d\u1eabn \u0111i bi\u1ec3n. C\u00e1c b\u1ea1n \u0111\u1ec1u r\u1ea5t vui v\u1ebb, nh\u1ea3y \u00f9m xu\u1ed1ng bi\u1ec3n. T\u1ea5t c\u1ea3 Ch\u1ec9 tr\u1eeb Anky.<\/p>\n<p>Li\u1ec7u c\u00f4 b\u00e9 kh\u1ee7ng long \u0111u\u00f4i b\u00faa c\u00f3 v\u01b0\u1ee3t qua \u0111\u01b0\u1ee3c n\u1ed7i s\u1ee3 n\u01b0\u1edbc hay kh\u00f4ng?<\/p>\n<p>3. B\u1ea1n Th\u00e2n L\u00e0 V\u1eady \u0110\u00f3, Tric\u00e9<\/p>\n<p>Tric\u00e9 mu\u1ed1n ch\u01a1i c\u00f9ng v\u1edbi Edmonta v\u00e0 Para. C\u1eadu kh\u1ee7ng long nh\u1ecf c\u00f3 v\u1ebb m\u1eafc c\u1ee1.<\/p>\n<p>Para tr\u00eau ch\u1ecdc Tric\u00e9. B\u1ea1n \u1ea5y l\u1ea1i c\u00f2n ghen t\u1ecb khi th\u1ea5y Tric\u00e9 v\u00e0 Edmonta \u1edf c\u1ea1nh nhau. Tric\u00e9 ph\u1ea3i l\u00e0m sao \u0111\u00e2y?<\/p>\n<p>4. Ch\u00fac M\u1eebng Sinh Nh\u1eadt C\u1eadu, St\u00e9ga<\/p>\n<p>V\u00e0o ng\u00e0y sinh nh\u1eadt c\u1ee7a m\u00ecnh, St\u00e9ga mang t\u1edbi l\u1edbp m\u1ed9t chi\u1ebfc b\u00e1nh ng\u1ecdt.<\/p>\n<p>Nh\u01b0ng \u0111\u1ebfn l\u00fac th\u1ed5i n\u1ebfn, m\u1ed9t cu\u1ed9c chi\u1ebfn l\u1ea1i n\u1ed5 ra\u2026 ngay ph\u00eda sau l\u1edbp h\u1ecdc\u2026<\/p>\n<p>5. Tyrex Kh\u00f4ng C\u00f2n L\u00e0 Nh\u00f3c Con<\/p>\n<p>Th\u1eadt b\u1ef1c m\u00ecnh qu\u00e1 \u0111i!<\/p>\n<p>C\u00e1c b\u1ea1n trong l\u1edbp \u0111\u1ec1u ngh\u0129 Tyrex qu\u00e1 th\u1ea5p, kh\u00f4ng th\u1ec3 n\u00e9m tr\u00e1i d\u1eeba v\u00e0o r\u1ed5.<\/p>\n<p>Nh\u01b0ng gi\u1edd Tyrex s\u1ebd cho c\u00e1c b\u1ea1n th\u1ea5y c\u1eadu l\u00e0 m\u1ed9t ch\u00fa kh\u1ee7ng long kh\u1ed5ng l\u1ed3, m\u1ea1nh m\u1ebd<\/p>\n","protected":false},"featured_media":23371,"template":"","meta":{"_acf_changed":false},"product_brand":[],"product_cat":[24,25,17],"product_tag":[],"class_list":{"0":"post-23372","1":"product","2":"type-product","3":"status-publish","4":"has-post-thumbnail","6":"product_cat-nha-tre-mau-giao-0-tuoi-6-tuoi","7":"product_cat-nhi-dong-6-tuoi-12-tuoi","8":"product_cat-sach-danh-cho-cac-be","10":"first","11":"outofstock","12":"taxable","13":"shipping-taxable","14":"purchasable","15":"product-type-simple"},"supplier_id":null,"supplier_sku":"","barcode":null,"atum_controlled":true,"out_stock_date":"2023-11-27 19:06:02","out_stock_threshold":null,"inheritable":false,"inbound_stock":0,"stock_on_hold":0,"sold_today":0,"sales_last_days":0,"reserved_stock":0,"customer_returns":0,"warehouse_damage":0,"lost_in_post":0,"other_logs":0,"out_stock_days":793,"lost_sales":0,"has_location":false,"update_date":"2026-01-28T23:11:15","atum_locations":[],"atum_stock_status":"outofstock","restock_status":false,"low_stock_amount":"","sales_update_date":"2026-01-28T23:11:15","calc_backorders":null,"acf":{"publisher":{"ID":23370,"post_author":"1","post_date":"2023-04-04 22:39:33","post_date_gmt":"2023-04-04 19:39:33","post_content":"","post_title":"Th\u1ebf Gi\u1edbi","post_excerpt":"","post_status":"publish","comment_status":"closed","ping_status":"closed","post_password":"","post_name":"the-gioi","to_ping":"","pinged":"","post_modified":"2023-04-04 22:39:33","post_modified_gmt":"2023-04-04 19:39:33","post_content_filtered":"","post_parent":0,"guid":"https:\/\/sachviet.eu\/nha-phat-hanh\/the-gioi\/","menu_order":0,"post_type":"publisher","post_mime_type":"","comment_count":"0","filter":"raw"}},"_links":{"self":[{"href":"https:\/\/sachviet.eu\/en\/wp-json\/wp\/v2\/product\/23372","targetHints":{"allow":["GET"]}}],"collection":[{"href":"https:\/\/sachviet.eu\/en\/wp-json\/wp\/v2\/product"}],"about":[{"href":"https:\/\/sachviet.eu\/en\/wp-json\/wp\/v2\/types\/product"}],"wp:featuredmedia":[{"embeddable":true,"href":"https:\/\/sachviet.eu\/en\/wp-json\/wp\/v2\/media\/23371"}],"wp:attachment":[{"href":"https:\/\/sachviet.eu\/en\/wp-json\/wp\/v2\/media?parent=23372"}],"wp:term":[{"taxonomy":"product_brand","embeddable":true,"href":"https:\/\/sachviet.eu\/en\/wp-json\/wp\/v2\/product_brand?post=23372"},{"taxonomy":"product_cat","embeddable":true,"href":"https:\/\/sachviet.eu\/en\/wp-json\/wp\/v2\/product_cat?post=23372"},{"taxonomy":"product_tag","embeddable":true,"href":"https:\/\/sachviet.eu\/en\/wp-json\/wp\/v2\/product_tag?post=23372"}],"curies":[{"name":"wp","href":"https:\/\/api.w.org\/{rel}","templated":true}]}}