{"id":23367,"date":"2023-04-04T22:39:22","date_gmt":"2023-04-04T19:39:22","guid":{"rendered":"https:\/\/sachviet.eu\/shop\/combo-sach-hanh-trinh-kham-pha-bo-3-cuon\/"},"modified":"2024-11-17T22:49:38","modified_gmt":"2024-11-17T20:49:38","slug":"combo-sach-hanh-trinh-kham-pha-bo-3-cuon","status":"publish","type":"product","link":"https:\/\/sachviet.eu\/en\/shop\/combo-sach-hanh-trinh-kham-pha-bo-3-cuon\/","title":{"rendered":"Combo S\u00e1ch H\u00e0nh Tr\u00ecnh Kh\u00e1m Ph\u00e1 (B\u1ed9 3 Cu\u1ed1n)"},"content":{"rendered":"<p>\u0110\u00e3 bao gi\u1edd b\u1ea1n th\u1eafc m\u1eafc tr\u00ean \u0111\u1eddi n\u00e0y c\u00e1i g\u00ec l\u00e0 b\u00e9 nh\u1ea5t, vi khu\u1ea9n m\u00e0 ph\u1ea3i d\u00f9ng k\u00ednh hi\u1ec3n vi \u0111i\u1ec7n t\u1eed m\u1edbi th\u1ea5y \u0111\u01b0\u1ee3c \u0111\u00f3 c\u00f3 ph\u1ea3i l\u00e0 b\u00e9 nh\u1ea5t ch\u01b0a, li\u1ec7u c\u00f3 g\u00ec c\u00f2n b\u00e9 h\u01a1n ch\u0103ng?<br \/>\n\u0110\u00e3 bao gi\u1edd b\u1ea1n th\u1ea5y TV \u0111\u01b0a tin chuy\u1ec7n b\u0103ng tan \u1edf t\u1eadn c\u1ef1c b\u1eafc xa x\u00f4i c\u1ee7a \u0111\u1ecba c\u1ea7u l\u1ea1i \u0111ang \u1ea3nh h\u01b0\u1edfng t\u1edbi th\u1eddi ti\u1ebft \u1edf ngay n\u01a1i b\u1ea1n s\u1ed1ng?<br \/>\nTh\u1ebf gi\u1edbi xung quanh ta lu\u00f4n tr\u00e0n \u0111\u1ea7y nh\u1eefng \u0111i\u1ec1u k\u1ef3 th\u00fa ch\u1edd b\u1ea1n kh\u00e1m ph\u00e1 nh\u01b0 v\u1eady \u0111\u00f3. D\u01b0\u1edbi g\u00f3c nh\u00ecn khoa h\u1ecdc, nh\u1eefng \u0111i\u1ec1u k\u1ef3 th\u00fa n\u00e0y l\u1ea1i c\u00e0ng th\u00eam ph\u1ea7n h\u1ea5p d\u1eabn v\u00e0 b\u1ed5 \u00edch. H\u00e3y c\u00f9ng \u0111\u1ebfn v\u1edbi b\u1ed9 s\u00e1ch \u201cH\u00e0nh tr\u00ecnh kh\u00e1m ph\u00e1\u201d \u0111\u1ec3 hi\u1ec3u th\u00eam v\u1ec1 th\u1ebf gi\u1edbi quanh ta nh\u00e9.<\/p>\n","protected":false},"excerpt":{"rendered":"<p>\u0110\u00e3 bao gi\u1edd b\u1ea1n th\u1eafc m\u1eafc tr\u00ean \u0111\u1eddi n\u00e0y c\u00e1i g\u00ec l\u00e0 b\u00e9 nh\u1ea5t, vi khu\u1ea9n m\u00e0 ph\u1ea3i d\u00f9ng k\u00ednh hi\u1ec3n vi \u0111i\u1ec7n t\u1eed m\u1edbi th\u1ea5y \u0111\u01b0\u1ee3c \u0111\u00f3 c\u00f3 ph\u1ea3i l\u00e0 b\u00e9 nh\u1ea5t ch\u01b0a, li\u1ec7u c\u00f3 g\u00ec c\u00f2n b\u00e9 h\u01a1n ch\u0103ng?<br \/>\n\u0110\u00e3 bao gi\u1edd b\u1ea1n th\u1ea5y TV \u0111\u01b0a tin chuy\u1ec7n b\u0103ng tan \u1edf t\u1eadn c\u1ef1c b\u1eafc xa x\u00f4i c\u1ee7a \u0111\u1ecba c\u1ea7u l\u1ea1i \u0111ang \u1ea3nh h\u01b0\u1edfng t\u1edbi th\u1eddi ti\u1ebft \u1edf ngay n\u01a1i b\u1ea1n s\u1ed1ng?<br \/>\nTh\u1ebf gi\u1edbi xung quanh ta lu\u00f4n tr\u00e0n \u0111\u1ea7y nh\u1eefng \u0111i\u1ec1u k\u1ef3 th\u00fa ch\u1edd b\u1ea1n kh\u00e1m ph\u00e1 nh\u01b0 v\u1eady \u0111\u00f3. D\u01b0\u1edbi g\u00f3c nh\u00ecn khoa h\u1ecdc, nh\u1eefng \u0111i\u1ec1u k\u1ef3 th\u00fa n\u00e0y l\u1ea1i c\u00e0ng th\u00eam ph\u1ea7n h\u1ea5p d\u1eabn v\u00e0 b\u1ed5 \u00edch. H\u00e3y c\u00f9ng \u0111\u1ebfn v\u1edbi b\u1ed9 s\u00e1ch \u201cH\u00e0nh tr\u00ecnh kh\u00e1m ph\u00e1\u201d \u0111\u1ec3 hi\u1ec3u th\u00eam v\u1ec1 th\u1ebf gi\u1edbi quanh ta nh\u00e9.<\/p>\n","protected":false},"featured_media":23364,"template":"","meta":{"_acf_changed":false},"product_brand":[],"product_cat":[25,17,26],"product_tag":[83],"class_list":{"0":"post-23367","1":"product","2":"type-product","3":"status-publish","4":"has-post-thumbnail","6":"product_cat-nhi-dong-6-tuoi-12-tuoi","7":"product_cat-sach-danh-cho-cac-be","8":"product_cat-thieu-nien-11-tuoi-18-tuoi","9":"product_tag-sach-moi-xuat-ban","11":"first","12":"instock","13":"taxable","14":"shipping-taxable","15":"purchasable","16":"product-type-simple"},"supplier_id":null,"supplier_sku":"","barcode":null,"atum_controlled":true,"out_stock_date":null,"out_stock_threshold":null,"inheritable":false,"inbound_stock":0,"stock_on_hold":0,"sold_today":0,"sales_last_days":0,"reserved_stock":0,"customer_returns":0,"warehouse_damage":0,"lost_in_post":0,"other_logs":0,"out_stock_days":0,"lost_sales":0,"has_location":false,"update_date":"2026-01-28T23:11:27","atum_locations":[],"atum_stock_status":"instock","restock_status":false,"low_stock_amount":"","sales_update_date":"2026-01-28T23:11:27","calc_backorders":null,"acf":{"publisher":{"ID":1517,"post_author":"1","post_date":"2021-02-17 01:14:41","post_date_gmt":"2021-02-16 23:14:41","post_content":"","post_title":"NXB Tr\u1ebb","post_excerpt":"","post_status":"publish","comment_status":"closed","ping_status":"closed","post_password":"","post_name":"nxb-tre","to_ping":"","pinged":"","post_modified":"2021-02-17 01:14:41","post_modified_gmt":"2021-02-16 23:14:41","post_content_filtered":"","post_parent":0,"guid":"https:\/\/sachviet.eu\/nha-phat-hanh\/nxb-tre\/","menu_order":0,"post_type":"publisher","post_mime_type":"","comment_count":"0","filter":"raw"}},"_links":{"self":[{"href":"https:\/\/sachviet.eu\/en\/wp-json\/wp\/v2\/product\/23367","targetHints":{"allow":["GET"]}}],"collection":[{"href":"https:\/\/sachviet.eu\/en\/wp-json\/wp\/v2\/product"}],"about":[{"href":"https:\/\/sachviet.eu\/en\/wp-json\/wp\/v2\/types\/product"}],"wp:featuredmedia":[{"embeddable":true,"href":"https:\/\/sachviet.eu\/en\/wp-json\/wp\/v2\/media\/23364"}],"wp:attachment":[{"href":"https:\/\/sachviet.eu\/en\/wp-json\/wp\/v2\/media?parent=23367"}],"wp:term":[{"taxonomy":"product_brand","embeddable":true,"href":"https:\/\/sachviet.eu\/en\/wp-json\/wp\/v2\/product_brand?post=23367"},{"taxonomy":"product_cat","embeddable":true,"href":"https:\/\/sachviet.eu\/en\/wp-json\/wp\/v2\/product_cat?post=23367"},{"taxonomy":"product_tag","embeddable":true,"href":"https:\/\/sachviet.eu\/en\/wp-json\/wp\/v2\/product_tag?post=23367"}],"curies":[{"name":"wp","href":"https:\/\/api.w.org\/{rel}","templated":true}]}}