{"id":23361,"date":"2023-04-04T22:39:06","date_gmt":"2023-04-04T19:39:06","guid":{"rendered":"https:\/\/sachviet.eu\/shop\/be-con-cua-me-oi-9-phut-yeu-thuong-moi-ngay-ben-con-bo-3-tap\/"},"modified":"2024-01-28T23:22:52","modified_gmt":"2024-01-28T21:22:52","slug":"be-con-cua-me-oi-9-phut-yeu-thuong-moi-ngay-ben-con-bo-3-tap","status":"publish","type":"product","link":"https:\/\/sachviet.eu\/en\/shop\/be-con-cua-me-oi-9-phut-yeu-thuong-moi-ngay-ben-con-bo-3-tap\/","title":{"rendered":"B\u00e9 Con C\u1ee7a M\u1eb9 \u01a0i! &#8211; 9 Ph\u00fat Y\u00eau Th\u01b0\u01a1ng M\u1ed7i Ng\u00e0y B\u00ean Con (B\u1ed9 3 T\u1eadp)"},"content":{"rendered":"<p>L\u00e0m cha m\u1eb9, h\u1ea1nh ph\u00fac nh\u1ea5t l\u00e0 khi \u0111\u01b0\u1ee3c nh\u00ecn th\u1ea5y con tr\u1ebb l\u1edbn l\u00ean m\u1ed7i ng\u00e0y ngoan, kh\u1ecfe v\u00e0 th\u00f4ng minh. Nh\u01b0ng kh\u00f4ng ph\u1ea3i \u0111\u1ee9a tr\u1ebb n\u00e0o c\u0169ng l\u1edbn l\u00ean b\u00ecnh y\u00ean, giai \u0111o\u1ea1n chuy\u1ec3n bi\u1ebfn t\u00e2m l\u00fd ph\u1ee9c t\u1ea1p. T\u1eeb l\u00fac con bi\u1ebft h\u1edbt chuy\u1ec7n \u0111\u1ebfn l\u00fac nh\u00ecn th\u1ea5y con l\u1eaby th\u00e0nh c\u00f4ng, t\u1eadp b\u00f2, m\u1ecdc r\u0103ng r\u1ed3i t\u1eadp \u0111i, b\u1eaft ch\u01b0\u1edbc nh\u1eefng g\u00ec b\u1ed1 m\u1eb9 n\u00f3i, cho \u0111\u1ebfn khi con tr\u1edf n\u00ean \u01b0\u01a1ng ng\u1ea1nh, nh\u1ea5t quy\u1ebft kh\u00f4ng \u0103n c\u01a1m n\u1ebfu m\u1eb9 kh\u00f4ng l\u00e0m m\u00f3n tr\u1ee9ng, kh\u00f4ng \u0111\u00e1nh r\u0103ng hay thay \u0111\u1ed3 m\u1ed7i s\u00e1ng, kh\u00f4ng l\u00ean gi\u01b0\u1eddng ng\u1ee7 d\u00f9 m\u1eb9 \u0111\u00e3 t\u1eaft \u0111\u00e8n\u2026. V\u00ec v\u1eady, ba m\u1eb9 h\u00e3y d\u00e0nh th\u1eddi gian b\u00ean con, theo d\u00f5i nh\u1eefng thay \u0111\u1ed5i nh\u1ecf b\u00e9, ng\u00e2y th\u01a1 c\u1ee7a con, \u0111\u1ec3 con c\u1ea3m th\u1ea5y \u0111\u01b0\u1ee3c y\u00eau th\u01b0\u01a1ng v\u00e0 l\u1edbn l\u00ean trong b\u00ecnh y\u00ean.<\/p>\n","protected":false},"excerpt":{"rendered":"<p>L\u00e0m cha m\u1eb9, h\u1ea1nh ph\u00fac nh\u1ea5t l\u00e0 khi \u0111\u01b0\u1ee3c nh\u00ecn th\u1ea5y con tr\u1ebb l\u1edbn l\u00ean m\u1ed7i ng\u00e0y ngoan, kh\u1ecfe v\u00e0 th\u00f4ng minh. Nh\u01b0ng kh\u00f4ng ph\u1ea3i \u0111\u1ee9a tr\u1ebb n\u00e0o c\u0169ng l\u1edbn l\u00ean b\u00ecnh y\u00ean, giai \u0111o\u1ea1n chuy\u1ec3n bi\u1ebfn t\u00e2m l\u00fd ph\u1ee9c t\u1ea1p. T\u1eeb l\u00fac con bi\u1ebft h\u1edbt chuy\u1ec7n \u0111\u1ebfn l\u00fac nh\u00ecn th\u1ea5y con l\u1eaby th\u00e0nh c\u00f4ng, t\u1eadp b\u00f2, m\u1ecdc r\u0103ng r\u1ed3i t\u1eadp \u0111i, b\u1eaft ch\u01b0\u1edbc nh\u1eefng g\u00ec b\u1ed1 m\u1eb9 n\u00f3i, cho \u0111\u1ebfn khi con tr\u1edf n\u00ean \u01b0\u01a1ng ng\u1ea1nh, nh\u1ea5t quy\u1ebft kh\u00f4ng \u0103n c\u01a1m n\u1ebfu m\u1eb9 kh\u00f4ng l\u00e0m m\u00f3n tr\u1ee9ng, kh\u00f4ng \u0111\u00e1nh r\u0103ng hay thay \u0111\u1ed3 m\u1ed7i s\u00e1ng, kh\u00f4ng l\u00ean gi\u01b0\u1eddng ng\u1ee7 d\u00f9 m\u1eb9 \u0111\u00e3 t\u1eaft \u0111\u00e8n\u2026. V\u00ec v\u1eady, ba m\u1eb9 h\u00e3y d\u00e0nh th\u1eddi gian b\u00ean con, theo d\u00f5i nh\u1eefng thay \u0111\u1ed5i nh\u1ecf b\u00e9, ng\u00e2y th\u01a1 c\u1ee7a con, \u0111\u1ec3 con c\u1ea3m th\u1ea5y \u0111\u01b0\u1ee3c y\u00eau th\u01b0\u01a1ng v\u00e0 l\u1edbn l\u00ean trong b\u00ecnh y\u00ean.<\/p>\n","protected":false},"featured_media":23360,"template":"","meta":{"_acf_changed":false},"product_brand":[],"product_cat":[24,25,17],"product_tag":[83],"class_list":{"0":"post-23361","1":"product","2":"type-product","3":"status-publish","4":"has-post-thumbnail","6":"product_cat-nha-tre-mau-giao-0-tuoi-6-tuoi","7":"product_cat-nhi-dong-6-tuoi-12-tuoi","8":"product_cat-sach-danh-cho-cac-be","9":"product_tag-sach-moi-xuat-ban","11":"first","12":"outofstock","13":"taxable","14":"shipping-taxable","15":"purchasable","16":"product-type-simple"},"supplier_id":null,"supplier_sku":"","barcode":null,"atum_controlled":true,"out_stock_date":"2024-01-28 21:22:53","out_stock_threshold":null,"inheritable":false,"inbound_stock":0,"stock_on_hold":0,"sold_today":0,"sales_last_days":0,"reserved_stock":0,"customer_returns":0,"warehouse_damage":0,"lost_in_post":0,"other_logs":0,"out_stock_days":731,"lost_sales":0,"has_location":false,"update_date":"2026-01-28T23:11:15","atum_locations":[],"atum_stock_status":"outofstock","restock_status":false,"low_stock_amount":"","sales_update_date":"2026-01-28T23:11:14","calc_backorders":null,"acf":{"publisher":{"ID":6196,"post_author":"1","post_date":"2021-03-15 01:26:01","post_date_gmt":"2021-03-14 23:26:01","post_content":"","post_title":"FIRST NEWS","post_excerpt":"","post_status":"publish","comment_status":"closed","ping_status":"closed","post_password":"","post_name":"first-news","to_ping":"","pinged":"","post_modified":"2021-03-15 01:26:01","post_modified_gmt":"2021-03-14 23:26:01","post_content_filtered":"","post_parent":0,"guid":"https:\/\/sachviet.eu\/blog\/nha-phat-hanh\/first-news\/","menu_order":0,"post_type":"publisher","post_mime_type":"","comment_count":"0","filter":"raw"}},"_links":{"self":[{"href":"https:\/\/sachviet.eu\/en\/wp-json\/wp\/v2\/product\/23361","targetHints":{"allow":["GET"]}}],"collection":[{"href":"https:\/\/sachviet.eu\/en\/wp-json\/wp\/v2\/product"}],"about":[{"href":"https:\/\/sachviet.eu\/en\/wp-json\/wp\/v2\/types\/product"}],"wp:featuredmedia":[{"embeddable":true,"href":"https:\/\/sachviet.eu\/en\/wp-json\/wp\/v2\/media\/23360"}],"wp:attachment":[{"href":"https:\/\/sachviet.eu\/en\/wp-json\/wp\/v2\/media?parent=23361"}],"wp:term":[{"taxonomy":"product_brand","embeddable":true,"href":"https:\/\/sachviet.eu\/en\/wp-json\/wp\/v2\/product_brand?post=23361"},{"taxonomy":"product_cat","embeddable":true,"href":"https:\/\/sachviet.eu\/en\/wp-json\/wp\/v2\/product_cat?post=23361"},{"taxonomy":"product_tag","embeddable":true,"href":"https:\/\/sachviet.eu\/en\/wp-json\/wp\/v2\/product_tag?post=23361"}],"curies":[{"name":"wp","href":"https:\/\/api.w.org\/{rel}","templated":true}]}}