{"id":23359,"date":"2023-04-04T22:39:01","date_gmt":"2023-04-04T19:39:01","guid":{"rendered":"https:\/\/sachviet.eu\/shop\/ehon-mot-sach-mogu-mat-ong-va-ca-phe-tu-3-tuoi-tro-len\/"},"modified":"2025-05-26T21:12:51","modified_gmt":"2025-05-26T18:12:51","slug":"ehon-mot-sach-mogu-mat-ong-va-ca-phe-tu-3-tuoi-tro-len","status":"publish","type":"product","link":"https:\/\/sachviet.eu\/en\/shop\/ehon-mot-sach-mogu-mat-ong-va-ca-phe-tu-3-tuoi-tro-len\/","title":{"rendered":"Ehon &#8211; M\u1ecdt S\u00e1ch Mogu &#8211; M\u1eadt Ong V\u00e0 C\u00e0 Ph\u00ea (T\u1eeb 3 Tu\u1ed5i Tr\u1edf L\u00ean)"},"content":{"rendered":"<p>N\u0103m n\u00e0o c\u0169ng v\u1eady, khi m\u00f9a thu \u0111\u1ebfn, c\u01b0 d\u00e2n c\u1ee7a khu r\u1eebng s\u1ebd t\u1ee5 h\u1ecdp \u1edf nh\u00e0 b\u00e1c G\u1ea5u. T\u1ea1i \u0111\u00e2y, m\u1ed7i ng\u01b0\u1eddi s\u1ebd g\u00f3p m\u1ed9t m\u00f3n \u0103n ngon \u0111\u1ec3 t\u1ed5 ch\u1ee9c m\u1ed9t b\u1eefa ti\u1ec7c th\u1eadt linh \u0111\u00ecnh. N\u0103m nay l\u00e0 l\u1ea7n \u0111\u1ea7u ti\u00ean Ch\u1ed3n con \u0111\u01b0\u1ee3c m\u1eddi tham gia b\u1eefa ti\u1ec7c, c\u1eadu r\u1ea5t h\u00e1o h\u1ee9c v\u00e0 mang \u0111\u1ebfn b\u1eefa ti\u1ec7c m\u1ed9t b\u00ecnh c\u00e0 ph\u00ea. M\u00f9i c\u00e0 ph\u00ea th\u01a1m ph\u1ee9c thu h\u00fat m\u1ecdi ng\u01b0\u1eddi, th\u1ebf nh\u01b0ng c\u00f3 v\u1ebb m\u1ecdi ng\u01b0\u1eddi \u0111\u1ec1u kh\u00f4ng th\u00edch m\u00f3n c\u00e0 ph\u00ea c\u1ee7a c\u1eadu. \u0110\u00fang l\u00fac \u0111\u00f3 b\u00e1c G\u1ea5u t\u1edbi v\u00e0 gi\u00fap \u0111\u1ee1 b\u1ea1n Ch\u1ed3n\u2026^^!<\/p>\n","protected":false},"excerpt":{"rendered":"<p>N\u0103m n\u00e0o c\u0169ng v\u1eady, khi m\u00f9a thu \u0111\u1ebfn, c\u01b0 d\u00e2n c\u1ee7a khu r\u1eebng s\u1ebd t\u1ee5 h\u1ecdp \u1edf nh\u00e0 b\u00e1c G\u1ea5u. T\u1ea1i \u0111\u00e2y, m\u1ed7i ng\u01b0\u1eddi s\u1ebd g\u00f3p m\u1ed9t m\u00f3n \u0103n ngon \u0111\u1ec3 t\u1ed5 ch\u1ee9c m\u1ed9t b\u1eefa ti\u1ec7c th\u1eadt linh \u0111\u00ecnh. N\u0103m nay l\u00e0 l\u1ea7n \u0111\u1ea7u ti\u00ean Ch\u1ed3n con \u0111\u01b0\u1ee3c m\u1eddi tham gia b\u1eefa ti\u1ec7c, c\u1eadu r\u1ea5t h\u00e1o h\u1ee9c v\u00e0 mang \u0111\u1ebfn b\u1eefa ti\u1ec7c m\u1ed9t b\u00ecnh c\u00e0 ph\u00ea. M\u00f9i c\u00e0 ph\u00ea th\u01a1m ph\u1ee9c thu h\u00fat m\u1ecdi ng\u01b0\u1eddi, th\u1ebf nh\u01b0ng c\u00f3 v\u1ebb m\u1ecdi ng\u01b0\u1eddi \u0111\u1ec1u kh\u00f4ng th\u00edch m\u00f3n c\u00e0 ph\u00ea c\u1ee7a c\u1eadu. \u0110\u00fang l\u00fac \u0111\u00f3 b\u00e1c G\u1ea5u t\u1edbi v\u00e0 gi\u00fap \u0111\u1ee1 b\u1ea1n Ch\u1ed3n\u2026^^!<\/p>\n","protected":false},"featured_media":23358,"template":"","meta":{"_acf_changed":false},"product_brand":[],"product_cat":[24,25,17],"product_tag":[],"class_list":{"0":"post-23359","1":"product","2":"type-product","3":"status-publish","4":"has-post-thumbnail","6":"product_cat-nha-tre-mau-giao-0-tuoi-6-tuoi","7":"product_cat-nhi-dong-6-tuoi-12-tuoi","8":"product_cat-sach-danh-cho-cac-be","10":"first","11":"outofstock","12":"taxable","13":"shipping-taxable","14":"purchasable","15":"product-type-simple"},"supplier_id":null,"supplier_sku":"","barcode":null,"atum_controlled":true,"out_stock_date":"2025-05-26 18:12:51","out_stock_threshold":null,"inheritable":false,"inbound_stock":0,"stock_on_hold":0,"sold_today":0,"sales_last_days":0,"reserved_stock":0,"customer_returns":0,"warehouse_damage":0,"lost_in_post":0,"other_logs":0,"out_stock_days":247,"lost_sales":0,"has_location":false,"update_date":"2026-01-28T23:11:29","atum_locations":[],"atum_stock_status":"outofstock","restock_status":false,"low_stock_amount":"","sales_update_date":"2026-01-28T23:11:29","calc_backorders":null,"acf":{"publisher":{"ID":9154,"post_author":"2","post_date":"2021-05-21 19:37:16","post_date_gmt":"2021-05-21 16:37:16","post_content":"<!-- wp:html \/-->\n\n<!-- wp:image {\"id\":9157,\"sizeSlug\":\"large\",\"linkDestination\":\"media\"} -->\n<figure class=\"wp-block-image size-large\"><a href=\"https:\/\/sachviet.eu\/wp-content\/uploads\/2021\/05\/123004127_112271897340455_8566439221456752927_n-1.jpg\"><img src=\"https:\/\/sachviet.eu\/wp-content\/uploads\/2021\/05\/123004127_112271897340455_8566439221456752927_n-1-1024x666.jpg\" alt=\"\" class=\"wp-image-9157\" \/><\/a><\/figure>\n<!-- \/wp:image -->\n\n<!-- wp:heading {\"level\":3} -->\n<h3>M\u1ee4C TI\u00caU<\/h3>\n<!-- \/wp:heading -->\n\n<!-- wp:paragraph -->\n<p>D\u1ef1 \u00e1n M\u1ecdt s\u00e1ch Mogu \u0111ang ph\u00e1t tri\u1ec3n k\u1ebf ho\u1ea1ch h\u1ee3p t\u00e1c c\u00f9ng c\u00e1c tr\u01b0\u1eddng n\u1ea7m non, c\u00e1c \u0111\u01a1n v\u1ecb l\u00e0m v\u1ec1 s\u00e1ch, c\u00e1c \u0111\u01a1n v\u1ecb c\u00f3 c\u00f9ng m\u1ee5c ti\u00eau ph\u00e1t tri\u1ec3n v\u0103n h\u00f3a \u0111\u1ecdc v\u1ec1 vi\u1ec7c \u0111\u1ecdc truy\u1ec7n Ehoncho tr\u1ebb v\u00e0 nh\u1eadn \u0111\u01b0\u1ee3c r\u1ea5t nhi\u1ec1u s\u1ef1 quan t\u00e2m c\u1ee7a c\u00e1c v\u1ecb ph\u1ee5 huynh c\u0169ng nh\u01b0 c\u00e1c b\u00e9.<\/p>\n<!-- \/wp:paragraph -->\n\n<!-- wp:heading {\"level\":3} -->\n<h3>S\u1ee8 M\u1ec6NH<\/h3>\n<!-- \/wp:heading -->\n\n<!-- wp:paragraph -->\n<p>M\u1ecdt s\u00e1ch Mogu l\u00e0 d\u1ef1 \u00e1n \u0111\u1ecdc tranh truy\u1ec7n Ehon mi\u1ec5n ph\u00ed cho tr\u1ebb nh\u1ecf c\u1ee7a c\u00f4ng ty More Production Vi\u1ec7t Nam t\u1eeb n\u0103m 2014. V\u1edbi mong mu\u1ed1n c\u00e1c b\u1ea1n nh\u1ecf \u0111\u01b0\u1ee3c ti\u1ebfp x\u00fac t\u1edbi s\u00e1ch truy\u1ec7n t\u1eeb khi c\u00f2n nh\u1ecf v\u00e0 ph\u00e1t tri\u1ec3n t\u00ecnh y\u00eau v\u1edbi s\u00e1ch khi l\u1edbn l\u00ean.<\/p>\n<!-- \/wp:paragraph -->\n\n<!-- wp:heading {\"level\":3} -->\n<h3><\/h3>\n<!-- \/wp:heading -->","post_title":"Mogu","post_excerpt":"","post_status":"publish","comment_status":"closed","ping_status":"closed","post_password":"","post_name":"mogu","to_ping":"","pinged":"","post_modified":"2021-05-21 19:37:19","post_modified_gmt":"2021-05-21 16:37:19","post_content_filtered":"","post_parent":0,"guid":"https:\/\/sachviet.eu\/?post_type=publisher&#038;p=9154","menu_order":0,"post_type":"publisher","post_mime_type":"","comment_count":"0","filter":"raw"}},"_links":{"self":[{"href":"https:\/\/sachviet.eu\/en\/wp-json\/wp\/v2\/product\/23359","targetHints":{"allow":["GET"]}}],"collection":[{"href":"https:\/\/sachviet.eu\/en\/wp-json\/wp\/v2\/product"}],"about":[{"href":"https:\/\/sachviet.eu\/en\/wp-json\/wp\/v2\/types\/product"}],"wp:featuredmedia":[{"embeddable":true,"href":"https:\/\/sachviet.eu\/en\/wp-json\/wp\/v2\/media\/23358"}],"wp:attachment":[{"href":"https:\/\/sachviet.eu\/en\/wp-json\/wp\/v2\/media?parent=23359"}],"wp:term":[{"taxonomy":"product_brand","embeddable":true,"href":"https:\/\/sachviet.eu\/en\/wp-json\/wp\/v2\/product_brand?post=23359"},{"taxonomy":"product_cat","embeddable":true,"href":"https:\/\/sachviet.eu\/en\/wp-json\/wp\/v2\/product_cat?post=23359"},{"taxonomy":"product_tag","embeddable":true,"href":"https:\/\/sachviet.eu\/en\/wp-json\/wp\/v2\/product_tag?post=23359"}],"curies":[{"name":"wp","href":"https:\/\/api.w.org\/{rel}","templated":true}]}}