{"id":23353,"date":"2023-04-04T22:38:43","date_gmt":"2023-04-04T19:38:43","guid":{"rendered":"https:\/\/sachviet.eu\/shop\/voi-hoc-gi-o-truong-the-nhi-nhim-an-gi-o-nha-hang-the-nhi-bo-2-cuon\/"},"modified":"2023-04-05T00:09:07","modified_gmt":"2023-04-04T21:09:07","slug":"voi-hoc-gi-o-truong-the-nhi-nhim-an-gi-o-nha-hang-the-nhi-bo-2-cuon","status":"publish","type":"product","link":"https:\/\/sachviet.eu\/en\/shop\/voi-hoc-gi-o-truong-the-nhi-nhim-an-gi-o-nha-hang-the-nhi-bo-2-cuon\/","title":{"rendered":"Voi H\u1ecdc G\u00ec \u1ede Tr\u01b0\u1eddng Th\u1ebf Nh\u1ec9? \u2013 Nh\u00edm \u0102n G\u00ec \u1ede Nh\u00e0 H\u00e0ng Th\u1ebf Nh\u1ec9? (B\u1ed9 2 Cu\u1ed1n)"},"content":{"rendered":"<p>B\u1ed9 2 cu\u1ed1n s\u00e1ch c\u1ef1c k\u00ec h\u1ea5p d\u1eabn kh\u00f4ng ch\u1ec9 \u1edf n\u1ed9i dung l\u00ed th\u00fa m\u00e0 c\u00f2n \u1edf nh\u1eefng tranh minh h\u1ecda r\u1ea5t d\u1ec5 th\u01b0\u01a1ng.<\/p>\n<p>Nh\u00edm \u0102n G\u00ec \u1ede Nh\u00e0 H\u00e0ng Th\u1ebf Nh\u1ec9?<\/p>\n<p>N\u1ebfu \u0110\u00c0 \u0110I\u1ec2U \u0111\u1ebfn nh\u00e0 h\u00e0ng, ch\u1eafc l\u00e0 b\u1ea1n \u1ea5y s\u1ebd g\u1ecdi m\u00f3n x\u0103ng-u\u00fdch nh\u1ec9?<\/p>\n<p>V\u1eady b\u1ea1n \u1ea5y th\u00edch \u0103n m\u00f3n g\u00ec nh\u1ec9?<\/p>\n<p>\u0110\u1ed9ng v\u1eadt c\u00f3 \u0111i \u0103n \u1edf nh\u00e0 h\u00e0ng nh\u01b0 b\u00e9 kh\u00f4ng? V\u00e0 n\u1ebfu c\u00f3 ch\u00fang s\u1ebd g\u1ecdi m\u00f3n g\u00ec?<\/p>\n<p>T\u1eeb nh\u1eefng c\u00e2u h\u1ecfi d\u1ec5 th\u01b0\u01a1ng cu\u1ed1n s\u00e1ch Nh\u00edm \u0102n G\u00ec \u1ede Nh\u00e0 H\u00e0ng Th\u1ebf Nh\u1ec9? s\u1ebd gi\u00fap b\u00e9 kh\u00e1m ph\u00e1 nh\u1eefng \u0111i\u1ec1u th\u00fa v\u1ecb trong th\u1ebf gi\u1edbi \u0111\u1ed9ng v\u1eadt, ph\u00e1t hi\u1ec7n nh\u1eefng th\u1ef1c \u0111\u01a1n c\u1ee7a m\u1ed7i lo\u00e0i.<\/p>\n<p>Voi H\u1ecdc G\u00ec \u1ede Tr\u01b0\u1eddng Th\u1ebf Nh\u1ec9?<\/p>\n<p>N\u1ebfu th\u00fa m\u1ecf v\u1ecbt \u0111i h\u1ecdc, li\u1ec7u b\u1ea1n \u1ea5y c\u00f3 h\u1ecdc ch\u01a1i \u0111\u00e0n vi-\u00f4-l\u00f4ng kh\u00f4ng nh\u1ec9?<\/p>\n<p>Th\u1ebf b\u1ea1n \u1ea5y h\u1ecdc g\u00ec nh\u1ec9?<\/p>\n<p>B\u00e9 c\u00f3 bao gi\u1edd th\u1eafc m\u1eafc, \u0111\u1ed9ng v\u1eadt c\u00f3 \u0111i h\u1ecdc kh\u00f4ng? V\u00e0 ch\u00fang h\u1ecdc g\u00ec \u1edf tr\u01b0\u1eddng?<\/p>\n<p>T\u1eeb nh\u1eefng c\u00e2u h\u1ecfi d\u1ec5 th\u01b0\u01a1ng cu\u1ed1n  s\u00e1ch Voi H\u1ecdc G\u00ec \u1ede Tr\u01b0\u1eddng Th\u1ebf Nh\u1ec9? s\u1ebd gi\u00fap b\u00e9 kh\u00e1m ph\u00e1 nh\u1eefng \u0111i\u1ec1u th\u00fa v\u1ecb trong th\u1ebf gi\u1edbi \u0111\u1ed9ng v\u1eadt, ph\u00e1t hi\u1ec7n nh\u1eefng \u0111i\u1ec1u c\u1ed1t y\u1ebfu nh\u1ea5t m\u00e0 m\u1ed7i lo\u00e0i c\u1ea7n \u0111\u01b0\u1ee3c h\u1ecdc \u0111\u1ec3 sinh t\u1ed3n.<\/p>\n","protected":false},"excerpt":{"rendered":"<p>B\u1ed9 2 cu\u1ed1n s\u00e1ch c\u1ef1c k\u00ec h\u1ea5p d\u1eabn kh\u00f4ng ch\u1ec9 \u1edf n\u1ed9i dung l\u00ed th\u00fa m\u00e0 c\u00f2n \u1edf nh\u1eefng tranh minh h\u1ecda r\u1ea5t d\u1ec5 th\u01b0\u01a1ng.<\/p>\n<p>Nh\u00edm \u0102n G\u00ec \u1ede Nh\u00e0 H\u00e0ng Th\u1ebf Nh\u1ec9?<\/p>\n<p>N\u1ebfu \u0110\u00c0 \u0110I\u1ec2U \u0111\u1ebfn nh\u00e0 h\u00e0ng, ch\u1eafc l\u00e0 b\u1ea1n \u1ea5y s\u1ebd g\u1ecdi m\u00f3n x\u0103ng-u\u00fdch nh\u1ec9?<\/p>\n<p>V\u1eady b\u1ea1n \u1ea5y th\u00edch \u0103n m\u00f3n g\u00ec nh\u1ec9?<\/p>\n<p>\u0110\u1ed9ng v\u1eadt c\u00f3 \u0111i \u0103n \u1edf nh\u00e0 h\u00e0ng nh\u01b0 b\u00e9 kh\u00f4ng? V\u00e0 n\u1ebfu c\u00f3 ch\u00fang s\u1ebd g\u1ecdi m\u00f3n g\u00ec?<\/p>\n<p>T\u1eeb nh\u1eefng c\u00e2u h\u1ecfi d\u1ec5 th\u01b0\u01a1ng cu\u1ed1n s\u00e1ch Nh\u00edm \u0102n G\u00ec \u1ede Nh\u00e0 H\u00e0ng Th\u1ebf Nh\u1ec9? s\u1ebd gi\u00fap b\u00e9 kh\u00e1m ph\u00e1 nh\u1eefng \u0111i\u1ec1u th\u00fa v\u1ecb trong th\u1ebf gi\u1edbi \u0111\u1ed9ng v\u1eadt, ph\u00e1t hi\u1ec7n nh\u1eefng th\u1ef1c \u0111\u01a1n c\u1ee7a m\u1ed7i lo\u00e0i.<\/p>\n<p>Voi H\u1ecdc G\u00ec \u1ede Tr\u01b0\u1eddng Th\u1ebf Nh\u1ec9?<\/p>\n<p>N\u1ebfu th\u00fa m\u1ecf v\u1ecbt \u0111i h\u1ecdc, li\u1ec7u b\u1ea1n \u1ea5y c\u00f3 h\u1ecdc ch\u01a1i \u0111\u00e0n vi-\u00f4-l\u00f4ng kh\u00f4ng nh\u1ec9?<\/p>\n<p>Th\u1ebf b\u1ea1n \u1ea5y h\u1ecdc g\u00ec nh\u1ec9?<\/p>\n<p>B\u00e9 c\u00f3 bao gi\u1edd th\u1eafc m\u1eafc, \u0111\u1ed9ng v\u1eadt c\u00f3 \u0111i h\u1ecdc kh\u00f4ng? V\u00e0 ch\u00fang h\u1ecdc g\u00ec \u1edf tr\u01b0\u1eddng?<\/p>\n<p>T\u1eeb nh\u1eefng c\u00e2u h\u1ecfi d\u1ec5 th\u01b0\u01a1ng cu\u1ed1n  s\u00e1ch Voi H\u1ecdc G\u00ec \u1ede Tr\u01b0\u1eddng Th\u1ebf Nh\u1ec9? s\u1ebd gi\u00fap b\u00e9 kh\u00e1m ph\u00e1 nh\u1eefng \u0111i\u1ec1u th\u00fa v\u1ecb trong th\u1ebf gi\u1edbi \u0111\u1ed9ng v\u1eadt, ph\u00e1t hi\u1ec7n nh\u1eefng \u0111i\u1ec1u c\u1ed1t y\u1ebfu nh\u1ea5t m\u00e0 m\u1ed7i lo\u00e0i c\u1ea7n \u0111\u01b0\u1ee3c h\u1ecdc \u0111\u1ec3 sinh t\u1ed3n.<\/p>\n","protected":false},"featured_media":23352,"template":"","meta":{"_acf_changed":false},"product_brand":[],"product_cat":[24,25,17],"product_tag":[83],"class_list":{"0":"post-23353","1":"product","2":"type-product","3":"status-publish","4":"has-post-thumbnail","6":"product_cat-nha-tre-mau-giao-0-tuoi-6-tuoi","7":"product_cat-nhi-dong-6-tuoi-12-tuoi","8":"product_cat-sach-danh-cho-cac-be","9":"product_tag-sach-moi-xuat-ban","11":"first","12":"instock","13":"taxable","14":"shipping-taxable","15":"purchasable","16":"product-type-simple"},"supplier_id":null,"supplier_sku":"","barcode":null,"atum_controlled":true,"out_stock_date":null,"out_stock_threshold":null,"inheritable":false,"inbound_stock":0,"stock_on_hold":0,"sold_today":0,"sales_last_days":0,"reserved_stock":0,"customer_returns":0,"warehouse_damage":0,"lost_in_post":0,"other_logs":0,"out_stock_days":0,"lost_sales":0,"has_location":false,"update_date":"2026-01-28T23:11:14","atum_locations":[],"atum_stock_status":"instock","restock_status":false,"low_stock_amount":"","sales_update_date":"2026-01-28T23:11:14","calc_backorders":null,"acf":{"publisher":{"ID":1454,"post_author":"1","post_date":"2021-02-17 01:11:34","post_date_gmt":"2021-02-16 23:11:34","post_content":"<!-- wp:flatsome\/uxbuilder -->\n<h1 style=\"text-align: center;\"><strong>Kim \u0110\u1ed3ng<\/strong><\/h1>\n[row]\n\n[col span=\"3\" span__sm=\"12\"]\n\n[ux_image id=\"1534\" image_size=\"medium\"]\n\n\n[\/col]\n[col span=\"9\" span__sm=\"12\"]\n\n<p>Nh\u00e0 xu\u1ea5t b\u1ea3n Kim \u0110\u1ed3ng tr\u1ef1c thu\u1ed9c Trung \u01b0\u01a1ng \u0110o\u00e0n TNCS H\u1ed3 Ch\u00ed Minh l\u00e0 Nh\u00e0 xu\u1ea5t b\u1ea3n t\u1ed5ng h\u1ee3p c\u00f3 ch\u1ee9c n\u0103ng xu\u1ea5t b\u1ea3n s\u00e1ch v\u00e0 v\u0103n h\u00f3a ph\u1ea9m ph\u1ee5c v\u1ee5 thi\u1ebfu nhi v\u00e0 c\u00e1c b\u1eadc ph\u1ee5 huynh trong c\u1ea3 n\u01b0\u1edbc, qu\u1ea3ng b\u00e1 v\u00e0 gi\u1edbi thi\u1ec7u v\u0103n h\u00f3a Vi\u1ec7t Nam ra th\u1ebf gi\u1edbi.<br \/>Nh\u00e0 xu\u1ea5t b\u1ea3n c\u00f3 nhi\u1ec7m v\u1ee5 t\u1ed5 ch\u1ee9c b\u1ea3n th\u1ea3o, bi\u00ean so\u1ea1n, bi\u00ean d\u1ecbch, xu\u1ea5t b\u1ea3n v\u00e0 ph\u00e1t h\u00e0nh c\u00e1c xu\u1ea5t b\u1ea3n ph\u1ea9m c\u00f3 n\u1ed9i dung: gi\u00e1o d\u1ee5c truy\u1ec1n th\u1ed1ng d\u00e2n t\u1ed9c, gi\u00e1o d\u1ee5c v\u1ec1 tri th\u1ee9c, ki\u1ebfn th\u1ee9c\u2026 tr\u00ean c\u00e1c l\u0129nh v\u1ef1c v\u0103n h\u1ecdc, ngh\u1ec7 thu\u1eadt, khoa h\u1ecdc k\u1ef9 thu\u1eadt nh\u1eb1m cung c\u1ea5p cho c\u00e1c em thi\u1ebfu nhi c\u0169ng nh\u01b0 c\u00e1c b\u1eadc ph\u1ee5 huynh c\u00e1c ki\u1ebfn th\u1ee9c c\u1ea7n thi\u1ebft trong cu\u1ed9c s\u1ed1ng, nh\u1eefng tinh hoa c\u1ee7a tri th\u1ee9c nh\u00e2n lo\u1ea1i nh\u1eb1m g\u00f3p ph\u1ea7n gi\u00e1o d\u1ee5c v\u00e0 h\u00ecnh th\u00e0nh nh\u00e2n c\u00e1ch th\u1ebf h\u1ec7 tr\u1ebb.<br \/>\u0110\u1ed1i t\u01b0\u1ee3ng ph\u1ee5c v\u1ee5 c\u1ee7a Nh\u00e0 xu\u1ea5t b\u1ea3n l\u00e0 c\u00e1c em t\u1eeb tu\u1ed5i nh\u00e0 tr\u1ebb m\u1eabu gi\u00e1o (1 \u0111\u1ebfn 5 tu\u1ed5i), nhi \u0111\u1ed3ng (6 \u0111\u1ebfn 9 tu\u1ed5i), thi\u1ebfu ni\u00ean (10 \u0111\u1ebfn 15 tu\u1ed5i) \u0111\u1ebfn c\u00e1c em tu\u1ed5i m\u1edbi l\u1edbn (16 \u0111\u1ebfn 18 tu\u1ed5i) v\u00e0 c\u00e1c b\u1eadc ph\u1ee5 huynh.<\/p>\n\n[\/col]\n\n[\/row]\n\n<!-- \/wp:flatsome\/uxbuilder -->","post_title":"Kim \u0110\u1ed3ng","post_excerpt":"","post_status":"publish","comment_status":"closed","ping_status":"closed","post_password":"","post_name":"kim-dong","to_ping":"","pinged":"","post_modified":"2021-02-17 01:31:56","post_modified_gmt":"2021-02-16 23:31:56","post_content_filtered":"","post_parent":0,"guid":"https:\/\/sachviet.eu\/nha-phat-hanh\/kim-dong\/","menu_order":0,"post_type":"publisher","post_mime_type":"","comment_count":"0","filter":"raw"}},"_links":{"self":[{"href":"https:\/\/sachviet.eu\/en\/wp-json\/wp\/v2\/product\/23353","targetHints":{"allow":["GET"]}}],"collection":[{"href":"https:\/\/sachviet.eu\/en\/wp-json\/wp\/v2\/product"}],"about":[{"href":"https:\/\/sachviet.eu\/en\/wp-json\/wp\/v2\/types\/product"}],"wp:featuredmedia":[{"embeddable":true,"href":"https:\/\/sachviet.eu\/en\/wp-json\/wp\/v2\/media\/23352"}],"wp:attachment":[{"href":"https:\/\/sachviet.eu\/en\/wp-json\/wp\/v2\/media?parent=23353"}],"wp:term":[{"taxonomy":"product_brand","embeddable":true,"href":"https:\/\/sachviet.eu\/en\/wp-json\/wp\/v2\/product_brand?post=23353"},{"taxonomy":"product_cat","embeddable":true,"href":"https:\/\/sachviet.eu\/en\/wp-json\/wp\/v2\/product_cat?post=23353"},{"taxonomy":"product_tag","embeddable":true,"href":"https:\/\/sachviet.eu\/en\/wp-json\/wp\/v2\/product_tag?post=23353"}],"curies":[{"name":"wp","href":"https:\/\/api.w.org\/{rel}","templated":true}]}}