{"id":23349,"date":"2023-04-04T22:38:31","date_gmt":"2023-04-04T19:38:31","guid":{"rendered":"https:\/\/sachviet.eu\/shop\/cao-ali-va-may-nho\/"},"modified":"2024-11-09T22:09:21","modified_gmt":"2024-11-09T20:09:21","slug":"cao-ali-va-may-nho","status":"publish","type":"product","link":"https:\/\/sachviet.eu\/en\/shop\/cao-ali-va-may-nho\/","title":{"rendered":"C\u00e1o Ali V\u00e0 M\u00e2y Nh\u1ecf"},"content":{"rendered":"<p>C\u00e1o Ali V\u00e0 M\u00e2y Nh\u1ecf Cho d\u00f9 \u1edf n\u01a1i \u0111\u00e2u, tr\u1eddi m\u01b0a hay tr\u1eddi n\u1eafng G\u1ea7n g\u0169i hay xa v\u1eafng, bu\u1ed3n b\u00e3 hay vui t\u01b0\u01a1i M\u00ecnh v\u1eabn bi\u1ebft tr\u00ean tr\u1eddi, c\u00f3 \u0111\u00e1m m\u00e2y y\u00eau d\u1ea5u C\u00c1O ALI V\u00c0 M\u00c2Y NH\u1ece l\u00e0 cu\u1ed1n s\u00e1ch tranh \u1ea5m \u00e1p d\u00e0nh cho em b\u00e9 t\u1eeb 4 \u0111\u1ebfn 6 tu\u1ed5i. Chuy\u1ec7n k\u1ec3 r\u1eb1ng c\u00e1o Ali \u0111ang \u0103n k\u1eb9o b\u00f4ng. M\u00e2y Nh\u1ecf tr\u00f4ng th\u1ea5y t\u01b0\u1edfng k\u1eb9o b\u00f4ng l\u00e0 \u0111\u00e1m m\u00e2y, b\u00e8n s\u00e0 xu\u1ed1ng xem. C\u00e1o Ali l\u1ea1i t\u01b0\u1edfng M\u00e2y Nh\u1ecf l\u00e0 k\u1eb9o b\u00f4ng, b\u00e8n \u0111\u1ecbnh t\u00fam l\u1ea5y \u0103n. T\u00ecnh b\u1ea1n c\u1ee7a hai \u0111\u1ee9a, b\u1eaft \u0111\u1ea7u m\u1ed9t c\u00e1ch bu\u1ed3n c\u01b0\u1eddi nh\u01b0 th\u1ebf. V\u00e0 t\u1eeb \u0111\u00f3 \u0111i \u0111\u00e2u c\u0169ng c\u00f3 nhau. Nh\u01b0ng m\u00e2y nh\u1ecf m\u1ed7i ng\u00e0y m\u1ed9t l\u1edbn, loanh quanh \u1edf d\u01b0\u1edbi \u0111\u1ea5t m\u00e3i khi\u1ebfn cho m\u1eb7t tr\u1eddi kh\u00f4ng chi\u1ebfu xu\u1ed1ng \u0111\u01b0\u1ee3c, qu\u1ea7n \u00e1o kh\u00f4ng kh\u00f4, c\u1ea3nh v\u1eadt t\u1ed1i t\u0103m. M\u1ecdi ng\u01b0\u1eddi b\u1eaft \u0111\u1ea7u k\u00eau la, cu\u1ed1i c\u00f9ng c\u00e1o Ali \u0111\u00e0nh ph\u1ea3i b\u1ea3o M\u00e2y Nh\u1ecf \u0111i xa&#8230; T\u1eeb \u0111\u00f3 m\u1ed7i b\u1ea1n \u1edf m\u1ed9t n\u01a1i, nh\u01b0ng v\u1eabn lu\u00f4n nh\u1edb \u0111\u1ebfn nhau. \u0110\u00e2y l\u00e0 m\u1ed9t c\u00e2u chuy\u1ec7n \u0111\u1ec3 c\u00e1c b\u00e9 b\u01b0\u1edbc \u0111\u1ea7u t\u00ecm hi\u1ec3u v\u1ec1 t\u00ecnh b\u1ea1n. B\u1ea1n c\u1ee7a b\u00e9 c\u00f3 th\u1ec3 \u1edf m\u1ed9t d\u1ea1ng kh\u00e1c h\u1eb3n v\u1edbi nh\u1eefng ng\u01b0\u1eddi nh\u01b0 b\u00e9, kh\u00e1c v\u1edbi miu miu hay c\u00fan con nu\u00f4i \u1edf nh\u00e0, kh\u00e1c v\u1edbi hoa m\u1eb9 tr\u1ed3ng\u2026 Nh\u01b0ng mi\u1ec5n l\u00e0 y\u00eau qu\u00fd nhau, th\u00ec \u0111\u1ec1u c\u00f3 th\u1ec3 tr\u1edf th\u00e0nh b\u1ea1n b\u00e8. L\u1ea1i c\u0169ng b\u01b0\u1edbc \u0111\u1ea7u hi\u1ec3u r\u1eb1ng, y\u00eau qu\u00fd nhau kh\u00f4ng nh\u1ea5t thi\u1ebft ph\u1ea3i lu\u00f4n \u1edf b\u00ean nhau, ai c\u0169ng c\u00f3 cu\u1ed9c s\u1ed1ng v\u00e0 vi\u1ec7c h\u1ecdc h\u00e0nh c\u1ee7a m\u00ecnh. Mi\u1ec5n ch\u0103m lo cho t\u1ed1t v\u00e0 lu\u00f4n nh\u1edb \u0111\u1ebfn nhau, c\u1ea7u ch\u00fac \u0111i\u1ec1u t\u1ed1t cho nhau, c\u00f3 m\u1eb7t gi\u00fap \u0111\u1ee1 khi c\u1ea7n nhau\u2026 nh\u01b0 th\u1ebf l\u00e0 r\u1ea5t \u0111\u00e1ng qu\u00fd r\u1ed3i.<\/p>\n","protected":false},"excerpt":{"rendered":"<p>C\u00e1o Ali V\u00e0 M\u00e2y Nh\u1ecf Cho d\u00f9 \u1edf n\u01a1i \u0111\u00e2u, tr\u1eddi m\u01b0a hay tr\u1eddi n\u1eafng G\u1ea7n g\u0169i hay xa v\u1eafng, bu\u1ed3n b\u00e3 hay vui t\u01b0\u01a1i M\u00ecnh v\u1eabn bi\u1ebft tr\u00ean tr\u1eddi, c\u00f3 \u0111\u00e1m m\u00e2y y\u00eau d\u1ea5u C\u00c1O ALI V\u00c0 M\u00c2Y NH\u1ece l\u00e0 cu\u1ed1n s\u00e1ch tranh \u1ea5m \u00e1p d\u00e0nh cho em b\u00e9 t\u1eeb 4 \u0111\u1ebfn 6 tu\u1ed5i. Chuy\u1ec7n k\u1ec3 r\u1eb1ng c\u00e1o Ali \u0111ang \u0103n k\u1eb9o b\u00f4ng. M\u00e2y Nh\u1ecf tr\u00f4ng th\u1ea5y t\u01b0\u1edfng k\u1eb9o b\u00f4ng l\u00e0 \u0111\u00e1m m\u00e2y, b\u00e8n s\u00e0 xu\u1ed1ng xem. C\u00e1o Ali l\u1ea1i t\u01b0\u1edfng M\u00e2y Nh\u1ecf l\u00e0 k\u1eb9o b\u00f4ng, b\u00e8n \u0111\u1ecbnh t\u00fam l\u1ea5y \u0103n. T\u00ecnh b\u1ea1n c\u1ee7a hai \u0111\u1ee9a, b\u1eaft \u0111\u1ea7u m\u1ed9t c\u00e1ch bu\u1ed3n c\u01b0\u1eddi nh\u01b0 th\u1ebf. V\u00e0 t\u1eeb \u0111\u00f3 \u0111i \u0111\u00e2u c\u0169ng c\u00f3 nhau. Nh\u01b0ng m\u00e2y nh\u1ecf m\u1ed7i ng\u00e0y m\u1ed9t l\u1edbn, loanh quanh \u1edf d\u01b0\u1edbi \u0111\u1ea5t m\u00e3i khi\u1ebfn cho m\u1eb7t tr\u1eddi kh\u00f4ng chi\u1ebfu xu\u1ed1ng \u0111\u01b0\u1ee3c, qu\u1ea7n \u00e1o kh\u00f4ng kh\u00f4, c\u1ea3nh v\u1eadt t\u1ed1i t\u0103m. M\u1ecdi ng\u01b0\u1eddi b\u1eaft \u0111\u1ea7u k\u00eau la, cu\u1ed1i c\u00f9ng c\u00e1o Ali \u0111\u00e0nh ph\u1ea3i b\u1ea3o M\u00e2y Nh\u1ecf \u0111i xa&#8230; T\u1eeb \u0111\u00f3 m\u1ed7i b\u1ea1n \u1edf m\u1ed9t n\u01a1i, nh\u01b0ng v\u1eabn lu\u00f4n nh\u1edb \u0111\u1ebfn nhau. \u0110\u00e2y l\u00e0 m\u1ed9t c\u00e2u chuy\u1ec7n \u0111\u1ec3 c\u00e1c b\u00e9 b\u01b0\u1edbc \u0111\u1ea7u t\u00ecm hi\u1ec3u v\u1ec1 t\u00ecnh b\u1ea1n. B\u1ea1n c\u1ee7a b\u00e9 c\u00f3 th\u1ec3 \u1edf m\u1ed9t d\u1ea1ng kh\u00e1c h\u1eb3n v\u1edbi nh\u1eefng ng\u01b0\u1eddi nh\u01b0 b\u00e9, kh\u00e1c v\u1edbi miu miu hay c\u00fan con nu\u00f4i \u1edf nh\u00e0, kh\u00e1c v\u1edbi hoa m\u1eb9 tr\u1ed3ng\u2026 Nh\u01b0ng mi\u1ec5n l\u00e0 y\u00eau qu\u00fd nhau, th\u00ec \u0111\u1ec1u c\u00f3 th\u1ec3 tr\u1edf th\u00e0nh b\u1ea1n b\u00e8. L\u1ea1i c\u0169ng b\u01b0\u1edbc \u0111\u1ea7u hi\u1ec3u r\u1eb1ng, y\u00eau qu\u00fd nhau kh\u00f4ng nh\u1ea5t thi\u1ebft ph\u1ea3i lu\u00f4n \u1edf b\u00ean nhau, ai c\u0169ng c\u00f3 cu\u1ed9c s\u1ed1ng v\u00e0 vi\u1ec7c h\u1ecdc h\u00e0nh c\u1ee7a m\u00ecnh. Mi\u1ec5n ch\u0103m lo cho t\u1ed1t v\u00e0 lu\u00f4n nh\u1edb \u0111\u1ebfn nhau, c\u1ea7u ch\u00fac \u0111i\u1ec1u t\u1ed1t cho nhau, c\u00f3 m\u1eb7t gi\u00fap \u0111\u1ee1 khi c\u1ea7n nhau\u2026 nh\u01b0 th\u1ebf l\u00e0 r\u1ea5t \u0111\u00e1ng qu\u00fd r\u1ed3i.<\/p>\n","protected":false},"featured_media":23348,"template":"","meta":{"_acf_changed":false},"product_brand":[],"product_cat":[25,17,26],"product_tag":[],"class_list":{"0":"post-23349","1":"product","2":"type-product","3":"status-publish","4":"has-post-thumbnail","6":"product_cat-nhi-dong-6-tuoi-12-tuoi","7":"product_cat-sach-danh-cho-cac-be","8":"product_cat-thieu-nien-11-tuoi-18-tuoi","10":"first","11":"outofstock","12":"taxable","13":"shipping-taxable","14":"purchasable","15":"product-type-simple"},"supplier_id":null,"supplier_sku":"","barcode":null,"atum_controlled":true,"out_stock_date":"2023-05-20 15:11:22","out_stock_threshold":null,"inheritable":false,"inbound_stock":0,"stock_on_hold":0,"sold_today":0,"sales_last_days":0,"reserved_stock":0,"customer_returns":0,"warehouse_damage":0,"lost_in_post":0,"other_logs":0,"out_stock_days":984,"lost_sales":1123,"has_location":false,"update_date":"2026-01-28T23:11:27","atum_locations":[],"atum_stock_status":"outofstock","restock_status":false,"low_stock_amount":"","sales_update_date":"2026-01-28T23:11:27","calc_backorders":null,"acf":{"publisher":{"ID":8612,"post_author":"1","post_date":"2021-04-28 14:27:30","post_date_gmt":"2021-04-28 11:27:30","post_content":"","post_title":"IPM","post_excerpt":"","post_status":"publish","comment_status":"closed","ping_status":"closed","post_password":"","post_name":"ipm","to_ping":"","pinged":"","post_modified":"2021-04-28 14:27:30","post_modified_gmt":"2021-04-28 11:27:30","post_content_filtered":"","post_parent":0,"guid":"https:\/\/sachviet.eu\/nha-phat-hanh\/ipm\/","menu_order":0,"post_type":"publisher","post_mime_type":"","comment_count":"0","filter":"raw"}},"_links":{"self":[{"href":"https:\/\/sachviet.eu\/en\/wp-json\/wp\/v2\/product\/23349","targetHints":{"allow":["GET"]}}],"collection":[{"href":"https:\/\/sachviet.eu\/en\/wp-json\/wp\/v2\/product"}],"about":[{"href":"https:\/\/sachviet.eu\/en\/wp-json\/wp\/v2\/types\/product"}],"wp:featuredmedia":[{"embeddable":true,"href":"https:\/\/sachviet.eu\/en\/wp-json\/wp\/v2\/media\/23348"}],"wp:attachment":[{"href":"https:\/\/sachviet.eu\/en\/wp-json\/wp\/v2\/media?parent=23349"}],"wp:term":[{"taxonomy":"product_brand","embeddable":true,"href":"https:\/\/sachviet.eu\/en\/wp-json\/wp\/v2\/product_brand?post=23349"},{"taxonomy":"product_cat","embeddable":true,"href":"https:\/\/sachviet.eu\/en\/wp-json\/wp\/v2\/product_cat?post=23349"},{"taxonomy":"product_tag","embeddable":true,"href":"https:\/\/sachviet.eu\/en\/wp-json\/wp\/v2\/product_tag?post=23349"}],"curies":[{"name":"wp","href":"https:\/\/api.w.org\/{rel}","templated":true}]}}