{"id":23339,"date":"2023-04-04T22:38:02","date_gmt":"2023-04-04T19:38:02","guid":{"rendered":"https:\/\/sachviet.eu\/shop\/yeu-thuong-oi-khong-sao-dau-con-a\/"},"modified":"2023-12-20T23:41:04","modified_gmt":"2023-12-20T21:41:04","slug":"yeu-thuong-oi-khong-sao-dau-con-a","status":"publish","type":"product","link":"https:\/\/sachviet.eu\/en\/shop\/yeu-thuong-oi-khong-sao-dau-con-a\/","title":{"rendered":"Y\u00eau th\u01b0\u01a1ng \u01a1i! Kh\u00f4ng sao \u0111\u00e2u con \u1ea1"},"content":{"rendered":"<p>&#8220;Y\u00eau th\u01b0\u01a1ng \u01a1i! Kh\u00f4ng sao \u0111\u00e2u con \u1ea1!&#8221; l\u00e0 nh\u1eefng trang nh\u1eadt k\u00fd b\u1eb1ng th\u01a1, nh\u01b0 l\u1eddi th\u1ea7m th\u00ec c\u1ee7a m\u1eb9 d\u00e0nh cho con. Cu\u1ed1n s\u00e1ch g\u00f3i gh\u00e9m h\u00e0nh tr\u00ecnh tr\u01b0\u1edfng th\u00e0nh c\u1ee7a b\u1ea1n nh\u1ecf v\u1edbi s\u1ef1 \u0111\u1ed3ng h\u00e0nh c\u1ee7a m\u1eb9. \u1ede m\u1ed7i ch\u1eb7ng \u0111\u01b0\u1eddng \u0111\u1eddi, con \u0111\u01b0\u1ee3c l\u1edbn l\u00ean l\u00e0 ch\u00ednh m\u00ecnh, \u0111\u01b0\u1ee3c tho\u1ea3 s\u1ee9c tr\u1ea3i nghi\u1ec7m v\u00e0 kh\u00e1m ph\u00e1 th\u1ebf gi\u1edbi xung quanh, \u0111\u01b0\u1ee3c h\u1ecdc v\u1ec1 s\u1ef1 s\u1ebb chia, t\u1ea5m l\u00f2ng bao dung t\u1eeb ch\u00ednh t\u00ecnh y\u00eau th\u01b0\u01a1ng v\u00f4 \u0111i\u1ec1u ki\u1ec7n c\u1ee7a m\u1eb9.<\/p>\n<p>V\u1edbi h\u00ecnh minh ho\u1ea1 si\u00eau d\u1ec5 th\u01b0\u01a1ng, g\u1ea7n g\u0169i nh\u01b0 ch\u00ednh cu\u1ed9c s\u1ed1ng h\u00e0ng ng\u00e0y, cu\u1ed1n s\u00e1ch s\u1ebd c\u00f9ng hai m\u1eb9 con tr\u1ea3i nghi\u1ec7m nh\u1eefng cung b\u1eadc c\u1ea3m x\u00fac. &#8220;Y\u00eau th\u01b0\u01a1ng \u01a1i! Kh\u00f4ng sao \u0111\u00e2u con \u1ea1!&#8221; \u0111\u1ea3m b\u1ea3o s\u1ebd gi\u00fap b\u00e9:<\/p>\n<p>+ N\u00e2ng cao tr\u00ed tu\u1ec7 c\u1ea3m x\u00fac EQ<\/p>\n<p>+ Bi\u1ebft y\u00eau th\u01b0\u01a1ng, tr\u00e2n tr\u1ecdng h\u01a1n t\u00ecnh c\u1ea3m c\u1ee7a m\u1eb9<\/p>\n<p>+ T\u1ef1 tin h\u01a1n khi \u0111\u01b0\u1ee3c l\u00e0 ch\u00ednh m\u00ecnh<\/p>\n<p>+ Nu\u00f4i d\u01b0\u1ee1ng t\u00ecnh y\u00eau gia \u0111\u00ecnh<\/p>\n<p>+ N\u00e2ng cao v\u1ed1n t\u1eeb v\u1ef1ng nh\u1edd v\u1ea7n \u0111i\u1ec7u trong th\u01a1<\/p>\n<p>H\u00e3y c\u00f9ng b\u00e9 y\u00eau nh\u00e2m nhi nh\u1eefng giai \u0111i\u1ec7u th\u1eadt \u0111\u1eb9p v\u00e0 c\u1ea3m \u0111\u1ed9ng c\u1ee7a &#8220;Y\u00eau th\u01b0\u01a1ng \u01a1i! Kh\u00f4ng sao \u0111\u00e2u con \u1ea1!&#8221; nha!<\/p>\n","protected":false},"excerpt":{"rendered":"<p>&#8220;Y\u00eau th\u01b0\u01a1ng \u01a1i! Kh\u00f4ng sao \u0111\u00e2u con \u1ea1!&#8221; l\u00e0 nh\u1eefng trang nh\u1eadt k\u00fd b\u1eb1ng th\u01a1, nh\u01b0 l\u1eddi th\u1ea7m th\u00ec c\u1ee7a m\u1eb9 d\u00e0nh cho con. Cu\u1ed1n s\u00e1ch g\u00f3i gh\u00e9m h\u00e0nh tr\u00ecnh tr\u01b0\u1edfng th\u00e0nh c\u1ee7a b\u1ea1n nh\u1ecf v\u1edbi s\u1ef1 \u0111\u1ed3ng h\u00e0nh c\u1ee7a m\u1eb9. \u1ede m\u1ed7i ch\u1eb7ng \u0111\u01b0\u1eddng \u0111\u1eddi, con \u0111\u01b0\u1ee3c l\u1edbn l\u00ean l\u00e0 ch\u00ednh m\u00ecnh, \u0111\u01b0\u1ee3c tho\u1ea3 s\u1ee9c tr\u1ea3i nghi\u1ec7m v\u00e0 kh\u00e1m ph\u00e1 th\u1ebf gi\u1edbi xung quanh, \u0111\u01b0\u1ee3c h\u1ecdc v\u1ec1 s\u1ef1 s\u1ebb chia, t\u1ea5m l\u00f2ng bao dung t\u1eeb ch\u00ednh t\u00ecnh y\u00eau th\u01b0\u01a1ng v\u00f4 \u0111i\u1ec1u ki\u1ec7n c\u1ee7a m\u1eb9.<\/p>\n<p>V\u1edbi h\u00ecnh minh ho\u1ea1 si\u00eau d\u1ec5 th\u01b0\u01a1ng, g\u1ea7n g\u0169i nh\u01b0 ch\u00ednh cu\u1ed9c s\u1ed1ng h\u00e0ng ng\u00e0y, cu\u1ed1n s\u00e1ch s\u1ebd c\u00f9ng hai m\u1eb9 con tr\u1ea3i nghi\u1ec7m nh\u1eefng cung b\u1eadc c\u1ea3m x\u00fac. &#8220;Y\u00eau th\u01b0\u01a1ng \u01a1i! Kh\u00f4ng sao \u0111\u00e2u con \u1ea1!&#8221; \u0111\u1ea3m b\u1ea3o s\u1ebd gi\u00fap b\u00e9:<\/p>\n<p>+ N\u00e2ng cao tr\u00ed tu\u1ec7 c\u1ea3m x\u00fac EQ<\/p>\n<p>+ Bi\u1ebft y\u00eau th\u01b0\u01a1ng, tr\u00e2n tr\u1ecdng h\u01a1n t\u00ecnh c\u1ea3m c\u1ee7a m\u1eb9<\/p>\n<p>+ T\u1ef1 tin h\u01a1n khi \u0111\u01b0\u1ee3c l\u00e0 ch\u00ednh m\u00ecnh<\/p>\n<p>+ Nu\u00f4i d\u01b0\u1ee1ng t\u00ecnh y\u00eau gia \u0111\u00ecnh<\/p>\n<p>+ N\u00e2ng cao v\u1ed1n t\u1eeb v\u1ef1ng nh\u1edd v\u1ea7n \u0111i\u1ec7u trong th\u01a1<\/p>\n<p>H\u00e3y c\u00f9ng b\u00e9 y\u00eau nh\u00e2m nhi nh\u1eefng giai \u0111i\u1ec7u th\u1eadt \u0111\u1eb9p v\u00e0 c\u1ea3m \u0111\u1ed9ng c\u1ee7a &#8220;Y\u00eau th\u01b0\u01a1ng \u01a1i! Kh\u00f4ng sao \u0111\u00e2u con \u1ea1!&#8221; nha!<\/p>\n","protected":false},"featured_media":23338,"template":"","meta":{"_acf_changed":false},"product_brand":[],"product_cat":[24,25,17],"product_tag":[83],"class_list":{"0":"post-23339","1":"product","2":"type-product","3":"status-publish","4":"has-post-thumbnail","6":"product_cat-nha-tre-mau-giao-0-tuoi-6-tuoi","7":"product_cat-nhi-dong-6-tuoi-12-tuoi","8":"product_cat-sach-danh-cho-cac-be","9":"product_tag-sach-moi-xuat-ban","11":"first","12":"instock","13":"taxable","14":"shipping-taxable","15":"purchasable","16":"product-type-simple"},"supplier_id":null,"supplier_sku":"","barcode":null,"atum_controlled":true,"out_stock_date":null,"out_stock_threshold":null,"inheritable":false,"inbound_stock":0,"stock_on_hold":0,"sold_today":0,"sales_last_days":0,"reserved_stock":0,"customer_returns":0,"warehouse_damage":0,"lost_in_post":0,"other_logs":0,"out_stock_days":0,"lost_sales":0,"has_location":false,"update_date":"2026-01-28T23:11:14","atum_locations":[],"atum_stock_status":"instock","restock_status":false,"low_stock_amount":"","sales_update_date":"2026-01-28T23:11:14","calc_backorders":null,"acf":{"publisher":{"ID":23313,"post_author":"1","post_date":"2023-04-04 22:35:51","post_date_gmt":"2023-04-04 19:35:51","post_content":"","post_title":"H\u1ed9p H\u00e1o H\u1ee9c","post_excerpt":"","post_status":"publish","comment_status":"closed","ping_status":"closed","post_password":"","post_name":"hop-hao-huc","to_ping":"","pinged":"","post_modified":"2023-04-04 22:35:51","post_modified_gmt":"2023-04-04 19:35:51","post_content_filtered":"","post_parent":0,"guid":"https:\/\/sachviet.eu\/nha-phat-hanh\/hop-hao-huc\/","menu_order":0,"post_type":"publisher","post_mime_type":"","comment_count":"0","filter":"raw"}},"_links":{"self":[{"href":"https:\/\/sachviet.eu\/en\/wp-json\/wp\/v2\/product\/23339","targetHints":{"allow":["GET"]}}],"collection":[{"href":"https:\/\/sachviet.eu\/en\/wp-json\/wp\/v2\/product"}],"about":[{"href":"https:\/\/sachviet.eu\/en\/wp-json\/wp\/v2\/types\/product"}],"wp:featuredmedia":[{"embeddable":true,"href":"https:\/\/sachviet.eu\/en\/wp-json\/wp\/v2\/media\/23338"}],"wp:attachment":[{"href":"https:\/\/sachviet.eu\/en\/wp-json\/wp\/v2\/media?parent=23339"}],"wp:term":[{"taxonomy":"product_brand","embeddable":true,"href":"https:\/\/sachviet.eu\/en\/wp-json\/wp\/v2\/product_brand?post=23339"},{"taxonomy":"product_cat","embeddable":true,"href":"https:\/\/sachviet.eu\/en\/wp-json\/wp\/v2\/product_cat?post=23339"},{"taxonomy":"product_tag","embeddable":true,"href":"https:\/\/sachviet.eu\/en\/wp-json\/wp\/v2\/product_tag?post=23339"}],"curies":[{"name":"wp","href":"https:\/\/api.w.org\/{rel}","templated":true}]}}