{"id":23333,"date":"2023-04-04T22:36:46","date_gmt":"2023-04-04T19:36:46","guid":{"rendered":"https:\/\/sachviet.eu\/shop\/cho-nho-messi\/"},"modified":"2024-08-25T22:41:46","modified_gmt":"2024-08-25T19:41:46","slug":"cho-nho-messi","status":"publish","type":"product","link":"https:\/\/sachviet.eu\/en\/shop\/cho-nho-messi\/","title":{"rendered":"Ch\u00f3 Nh\u1ecf Messi"},"content":{"rendered":"<p>Nh\u1eefng c\u00e2u chuy\u1ec7n \u00fd ngh\u0129a \u0111a ph\u1ea7n \u0111\u1ec1u g\u1eafn li\u1ec1n v\u1edbi s\u1ef1 s\u1ed1ng. R\u1ea5t nhi\u1ec1u trong s\u1ed1 \u0111\u00f3 l\u00e0 nh\u1eefng c\u00e2u chuy\u1ec7n m\u00e0 t\u00e1c gi\u1ea3 \u0111\u00e3 tr\u1ea3i qua, ho\u1eb7c ch\u00ed \u00edt c\u0169ng c\u00f3 d\u1ea5u \u1ea5n c\u1ee7a s\u1ef1 tr\u1ea3i nghi\u1ec7m.<\/p>\n<p>Ch\u00f3 nh\u1ecf Messi l\u00e0 m\u1ed9t ch\u00fa ch\u00f3 \u0111\u1eb7c bi\u1ec7t. Trong m\u1ed9t l\u1ea7n \u0111i V\u00f4 T\u00edch, nghe m\u1ed9t ng\u01b0\u1eddi b\u1ea1n k\u1ec3 v\u1ec1 m\u1ed9t con ch\u00f3 nh\u1ecf t\u00ean l\u00e0 Messi, t\u1ef1 d\u01b0ng t\u00f4i c\u1ea3m th\u1ea5y m\u00ecnh c\u00f3 duy\u00ean v\u1edbi n\u00f3. T\u1eeb l\u1ea7n \u0111\u00f3, c\u1ee9 m\u1ed7i l\u1ea7n g\u1eb7p l\u1ea1i ng\u01b0\u1eddi b\u1ea1n, ch\u1ee7 \u0111\u1ec1 c\u1ee7a ch\u00fang t\u00f4i bao gi\u1edd c\u0169ng l\u00e0 Messi. Tr\u00e1i tim c\u1ee7a Messi, s\u1ef1 h\u1ed3n nhi\u00ean, trung th\u00e0nh, n\u1ed7i b\u1ea5t an trong l\u00f2ng n\u00f3 \u0111\u00e3 l\u00e0m t\u00f4i c\u1ea3m \u0111\u1ed9ng.<\/p>\n<p>T\u00f4i quy\u1ebft \u0111\u1ecbnh \u0111\u1eb7t b\u00fat vi\u1ebft v\u1ec1 con ch\u00f3 nh\u1ecf n\u00e0y.<\/p>\n<p>Trong c\u00e2u chuy\u1ec7n, Messi \u0111\u00e3 ph\u1ea1m l\u1ed7i v\u00e0 b\u1ecb \u0111\u01b0a \u0111\u1ebfn m\u1ed9t n\u01a1i xa l\u1ea1. \u1ede \u0111\u00f3 n\u00f3 l\u00e0m quen v\u1edbi nh\u1eefng ng\u01b0\u1eddi b\u1ea1n m\u1edbi. Ch\u00fang c\u00f9ng c\u00f3 nh\u1eefng tr\u1ea3i nghi\u1ec7m th\u00fa v\u1ecb, c\u00f9ng b\u01b0\u1edbc qua \u201cn\u1ed7i s\u1ee3 h\u00e3i chia ly\u201d, cho \u0111\u1ebfn t\u1eadn khi ch\u00fang \u0111\u00e3 tr\u01b0\u1edfng th\u00e0nh h\u01a1n tr\u01b0\u1edbc. \u0110\u00f3 nh\u01b0 m\u1ed9t b\u1ee9c tranh thu nh\u1ecf v\u1ec1 qu\u00e1 tr\u00ecnh tr\u01b0\u1edfng th\u00e0nh c\u1ee7a m\u1ed7i m\u1ed9t sinh linh tr\u00ean \u0111\u1eddi n\u00e0y.<\/p>\n<p>T\u00f4i hy v\u1ecdng c\u00e1c b\u1ea1n nh\u1ecf khi \u0111\u1ecdc c\u00e2u chuy\u1ec7n v\u1ec1 Messi s\u1ebd \u0111\u1eb7t m\u00ecnh v\u00e0o v\u1ecb tr\u00ed c\u1ee7a n\u00f3 \u0111\u1ec3 th\u1ea5y \u0111\u01b0\u1ee3c tr\u00e1i tim ch\u00e2n th\u00e0nh v\u00e0 \u1ea5m \u00e1p c\u1ee7a Messi, c\u1ea3m nh\u1eadn \u0111\u01b0\u1ee3c n\u1ed7i kh\u00e1t v\u1ecdng c\u1ee7a n\u00f3 v\u1ec1 t\u00ecnh y\u00eau c\u0169ng nh\u01b0 nh\u00ecn th\u1ea5y \u00e1nh s\u00e1ng c\u1ee7a s\u1ef1 s\u1ed1ng. \u00c1nh s\u00e1ng \u1ea5y chi\u1ebfu r\u1ecdi ng\u00e0y mai t\u01b0\u01a1i s\u00e1ng c\u1ee7a ch\u00fang ta, to\u00e1t l\u00ean v\u1ebb cao qu\u00fd v\u00e0 cho th\u1ea5y s\u1ef1 d\u0169ng c\u1ea3m c\u1ee7a m\u1ed9t sinh linh.<\/p>\n<p>\u200b<\/p>\n","protected":false},"excerpt":{"rendered":"<p>Nh\u1eefng c\u00e2u chuy\u1ec7n \u00fd ngh\u0129a \u0111a ph\u1ea7n \u0111\u1ec1u g\u1eafn li\u1ec1n v\u1edbi s\u1ef1 s\u1ed1ng. R\u1ea5t nhi\u1ec1u trong s\u1ed1 \u0111\u00f3 l\u00e0 nh\u1eefng c\u00e2u chuy\u1ec7n m\u00e0 t\u00e1c gi\u1ea3 \u0111\u00e3 tr\u1ea3i qua, ho\u1eb7c ch\u00ed \u00edt c\u0169ng c\u00f3 d\u1ea5u \u1ea5n c\u1ee7a s\u1ef1 tr\u1ea3i nghi\u1ec7m.<\/p>\n<p>Ch\u00f3 nh\u1ecf Messi l\u00e0 m\u1ed9t ch\u00fa ch\u00f3 \u0111\u1eb7c bi\u1ec7t. Trong m\u1ed9t l\u1ea7n \u0111i V\u00f4 T\u00edch, nghe m\u1ed9t ng\u01b0\u1eddi b\u1ea1n k\u1ec3 v\u1ec1 m\u1ed9t con ch\u00f3 nh\u1ecf t\u00ean l\u00e0 Messi, t\u1ef1 d\u01b0ng t\u00f4i c\u1ea3m th\u1ea5y m\u00ecnh c\u00f3 duy\u00ean v\u1edbi n\u00f3. T\u1eeb l\u1ea7n \u0111\u00f3, c\u1ee9 m\u1ed7i l\u1ea7n g\u1eb7p l\u1ea1i ng\u01b0\u1eddi b\u1ea1n, ch\u1ee7 \u0111\u1ec1 c\u1ee7a ch\u00fang t\u00f4i bao gi\u1edd c\u0169ng l\u00e0 Messi. Tr\u00e1i tim c\u1ee7a Messi, s\u1ef1 h\u1ed3n nhi\u00ean, trung th\u00e0nh, n\u1ed7i b\u1ea5t an trong l\u00f2ng n\u00f3 \u0111\u00e3 l\u00e0m t\u00f4i c\u1ea3m \u0111\u1ed9ng.<\/p>\n<p>T\u00f4i quy\u1ebft \u0111\u1ecbnh \u0111\u1eb7t b\u00fat vi\u1ebft v\u1ec1 con ch\u00f3 nh\u1ecf n\u00e0y.<\/p>\n<p>Trong c\u00e2u chuy\u1ec7n, Messi \u0111\u00e3 ph\u1ea1m l\u1ed7i v\u00e0 b\u1ecb \u0111\u01b0a \u0111\u1ebfn m\u1ed9t n\u01a1i xa l\u1ea1. \u1ede \u0111\u00f3 n\u00f3 l\u00e0m quen v\u1edbi nh\u1eefng ng\u01b0\u1eddi b\u1ea1n m\u1edbi. Ch\u00fang c\u00f9ng c\u00f3 nh\u1eefng tr\u1ea3i nghi\u1ec7m th\u00fa v\u1ecb, c\u00f9ng b\u01b0\u1edbc qua \u201cn\u1ed7i s\u1ee3 h\u00e3i chia ly\u201d, cho \u0111\u1ebfn t\u1eadn khi ch\u00fang \u0111\u00e3 tr\u01b0\u1edfng th\u00e0nh h\u01a1n tr\u01b0\u1edbc. \u0110\u00f3 nh\u01b0 m\u1ed9t b\u1ee9c tranh thu nh\u1ecf v\u1ec1 qu\u00e1 tr\u00ecnh tr\u01b0\u1edfng th\u00e0nh c\u1ee7a m\u1ed7i m\u1ed9t sinh linh tr\u00ean \u0111\u1eddi n\u00e0y.<\/p>\n<p>T\u00f4i hy v\u1ecdng c\u00e1c b\u1ea1n nh\u1ecf khi \u0111\u1ecdc c\u00e2u chuy\u1ec7n v\u1ec1 Messi s\u1ebd \u0111\u1eb7t m\u00ecnh v\u00e0o v\u1ecb tr\u00ed c\u1ee7a n\u00f3 \u0111\u1ec3 th\u1ea5y \u0111\u01b0\u1ee3c tr\u00e1i tim ch\u00e2n th\u00e0nh v\u00e0 \u1ea5m \u00e1p c\u1ee7a Messi, c\u1ea3m nh\u1eadn \u0111\u01b0\u1ee3c n\u1ed7i kh\u00e1t v\u1ecdng c\u1ee7a n\u00f3 v\u1ec1 t\u00ecnh y\u00eau c\u0169ng nh\u01b0 nh\u00ecn th\u1ea5y \u00e1nh s\u00e1ng c\u1ee7a s\u1ef1 s\u1ed1ng. \u00c1nh s\u00e1ng \u1ea5y chi\u1ebfu r\u1ecdi ng\u00e0y mai t\u01b0\u01a1i s\u00e1ng c\u1ee7a ch\u00fang ta, to\u00e1t l\u00ean v\u1ebb cao qu\u00fd v\u00e0 cho th\u1ea5y s\u1ef1 d\u0169ng c\u1ea3m c\u1ee7a m\u1ed9t sinh linh.<\/p>\n<p>\u200b<\/p>\n","protected":false},"featured_media":23332,"template":"","meta":{"_acf_changed":false},"product_brand":[],"product_cat":[24,25,17],"product_tag":[],"class_list":{"0":"post-23333","1":"product","2":"type-product","3":"status-publish","4":"has-post-thumbnail","6":"product_cat-nha-tre-mau-giao-0-tuoi-6-tuoi","7":"product_cat-nhi-dong-6-tuoi-12-tuoi","8":"product_cat-sach-danh-cho-cac-be","10":"first","11":"outofstock","12":"taxable","13":"shipping-taxable","14":"purchasable","15":"product-type-simple"},"supplier_id":null,"supplier_sku":"","barcode":null,"atum_controlled":true,"out_stock_date":"2024-08-25 19:41:46","out_stock_threshold":null,"inheritable":false,"inbound_stock":0,"stock_on_hold":0,"sold_today":0,"sales_last_days":0,"reserved_stock":0,"customer_returns":0,"warehouse_damage":0,"lost_in_post":0,"other_logs":0,"out_stock_days":521,"lost_sales":445,"has_location":false,"update_date":"2026-01-28T23:11:24","atum_locations":[],"atum_stock_status":"outofstock","restock_status":false,"low_stock_amount":"","sales_update_date":"2026-01-28T23:11:24","calc_backorders":null,"acf":{"publisher":{"ID":1474,"post_author":"1","post_date":"2021-02-17 01:12:51","post_date_gmt":"2021-02-16 23:12:51","post_content":"","post_title":"Th\u00e1i H\u00e0","post_excerpt":"","post_status":"publish","comment_status":"closed","ping_status":"closed","post_password":"","post_name":"thai-ha","to_ping":"","pinged":"","post_modified":"2021-02-17 01:12:51","post_modified_gmt":"2021-02-16 23:12:51","post_content_filtered":"","post_parent":0,"guid":"https:\/\/sachviet.eu\/nha-phat-hanh\/thai-ha\/","menu_order":0,"post_type":"publisher","post_mime_type":"","comment_count":"0","filter":"raw"}},"_links":{"self":[{"href":"https:\/\/sachviet.eu\/en\/wp-json\/wp\/v2\/product\/23333","targetHints":{"allow":["GET"]}}],"collection":[{"href":"https:\/\/sachviet.eu\/en\/wp-json\/wp\/v2\/product"}],"about":[{"href":"https:\/\/sachviet.eu\/en\/wp-json\/wp\/v2\/types\/product"}],"wp:featuredmedia":[{"embeddable":true,"href":"https:\/\/sachviet.eu\/en\/wp-json\/wp\/v2\/media\/23332"}],"wp:attachment":[{"href":"https:\/\/sachviet.eu\/en\/wp-json\/wp\/v2\/media?parent=23333"}],"wp:term":[{"taxonomy":"product_brand","embeddable":true,"href":"https:\/\/sachviet.eu\/en\/wp-json\/wp\/v2\/product_brand?post=23333"},{"taxonomy":"product_cat","embeddable":true,"href":"https:\/\/sachviet.eu\/en\/wp-json\/wp\/v2\/product_cat?post=23333"},{"taxonomy":"product_tag","embeddable":true,"href":"https:\/\/sachviet.eu\/en\/wp-json\/wp\/v2\/product_tag?post=23333"}],"curies":[{"name":"wp","href":"https:\/\/api.w.org\/{rel}","templated":true}]}}