{"id":23331,"date":"2023-04-04T22:36:39","date_gmt":"2023-04-04T19:36:39","guid":{"rendered":"https:\/\/sachviet.eu\/shop\/cau-chuyen-cua-khu-vuon-mua-xuan\/"},"modified":"2024-08-25T22:41:48","modified_gmt":"2024-08-25T19:41:48","slug":"cau-chuyen-cua-khu-vuon-mua-xuan","status":"publish","type":"product","link":"https:\/\/sachviet.eu\/en\/shop\/cau-chuyen-cua-khu-vuon-mua-xuan\/","title":{"rendered":"C\u00e2u chuy\u1ec7n c\u1ee7a khu v\u01b0\u1eddn m\u00f9a xu\u00e2n"},"content":{"rendered":"<p>Cu\u1ed1n s\u00e1ch nh\u1ecf b\u00e9 &#8211; C\u00e2u chuy\u1ec7n c\u1ee7a khu v\u01b0\u1eddn m\u00f9a xu\u00e2n \u2013 \u0111\u00e3 \u0111\u01b0\u1ee3c thai ngh\u00e9n trong l\u00fac t\u00e2m tr\u00ed t\u00f4i \u0111ang t\u0129nh t\u1ea1i, tho\u00e1t th\u1ef1c v\u00e0 th\u01b0 gi\u00e3n nh\u1ea5t.<\/p>\n<p>V\u00e0o m\u00f9a xu\u00e2n n\u0103m 2013, hai v\u1ee3 ch\u1ed3ng t\u00f4i thu\u00ea m\u1ed9t c\u0103n h\u1ed9 nh\u1ecf v\u00e0 y\u00ean t\u0129nh g\u1ea7n C\u00f4ng Vi\u00ean Trung T\u00e2m \u1edf New York v\u00e0 s\u1ed1ng t\u1ea1i \u0111\u00f3 trong v\u00f2ng m\u1ed9t th\u00e1ng. L\u00fac \u1ea5y, c\u00f4 con g\u00e1i Ng\u00e2n Ki\u1ec1u c\u1ee7a t\u00f4i, \u0111\u1ed3ng th\u1eddi c\u0169ng l\u00e0 ng\u01b0\u1eddi \u0111\u00e3 d\u1ecbch cu\u1ed1n s\u00e1ch n\u00e0y sang ti\u1ebfng Anh, \u0111ang theo h\u1ecdc t\u1ea1i \u0110\u1ea1i h\u1ecdc Columbia. M\u1ed7i ng\u00e0y, hai v\u1ee3 ch\u1ed3ng t\u00f4i \u0111\u1ec1u h\u1ea1nh ph\u00fac ng\u1ed3i ch\u1edd con v\u1ec1 c\u00f9ng \u0103n c\u01a1m t\u1ed1i.<\/p>\n<p>Qu\u00e3ng th\u1eddi gian t\u00f4i s\u1ed1ng c\u00f9ng ch\u1ed3ng v\u00e0 con g\u00e1i trong c\u0103n h\u1ed9 nh\u1ecf, y\u00ean t\u0129nh g\u1ea7n C\u00f4ng Vi\u00ean Trung T\u00e2m \u1edf New York v\u00e0o m\u00f9a xu\u00e2n n\u0103m 2013, gi\u1ed1ng nh\u01b0 m\u1ed9t k\u1ef3 ngh\u1ec9 v\u1eady. T\u00f4i l\u1eafng nghe nh\u1eefng b\u00f4ng hoa c\u1ef1a m\u00ecnh h\u00e9 c\u00e1nh, ng\u1eafm nh\u00ecn \u0111\u00e0n b\u01b0\u1edbm thong th\u1ea3 khi\u00eau v\u0169. T\u00f4i gi\u00e0nh nhi\u1ec1u th\u1eddi gian h\u01a1n cho gia \u0111\u00ecnh. Chao, \u0111\u00f3 qu\u1ea3 l\u00e0 m\u1ed9t m\u00f9a xu\u00e2n huy\u1ec1n \u1ea3o, gi\u1ea3n d\u1ecb v\u00e0 \u0111\u1ea7y h\u1ee9ng kh\u1edfi!<\/p>\n<p>V\u00e0o m\u1ed9t bu\u1ed5i s\u00e1ng, b\u00ean ngo\u00e0i tr\u1eddi \u0111ang m\u01b0a, t\u00f4i ng\u1ed3i trong c\u0103n h\u1ed9 c\u1ee7a m\u00ecnh v\u00e0 l\u1eafng nghe ti\u1ebfng m\u01b0a g\u00f5 v\u00e0o c\u1eeda s\u1ed5. M\u1ed9t ch\u00fa b\u1ed3 c\u00e2u b\u00e9 nh\u1ecf \u01b0\u1edbt s\u0169ng \u0111\u1eadu xu\u1ed1ng m\u00e1i hi\u00ean c\u1eeda s\u1ed5 \u0111\u1ec3 tr\u00e1nh m\u01b0a. T\u1eeb c\u1ed5 h\u1ecdng ch\u00fa ph\u00e1t ra nh\u1eefng ti\u1ebfng \u201cg\u00f9 g\u00f9\u201d \u0111\u1ea7y bi\u1ec3u c\u1ea3m, gi\u1ed1ng nh\u01b0 nh\u1eefng ti\u1ebfng th\u1edf d\u00e0i. Theo m\u1ed9t c\u00e1ch n\u00e0o \u0111\u00f3, t\u00f4i \u0111\u00e3 b\u1ecb t\u00e1c \u0111\u1ed9ng b\u1edfi c\u1ea3nh t\u01b0\u1ee3ng \u1ea5y h\u1ec7t nh\u01b0 m\u1ed9t \u0111\u1ee9a tr\u1ebb. \u0110\u1ebfn chi\u1ec1u khi tr\u1eddi \u0111\u00e3 quang m\u00e2y, t\u00f4i d\u1ea1o b\u01b0\u1edbc m\u1ed9t m\u00ecnh trong C\u00f4ng Vi\u00ean Trung T\u00e2m. T\u00f4i t\u1ea3n b\u1ed9 xuy\u00ean qua khu r\u1eebng r\u1eadm r\u1ea1p v\u00e0 nh\u00ecn ng\u1eafm b\u1ea7u tr\u1eddi \u0111\u1ea7y m\u00e2y khi \u0111\u00f3. T\u00f4i nh\u00f3n ch\u00e2n b\u01b0\u1edbc kh\u1ebd kh\u00e0ng d\u1ecdc theo m\u1ed9t con \u0111\u01b0\u1eddng tr\u1ea3i \u0111\u1ea7y c\u00e1nh hoa, v\u00e0 h\u00edt c\u0103ng l\u1ed3ng ng\u1ef1c b\u1ea7u kh\u00f4ng kh\u00ed trong l\u00e0nh\u2026 Khi \u0111\u00e3 \u0111i \u0111\u01b0\u1ee3c m\u1ed9t qu\u00e3ng kh\u00e1 xa, t\u00f4i b\u1ed7ng b\u1eaft g\u1eb7p \u00e1nh nh\u00ecn l\u01b0\u1edbt qua c\u1ee7a m\u1ed9t b\u00e0 m\u1eb9 tr\u1ebb c\u00f9ng b\u00e9 g\u00e1i mang \u0111\u00f4i h\u00e0i \u0111\u1ecf ch\u01b0a \u0111\u1ea7y ba tu\u1ed5i c\u1ee7a ch\u1ecb.<\/p>\n<p>K\u1ef7 ni\u1ec7m v\u1ec1 bu\u1ed5i chi\u1ec1u m\u00f9a xu\u00e2n trong C\u00f4ng Vi\u00ean Trung T\u00e2m n\u0103m \u0111\u00f3 v\u1eabn c\u1ee9 v\u01b0\u01a1ng v\u1ea5n m\u00e3i trong t\u00e2m tr\u00ed t\u00f4i, nh\u01b0 th\u1ec3 n\u00f3 c\u1ee9 phai nh\u1ea1t \u0111i r\u1ed3i l\u1ea1i b\u1eebng l\u00ean t\u01b0\u01a1i m\u1edbi. Tr\u01b0\u1edbc s\u1ef1 t\u0129nh l\u1eb7ng v\u00f4 gi\u00e1 c\u1ee7a th\u1ebf gian n\u00e0y, t\u00f4i kh\u00f4ng bao gi\u1edd c\u00f3 th\u1ec3 c\u1ea7m \u0111\u01b0\u1ee3c n\u01b0\u1edbc m\u1eaft.<\/p>\n<p>V\u00e0o b\u1eefa t\u1ed1i ng\u00e0y h\u00f4m \u0111\u00f3, t\u00f4i \u0111\u00e3 chia s\u1ebb tr\u1ea3i nghi\u1ec7m tuy\u1ec7t v\u1eddi n\u00e0y v\u1edbi Ng\u00e2n Ki\u1ec1u b\u1edfi tr\u01b0\u1edbc nay ch\u00e1u v\u1eabn lu\u00f4n l\u00e0 ng\u01b0\u1eddi hi\u1ec3u t\u00f4i s\u00e2u s\u1eafc. Ch\u00e1u li\u1ec1n k\u1ec3 cho t\u00f4i v\u1ec1 c\u00e1i l\u1ea7n m\u1ed9t ch\u00fa s\u00f3c con \u0111\u00e3 c\u00f9 v\u00e0o c\u00e1nh tay ch\u00e1u \u0111\u1ec3 xin mi\u1ebfng bim bim. Ch\u00e1u c\u0169ng k\u1ec3 r\u1eb1ng ch\u00e1u c\u00f3 c\u1ea3m gi\u00e1c nh\u01b0 r\u1ea5t nhi\u1ec1u sinh v\u1eadt nh\u1ecf b\u00e9 xung quanh &#8211; nh\u1eefng ch\u00fa c\u00fan con, m\u00e8o con, v\u00e0 nh\u1eefng ch\u00fa chim\u2026 &#8211; \u0111ang n\u00f3i chuy\u1ec7n v\u1edbi ch\u00e1u. Nh\u1eefng cu\u1ed9c \u201ctr\u00f2 chuy\u1ec7n\u201d v\u1edbi \u0111\u1ed9ng v\u1eadt \u1ea5y c\u1ee7a con g\u00e1i \u0111\u00e3 l\u00e0m d\u1ea5y l\u00ean trong t\u00f4i m\u1ed9t ni\u1ec1m c\u1ea3m h\u1ee9ng.<\/p>\n<p>T\u00f4i \u0111\u00e3 gi\u1eef l\u1ea1i m\u1ed9t cu\u1ed1n C\u00e2u chuy\u1ec7n c\u1ee7a khu v\u01b0\u1eddn m\u00f9a xu\u00e2n trong l\u1ea7n xu\u1ea5t b\u1ea3n \u0111\u1ea7u ti\u00ean v\u1edbi t\u1ea5t c\u1ea3 s\u1ef1 tr\u00e2n qu\u00fd. M\u1ed9t ng\u00e0y n\u00e0o \u0111\u00f3, t\u00f4i mu\u1ed1n truy\u1ec1n l\u1ea1i cho c\u00e1c ch\u00e1u c\u1ee7a m\u00ecnh c\u00e2u chuy\u1ec7n n\u00e0y, mu\u1ed1n \u0111\u01b0\u1ee3c quan s\u00e1t ch\u00fang ch\u00ecm \u0111\u1eafm trong v\u0103n th\u01a1 c\u00f9ng nh\u1eefng c\u1ea3m x\u00fac v\u1ec1 c\u00e1i \u0111\u1eb9p v\u00e0 s\u1ef1 b\u00ecnh an. \u00c2m nh\u1ea1c, ngh\u1ec7 thu\u1eadt, v\u00e0 v\u0103n h\u1ecdc l\u00e0 nh\u1eefng \u0111\u00f4i c\u00e1nh gi\u00fap t\u00e2m h\u1ed3n ta \u0111\u01b0\u1ee3c bay b\u1ed5ng. V\u00e0 t\u00f4i tin r\u1eb1ng, nh\u1eefng \u0111\u1ed9c gi\u1ea3 \u0111\u00e3 bi\u1ebft y\u00eau nh\u1eefng \u00e1ng v\u0103n \u0111\u1eb9p v\u00e0 tao nh\u00e3 ngay t\u1eeb nh\u1ecf th\u00ec khi l\u1edbn l\u00ean, h\u1ecd s\u1ebd lu\u00f4n thi\u00ean v\u1ec1 l\u1ed1i suy ngh\u0129 gi\u00e0u \u0111\u1ea1o \u0111\u1ee9c v\u00e0 s\u1ebd c\u00f3 cu\u1ed9c s\u1ed1ng h\u1ea1nh ph\u00fac, t\u01b0\u01a1i s\u00e1ng.<\/p>\n","protected":false},"excerpt":{"rendered":"<p>Cu\u1ed1n s\u00e1ch nh\u1ecf b\u00e9 &#8211; C\u00e2u chuy\u1ec7n c\u1ee7a khu v\u01b0\u1eddn m\u00f9a xu\u00e2n \u2013 \u0111\u00e3 \u0111\u01b0\u1ee3c thai ngh\u00e9n trong l\u00fac t\u00e2m tr\u00ed t\u00f4i \u0111ang t\u0129nh t\u1ea1i, tho\u00e1t th\u1ef1c v\u00e0 th\u01b0 gi\u00e3n nh\u1ea5t.<\/p>\n<p>V\u00e0o m\u00f9a xu\u00e2n n\u0103m 2013, hai v\u1ee3 ch\u1ed3ng t\u00f4i thu\u00ea m\u1ed9t c\u0103n h\u1ed9 nh\u1ecf v\u00e0 y\u00ean t\u0129nh g\u1ea7n C\u00f4ng Vi\u00ean Trung T\u00e2m \u1edf New York v\u00e0 s\u1ed1ng t\u1ea1i \u0111\u00f3 trong v\u00f2ng m\u1ed9t th\u00e1ng. L\u00fac \u1ea5y, c\u00f4 con g\u00e1i Ng\u00e2n Ki\u1ec1u c\u1ee7a t\u00f4i, \u0111\u1ed3ng th\u1eddi c\u0169ng l\u00e0 ng\u01b0\u1eddi \u0111\u00e3 d\u1ecbch cu\u1ed1n s\u00e1ch n\u00e0y sang ti\u1ebfng Anh, \u0111ang theo h\u1ecdc t\u1ea1i \u0110\u1ea1i h\u1ecdc Columbia. M\u1ed7i ng\u00e0y, hai v\u1ee3 ch\u1ed3ng t\u00f4i \u0111\u1ec1u h\u1ea1nh ph\u00fac ng\u1ed3i ch\u1edd con v\u1ec1 c\u00f9ng \u0103n c\u01a1m t\u1ed1i.<\/p>\n<p>Qu\u00e3ng th\u1eddi gian t\u00f4i s\u1ed1ng c\u00f9ng ch\u1ed3ng v\u00e0 con g\u00e1i trong c\u0103n h\u1ed9 nh\u1ecf, y\u00ean t\u0129nh g\u1ea7n C\u00f4ng Vi\u00ean Trung T\u00e2m \u1edf New York v\u00e0o m\u00f9a xu\u00e2n n\u0103m 2013, gi\u1ed1ng nh\u01b0 m\u1ed9t k\u1ef3 ngh\u1ec9 v\u1eady. T\u00f4i l\u1eafng nghe nh\u1eefng b\u00f4ng hoa c\u1ef1a m\u00ecnh h\u00e9 c\u00e1nh, ng\u1eafm nh\u00ecn \u0111\u00e0n b\u01b0\u1edbm thong th\u1ea3 khi\u00eau v\u0169. T\u00f4i gi\u00e0nh nhi\u1ec1u th\u1eddi gian h\u01a1n cho gia \u0111\u00ecnh. Chao, \u0111\u00f3 qu\u1ea3 l\u00e0 m\u1ed9t m\u00f9a xu\u00e2n huy\u1ec1n \u1ea3o, gi\u1ea3n d\u1ecb v\u00e0 \u0111\u1ea7y h\u1ee9ng kh\u1edfi!<\/p>\n<p>V\u00e0o m\u1ed9t bu\u1ed5i s\u00e1ng, b\u00ean ngo\u00e0i tr\u1eddi \u0111ang m\u01b0a, t\u00f4i ng\u1ed3i trong c\u0103n h\u1ed9 c\u1ee7a m\u00ecnh v\u00e0 l\u1eafng nghe ti\u1ebfng m\u01b0a g\u00f5 v\u00e0o c\u1eeda s\u1ed5. M\u1ed9t ch\u00fa b\u1ed3 c\u00e2u b\u00e9 nh\u1ecf \u01b0\u1edbt s\u0169ng \u0111\u1eadu xu\u1ed1ng m\u00e1i hi\u00ean c\u1eeda s\u1ed5 \u0111\u1ec3 tr\u00e1nh m\u01b0a. T\u1eeb c\u1ed5 h\u1ecdng ch\u00fa ph\u00e1t ra nh\u1eefng ti\u1ebfng \u201cg\u00f9 g\u00f9\u201d \u0111\u1ea7y bi\u1ec3u c\u1ea3m, gi\u1ed1ng nh\u01b0 nh\u1eefng ti\u1ebfng th\u1edf d\u00e0i. Theo m\u1ed9t c\u00e1ch n\u00e0o \u0111\u00f3, t\u00f4i \u0111\u00e3 b\u1ecb t\u00e1c \u0111\u1ed9ng b\u1edfi c\u1ea3nh t\u01b0\u1ee3ng \u1ea5y h\u1ec7t nh\u01b0 m\u1ed9t \u0111\u1ee9a tr\u1ebb. \u0110\u1ebfn chi\u1ec1u khi tr\u1eddi \u0111\u00e3 quang m\u00e2y, t\u00f4i d\u1ea1o b\u01b0\u1edbc m\u1ed9t m\u00ecnh trong C\u00f4ng Vi\u00ean Trung T\u00e2m. T\u00f4i t\u1ea3n b\u1ed9 xuy\u00ean qua khu r\u1eebng r\u1eadm r\u1ea1p v\u00e0 nh\u00ecn ng\u1eafm b\u1ea7u tr\u1eddi \u0111\u1ea7y m\u00e2y khi \u0111\u00f3. T\u00f4i nh\u00f3n ch\u00e2n b\u01b0\u1edbc kh\u1ebd kh\u00e0ng d\u1ecdc theo m\u1ed9t con \u0111\u01b0\u1eddng tr\u1ea3i \u0111\u1ea7y c\u00e1nh hoa, v\u00e0 h\u00edt c\u0103ng l\u1ed3ng ng\u1ef1c b\u1ea7u kh\u00f4ng kh\u00ed trong l\u00e0nh\u2026 Khi \u0111\u00e3 \u0111i \u0111\u01b0\u1ee3c m\u1ed9t qu\u00e3ng kh\u00e1 xa, t\u00f4i b\u1ed7ng b\u1eaft g\u1eb7p \u00e1nh nh\u00ecn l\u01b0\u1edbt qua c\u1ee7a m\u1ed9t b\u00e0 m\u1eb9 tr\u1ebb c\u00f9ng b\u00e9 g\u00e1i mang \u0111\u00f4i h\u00e0i \u0111\u1ecf ch\u01b0a \u0111\u1ea7y ba tu\u1ed5i c\u1ee7a ch\u1ecb.<\/p>\n<p>K\u1ef7 ni\u1ec7m v\u1ec1 bu\u1ed5i chi\u1ec1u m\u00f9a xu\u00e2n trong C\u00f4ng Vi\u00ean Trung T\u00e2m n\u0103m \u0111\u00f3 v\u1eabn c\u1ee9 v\u01b0\u01a1ng v\u1ea5n m\u00e3i trong t\u00e2m tr\u00ed t\u00f4i, nh\u01b0 th\u1ec3 n\u00f3 c\u1ee9 phai nh\u1ea1t \u0111i r\u1ed3i l\u1ea1i b\u1eebng l\u00ean t\u01b0\u01a1i m\u1edbi. Tr\u01b0\u1edbc s\u1ef1 t\u0129nh l\u1eb7ng v\u00f4 gi\u00e1 c\u1ee7a th\u1ebf gian n\u00e0y, t\u00f4i kh\u00f4ng bao gi\u1edd c\u00f3 th\u1ec3 c\u1ea7m \u0111\u01b0\u1ee3c n\u01b0\u1edbc m\u1eaft.<\/p>\n<p>V\u00e0o b\u1eefa t\u1ed1i ng\u00e0y h\u00f4m \u0111\u00f3, t\u00f4i \u0111\u00e3 chia s\u1ebb tr\u1ea3i nghi\u1ec7m tuy\u1ec7t v\u1eddi n\u00e0y v\u1edbi Ng\u00e2n Ki\u1ec1u b\u1edfi tr\u01b0\u1edbc nay ch\u00e1u v\u1eabn lu\u00f4n l\u00e0 ng\u01b0\u1eddi hi\u1ec3u t\u00f4i s\u00e2u s\u1eafc. Ch\u00e1u li\u1ec1n k\u1ec3 cho t\u00f4i v\u1ec1 c\u00e1i l\u1ea7n m\u1ed9t ch\u00fa s\u00f3c con \u0111\u00e3 c\u00f9 v\u00e0o c\u00e1nh tay ch\u00e1u \u0111\u1ec3 xin mi\u1ebfng bim bim. Ch\u00e1u c\u0169ng k\u1ec3 r\u1eb1ng ch\u00e1u c\u00f3 c\u1ea3m gi\u00e1c nh\u01b0 r\u1ea5t nhi\u1ec1u sinh v\u1eadt nh\u1ecf b\u00e9 xung quanh &#8211; nh\u1eefng ch\u00fa c\u00fan con, m\u00e8o con, v\u00e0 nh\u1eefng ch\u00fa chim\u2026 &#8211; \u0111ang n\u00f3i chuy\u1ec7n v\u1edbi ch\u00e1u. Nh\u1eefng cu\u1ed9c \u201ctr\u00f2 chuy\u1ec7n\u201d v\u1edbi \u0111\u1ed9ng v\u1eadt \u1ea5y c\u1ee7a con g\u00e1i \u0111\u00e3 l\u00e0m d\u1ea5y l\u00ean trong t\u00f4i m\u1ed9t ni\u1ec1m c\u1ea3m h\u1ee9ng.<\/p>\n<p>T\u00f4i \u0111\u00e3 gi\u1eef l\u1ea1i m\u1ed9t cu\u1ed1n C\u00e2u chuy\u1ec7n c\u1ee7a khu v\u01b0\u1eddn m\u00f9a xu\u00e2n trong l\u1ea7n xu\u1ea5t b\u1ea3n \u0111\u1ea7u ti\u00ean v\u1edbi t\u1ea5t c\u1ea3 s\u1ef1 tr\u00e2n qu\u00fd. M\u1ed9t ng\u00e0y n\u00e0o \u0111\u00f3, t\u00f4i mu\u1ed1n truy\u1ec1n l\u1ea1i cho c\u00e1c ch\u00e1u c\u1ee7a m\u00ecnh c\u00e2u chuy\u1ec7n n\u00e0y, mu\u1ed1n \u0111\u01b0\u1ee3c quan s\u00e1t ch\u00fang ch\u00ecm \u0111\u1eafm trong v\u0103n th\u01a1 c\u00f9ng nh\u1eefng c\u1ea3m x\u00fac v\u1ec1 c\u00e1i \u0111\u1eb9p v\u00e0 s\u1ef1 b\u00ecnh an. \u00c2m nh\u1ea1c, ngh\u1ec7 thu\u1eadt, v\u00e0 v\u0103n h\u1ecdc l\u00e0 nh\u1eefng \u0111\u00f4i c\u00e1nh gi\u00fap t\u00e2m h\u1ed3n ta \u0111\u01b0\u1ee3c bay b\u1ed5ng. V\u00e0 t\u00f4i tin r\u1eb1ng, nh\u1eefng \u0111\u1ed9c gi\u1ea3 \u0111\u00e3 bi\u1ebft y\u00eau nh\u1eefng \u00e1ng v\u0103n \u0111\u1eb9p v\u00e0 tao nh\u00e3 ngay t\u1eeb nh\u1ecf th\u00ec khi l\u1edbn l\u00ean, h\u1ecd s\u1ebd lu\u00f4n thi\u00ean v\u1ec1 l\u1ed1i suy ngh\u0129 gi\u00e0u \u0111\u1ea1o \u0111\u1ee9c v\u00e0 s\u1ebd c\u00f3 cu\u1ed9c s\u1ed1ng h\u1ea1nh ph\u00fac, t\u01b0\u01a1i s\u00e1ng.<\/p>\n","protected":false},"featured_media":23330,"template":"","meta":{"_acf_changed":false},"product_brand":[],"product_cat":[24,25,17],"product_tag":[],"class_list":{"0":"post-23331","1":"product","2":"type-product","3":"status-publish","4":"has-post-thumbnail","6":"product_cat-nha-tre-mau-giao-0-tuoi-6-tuoi","7":"product_cat-nhi-dong-6-tuoi-12-tuoi","8":"product_cat-sach-danh-cho-cac-be","10":"first","11":"outofstock","12":"taxable","13":"shipping-taxable","14":"purchasable","15":"product-type-simple"},"supplier_id":null,"supplier_sku":"","barcode":null,"atum_controlled":true,"out_stock_date":"2024-08-25 19:41:48","out_stock_threshold":null,"inheritable":false,"inbound_stock":0,"stock_on_hold":0,"sold_today":0,"sales_last_days":0,"reserved_stock":0,"customer_returns":0,"warehouse_damage":0,"lost_in_post":0,"other_logs":0,"out_stock_days":521,"lost_sales":520,"has_location":false,"update_date":"2026-01-28T23:11:25","atum_locations":[],"atum_stock_status":"outofstock","restock_status":false,"low_stock_amount":"","sales_update_date":"2026-01-28T23:11:25","calc_backorders":null,"acf":{"publisher":{"ID":1474,"post_author":"1","post_date":"2021-02-17 01:12:51","post_date_gmt":"2021-02-16 23:12:51","post_content":"","post_title":"Th\u00e1i H\u00e0","post_excerpt":"","post_status":"publish","comment_status":"closed","ping_status":"closed","post_password":"","post_name":"thai-ha","to_ping":"","pinged":"","post_modified":"2021-02-17 01:12:51","post_modified_gmt":"2021-02-16 23:12:51","post_content_filtered":"","post_parent":0,"guid":"https:\/\/sachviet.eu\/nha-phat-hanh\/thai-ha\/","menu_order":0,"post_type":"publisher","post_mime_type":"","comment_count":"0","filter":"raw"}},"_links":{"self":[{"href":"https:\/\/sachviet.eu\/en\/wp-json\/wp\/v2\/product\/23331","targetHints":{"allow":["GET"]}}],"collection":[{"href":"https:\/\/sachviet.eu\/en\/wp-json\/wp\/v2\/product"}],"about":[{"href":"https:\/\/sachviet.eu\/en\/wp-json\/wp\/v2\/types\/product"}],"wp:featuredmedia":[{"embeddable":true,"href":"https:\/\/sachviet.eu\/en\/wp-json\/wp\/v2\/media\/23330"}],"wp:attachment":[{"href":"https:\/\/sachviet.eu\/en\/wp-json\/wp\/v2\/media?parent=23331"}],"wp:term":[{"taxonomy":"product_brand","embeddable":true,"href":"https:\/\/sachviet.eu\/en\/wp-json\/wp\/v2\/product_brand?post=23331"},{"taxonomy":"product_cat","embeddable":true,"href":"https:\/\/sachviet.eu\/en\/wp-json\/wp\/v2\/product_cat?post=23331"},{"taxonomy":"product_tag","embeddable":true,"href":"https:\/\/sachviet.eu\/en\/wp-json\/wp\/v2\/product_tag?post=23331"}],"curies":[{"name":"wp","href":"https:\/\/api.w.org\/{rel}","templated":true}]}}