{"id":23329,"date":"2023-04-04T22:36:34","date_gmt":"2023-04-04T19:36:34","guid":{"rendered":"https:\/\/sachviet.eu\/shop\/bi-xanh-va-bong-tim\/"},"modified":"2023-05-17T11:17:56","modified_gmt":"2023-05-17T08:17:56","slug":"bi-xanh-va-bong-tim","status":"publish","type":"product","link":"https:\/\/sachviet.eu\/en\/shop\/bi-xanh-va-bong-tim\/","title":{"rendered":"Bi xanh v\u00e0 b\u00f4ng t\u00edm"},"content":{"rendered":"<p>BI XANH V\u00c0 B\u00d4NG T\u00cdM \u2013 C\u00e2u chuy\u1ec7n v\u1ec1 hai ch\u00fa m\u00e8o.<\/p>\n<p>\u201cNg\u00e0y x\u1eeda ng\u00e0y x\u01b0a, c\u00f3 hai que di\u00eam r\u1ea5t ganh gh\u00e9t nhau. Que n\u00e0y hu\u00fdch que kia su\u1ed1t ng\u00e0y. R\u1ed3i m\u1ed9t ng\u00e0y kia, ch\u00fang hu\u00fdch nhau m\u1ea1nh qu\u00e1, khi\u1ebfn ng\u1ecdn l\u1eeda b\u00f9ng l\u00ean v\u00e0 c\u1ea3 hai tr\u1edf th\u00e0nh tro b\u1ee5i\u201d<\/p>\n<p>C\u00e1c b\u00e9 bi\u1ebft kh\u00f4ng? M\u00e8o l\u00e0 m\u1ed9t \u0111\u1ed9ng v\u00e2t d\u1ec5 th\u01b0\u01a1ng, nh\u01b0ng c\u0169ng c\u00f3 nh\u1eefng c\u1ea3m x\u00fac gi\u1eadn d\u1eef, s\u1ee3 h\u00e3i hay k\u00edch \u0111\u1ed9ng. V\u00e0 \u0111\u00f4i khi ch\u00fang th\u1eadt \u00edch k\u1ef7 v\u00e0 m\u00f9 qu\u00e1ng khi ph\u00e2n chia l\u00e3nh th\u1ed5, nh\u1eefng l\u00fac \u1ea5y ch\u00fang s\u1ebd c\u00e3i l\u1ed9n v\u00e0 \u0111\u00e1nh nhau v\u00e0 \u0111\u00f4i khi s\u1ebd c\u00f3 nh\u1eefng em m\u00e8o b\u1ecb xua \u0111u\u1ed5i ph\u1ea3i b\u1ecf \u0111i v\u00e0 s\u1ed1ng trong c\u00f4 \u0111\u01a1n.<\/p>\n<p>H\u1eb3n l\u00e0 c\u00e1c b\u00e9 r\u1ea5t gh\u00e9t ph\u1ea3i ch\u1ee9ng ki\u1ebfn nh\u1eefng cu\u1ed9c c\u00e3i v\u00e3 \u0111\u00f3 ph\u1ea3i kh\u00f4ng?<\/p>\n<p>B\u00e9 c\u00f3 t\u1ef1 h\u1ecfi l\u00fd do n\u00e0o m\u00e0 ch\u00fang kh\u00f4ng th\u1ec3 s\u1ed1ng h\u00f2a thu\u1eadn v\u00e0 vui v\u1ebb v\u1edbi nhau?<\/p>\n<p>B\u00e9 c\u00f3 bao gi\u1edd t\u1ef1 th\u1ea5y m\u00ecnh c\u1ea7n tr\u1edf th\u00e0nh m\u1ed9t c\u1ea3nh s\u00e1t \u0111\u1ebfn gi\u1ea3i c\u1ee9u v\u00e0 ph\u00e2n x\u1eed cho x\u00e3 h\u1ed9i b\u00e9 nh\u1ecf c\u1ee7a lo\u00e0i m\u00e8o?<\/p>\n<p>N\u1eef t\u00e1c gi\u1ea3 c\u1ee7a c\u00e2u chuy\u1ec7n n\u00e0y c\u0169ng t\u1eebng l\u00e0 m\u1ed9t c\u00f4 b\u00e9 th\u00edch l\u00e0m c\u1ea3nh s\u00e1t v\u00e0 b\u00eanh v\u1ef1c cho c\u00e1c b\u1ea1n m\u00e8o b\u00e9 nh\u1ecf nh\u01b0 v\u1eady.<\/p>\n<p>C\u00e2u chuy\u1ec7n l\u00e0 h\u00ecnh \u1ea3nh \u1ea9n d\u1ee5 v\u1ec1 x\u00e3 h\u1ed9i thu nh\u1ecf. D\u00f9 l\u00e0 gi\u00e0 hay tr\u1ebb th\u00ec \u00edch k\u1ef7 v\u1eabn l\u00e0 m\u1ed9t thu\u1ed9c t\u00ednh c\u1ed1 h\u1eefu c\u1ee7a con ng\u01b0\u1eddi. Y\u00eau qu\u00fd th\u00ec s\u1ebd coi nh\u01b0 b\u00f4ng hoa t\u1ed1t \u0111\u1eb9p, gh\u00e9t b\u1ecf s\u1ebd coi nh\u01b0 c\u00e1i gai kh\u00f3 ch\u1ecbu.<\/p>\n<p>Hi v\u1ecdng sau khi \u0111\u1ecdc c\u00e2u chuy\u1ec7n n\u00e0y, c\u00e1c \u0111\u1ed9c gi\u1ea3 nh\u1ecf tu\u1ed5i s\u1ebd tr\u1edf n\u00ean c\u00f4ng t\u00e2m v\u00e0 t\u1ed1t b\u1ee5ng. Lo\u1ea1i b\u1ecf nh\u00e3n quang ti\u00eau c\u1ef1c h\u1eb9p h\u00f2i v\u00e0  gi\u1eef c\u00e1i nh\u00ecn t\u00edch c\u1ef1c mang \u0111\u1ebfn h\u1ea1nh ph\u00fac.<\/p>\n","protected":false},"excerpt":{"rendered":"<p>BI XANH V\u00c0 B\u00d4NG T\u00cdM \u2013 C\u00e2u chuy\u1ec7n v\u1ec1 hai ch\u00fa m\u00e8o.<\/p>\n<p>\u201cNg\u00e0y x\u1eeda ng\u00e0y x\u01b0a, c\u00f3 hai que di\u00eam r\u1ea5t ganh gh\u00e9t nhau. Que n\u00e0y hu\u00fdch que kia su\u1ed1t ng\u00e0y. R\u1ed3i m\u1ed9t ng\u00e0y kia, ch\u00fang hu\u00fdch nhau m\u1ea1nh qu\u00e1, khi\u1ebfn ng\u1ecdn l\u1eeda b\u00f9ng l\u00ean v\u00e0 c\u1ea3 hai tr\u1edf th\u00e0nh tro b\u1ee5i\u201d<\/p>\n<p>C\u00e1c b\u00e9 bi\u1ebft kh\u00f4ng? M\u00e8o l\u00e0 m\u1ed9t \u0111\u1ed9ng v\u00e2t d\u1ec5 th\u01b0\u01a1ng, nh\u01b0ng c\u0169ng c\u00f3 nh\u1eefng c\u1ea3m x\u00fac gi\u1eadn d\u1eef, s\u1ee3 h\u00e3i hay k\u00edch \u0111\u1ed9ng. V\u00e0 \u0111\u00f4i khi ch\u00fang th\u1eadt \u00edch k\u1ef7 v\u00e0 m\u00f9 qu\u00e1ng khi ph\u00e2n chia l\u00e3nh th\u1ed5, nh\u1eefng l\u00fac \u1ea5y ch\u00fang s\u1ebd c\u00e3i l\u1ed9n v\u00e0 \u0111\u00e1nh nhau v\u00e0 \u0111\u00f4i khi s\u1ebd c\u00f3 nh\u1eefng em m\u00e8o b\u1ecb xua \u0111u\u1ed5i ph\u1ea3i b\u1ecf \u0111i v\u00e0 s\u1ed1ng trong c\u00f4 \u0111\u01a1n.<\/p>\n<p>H\u1eb3n l\u00e0 c\u00e1c b\u00e9 r\u1ea5t gh\u00e9t ph\u1ea3i ch\u1ee9ng ki\u1ebfn nh\u1eefng cu\u1ed9c c\u00e3i v\u00e3 \u0111\u00f3 ph\u1ea3i kh\u00f4ng?<\/p>\n<p>B\u00e9 c\u00f3 t\u1ef1 h\u1ecfi l\u00fd do n\u00e0o m\u00e0 ch\u00fang kh\u00f4ng th\u1ec3 s\u1ed1ng h\u00f2a thu\u1eadn v\u00e0 vui v\u1ebb v\u1edbi nhau?<\/p>\n<p>B\u00e9 c\u00f3 bao gi\u1edd t\u1ef1 th\u1ea5y m\u00ecnh c\u1ea7n tr\u1edf th\u00e0nh m\u1ed9t c\u1ea3nh s\u00e1t \u0111\u1ebfn gi\u1ea3i c\u1ee9u v\u00e0 ph\u00e2n x\u1eed cho x\u00e3 h\u1ed9i b\u00e9 nh\u1ecf c\u1ee7a lo\u00e0i m\u00e8o?<\/p>\n<p>N\u1eef t\u00e1c gi\u1ea3 c\u1ee7a c\u00e2u chuy\u1ec7n n\u00e0y c\u0169ng t\u1eebng l\u00e0 m\u1ed9t c\u00f4 b\u00e9 th\u00edch l\u00e0m c\u1ea3nh s\u00e1t v\u00e0 b\u00eanh v\u1ef1c cho c\u00e1c b\u1ea1n m\u00e8o b\u00e9 nh\u1ecf nh\u01b0 v\u1eady.<\/p>\n<p>C\u00e2u chuy\u1ec7n l\u00e0 h\u00ecnh \u1ea3nh \u1ea9n d\u1ee5 v\u1ec1 x\u00e3 h\u1ed9i thu nh\u1ecf. D\u00f9 l\u00e0 gi\u00e0 hay tr\u1ebb th\u00ec \u00edch k\u1ef7 v\u1eabn l\u00e0 m\u1ed9t thu\u1ed9c t\u00ednh c\u1ed1 h\u1eefu c\u1ee7a con ng\u01b0\u1eddi. Y\u00eau qu\u00fd th\u00ec s\u1ebd coi nh\u01b0 b\u00f4ng hoa t\u1ed1t \u0111\u1eb9p, gh\u00e9t b\u1ecf s\u1ebd coi nh\u01b0 c\u00e1i gai kh\u00f3 ch\u1ecbu.<\/p>\n<p>Hi v\u1ecdng sau khi \u0111\u1ecdc c\u00e2u chuy\u1ec7n n\u00e0y, c\u00e1c \u0111\u1ed9c gi\u1ea3 nh\u1ecf tu\u1ed5i s\u1ebd tr\u1edf n\u00ean c\u00f4ng t\u00e2m v\u00e0 t\u1ed1t b\u1ee5ng. Lo\u1ea1i b\u1ecf nh\u00e3n quang ti\u00eau c\u1ef1c h\u1eb9p h\u00f2i v\u00e0  gi\u1eef c\u00e1i nh\u00ecn t\u00edch c\u1ef1c mang \u0111\u1ebfn h\u1ea1nh ph\u00fac.<\/p>\n","protected":false},"featured_media":23328,"template":"","meta":{"_acf_changed":false},"product_brand":[],"product_cat":[24,25,17],"product_tag":[],"class_list":{"0":"post-23329","1":"product","2":"type-product","3":"status-publish","4":"has-post-thumbnail","6":"product_cat-nha-tre-mau-giao-0-tuoi-6-tuoi","7":"product_cat-nhi-dong-6-tuoi-12-tuoi","8":"product_cat-sach-danh-cho-cac-be","10":"first","11":"outofstock","12":"taxable","13":"shipping-taxable","14":"purchasable","15":"product-type-simple"},"supplier_id":null,"supplier_sku":"","barcode":null,"atum_controlled":true,"out_stock_date":"2023-05-17 08:17:56","out_stock_threshold":null,"inheritable":false,"inbound_stock":0,"stock_on_hold":0,"sold_today":0,"sales_last_days":0,"reserved_stock":0,"customer_returns":0,"warehouse_damage":0,"lost_in_post":0,"other_logs":0,"out_stock_days":987,"lost_sales":0,"has_location":false,"update_date":"2026-01-28T23:11:14","atum_locations":[],"atum_stock_status":"outofstock","restock_status":false,"low_stock_amount":"","sales_update_date":"2026-01-28T23:11:14","calc_backorders":null,"acf":{"publisher":{"ID":1474,"post_author":"1","post_date":"2021-02-17 01:12:51","post_date_gmt":"2021-02-16 23:12:51","post_content":"","post_title":"Th\u00e1i H\u00e0","post_excerpt":"","post_status":"publish","comment_status":"closed","ping_status":"closed","post_password":"","post_name":"thai-ha","to_ping":"","pinged":"","post_modified":"2021-02-17 01:12:51","post_modified_gmt":"2021-02-16 23:12:51","post_content_filtered":"","post_parent":0,"guid":"https:\/\/sachviet.eu\/nha-phat-hanh\/thai-ha\/","menu_order":0,"post_type":"publisher","post_mime_type":"","comment_count":"0","filter":"raw"}},"_links":{"self":[{"href":"https:\/\/sachviet.eu\/en\/wp-json\/wp\/v2\/product\/23329","targetHints":{"allow":["GET"]}}],"collection":[{"href":"https:\/\/sachviet.eu\/en\/wp-json\/wp\/v2\/product"}],"about":[{"href":"https:\/\/sachviet.eu\/en\/wp-json\/wp\/v2\/types\/product"}],"wp:featuredmedia":[{"embeddable":true,"href":"https:\/\/sachviet.eu\/en\/wp-json\/wp\/v2\/media\/23328"}],"wp:attachment":[{"href":"https:\/\/sachviet.eu\/en\/wp-json\/wp\/v2\/media?parent=23329"}],"wp:term":[{"taxonomy":"product_brand","embeddable":true,"href":"https:\/\/sachviet.eu\/en\/wp-json\/wp\/v2\/product_brand?post=23329"},{"taxonomy":"product_cat","embeddable":true,"href":"https:\/\/sachviet.eu\/en\/wp-json\/wp\/v2\/product_cat?post=23329"},{"taxonomy":"product_tag","embeddable":true,"href":"https:\/\/sachviet.eu\/en\/wp-json\/wp\/v2\/product_tag?post=23329"}],"curies":[{"name":"wp","href":"https:\/\/api.w.org\/{rel}","templated":true}]}}