{"id":23327,"date":"2023-04-04T22:36:29","date_gmt":"2023-04-04T19:36:29","guid":{"rendered":"https:\/\/sachviet.eu\/shop\/su-tich-chim-bay-mau\/"},"modified":"2023-06-12T21:20:35","modified_gmt":"2023-06-12T18:20:35","slug":"su-tich-chim-bay-mau","status":"publish","type":"product","link":"https:\/\/sachviet.eu\/en\/shop\/su-tich-chim-bay-mau\/","title":{"rendered":"S\u1ef0 T\u00cdCH CHIM B\u1ea2Y M\u00c0U"},"content":{"rendered":"<p>\u0110\u00e2y l\u00e0 m\u1ed9t c\u00e2u chuy\u1ec7n c\u1ed5 t\u00edch m\u00e0 b\u1ea1n ch\u01b0a t\u1eebng bi\u1ebft \u0111\u1ebfn. C\u00e2u chuy\u1ec7n l\u00ed gi\u1ea3i v\u00ec sao c\u00e1c lo\u00e0i chim l\u1ea1i c\u00f3 nh\u1eefng b\u1ed9 l\u00f4ng \u0111\u1eb9p \u0111\u1ebd kh\u00e1c nhau v\u00e0 \u0111i\u1ec1u g\u00ec \u0111\u00e3 t\u1ea1o n\u00ean v\u1ebb \u0111\u1eb9p \u0111\u00f3 cho ch\u00fang.<\/p>\n<p>Ch\u00fa chim s\u1ebb b\u00e9 nh\u1ecf kho\u00e1c b\u1ed9 l\u00f4ng x\u00e1m x\u1ecbt nh\u01b0 m\u00e0u \u0111\u00e1, ch\u00fa ao \u01b0\u1edbc c\u00f3 b\u1ed9 l\u00f4ng r\u1ef1c r\u1ee1, nh\u01b0ng c\u00e1c lo\u00e0i chim kh\u00e1c \u0111\u00e3 nhanh nh\u1ea3u ch\u1ecdn h\u1ebft c\u00e1c m\u00e0u s\u1eafc. Ch\u00fa ki\u00ean nh\u1eabn ch\u1edd \u0111\u1ee3i, nh\u1eabn n\u1ea1i x\u1ebfp h\u00e0ng ch\u1edd \u0111\u1ebfn l\u01b0\u1ee3t m\u00e0 cu\u1ed1i c\u00f9ng l\u1ea1i v\u1eabn ph\u1ea3i mang b\u1ed9 l\u00f4ng m\u00e0u x\u00e1m x\u1ecbt sao?<\/p>\n<p>C\u00e2u chuy\u1ec7n c\u1ed5 t\u00edch g\u1eedi \u0111\u1ebfn b\u00e9 nh\u1eefng b\u00e0i h\u1ecdc b\u1ed5 \u00edch x\u00e2y d\u1ef1ng m\u1ed1i quan h\u1ec7 v\u1edbi b\u1ea1n b\u00e8 t\u1eeb n\u1ec1n t\u1ea3ng nh\u1eefng \u0111\u1ee9c t\u00ednh t\u1ed1t, \u0111\u00f3 l\u00e0 l\u00f2ng ki\u00ean nh\u1eabn, bi\u1ebft t\u00f4n tr\u1ecdng, l\u1eafng nghe, bi\u1ebft nh\u1eadn l\u1ed7i v\u00e0 s\u1eeda sai&#8230; c\u00f3 \u0111\u01b0\u1ee3c nh\u1eefng \u0111\u1ee9c t\u00ednh t\u1ed1t \u0111\u00f3 s\u1ebd l\u00e0m cho t\u1ea5t c\u1ea3 tr\u1edf n\u00ean \u0111\u1eb9p \u0111\u1ebd nh\u01b0 b\u1ed9 l\u00f4ng c\u1ee7a Chim B\u1ea3y M\u00e0u.<\/p>\n<p>Th\u1ebf gi\u1edbi lo\u00e0i chim r\u1ef1c r\u1ee1, sinh \u0111\u1ed9ng qua tranh minh h\u1ecda 4 m\u00e0u \u0111\u1eb9p v\u00e0 \u1ea5n t\u01b0\u1ee3ng. S\u00e1ch kh\u1ed5 l\u1edbn, gi\u1ea5y b\u00f3ng l\u00e1ng s\u1ebd cho b\u1ea1n m\u1ed9t tr\u1ea3i nghi\u1ec7m \u0111\u1ecdc s\u00e1ch vui th\u00edch v\u00e0 b\u1ed5 \u00edch.<\/p>\n","protected":false},"excerpt":{"rendered":"<p>\u0110\u00e2y l\u00e0 m\u1ed9t c\u00e2u chuy\u1ec7n c\u1ed5 t\u00edch m\u00e0 b\u1ea1n ch\u01b0a t\u1eebng bi\u1ebft \u0111\u1ebfn. C\u00e2u chuy\u1ec7n l\u00ed gi\u1ea3i v\u00ec sao c\u00e1c lo\u00e0i chim l\u1ea1i c\u00f3 nh\u1eefng b\u1ed9 l\u00f4ng \u0111\u1eb9p \u0111\u1ebd kh\u00e1c nhau v\u00e0 \u0111i\u1ec1u g\u00ec \u0111\u00e3 t\u1ea1o n\u00ean v\u1ebb \u0111\u1eb9p \u0111\u00f3 cho ch\u00fang.<\/p>\n<p>Ch\u00fa chim s\u1ebb b\u00e9 nh\u1ecf kho\u00e1c b\u1ed9 l\u00f4ng x\u00e1m x\u1ecbt nh\u01b0 m\u00e0u \u0111\u00e1, ch\u00fa ao \u01b0\u1edbc c\u00f3 b\u1ed9 l\u00f4ng r\u1ef1c r\u1ee1, nh\u01b0ng c\u00e1c lo\u00e0i chim kh\u00e1c \u0111\u00e3 nhanh nh\u1ea3u ch\u1ecdn h\u1ebft c\u00e1c m\u00e0u s\u1eafc. Ch\u00fa ki\u00ean nh\u1eabn ch\u1edd \u0111\u1ee3i, nh\u1eabn n\u1ea1i x\u1ebfp h\u00e0ng ch\u1edd \u0111\u1ebfn l\u01b0\u1ee3t m\u00e0 cu\u1ed1i c\u00f9ng l\u1ea1i v\u1eabn ph\u1ea3i mang b\u1ed9 l\u00f4ng m\u00e0u x\u00e1m x\u1ecbt sao?<\/p>\n<p>C\u00e2u chuy\u1ec7n c\u1ed5 t\u00edch g\u1eedi \u0111\u1ebfn b\u00e9 nh\u1eefng b\u00e0i h\u1ecdc b\u1ed5 \u00edch x\u00e2y d\u1ef1ng m\u1ed1i quan h\u1ec7 v\u1edbi b\u1ea1n b\u00e8 t\u1eeb n\u1ec1n t\u1ea3ng nh\u1eefng \u0111\u1ee9c t\u00ednh t\u1ed1t, \u0111\u00f3 l\u00e0 l\u00f2ng ki\u00ean nh\u1eabn, bi\u1ebft t\u00f4n tr\u1ecdng, l\u1eafng nghe, bi\u1ebft nh\u1eadn l\u1ed7i v\u00e0 s\u1eeda sai&#8230; c\u00f3 \u0111\u01b0\u1ee3c nh\u1eefng \u0111\u1ee9c t\u00ednh t\u1ed1t \u0111\u00f3 s\u1ebd l\u00e0m cho t\u1ea5t c\u1ea3 tr\u1edf n\u00ean \u0111\u1eb9p \u0111\u1ebd nh\u01b0 b\u1ed9 l\u00f4ng c\u1ee7a Chim B\u1ea3y M\u00e0u.<\/p>\n<p>Th\u1ebf gi\u1edbi lo\u00e0i chim r\u1ef1c r\u1ee1, sinh \u0111\u1ed9ng qua tranh minh h\u1ecda 4 m\u00e0u \u0111\u1eb9p v\u00e0 \u1ea5n t\u01b0\u1ee3ng. S\u00e1ch kh\u1ed5 l\u1edbn, gi\u1ea5y b\u00f3ng l\u00e1ng s\u1ebd cho b\u1ea1n m\u1ed9t tr\u1ea3i nghi\u1ec7m \u0111\u1ecdc s\u00e1ch vui th\u00edch v\u00e0 b\u1ed5 \u00edch.<\/p>\n","protected":false},"featured_media":23326,"template":"","meta":{"_acf_changed":false},"product_brand":[],"product_cat":[25,17,26],"product_tag":[83],"class_list":{"0":"post-23327","1":"product","2":"type-product","3":"status-publish","4":"has-post-thumbnail","6":"product_cat-nhi-dong-6-tuoi-12-tuoi","7":"product_cat-sach-danh-cho-cac-be","8":"product_cat-thieu-nien-11-tuoi-18-tuoi","9":"product_tag-sach-moi-xuat-ban","11":"first","12":"instock","13":"taxable","14":"shipping-taxable","15":"purchasable","16":"product-type-simple"},"supplier_id":null,"supplier_sku":"","barcode":null,"atum_controlled":true,"out_stock_date":null,"out_stock_threshold":null,"inheritable":false,"inbound_stock":0,"stock_on_hold":0,"sold_today":0,"sales_last_days":0,"reserved_stock":0,"customer_returns":0,"warehouse_damage":0,"lost_in_post":0,"other_logs":0,"out_stock_days":0,"lost_sales":0,"has_location":false,"update_date":"2026-01-28T23:11:14","atum_locations":[],"atum_stock_status":"instock","restock_status":false,"low_stock_amount":"","sales_update_date":"2026-01-28T23:11:14","calc_backorders":null,"acf":{"publisher":{"ID":1454,"post_author":"1","post_date":"2021-02-17 01:11:34","post_date_gmt":"2021-02-16 23:11:34","post_content":"<!-- wp:flatsome\/uxbuilder -->\n<h1 style=\"text-align: center;\"><strong>Kim \u0110\u1ed3ng<\/strong><\/h1>\n[row]\n\n[col span=\"3\" span__sm=\"12\"]\n\n[ux_image id=\"1534\" image_size=\"medium\"]\n\n\n[\/col]\n[col span=\"9\" span__sm=\"12\"]\n\n<p>Nh\u00e0 xu\u1ea5t b\u1ea3n Kim \u0110\u1ed3ng tr\u1ef1c thu\u1ed9c Trung \u01b0\u01a1ng \u0110o\u00e0n TNCS H\u1ed3 Ch\u00ed Minh l\u00e0 Nh\u00e0 xu\u1ea5t b\u1ea3n t\u1ed5ng h\u1ee3p c\u00f3 ch\u1ee9c n\u0103ng xu\u1ea5t b\u1ea3n s\u00e1ch v\u00e0 v\u0103n h\u00f3a ph\u1ea9m ph\u1ee5c v\u1ee5 thi\u1ebfu nhi v\u00e0 c\u00e1c b\u1eadc ph\u1ee5 huynh trong c\u1ea3 n\u01b0\u1edbc, qu\u1ea3ng b\u00e1 v\u00e0 gi\u1edbi thi\u1ec7u v\u0103n h\u00f3a Vi\u1ec7t Nam ra th\u1ebf gi\u1edbi.<br \/>Nh\u00e0 xu\u1ea5t b\u1ea3n c\u00f3 nhi\u1ec7m v\u1ee5 t\u1ed5 ch\u1ee9c b\u1ea3n th\u1ea3o, bi\u00ean so\u1ea1n, bi\u00ean d\u1ecbch, xu\u1ea5t b\u1ea3n v\u00e0 ph\u00e1t h\u00e0nh c\u00e1c xu\u1ea5t b\u1ea3n ph\u1ea9m c\u00f3 n\u1ed9i dung: gi\u00e1o d\u1ee5c truy\u1ec1n th\u1ed1ng d\u00e2n t\u1ed9c, gi\u00e1o d\u1ee5c v\u1ec1 tri th\u1ee9c, ki\u1ebfn th\u1ee9c\u2026 tr\u00ean c\u00e1c l\u0129nh v\u1ef1c v\u0103n h\u1ecdc, ngh\u1ec7 thu\u1eadt, khoa h\u1ecdc k\u1ef9 thu\u1eadt nh\u1eb1m cung c\u1ea5p cho c\u00e1c em thi\u1ebfu nhi c\u0169ng nh\u01b0 c\u00e1c b\u1eadc ph\u1ee5 huynh c\u00e1c ki\u1ebfn th\u1ee9c c\u1ea7n thi\u1ebft trong cu\u1ed9c s\u1ed1ng, nh\u1eefng tinh hoa c\u1ee7a tri th\u1ee9c nh\u00e2n lo\u1ea1i nh\u1eb1m g\u00f3p ph\u1ea7n gi\u00e1o d\u1ee5c v\u00e0 h\u00ecnh th\u00e0nh nh\u00e2n c\u00e1ch th\u1ebf h\u1ec7 tr\u1ebb.<br \/>\u0110\u1ed1i t\u01b0\u1ee3ng ph\u1ee5c v\u1ee5 c\u1ee7a Nh\u00e0 xu\u1ea5t b\u1ea3n l\u00e0 c\u00e1c em t\u1eeb tu\u1ed5i nh\u00e0 tr\u1ebb m\u1eabu gi\u00e1o (1 \u0111\u1ebfn 5 tu\u1ed5i), nhi \u0111\u1ed3ng (6 \u0111\u1ebfn 9 tu\u1ed5i), thi\u1ebfu ni\u00ean (10 \u0111\u1ebfn 15 tu\u1ed5i) \u0111\u1ebfn c\u00e1c em tu\u1ed5i m\u1edbi l\u1edbn (16 \u0111\u1ebfn 18 tu\u1ed5i) v\u00e0 c\u00e1c b\u1eadc ph\u1ee5 huynh.<\/p>\n\n[\/col]\n\n[\/row]\n\n<!-- \/wp:flatsome\/uxbuilder -->","post_title":"Kim \u0110\u1ed3ng","post_excerpt":"","post_status":"publish","comment_status":"closed","ping_status":"closed","post_password":"","post_name":"kim-dong","to_ping":"","pinged":"","post_modified":"2021-02-17 01:31:56","post_modified_gmt":"2021-02-16 23:31:56","post_content_filtered":"","post_parent":0,"guid":"https:\/\/sachviet.eu\/nha-phat-hanh\/kim-dong\/","menu_order":0,"post_type":"publisher","post_mime_type":"","comment_count":"0","filter":"raw"}},"_links":{"self":[{"href":"https:\/\/sachviet.eu\/en\/wp-json\/wp\/v2\/product\/23327","targetHints":{"allow":["GET"]}}],"collection":[{"href":"https:\/\/sachviet.eu\/en\/wp-json\/wp\/v2\/product"}],"about":[{"href":"https:\/\/sachviet.eu\/en\/wp-json\/wp\/v2\/types\/product"}],"wp:featuredmedia":[{"embeddable":true,"href":"https:\/\/sachviet.eu\/en\/wp-json\/wp\/v2\/media\/23326"}],"wp:attachment":[{"href":"https:\/\/sachviet.eu\/en\/wp-json\/wp\/v2\/media?parent=23327"}],"wp:term":[{"taxonomy":"product_brand","embeddable":true,"href":"https:\/\/sachviet.eu\/en\/wp-json\/wp\/v2\/product_brand?post=23327"},{"taxonomy":"product_cat","embeddable":true,"href":"https:\/\/sachviet.eu\/en\/wp-json\/wp\/v2\/product_cat?post=23327"},{"taxonomy":"product_tag","embeddable":true,"href":"https:\/\/sachviet.eu\/en\/wp-json\/wp\/v2\/product_tag?post=23327"}],"curies":[{"name":"wp","href":"https:\/\/api.w.org\/{rel}","templated":true}]}}