{"id":23323,"date":"2023-04-04T22:36:17","date_gmt":"2023-04-04T19:36:17","guid":{"rendered":"https:\/\/sachviet.eu\/shop\/horrible-science-toan-hoc-doc-dao-vo-cung-tron-bo-2-cuon-tap-1-va-tap-2\/"},"modified":"2025-09-10T21:39:11","modified_gmt":"2025-09-10T18:39:11","slug":"horrible-science-toan-hoc-doc-dao-vo-cung-tron-bo-2-cuon-tap-1-va-tap-2","status":"publish","type":"product","link":"https:\/\/sachviet.eu\/en\/shop\/horrible-science-toan-hoc-doc-dao-vo-cung-tron-bo-2-cuon-tap-1-va-tap-2\/","title":{"rendered":"Horrible Science &#8211; To\u00e1n H\u1ecdc \u0110\u1ed9c \u0110\u00e1o V\u00f4 C\u00f9ng &#8211; Tr\u1ecdn b\u1ed9 2 cu\u1ed1n t\u1eadp 1 v\u00e0 t\u1eadp 2"},"content":{"rendered":"<p>\u0110\u00e3 c\u00f3 ai ch\u1ec9 cho b\u1ea1n th\u1ea5y r\u1eb1ng, to\u00e1n h\u1ecdc l\u00e0 m\u1ed9t c\u00e2u chuy\u1ec7n h\u1ed3i h\u1ed9p v\u00e0 l\u00fd th\u00fa ch\u01b0a? Th\u00ec \u0111\u00e2y, b\u1ea1n h\u00e3y \u0111\u1ecdc cu\u1ed1n s\u00e1ch n\u00e0y! Nh\u1eefng trang minh ho\u1ea1 h\u00e0i h\u01b0\u1edbc, c\u00e1c c\u00e2u h\u1ecfi tinh ranh v\u00e0 nh\u1eefng c\u00e2u chuy\u1ec7n kh\u00f3 l\u00f2ng tin n\u1ed5i s\u1ebd ch\u1ec9 cho b\u1ea1n th\u1ea5y kh\u00eda c\u1ea1nh h\u1ea5p d\u1eabn c\u1ee7a m\u00f4n to\u00e1n h\u1ecdc. M\u00e0 kh\u00f4ng h\u1ec1 c\u00f3 b\u00e0i t\u1eadp nh\u00e0m ch\u00e1n n\u00e0o \u0111i k\u00e8m theo! H\u1ee9a ch\u1eafc ch\u1eafn v\u1edbi b\u1ea1n nh\u01b0 th\u1ebf!<\/p>\n","protected":false},"excerpt":{"rendered":"<p>\u0110\u00e3 c\u00f3 ai ch\u1ec9 cho b\u1ea1n th\u1ea5y r\u1eb1ng, to\u00e1n h\u1ecdc l\u00e0 m\u1ed9t c\u00e2u chuy\u1ec7n h\u1ed3i h\u1ed9p v\u00e0 l\u00fd th\u00fa ch\u01b0a? Th\u00ec \u0111\u00e2y, b\u1ea1n h\u00e3y \u0111\u1ecdc cu\u1ed1n s\u00e1ch n\u00e0y! Nh\u1eefng trang minh ho\u1ea1 h\u00e0i h\u01b0\u1edbc, c\u00e1c c\u00e2u h\u1ecfi tinh ranh v\u00e0 nh\u1eefng c\u00e2u chuy\u1ec7n kh\u00f3 l\u00f2ng tin n\u1ed5i s\u1ebd ch\u1ec9 cho b\u1ea1n th\u1ea5y kh\u00eda c\u1ea1nh h\u1ea5p d\u1eabn c\u1ee7a m\u00f4n to\u00e1n h\u1ecdc. M\u00e0 kh\u00f4ng h\u1ec1 c\u00f3 b\u00e0i t\u1eadp nh\u00e0m ch\u00e1n n\u00e0o \u0111i k\u00e8m theo! H\u1ee9a ch\u1eafc ch\u1eafn v\u1edbi b\u1ea1n nh\u01b0 th\u1ebf!<\/p>\n","protected":false},"featured_media":23322,"template":"","meta":{"_acf_changed":false},"product_brand":[],"product_cat":[20,25,17,26],"product_tag":[83],"class_list":{"0":"post-23323","1":"product","2":"type-product","3":"status-publish","4":"has-post-thumbnail","6":"product_cat-be-vua-hoc-vua-choi","7":"product_cat-nhi-dong-6-tuoi-12-tuoi","8":"product_cat-sach-danh-cho-cac-be","9":"product_cat-thieu-nien-11-tuoi-18-tuoi","10":"product_tag-sach-moi-xuat-ban","12":"first","13":"instock","14":"taxable","15":"shipping-taxable","16":"purchasable","17":"product-type-simple"},"supplier_id":null,"supplier_sku":"","barcode":null,"atum_controlled":true,"out_stock_date":null,"out_stock_threshold":null,"inheritable":false,"inbound_stock":0,"stock_on_hold":0,"sold_today":0,"sales_last_days":0,"reserved_stock":0,"customer_returns":0,"warehouse_damage":0,"lost_in_post":0,"other_logs":0,"out_stock_days":0,"lost_sales":0,"has_location":false,"update_date":"2026-01-28T23:11:31","atum_locations":[],"atum_stock_status":"instock","restock_status":false,"low_stock_amount":"","sales_update_date":"2026-01-28T23:11:31","calc_backorders":null,"acf":{"publisher":{"ID":1517,"post_author":"1","post_date":"2021-02-17 01:14:41","post_date_gmt":"2021-02-16 23:14:41","post_content":"","post_title":"NXB Tr\u1ebb","post_excerpt":"","post_status":"publish","comment_status":"closed","ping_status":"closed","post_password":"","post_name":"nxb-tre","to_ping":"","pinged":"","post_modified":"2021-02-17 01:14:41","post_modified_gmt":"2021-02-16 23:14:41","post_content_filtered":"","post_parent":0,"guid":"https:\/\/sachviet.eu\/nha-phat-hanh\/nxb-tre\/","menu_order":0,"post_type":"publisher","post_mime_type":"","comment_count":"0","filter":"raw"}},"_links":{"self":[{"href":"https:\/\/sachviet.eu\/en\/wp-json\/wp\/v2\/product\/23323","targetHints":{"allow":["GET"]}}],"collection":[{"href":"https:\/\/sachviet.eu\/en\/wp-json\/wp\/v2\/product"}],"about":[{"href":"https:\/\/sachviet.eu\/en\/wp-json\/wp\/v2\/types\/product"}],"wp:featuredmedia":[{"embeddable":true,"href":"https:\/\/sachviet.eu\/en\/wp-json\/wp\/v2\/media\/23322"}],"wp:attachment":[{"href":"https:\/\/sachviet.eu\/en\/wp-json\/wp\/v2\/media?parent=23323"}],"wp:term":[{"taxonomy":"product_brand","embeddable":true,"href":"https:\/\/sachviet.eu\/en\/wp-json\/wp\/v2\/product_brand?post=23323"},{"taxonomy":"product_cat","embeddable":true,"href":"https:\/\/sachviet.eu\/en\/wp-json\/wp\/v2\/product_cat?post=23323"},{"taxonomy":"product_tag","embeddable":true,"href":"https:\/\/sachviet.eu\/en\/wp-json\/wp\/v2\/product_tag?post=23323"}],"curies":[{"name":"wp","href":"https:\/\/api.w.org\/{rel}","templated":true}]}}