{"id":23321,"date":"2023-04-04T22:36:11","date_gmt":"2023-04-04T19:36:11","guid":{"rendered":"https:\/\/sachviet.eu\/shop\/combo-6-cuon-truong-hoc-cua-gau\/"},"modified":"2023-04-05T00:09:07","modified_gmt":"2023-04-04T21:09:07","slug":"combo-6-cuon-truong-hoc-cua-gau","status":"publish","type":"product","link":"https:\/\/sachviet.eu\/en\/shop\/combo-6-cuon-truong-hoc-cua-gau\/","title":{"rendered":"Combo 6 cu\u1ed1n &#8211; Tr\u01b0\u1eddng H\u1ecdc C\u1ee7a G\u1ea5u"},"content":{"rendered":"<p>H\u00f4m nay l\u00e0 sinh nh\u1eadt c\u1ee7a Jackie \u2013 c\u00f4 b\u00e9 g\u1ea5u \u0111\u00e1ng y\u00eau c\u1ee7a 11 g\u1ea5u anh. M\u1ed7i ch\u00fa g\u1ea5u \u0111\u1ec1u \u0111ang h\u00e1o h\u1ee9c chu\u1ea9n b\u1ecb cho Jackie b\u1eefa ti\u1ec7c sinh nh\u1eadt tuy\u1ec7t nh\u1ea5t tr\u1ea7n \u0111\u1eddi. Th\u1ebf nh\u01b0ng nh\u00ecn Jackie m\u1edbi m\u1ec7t m\u1ecfi l\u00e0m sao. Li\u1ec7u b\u1eefa ti\u1ec7c c\u00f3 th\u00e0nh c\u00f4ng kh\u00f4ng nh\u1ec9?<\/p>\n<p>TR\u01af\u1edcNG H\u1eccC C\u1ee6A G\u1ea4U l\u00e0 m\u1ed9t trong nh\u1eefng series truy\u1ec7n Ehon Nh\u1eadt B\u1ea3n \u0111\u01b0\u1ee3c y\u00eau th\u00edch t\u1ea1i r\u1ea5t nhi\u1ec1u qu\u1ed1c gia. B\u1ed9 s\u00e1ch k\u1ec3 v\u1ec1 12 anh em nh\u00e0 g\u1ea5u, trong \u0111\u00f3 nh\u1eefng c\u00e2u chuy\u1ec7n ng\u1ed9 ngh\u0129nh, \u0111\u00e1ng y\u00eau lu\u00f4n xoay quanh Jackie \u2013 c\u00f4 b\u00e9 g\u1ea5u duy nh\u1ea5t trong 12 anh em. Jackie lu\u00f4n ch\u0103m lo cho c\u00e1c anh, nh\u01b0ng c\u00f4 b\u00e9 c\u0169ng r\u1ea5t tinh ngh\u1ecbch, l\u00e1u l\u1ec9nh v\u00e0 c\u0169ng \u201cm\u00edt \u01b0\u1edbt\u201d n\u1eefa. H\u00e3y c\u00f9ng theo d\u00f5i nh\u1eefng c\u00e2u chuy\u1ec7n nh\u1ecf \u0111\u00e1ng y\u00eau c\u1ee7a 12 b\u1ea1n g\u1ea5u n\u00e0y nh\u00e9!<\/p>\n<p>B\u1ed9 truy\u1ec7n do nh\u00e0 v\u0103n Aihara Hiroyuki vi\u1ebft l\u1eddi, \u00f4ng l\u00e0 t\u00e1c gi\u1ea3 c\u1ee7a h\u01a1n 100 cu\u1ed1n Ehon v\u00e0 truy\u1ec7n \u0111\u1ed3ng tho\u1ea1i \u0111\u01b0\u1ee3c y\u00eau th\u00edch t\u1ea1i Nh\u1eadt B\u1ea3n.<\/p>\n<p>C\u00f9ng t\u00ecm \u0111\u1ecdc b\u1ed9 tranh truy\u1ec7n Ehon Tr\u01b0\u1eddng H\u1ecdc C\u1ee7a G\u1ea5u (6 cu\u1ed1n):<\/p>\n<p>Tr\u01b0\u1eddng H\u1ecdc C\u1ee7a G\u1ea5u<\/p>\n<p>Tr\u01b0\u1eddng H\u1ecdc C\u1ee7a G\u1ea5u_Ti\u1ec7m B\u00e1nh C\u1ee7a Jackie<\/p>\n<p>Tr\u01b0\u1eddng H\u1ecdc C\u1ee7a G\u1ea5u_Jackie \u0110\u1ea1p Xe \u0110i D\u1ea1o<\/p>\n<p>Tr\u01b0\u1eddng H\u1ecdc C\u1ee7a G\u1ea5u_Jackie Gi\u1eb7t Qu\u1ea7n \u00c1o<\/p>\n<p>Tr\u01b0\u1eddng H\u1ecdc C\u1ee7a G\u1ea5u_Sinh Nh\u1eadt C\u1ee7a Jackie<\/p>\n<p>Tr\u01b0\u1eddng H\u1ecdc C\u1ee7a G\u1ea5u_B\u1ea1n Th\u00e2n C\u1ee7a Jackie<\/p>\n","protected":false},"excerpt":{"rendered":"<p>H\u00f4m nay l\u00e0 sinh nh\u1eadt c\u1ee7a Jackie \u2013 c\u00f4 b\u00e9 g\u1ea5u \u0111\u00e1ng y\u00eau c\u1ee7a 11 g\u1ea5u anh. M\u1ed7i ch\u00fa g\u1ea5u \u0111\u1ec1u \u0111ang h\u00e1o h\u1ee9c chu\u1ea9n b\u1ecb cho Jackie b\u1eefa ti\u1ec7c sinh nh\u1eadt tuy\u1ec7t nh\u1ea5t tr\u1ea7n \u0111\u1eddi. Th\u1ebf nh\u01b0ng nh\u00ecn Jackie m\u1edbi m\u1ec7t m\u1ecfi l\u00e0m sao. Li\u1ec7u b\u1eefa ti\u1ec7c c\u00f3 th\u00e0nh c\u00f4ng kh\u00f4ng nh\u1ec9?<\/p>\n<p>TR\u01af\u1edcNG H\u1eccC C\u1ee6A G\u1ea4U l\u00e0 m\u1ed9t trong nh\u1eefng series truy\u1ec7n Ehon Nh\u1eadt B\u1ea3n \u0111\u01b0\u1ee3c y\u00eau th\u00edch t\u1ea1i r\u1ea5t nhi\u1ec1u qu\u1ed1c gia. B\u1ed9 s\u00e1ch k\u1ec3 v\u1ec1 12 anh em nh\u00e0 g\u1ea5u, trong \u0111\u00f3 nh\u1eefng c\u00e2u chuy\u1ec7n ng\u1ed9 ngh\u0129nh, \u0111\u00e1ng y\u00eau lu\u00f4n xoay quanh Jackie \u2013 c\u00f4 b\u00e9 g\u1ea5u duy nh\u1ea5t trong 12 anh em. Jackie lu\u00f4n ch\u0103m lo cho c\u00e1c anh, nh\u01b0ng c\u00f4 b\u00e9 c\u0169ng r\u1ea5t tinh ngh\u1ecbch, l\u00e1u l\u1ec9nh v\u00e0 c\u0169ng \u201cm\u00edt \u01b0\u1edbt\u201d n\u1eefa. H\u00e3y c\u00f9ng theo d\u00f5i nh\u1eefng c\u00e2u chuy\u1ec7n nh\u1ecf \u0111\u00e1ng y\u00eau c\u1ee7a 12 b\u1ea1n g\u1ea5u n\u00e0y nh\u00e9!<\/p>\n<p>B\u1ed9 truy\u1ec7n do nh\u00e0 v\u0103n Aihara Hiroyuki vi\u1ebft l\u1eddi, \u00f4ng l\u00e0 t\u00e1c gi\u1ea3 c\u1ee7a h\u01a1n 100 cu\u1ed1n Ehon v\u00e0 truy\u1ec7n \u0111\u1ed3ng tho\u1ea1i \u0111\u01b0\u1ee3c y\u00eau th\u00edch t\u1ea1i Nh\u1eadt B\u1ea3n.<\/p>\n<p>C\u00f9ng t\u00ecm \u0111\u1ecdc b\u1ed9 tranh truy\u1ec7n Ehon Tr\u01b0\u1eddng H\u1ecdc C\u1ee7a G\u1ea5u (6 cu\u1ed1n):<\/p>\n<p>Tr\u01b0\u1eddng H\u1ecdc C\u1ee7a G\u1ea5u<\/p>\n<p>Tr\u01b0\u1eddng H\u1ecdc C\u1ee7a G\u1ea5u_Ti\u1ec7m B\u00e1nh C\u1ee7a Jackie<\/p>\n<p>Tr\u01b0\u1eddng H\u1ecdc C\u1ee7a G\u1ea5u_Jackie \u0110\u1ea1p Xe \u0110i D\u1ea1o<\/p>\n<p>Tr\u01b0\u1eddng H\u1ecdc C\u1ee7a G\u1ea5u_Jackie Gi\u1eb7t Qu\u1ea7n \u00c1o<\/p>\n<p>Tr\u01b0\u1eddng H\u1ecdc C\u1ee7a G\u1ea5u_Sinh Nh\u1eadt C\u1ee7a Jackie<\/p>\n<p>Tr\u01b0\u1eddng H\u1ecdc C\u1ee7a G\u1ea5u_B\u1ea1n Th\u00e2n C\u1ee7a Jackie<\/p>\n","protected":false},"featured_media":23320,"template":"","meta":{"_acf_changed":false},"product_brand":[],"product_cat":[24,25,17,26],"product_tag":[83],"class_list":{"0":"post-23321","1":"product","2":"type-product","3":"status-publish","4":"has-post-thumbnail","6":"product_cat-nha-tre-mau-giao-0-tuoi-6-tuoi","7":"product_cat-nhi-dong-6-tuoi-12-tuoi","8":"product_cat-sach-danh-cho-cac-be","9":"product_cat-thieu-nien-11-tuoi-18-tuoi","10":"product_tag-sach-moi-xuat-ban","12":"first","13":"instock","14":"taxable","15":"shipping-taxable","16":"purchasable","17":"product-type-simple"},"supplier_id":null,"supplier_sku":"","barcode":null,"atum_controlled":true,"out_stock_date":null,"out_stock_threshold":null,"inheritable":false,"inbound_stock":0,"stock_on_hold":0,"sold_today":0,"sales_last_days":0,"reserved_stock":0,"customer_returns":0,"warehouse_damage":0,"lost_in_post":0,"other_logs":0,"out_stock_days":0,"lost_sales":0,"has_location":false,"update_date":"2026-01-28T23:11:14","atum_locations":[],"atum_stock_status":"instock","restock_status":false,"low_stock_amount":"","sales_update_date":"2026-01-28T23:11:14","calc_backorders":null,"acf":{"publisher":{"ID":1454,"post_author":"1","post_date":"2021-02-17 01:11:34","post_date_gmt":"2021-02-16 23:11:34","post_content":"<!-- wp:flatsome\/uxbuilder -->\n<h1 style=\"text-align: center;\"><strong>Kim \u0110\u1ed3ng<\/strong><\/h1>\n[row]\n\n[col span=\"3\" span__sm=\"12\"]\n\n[ux_image id=\"1534\" image_size=\"medium\"]\n\n\n[\/col]\n[col span=\"9\" span__sm=\"12\"]\n\n<p>Nh\u00e0 xu\u1ea5t b\u1ea3n Kim \u0110\u1ed3ng tr\u1ef1c thu\u1ed9c Trung \u01b0\u01a1ng \u0110o\u00e0n TNCS H\u1ed3 Ch\u00ed Minh l\u00e0 Nh\u00e0 xu\u1ea5t b\u1ea3n t\u1ed5ng h\u1ee3p c\u00f3 ch\u1ee9c n\u0103ng xu\u1ea5t b\u1ea3n s\u00e1ch v\u00e0 v\u0103n h\u00f3a ph\u1ea9m ph\u1ee5c v\u1ee5 thi\u1ebfu nhi v\u00e0 c\u00e1c b\u1eadc ph\u1ee5 huynh trong c\u1ea3 n\u01b0\u1edbc, qu\u1ea3ng b\u00e1 v\u00e0 gi\u1edbi thi\u1ec7u v\u0103n h\u00f3a Vi\u1ec7t Nam ra th\u1ebf gi\u1edbi.<br \/>Nh\u00e0 xu\u1ea5t b\u1ea3n c\u00f3 nhi\u1ec7m v\u1ee5 t\u1ed5 ch\u1ee9c b\u1ea3n th\u1ea3o, bi\u00ean so\u1ea1n, bi\u00ean d\u1ecbch, xu\u1ea5t b\u1ea3n v\u00e0 ph\u00e1t h\u00e0nh c\u00e1c xu\u1ea5t b\u1ea3n ph\u1ea9m c\u00f3 n\u1ed9i dung: gi\u00e1o d\u1ee5c truy\u1ec1n th\u1ed1ng d\u00e2n t\u1ed9c, gi\u00e1o d\u1ee5c v\u1ec1 tri th\u1ee9c, ki\u1ebfn th\u1ee9c\u2026 tr\u00ean c\u00e1c l\u0129nh v\u1ef1c v\u0103n h\u1ecdc, ngh\u1ec7 thu\u1eadt, khoa h\u1ecdc k\u1ef9 thu\u1eadt nh\u1eb1m cung c\u1ea5p cho c\u00e1c em thi\u1ebfu nhi c\u0169ng nh\u01b0 c\u00e1c b\u1eadc ph\u1ee5 huynh c\u00e1c ki\u1ebfn th\u1ee9c c\u1ea7n thi\u1ebft trong cu\u1ed9c s\u1ed1ng, nh\u1eefng tinh hoa c\u1ee7a tri th\u1ee9c nh\u00e2n lo\u1ea1i nh\u1eb1m g\u00f3p ph\u1ea7n gi\u00e1o d\u1ee5c v\u00e0 h\u00ecnh th\u00e0nh nh\u00e2n c\u00e1ch th\u1ebf h\u1ec7 tr\u1ebb.<br \/>\u0110\u1ed1i t\u01b0\u1ee3ng ph\u1ee5c v\u1ee5 c\u1ee7a Nh\u00e0 xu\u1ea5t b\u1ea3n l\u00e0 c\u00e1c em t\u1eeb tu\u1ed5i nh\u00e0 tr\u1ebb m\u1eabu gi\u00e1o (1 \u0111\u1ebfn 5 tu\u1ed5i), nhi \u0111\u1ed3ng (6 \u0111\u1ebfn 9 tu\u1ed5i), thi\u1ebfu ni\u00ean (10 \u0111\u1ebfn 15 tu\u1ed5i) \u0111\u1ebfn c\u00e1c em tu\u1ed5i m\u1edbi l\u1edbn (16 \u0111\u1ebfn 18 tu\u1ed5i) v\u00e0 c\u00e1c b\u1eadc ph\u1ee5 huynh.<\/p>\n\n[\/col]\n\n[\/row]\n\n<!-- \/wp:flatsome\/uxbuilder -->","post_title":"Kim \u0110\u1ed3ng","post_excerpt":"","post_status":"publish","comment_status":"closed","ping_status":"closed","post_password":"","post_name":"kim-dong","to_ping":"","pinged":"","post_modified":"2021-02-17 01:31:56","post_modified_gmt":"2021-02-16 23:31:56","post_content_filtered":"","post_parent":0,"guid":"https:\/\/sachviet.eu\/nha-phat-hanh\/kim-dong\/","menu_order":0,"post_type":"publisher","post_mime_type":"","comment_count":"0","filter":"raw"}},"_links":{"self":[{"href":"https:\/\/sachviet.eu\/en\/wp-json\/wp\/v2\/product\/23321","targetHints":{"allow":["GET"]}}],"collection":[{"href":"https:\/\/sachviet.eu\/en\/wp-json\/wp\/v2\/product"}],"about":[{"href":"https:\/\/sachviet.eu\/en\/wp-json\/wp\/v2\/types\/product"}],"wp:featuredmedia":[{"embeddable":true,"href":"https:\/\/sachviet.eu\/en\/wp-json\/wp\/v2\/media\/23320"}],"wp:attachment":[{"href":"https:\/\/sachviet.eu\/en\/wp-json\/wp\/v2\/media?parent=23321"}],"wp:term":[{"taxonomy":"product_brand","embeddable":true,"href":"https:\/\/sachviet.eu\/en\/wp-json\/wp\/v2\/product_brand?post=23321"},{"taxonomy":"product_cat","embeddable":true,"href":"https:\/\/sachviet.eu\/en\/wp-json\/wp\/v2\/product_cat?post=23321"},{"taxonomy":"product_tag","embeddable":true,"href":"https:\/\/sachviet.eu\/en\/wp-json\/wp\/v2\/product_tag?post=23321"}],"curies":[{"name":"wp","href":"https:\/\/api.w.org\/{rel}","templated":true}]}}