{"id":23319,"date":"2023-04-04T22:36:06","date_gmt":"2023-04-04T19:36:06","guid":{"rendered":"https:\/\/sachviet.eu\/shop\/thu-ngo-goi-ban-tre-viet-nam\/"},"modified":"2024-05-28T22:47:42","modified_gmt":"2024-05-28T19:47:42","slug":"thu-ngo-goi-ban-tre-viet-nam","status":"publish","type":"product","link":"https:\/\/sachviet.eu\/en\/shop\/thu-ngo-goi-ban-tre-viet-nam\/","title":{"rendered":"TH\u01af NG\u1ece G\u1edeI B\u1ea0N TR\u1eba VI\u1ec6T NAM"},"content":{"rendered":"<p>R\u1ed1t cu\u1ed9c th\u00ec m\u00ecnh \u0111\u00e3 t\u00ecm \u0111\u01b0\u1ee3c cu\u1ed1n s\u00e1ch v\u1ec1 l\u1ecbch s\u1eed Vi\u1ec7t Nam m\u00e0 m\u00ecnh th\u00edch nh\u1ea5t t\u1eeb tr\u01b0\u1edbc \u0111\u1ebfn gi\u1edd. L\u00ed do th\u00ec m\u00ecnh xin \u0111\u01b0\u1ee3c tr\u00ecnh b\u00e0y nh\u01b0 sau:<\/p>\n<p>&#8211; S\u00e1ch kh\u00f4ng ch\u1ec9 k\u1ec3 chuy\u1ec7n chi\u1ebfn tranh. \u0110\u00e0nh r\u1eb1ng l\u1ecbch s\u1eed Vi\u1ec7t Nam g\u1eafn li\u1ec1n v\u1edbi nh\u1eefng cu\u1ed9c chi\u1ebfn b\u1ea3o v\u1ec7 \u0111\u1ea5t n\u01b0\u1edbc, nh\u01b0ng r\u00f5 r\u00e0ng l\u1ecbch s\u1eed c\u1ee7a ch\u00fang ta kh\u00f4ng ch\u1ec9 c\u00f3 nh\u1eefng cu\u1ed9c chi\u1ebfn. Ch\u00fang ta c\u00f2n c\u00f3 \u0111\u1eddi s\u1ed1ng v\u0103n ho\u00e1 x\u00e3 h\u1ed9i, c\u00f3 n\u1ec1n gi\u00e1o d\u1ee5c, ngh\u1ec7 thu\u1eadt, t\u00f4n gi\u00e1o\u2026.. Cu\u1ed1n s\u00e1ch n\u00e0y \u0111\u00e3 kh\u00f4ng b\u1ecf qua nh\u1eefng th\u00f4ng tin \u0111\u00f3. M\u1eb7c d\u00f9 th\u00f4ng tin ch\u01b0a nhi\u1ec1u, ch\u01b0a \u201c\u0111\u00e3\u201d, m\u00ecnh v\u1eabn mu\u1ed1n \u0111\u1ecdc th\u00eam nghe th\u00eam v\u1ec1 \u0111\u1eddi s\u1ed1ng kinh t\u1ebf, gi\u00e1o d\u1ee5c, v\u0103n ho\u00e1, ngh\u1ec7 thu\u1eadt trong su\u1ed1t l\u1ecbch s\u1eed d\u1ef1ng n\u01b0\u1edbc, gi\u1eef n\u01b0\u1edbc, ki\u1ebfn thi\u1ebft \u0111\u1ea5t n\u01b0\u1edbc. D\u00f9 sao th\u00ec c\u00f3 c\u0169ng l\u00e0 \u0111\u00e1ng qu\u00fd r\u1ed3i.<\/p>\n<p>&#8211; S\u00e1ch d\u00e0nh nguy\u00ean m\u1ed9t ch\u01b0\u01a1ng \u0111\u1ec3 vi\u1ebft v\u1ec1 vi\u1ec7c gi\u1eef g\u00ecn ti\u1ebfng n\u00f3i v\u00e0 ch\u1eef vi\u1ebft \u201cCu\u1ed9c h\u00e0nh tr\u00ecnh phi th\u01b0\u1eddng c\u1ee7a ti\u1ebfng Vi\u1ec7t\u201d. \u0110\u1ecdc ch\u01b0\u01a1ng n\u00e0y c\u1ea3m \u0111\u1ed9ng l\u1eafm. Th\u00eam m\u1ed9t l\u1ea7n n\u1eefa, m\u00ecnh th\u1ea5y y\u00eau v\u00e0 h\u1ea1nh ph\u00fac v\u1edbi c\u00f4ng vi\u1ec7c b\u00e1n-s\u00e1ch-gi\u1ea5y-vi\u1ebft-b\u1eb1ng-ti\u1ebfng-Vi\u1ec7t c\u1ee7a m\u00ecnh. Kh\u00f4ng ph\u1ea3i khoe khoang nh\u01b0ng \u0111\u00fang l\u00e0 c\u00f4ng vi\u1ec7c c\u1ee7a m\u00ecnh \u0111\u00e3 g\u00f3p m\u1ed9t ph\u1ea7n nh\u1ecf v\u00e0o h\u00e0nh tr\u00ecnh n\u00e0y. T\u00e1c gi\u1ea3 c\u0169ng lo l\u1eafng v\u1ec1 t\u00ecnh tr\u1ea1ng c\u1ee7a ti\u1ebfng Vi\u1ec7t ng\u00e0y nay, khi ng\u00e0y c\u00e0ng tr\u1edf n\u00ean \u0111\u01a1n gi\u1ea3n, th\u1ef1c d\u1ee5ng, th\u00f4 l\u1eadu v\u00e0 thi\u1ebfu c\u1ea3m x\u00fac. Kh\u00f4ng ch\u1ec9 ng\u01b0\u1eddi Vi\u1ec7t xa qu\u00ea \u0111\u00e2u, ngay c\u1ea3 ng\u01b0\u1eddi Vi\u1ec7t \u0111ang s\u1ed1ng tr\u00ean \u0111\u1ea5t n\u01b0\u1edbc m\u00ecnh c\u0169ng c\u1ea7n ph\u1ea3i \u00fd th\u1ee9c \u0111\u1ec3 gi\u1eef g\u00ecn v\u1ebb \u0111\u1eb9p c\u1ee7a ti\u1ebfng n\u00f3i qu\u00ea h\u01b0\u01a1ng m\u00ecnh.<\/p>\n<p>&#8211; S\u00e1ch kh\u00f4ng ch\u1ec9 \u0111\u01a1n thu\u1ea7n ki\u1ec3u ca ng\u1ee3i anh h\u00f9ng ch\u1ee7 ngh\u0129a, m\u00e0 vi\u1ebft r\u1ea5t khoa h\u1ecdc, kh\u00e1ch quan. T\u00e1c gi\u1ea3 l\u00e0 m\u1ed9t h\u1ecdc gi\u1ea3 g\u1ed1c Vi\u1ec7t \u0111ang s\u1ed1ng \u1edf n\u01b0\u1edbc ngo\u00e0i, vi\u1ebft v\u1ec1 \u0111\u1ea5t n\u01b0\u1edbc qu\u00ea h\u01b0\u01a1ng m\u00ecnh b\u1eb1ng t\u1ea5t c\u1ea3 t\u00ecnh y\u00eau s\u00e2u s\u1eafc, nh\u01b0ng c\u0169ng r\u1ea5t l\u00fd tr\u00ed, t\u1ec9nh t\u00e1o v\u00e0 c\u00f4ng b\u1eb1ng. M\u00ecnh th\u00edch c\u00e1ch vi\u1ebft s\u1eed n\u00e0y. R\u1ea5t th\u00edch<\/p>\n<p>&#8211; S\u00e1ch kh\u00f4ng ch\u1ec9 li\u1ec7t k\u00ea c\u00e1c s\u1ef1 ki\u1ec7n l\u1ecbch s\u1eed m\u00e0 c\u00f2n so s\u00e1nh v\u1edbi t\u00ecnh h\u00ecnh th\u1ebf gi\u1edbi, v\u1edbi c\u00e1c \u0111\u1ea5t n\u01b0\u1edbc kh\u00e1c c\u00f3 \u0111\u1eb7c \u0111i\u1ec3m t\u01b0\u01a1ng t\u1ef1, v\u00e0 ph\u00e2n t\u00edch, \u0111\u00e1nh gi\u00e1, l\u00fd gi\u1ea3i c\u00e1c hi\u1ec7n t\u01b0\u1ee3ng, c\u00e1c s\u1ef1 ki\u1ec7n l\u1ecbch s\u1eed \u0111\u00f3.<\/p>\n<p>&#8211; S\u00e1ch \u0111\u00e3 \u0111\u1ec1 c\u1eadp \u0111\u1ebfn c\u00e1c v\u1ea5n \u0111\u1ec1 m\u00e0 nhi\u1ec1u s\u00e1ch l\u1ecbch s\u1eed n\u00e9 tr\u00e1nh: Vi\u1ec7c Trung Qu\u1ed1c chi\u1ebfm Ho\u00e0ng Sa, chi\u1ebfn tranh bi\u00ean gi\u1edbi, h\u1ea3i chi\u1ebfn G\u1ea1c Ma\u2026. Tuy ch\u1ec9 \u201c\u0111i\u1ec3m danh\u201d th\u00f4i, nh\u01b0ng d\u00f9 sao th\u00ec c\u0169ng r\u1ea5t \u0111\u00e1ng qu\u00fd r\u1ed3i<\/p>\n<p>&#8211; M\u1ed9t s\u1ed1 v\u1ea5n \u0111\u1ec1 trong n\u01b0\u1edbc c\u0169ng \u0111\u01b0\u1ee3c nh\u1eafc \u0111\u1ebfn: b\u00f9ng n\u1ed5 d\u00e2n s\u1ed1, c\u00e1c \u0111\u00f4 th\u1ecb ph\u00e1t tri\u1ec3n \u1ed3 \u1ea1t, \u00f4 nhi\u1ec5m m\u00f4i tr\u01b0\u1eddng\u2026..Nh\u01b0ng ngay c\u1ea3 khi t\u00e1c gi\u1ea3 nh\u1eafc \u0111\u1ebfn nh\u1eefng \u0111i\u1ec1u n\u00e0y th\u00ec ng\u01b0\u1eddi \u0111\u1ecdc v\u1eabn c\u1ea3m nh\u1eadn \u0111\u01b0\u1ee3c m\u1ed9t t\u00ecnh y\u00eau tha thi\u1ebft, day d\u1ee9t, n\u1ed3ng n\u00e0n c\u1ee7a m\u1ed9t ng\u01b0\u1eddi con \u0111\u1ea5t Vi\u1ec7t, ch\u1ee9 kh\u00f4ng ph\u1ea3i s\u1ef1 m\u1ec9a mai, ch\u1ec9 tr\u00edch, b\u1ec9 b\u00f4i coi th\u01b0\u1eddng.<\/p>\n<p>&#8211; Ch\u01b0\u01a1ng cu\u1ed1i r\u1ea5t hay, \u0111\u00fang t\u00ednh ch\u1ea5t l\u00e0 \u201cth\u01b0 ng\u1ecf\u201d, nh\u1eafc cho ng\u01b0\u1eddi \u0111\u1ecdc nh\u1edb v\u00e0 hi\u1ec3u v\u00e0 y\u00eau qu\u00ea h\u01b0\u01a1ng \u0111\u1ea5t n\u01b0\u1edbc m\u00ecnh. Ngay c\u1ea3 khi n\u1ed7 l\u1ef1c ho\u00e0 nh\u1eadp v\u1edbi th\u1ebf gi\u1edbi, th\u00ec v\u1eabn kh\u00f4ng qu\u00ean ngu\u1ed3n g\u1ed1c qu\u00ea h\u01b0\u01a1ng m\u00ecnh. C\u00f3 l\u1ebd ban \u0111\u1ea7u t\u00e1c gi\u1ea3 h\u01b0\u1edbng \u0111\u1ebfn nh\u00f3m b\u1ea1n \u0111\u1ecdc l\u00e0 nh\u1eefng b\u1ea1n tr\u1ebb \u0111\u00e3 \u0111\u1ecbnh c\u01b0 \u1edf n\u01b0\u1edbc ngo\u00e0i \u0111\u01b0\u1ee3c 1 th\u1eddi gian d\u00e0i, c\u00f3 th\u1ec3 l\u00e0 F2, F3, nh\u01b0ng m\u00ecnh th\u1ea5y cu\u1ed1n s\u00e1ch c\u0169ng r\u1ea5t ph\u00f9 h\u1ee3p v\u1edbi c\u00e1c b\u1ea1n tr\u1ebb trong n\u01b0\u1edbc. Kh\u00f4ng g\u00ec \u0111au l\u00f2ng h\u01a1n l\u00e0 m\u1ea5t \u00fd th\u1ee9c v\u1ec1 ngu\u1ed3n c\u1ed9i c\u1ee7a ch\u00ednh m\u00ecnh ngay khi m\u00ecnh v\u1eabn \u0111ang s\u1ed1ng tr\u00ean m\u1ea3nh \u0111\u1ea5t qu\u00ea h\u01b0\u01a1ng. \u0110\u1ecdc s\u00e1ch m\u00e0 c\u1ea3m th\u1ea5y nh\u01b0 l\u00e0 \u0111ang nghe l\u1eddi tr\u00f2 chuy\u1ec7n c\u1ee7a \u00f4ng m\u00ecnh, c\u1ee7a b\u00e1c m\u00ecnh, c\u1ee7a cha m\u00ecnh. L\u00e2u r\u1ed3i m\u1edbi c\u00f3 m\u1ed9t cu\u1ed1n s\u00e1ch s\u1eed khi\u1ebfn cho m\u00ecnh x\u00fac \u0111\u1ed9ng nh\u01b0 v\u1eady<\/p>\n","protected":false},"excerpt":{"rendered":"<p>R\u1ed1t cu\u1ed9c th\u00ec m\u00ecnh \u0111\u00e3 t\u00ecm \u0111\u01b0\u1ee3c cu\u1ed1n s\u00e1ch v\u1ec1 l\u1ecbch s\u1eed Vi\u1ec7t Nam m\u00e0 m\u00ecnh th\u00edch nh\u1ea5t t\u1eeb tr\u01b0\u1edbc \u0111\u1ebfn gi\u1edd. L\u00ed do th\u00ec m\u00ecnh xin \u0111\u01b0\u1ee3c tr\u00ecnh b\u00e0y nh\u01b0 sau:<\/p>\n<p>&#8211; S\u00e1ch kh\u00f4ng ch\u1ec9 k\u1ec3 chuy\u1ec7n chi\u1ebfn tranh. \u0110\u00e0nh r\u1eb1ng l\u1ecbch s\u1eed Vi\u1ec7t Nam g\u1eafn li\u1ec1n v\u1edbi nh\u1eefng cu\u1ed9c chi\u1ebfn b\u1ea3o v\u1ec7 \u0111\u1ea5t n\u01b0\u1edbc, nh\u01b0ng r\u00f5 r\u00e0ng l\u1ecbch s\u1eed c\u1ee7a ch\u00fang ta kh\u00f4ng ch\u1ec9 c\u00f3 nh\u1eefng cu\u1ed9c chi\u1ebfn. Ch\u00fang ta c\u00f2n c\u00f3 \u0111\u1eddi s\u1ed1ng v\u0103n ho\u00e1 x\u00e3 h\u1ed9i, c\u00f3 n\u1ec1n gi\u00e1o d\u1ee5c, ngh\u1ec7 thu\u1eadt, t\u00f4n gi\u00e1o\u2026.. Cu\u1ed1n s\u00e1ch n\u00e0y \u0111\u00e3 kh\u00f4ng b\u1ecf qua nh\u1eefng th\u00f4ng tin \u0111\u00f3. M\u1eb7c d\u00f9 th\u00f4ng tin ch\u01b0a nhi\u1ec1u, ch\u01b0a \u201c\u0111\u00e3\u201d, m\u00ecnh v\u1eabn mu\u1ed1n \u0111\u1ecdc th\u00eam nghe th\u00eam v\u1ec1 \u0111\u1eddi s\u1ed1ng kinh t\u1ebf, gi\u00e1o d\u1ee5c, v\u0103n ho\u00e1, ngh\u1ec7 thu\u1eadt trong su\u1ed1t l\u1ecbch s\u1eed d\u1ef1ng n\u01b0\u1edbc, gi\u1eef n\u01b0\u1edbc, ki\u1ebfn thi\u1ebft \u0111\u1ea5t n\u01b0\u1edbc. D\u00f9 sao th\u00ec c\u00f3 c\u0169ng l\u00e0 \u0111\u00e1ng qu\u00fd r\u1ed3i.<\/p>\n<p>&#8211; S\u00e1ch d\u00e0nh nguy\u00ean m\u1ed9t ch\u01b0\u01a1ng \u0111\u1ec3 vi\u1ebft v\u1ec1 vi\u1ec7c gi\u1eef g\u00ecn ti\u1ebfng n\u00f3i v\u00e0 ch\u1eef vi\u1ebft \u201cCu\u1ed9c h\u00e0nh tr\u00ecnh phi th\u01b0\u1eddng c\u1ee7a ti\u1ebfng Vi\u1ec7t\u201d. \u0110\u1ecdc ch\u01b0\u01a1ng n\u00e0y c\u1ea3m \u0111\u1ed9ng l\u1eafm. Th\u00eam m\u1ed9t l\u1ea7n n\u1eefa, m\u00ecnh th\u1ea5y y\u00eau v\u00e0 h\u1ea1nh ph\u00fac v\u1edbi c\u00f4ng vi\u1ec7c b\u00e1n-s\u00e1ch-gi\u1ea5y-vi\u1ebft-b\u1eb1ng-ti\u1ebfng-Vi\u1ec7t c\u1ee7a m\u00ecnh. Kh\u00f4ng ph\u1ea3i khoe khoang nh\u01b0ng \u0111\u00fang l\u00e0 c\u00f4ng vi\u1ec7c c\u1ee7a m\u00ecnh \u0111\u00e3 g\u00f3p m\u1ed9t ph\u1ea7n nh\u1ecf v\u00e0o h\u00e0nh tr\u00ecnh n\u00e0y. T\u00e1c gi\u1ea3 c\u0169ng lo l\u1eafng v\u1ec1 t\u00ecnh tr\u1ea1ng c\u1ee7a ti\u1ebfng Vi\u1ec7t ng\u00e0y nay, khi ng\u00e0y c\u00e0ng tr\u1edf n\u00ean \u0111\u01a1n gi\u1ea3n, th\u1ef1c d\u1ee5ng, th\u00f4 l\u1eadu v\u00e0 thi\u1ebfu c\u1ea3m x\u00fac. Kh\u00f4ng ch\u1ec9 ng\u01b0\u1eddi Vi\u1ec7t xa qu\u00ea \u0111\u00e2u, ngay c\u1ea3 ng\u01b0\u1eddi Vi\u1ec7t \u0111ang s\u1ed1ng tr\u00ean \u0111\u1ea5t n\u01b0\u1edbc m\u00ecnh c\u0169ng c\u1ea7n ph\u1ea3i \u00fd th\u1ee9c \u0111\u1ec3 gi\u1eef g\u00ecn v\u1ebb \u0111\u1eb9p c\u1ee7a ti\u1ebfng n\u00f3i qu\u00ea h\u01b0\u01a1ng m\u00ecnh.<\/p>\n<p>&#8211; S\u00e1ch kh\u00f4ng ch\u1ec9 \u0111\u01a1n thu\u1ea7n ki\u1ec3u ca ng\u1ee3i anh h\u00f9ng ch\u1ee7 ngh\u0129a, m\u00e0 vi\u1ebft r\u1ea5t khoa h\u1ecdc, kh\u00e1ch quan. T\u00e1c gi\u1ea3 l\u00e0 m\u1ed9t h\u1ecdc gi\u1ea3 g\u1ed1c Vi\u1ec7t \u0111ang s\u1ed1ng \u1edf n\u01b0\u1edbc ngo\u00e0i, vi\u1ebft v\u1ec1 \u0111\u1ea5t n\u01b0\u1edbc qu\u00ea h\u01b0\u01a1ng m\u00ecnh b\u1eb1ng t\u1ea5t c\u1ea3 t\u00ecnh y\u00eau s\u00e2u s\u1eafc, nh\u01b0ng c\u0169ng r\u1ea5t l\u00fd tr\u00ed, t\u1ec9nh t\u00e1o v\u00e0 c\u00f4ng b\u1eb1ng. M\u00ecnh th\u00edch c\u00e1ch vi\u1ebft s\u1eed n\u00e0y. R\u1ea5t th\u00edch<\/p>\n<p>&#8211; S\u00e1ch kh\u00f4ng ch\u1ec9 li\u1ec7t k\u00ea c\u00e1c s\u1ef1 ki\u1ec7n l\u1ecbch s\u1eed m\u00e0 c\u00f2n so s\u00e1nh v\u1edbi t\u00ecnh h\u00ecnh th\u1ebf gi\u1edbi, v\u1edbi c\u00e1c \u0111\u1ea5t n\u01b0\u1edbc kh\u00e1c c\u00f3 \u0111\u1eb7c \u0111i\u1ec3m t\u01b0\u01a1ng t\u1ef1, v\u00e0 ph\u00e2n t\u00edch, \u0111\u00e1nh gi\u00e1, l\u00fd gi\u1ea3i c\u00e1c hi\u1ec7n t\u01b0\u1ee3ng, c\u00e1c s\u1ef1 ki\u1ec7n l\u1ecbch s\u1eed \u0111\u00f3.<\/p>\n<p>&#8211; S\u00e1ch \u0111\u00e3 \u0111\u1ec1 c\u1eadp \u0111\u1ebfn c\u00e1c v\u1ea5n \u0111\u1ec1 m\u00e0 nhi\u1ec1u s\u00e1ch l\u1ecbch s\u1eed n\u00e9 tr\u00e1nh: Vi\u1ec7c Trung Qu\u1ed1c chi\u1ebfm Ho\u00e0ng Sa, chi\u1ebfn tranh bi\u00ean gi\u1edbi, h\u1ea3i chi\u1ebfn G\u1ea1c Ma\u2026. Tuy ch\u1ec9 \u201c\u0111i\u1ec3m danh\u201d th\u00f4i, nh\u01b0ng d\u00f9 sao th\u00ec c\u0169ng r\u1ea5t \u0111\u00e1ng qu\u00fd r\u1ed3i<\/p>\n<p>&#8211; M\u1ed9t s\u1ed1 v\u1ea5n \u0111\u1ec1 trong n\u01b0\u1edbc c\u0169ng \u0111\u01b0\u1ee3c nh\u1eafc \u0111\u1ebfn: b\u00f9ng n\u1ed5 d\u00e2n s\u1ed1, c\u00e1c \u0111\u00f4 th\u1ecb ph\u00e1t tri\u1ec3n \u1ed3 \u1ea1t, \u00f4 nhi\u1ec5m m\u00f4i tr\u01b0\u1eddng\u2026..Nh\u01b0ng ngay c\u1ea3 khi t\u00e1c gi\u1ea3 nh\u1eafc \u0111\u1ebfn nh\u1eefng \u0111i\u1ec1u n\u00e0y th\u00ec ng\u01b0\u1eddi \u0111\u1ecdc v\u1eabn c\u1ea3m nh\u1eadn \u0111\u01b0\u1ee3c m\u1ed9t t\u00ecnh y\u00eau tha thi\u1ebft, day d\u1ee9t, n\u1ed3ng n\u00e0n c\u1ee7a m\u1ed9t ng\u01b0\u1eddi con \u0111\u1ea5t Vi\u1ec7t, ch\u1ee9 kh\u00f4ng ph\u1ea3i s\u1ef1 m\u1ec9a mai, ch\u1ec9 tr\u00edch, b\u1ec9 b\u00f4i coi th\u01b0\u1eddng.<\/p>\n<p>&#8211; Ch\u01b0\u01a1ng cu\u1ed1i r\u1ea5t hay, \u0111\u00fang t\u00ednh ch\u1ea5t l\u00e0 \u201cth\u01b0 ng\u1ecf\u201d, nh\u1eafc cho ng\u01b0\u1eddi \u0111\u1ecdc nh\u1edb v\u00e0 hi\u1ec3u v\u00e0 y\u00eau qu\u00ea h\u01b0\u01a1ng \u0111\u1ea5t n\u01b0\u1edbc m\u00ecnh. Ngay c\u1ea3 khi n\u1ed7 l\u1ef1c ho\u00e0 nh\u1eadp v\u1edbi th\u1ebf gi\u1edbi, th\u00ec v\u1eabn kh\u00f4ng qu\u00ean ngu\u1ed3n g\u1ed1c qu\u00ea h\u01b0\u01a1ng m\u00ecnh. C\u00f3 l\u1ebd ban \u0111\u1ea7u t\u00e1c gi\u1ea3 h\u01b0\u1edbng \u0111\u1ebfn nh\u00f3m b\u1ea1n \u0111\u1ecdc l\u00e0 nh\u1eefng b\u1ea1n tr\u1ebb \u0111\u00e3 \u0111\u1ecbnh c\u01b0 \u1edf n\u01b0\u1edbc ngo\u00e0i \u0111\u01b0\u1ee3c 1 th\u1eddi gian d\u00e0i, c\u00f3 th\u1ec3 l\u00e0 F2, F3, nh\u01b0ng m\u00ecnh th\u1ea5y cu\u1ed1n s\u00e1ch c\u0169ng r\u1ea5t ph\u00f9 h\u1ee3p v\u1edbi c\u00e1c b\u1ea1n tr\u1ebb trong n\u01b0\u1edbc. Kh\u00f4ng g\u00ec \u0111au l\u00f2ng h\u01a1n l\u00e0 m\u1ea5t \u00fd th\u1ee9c v\u1ec1 ngu\u1ed3n c\u1ed9i c\u1ee7a ch\u00ednh m\u00ecnh ngay khi m\u00ecnh v\u1eabn \u0111ang s\u1ed1ng tr\u00ean m\u1ea3nh \u0111\u1ea5t qu\u00ea h\u01b0\u01a1ng. \u0110\u1ecdc s\u00e1ch m\u00e0 c\u1ea3m th\u1ea5y nh\u01b0 l\u00e0 \u0111ang nghe l\u1eddi tr\u00f2 chuy\u1ec7n c\u1ee7a \u00f4ng m\u00ecnh, c\u1ee7a b\u00e1c m\u00ecnh, c\u1ee7a cha m\u00ecnh. L\u00e2u r\u1ed3i m\u1edbi c\u00f3 m\u1ed9t cu\u1ed1n s\u00e1ch s\u1eed khi\u1ebfn cho m\u00ecnh x\u00fac \u0111\u1ed9ng nh\u01b0 v\u1eady<\/p>\n","protected":false},"featured_media":23318,"template":"","meta":{"_acf_changed":false},"product_brand":[],"product_cat":[18,17,15,26,47],"product_tag":[],"class_list":{"0":"post-23319","1":"product","2":"type-product","3":"status-publish","4":"has-post-thumbnail","6":"product_cat-kinh-te","7":"product_cat-sach-danh-cho-cac-be","8":"product_cat-sach-danh-cho-nguoi-lon","9":"product_cat-thieu-nien-11-tuoi-18-tuoi","10":"product_cat-truyen-ngan-tan-van","12":"first","13":"outofstock","14":"taxable","15":"shipping-taxable","16":"purchasable","17":"product-type-simple"},"supplier_id":null,"supplier_sku":"","barcode":null,"atum_controlled":true,"out_stock_date":"2024-05-28 19:47:42","out_stock_threshold":null,"inheritable":false,"inbound_stock":0,"stock_on_hold":0,"sold_today":0,"sales_last_days":0,"reserved_stock":0,"customer_returns":0,"warehouse_damage":0,"lost_in_post":0,"other_logs":0,"out_stock_days":610,"lost_sales":0,"has_location":false,"update_date":"2026-01-28T23:11:14","atum_locations":[],"atum_stock_status":"outofstock","restock_status":false,"low_stock_amount":"","sales_update_date":"2026-01-28T23:11:14","calc_backorders":null,"acf":{"publisher":{"ID":22398,"post_author":"1","post_date":"2023-01-21 21:27:49","post_date_gmt":"2023-01-21 19:27:49","post_content":"","post_title":"\u0110\u00e0 N\u1eb5ng","post_excerpt":"","post_status":"publish","comment_status":"closed","ping_status":"closed","post_password":"","post_name":"da-nang","to_ping":"","pinged":"","post_modified":"2023-01-21 21:27:49","post_modified_gmt":"2023-01-21 19:27:49","post_content_filtered":"","post_parent":0,"guid":"https:\/\/sachviet.eu\/nha-phat-hanh\/da-nang\/","menu_order":0,"post_type":"publisher","post_mime_type":"","comment_count":"0","filter":"raw"}},"_links":{"self":[{"href":"https:\/\/sachviet.eu\/en\/wp-json\/wp\/v2\/product\/23319","targetHints":{"allow":["GET"]}}],"collection":[{"href":"https:\/\/sachviet.eu\/en\/wp-json\/wp\/v2\/product"}],"about":[{"href":"https:\/\/sachviet.eu\/en\/wp-json\/wp\/v2\/types\/product"}],"wp:featuredmedia":[{"embeddable":true,"href":"https:\/\/sachviet.eu\/en\/wp-json\/wp\/v2\/media\/23318"}],"wp:attachment":[{"href":"https:\/\/sachviet.eu\/en\/wp-json\/wp\/v2\/media?parent=23319"}],"wp:term":[{"taxonomy":"product_brand","embeddable":true,"href":"https:\/\/sachviet.eu\/en\/wp-json\/wp\/v2\/product_brand?post=23319"},{"taxonomy":"product_cat","embeddable":true,"href":"https:\/\/sachviet.eu\/en\/wp-json\/wp\/v2\/product_cat?post=23319"},{"taxonomy":"product_tag","embeddable":true,"href":"https:\/\/sachviet.eu\/en\/wp-json\/wp\/v2\/product_tag?post=23319"}],"curies":[{"name":"wp","href":"https:\/\/api.w.org\/{rel}","templated":true}]}}