{"id":23315,"date":"2023-04-04T22:35:55","date_gmt":"2023-04-04T19:35:55","guid":{"rendered":"https:\/\/sachviet.eu\/shop\/hop-hao-huc-vui-cung-ong-ba-bo-2-cuon\/"},"modified":"2025-05-26T21:12:51","modified_gmt":"2025-05-26T18:12:51","slug":"hop-hao-huc-vui-cung-ong-ba-bo-2-cuon","status":"publish","type":"product","link":"https:\/\/sachviet.eu\/en\/shop\/hop-hao-huc-vui-cung-ong-ba-bo-2-cuon\/","title":{"rendered":"H\u1ed9p H\u00e1o H\u1ee9c: Vui c\u00f9ng \u00d4ng B\u00e0 &#8211; B\u1ed9 2 cu\u1ed1n"},"content":{"rendered":"<p>&#8220;PHI\u00caU L\u01afU C\u00d9NG \u00d4NG&#8221; l\u00e0 cu\u1ed1n s\u00e1ch si\u00eau \u0111\u1eb7c bi\u1ec7t v\u1ec1 t\u00ecnh c\u1ea3m \u00f4ng ch\u00e1u v\u1ed1n \u00edt \u0111\u01b0\u1ee3c th\u1ec3 hi\u1ec7n trong s\u00e1ch tranh thi\u1ebfu nhi \u1edf VN. Cu\u1ed1n s\u00e1ch v\u1edbi c\u1ed1t truy\u1ec7n h\u1ea5p d\u1eabn, mang t\u1edbi nh\u1eefng gi\u00e2y ph\u00fat \u0111\u1ecdc s\u00e1ch vui v\u1ebb c\u00f9ng nhi\u1ec1u tr\u1ea3i nghi\u1ec7m th\u00fa v\u1ecb, \u0111\u00fang theo s\u1edf th\u00edch ch\u01a1i c\u00e1c tr\u00f2 ch\u01a1i t\u01b0\u1edfng t\u01b0\u1ee3ng c\u1ee7a c\u00e1c b\u1ea1n nh\u1ecf n\u1eefa \u0111\u1ea5y!<\/p>\n<p> Cu\u1ed1n s\u00e1ch &#8220;B\u00c0 \u01a0I, NHANH L\u00caN!&#8221; l\u00e0 c\u00e2u chuy\u1ec7n si\u00eau \u0111\u00e1ng y\u00eau k\u1ec3 v\u1ec1 s\u1ef1 chi\u1ec1u chu\u1ed9ng, ki\u00ean nh\u1eabn c\u1ee7a b\u00e0 d\u00e0nh cho ng\u01b0\u1eddi ch\u00e1u m\u00e0 kh\u00f4ng qu\u1ea3n ng\u1ea1i kh\u00f3 kh\u0103n. Mang th\u00f4ng \u0111i\u1ec7p v\u1ec1 t\u00ecnh y\u00eau th\u01b0\u01a1ng v\u00f4 b\u1edd, b\u00e0i h\u1ecdc v\u1ec1 s\u1ef1 nh\u1eabn n\u1ea1i v\u00e0 bi\u1ebft \u01a1n, cu\u1ed1n s\u00e1ch s\u1ebd l\u00e0 tr\u1ee3 th\u1ee7 \u0111\u1eafc l\u1ef1c gi\u00fap nu\u00f4i d\u01b0\u1ee1ng t\u00ecnh c\u1ea3m gia \u0111\u00ecnh cho b\u00e9 ngay t\u1eeb nh\u1eefng n\u0103m \u0111\u1ea7u \u0111\u1eddi.<\/p>\n","protected":false},"excerpt":{"rendered":"<p>&#8220;PHI\u00caU L\u01afU C\u00d9NG \u00d4NG&#8221; l\u00e0 cu\u1ed1n s\u00e1ch si\u00eau \u0111\u1eb7c bi\u1ec7t v\u1ec1 t\u00ecnh c\u1ea3m \u00f4ng ch\u00e1u v\u1ed1n \u00edt \u0111\u01b0\u1ee3c th\u1ec3 hi\u1ec7n trong s\u00e1ch tranh thi\u1ebfu nhi \u1edf VN. Cu\u1ed1n s\u00e1ch v\u1edbi c\u1ed1t truy\u1ec7n h\u1ea5p d\u1eabn, mang t\u1edbi nh\u1eefng gi\u00e2y ph\u00fat \u0111\u1ecdc s\u00e1ch vui v\u1ebb c\u00f9ng nhi\u1ec1u tr\u1ea3i nghi\u1ec7m th\u00fa v\u1ecb, \u0111\u00fang theo s\u1edf th\u00edch ch\u01a1i c\u00e1c tr\u00f2 ch\u01a1i t\u01b0\u1edfng t\u01b0\u1ee3ng c\u1ee7a c\u00e1c b\u1ea1n nh\u1ecf n\u1eefa \u0111\u1ea5y!<\/p>\n<p> Cu\u1ed1n s\u00e1ch &#8220;B\u00c0 \u01a0I, NHANH L\u00caN!&#8221; l\u00e0 c\u00e2u chuy\u1ec7n si\u00eau \u0111\u00e1ng y\u00eau k\u1ec3 v\u1ec1 s\u1ef1 chi\u1ec1u chu\u1ed9ng, ki\u00ean nh\u1eabn c\u1ee7a b\u00e0 d\u00e0nh cho ng\u01b0\u1eddi ch\u00e1u m\u00e0 kh\u00f4ng qu\u1ea3n ng\u1ea1i kh\u00f3 kh\u0103n. Mang th\u00f4ng \u0111i\u1ec7p v\u1ec1 t\u00ecnh y\u00eau th\u01b0\u01a1ng v\u00f4 b\u1edd, b\u00e0i h\u1ecdc v\u1ec1 s\u1ef1 nh\u1eabn n\u1ea1i v\u00e0 bi\u1ebft \u01a1n, cu\u1ed1n s\u00e1ch s\u1ebd l\u00e0 tr\u1ee3 th\u1ee7 \u0111\u1eafc l\u1ef1c gi\u00fap nu\u00f4i d\u01b0\u1ee1ng t\u00ecnh c\u1ea3m gia \u0111\u00ecnh cho b\u00e9 ngay t\u1eeb nh\u1eefng n\u0103m \u0111\u1ea7u \u0111\u1eddi.<\/p>\n","protected":false},"featured_media":23314,"template":"","meta":{"_acf_changed":false},"product_brand":[],"product_cat":[24,25,17],"product_tag":[83],"class_list":{"0":"post-23315","1":"product","2":"type-product","3":"status-publish","4":"has-post-thumbnail","6":"product_cat-nha-tre-mau-giao-0-tuoi-6-tuoi","7":"product_cat-nhi-dong-6-tuoi-12-tuoi","8":"product_cat-sach-danh-cho-cac-be","9":"product_tag-sach-moi-xuat-ban","11":"first","12":"instock","13":"taxable","14":"shipping-taxable","15":"purchasable","16":"product-type-simple"},"supplier_id":null,"supplier_sku":"","barcode":null,"atum_controlled":true,"out_stock_date":null,"out_stock_threshold":null,"inheritable":false,"inbound_stock":0,"stock_on_hold":0,"sold_today":0,"sales_last_days":0,"reserved_stock":0,"customer_returns":0,"warehouse_damage":0,"lost_in_post":0,"other_logs":0,"out_stock_days":0,"lost_sales":0,"has_location":false,"update_date":"2026-01-28T23:11:29","atum_locations":[],"atum_stock_status":"instock","restock_status":false,"low_stock_amount":"","sales_update_date":"2026-01-28T23:11:29","calc_backorders":null,"acf":{"publisher":{"ID":23313,"post_author":"1","post_date":"2023-04-04 22:35:51","post_date_gmt":"2023-04-04 19:35:51","post_content":"","post_title":"H\u1ed9p H\u00e1o H\u1ee9c","post_excerpt":"","post_status":"publish","comment_status":"closed","ping_status":"closed","post_password":"","post_name":"hop-hao-huc","to_ping":"","pinged":"","post_modified":"2023-04-04 22:35:51","post_modified_gmt":"2023-04-04 19:35:51","post_content_filtered":"","post_parent":0,"guid":"https:\/\/sachviet.eu\/nha-phat-hanh\/hop-hao-huc\/","menu_order":0,"post_type":"publisher","post_mime_type":"","comment_count":"0","filter":"raw"}},"_links":{"self":[{"href":"https:\/\/sachviet.eu\/en\/wp-json\/wp\/v2\/product\/23315","targetHints":{"allow":["GET"]}}],"collection":[{"href":"https:\/\/sachviet.eu\/en\/wp-json\/wp\/v2\/product"}],"about":[{"href":"https:\/\/sachviet.eu\/en\/wp-json\/wp\/v2\/types\/product"}],"wp:featuredmedia":[{"embeddable":true,"href":"https:\/\/sachviet.eu\/en\/wp-json\/wp\/v2\/media\/23314"}],"wp:attachment":[{"href":"https:\/\/sachviet.eu\/en\/wp-json\/wp\/v2\/media?parent=23315"}],"wp:term":[{"taxonomy":"product_brand","embeddable":true,"href":"https:\/\/sachviet.eu\/en\/wp-json\/wp\/v2\/product_brand?post=23315"},{"taxonomy":"product_cat","embeddable":true,"href":"https:\/\/sachviet.eu\/en\/wp-json\/wp\/v2\/product_cat?post=23315"},{"taxonomy":"product_tag","embeddable":true,"href":"https:\/\/sachviet.eu\/en\/wp-json\/wp\/v2\/product_tag?post=23315"}],"curies":[{"name":"wp","href":"https:\/\/api.w.org\/{rel}","templated":true}]}}