{"id":23312,"date":"2023-04-04T22:35:46","date_gmt":"2023-04-04T19:35:46","guid":{"rendered":"https:\/\/sachviet.eu\/shop\/bo-8-cuon-nhung-cau-chuyen-o-truong-cua-be\/"},"modified":"2023-06-12T21:20:34","modified_gmt":"2023-06-12T18:20:34","slug":"bo-8-cuon-nhung-cau-chuyen-o-truong-cua-be","status":"publish","type":"product","link":"https:\/\/sachviet.eu\/en\/shop\/bo-8-cuon-nhung-cau-chuyen-o-truong-cua-be\/","title":{"rendered":"B\u1ed9 8 cu\u1ed1n Nh\u1eefng c\u00e2u chuy\u1ec7n \u1edf tr\u01b0\u1eddng c\u1ee7a b\u00e9"},"content":{"rendered":"<p>Tr\u01b0\u1eddng m\u1eabu gi\u00e1o l\u00e0 m\u00f4i tr\u01b0\u1eddng x\u00e3 h\u1ed9i \u0111\u1ea7u ti\u00ean c\u1ee7a b\u00e9, \u1edf \u0111\u00f3 b\u00e9 s\u1ebd \u0111\u01b0\u1ee3c l\u00e0m v\u1edbi bi\u1ebft bao b\u1ea1n b\u00e8, th\u1ea7y c\u00f4 v\u00e0 nh\u1eefng quy t\u1eafc l\u1ea1 l\u1eabm. Tr\u1ebb v\u00e0o h\u1ecdc m\u1eabu gi\u00e1o l\u00e0 m\u1ed9t s\u1ef1 ki\u1ec7n r\u1ea5t quan tr\u1ecdng v\u1edbi m\u1ed7i gia \u0111\u00ecnh, m\u00f4i tr\u01b0\u1eddng m\u1edbi s\u1ebd khi\u1ebfn c\u00e1c b\u00e9 kh\u00f4ng kh\u1ecfi sinh ra c\u1ea3m x\u00fac s\u1ee3 h\u00e3i, tr\u00e1nh n\u00e9, mu\u1ed1n ch\u1ea1y tr\u1ed1n. V\u00e0o th\u1eddi \u0111i\u1ec3m nh\u01b0 v\u1eady, b\u1ed1 m\u1eb9 c\u1ea7n ch\u1ee7 \u0111\u1ed9ng gi\u00fap tr\u1ebb t\u1ef1 m\u00ecnh tho\u00e1t kh\u1ecfi c\u1ea3m gi\u00e1c s\u1ee3 h\u00e3i khi ph\u1ea3i r\u1eddi kh\u1ecfi nh\u1eefng ho\u00e0n c\u1ea3nh quen thu\u1ed9c, t\u1ea1m th\u1eddi xa b\u1ed1 m\u1eb9, d\u1ea7n d\u1ea7n h\u1ecdc c\u00e1ch th\u00edch nghi v\u1edbi m\u00f4i tr\u01b0\u1eddng t\u1eadp th\u1ec3 \u1edf tr\u01b0\u1eddng m\u1eabu gi\u00e1o.<\/p>\n<p>B\u1ed9 s\u00e1ch Nh\u1eefng c\u00e2u chuy\u1ec7n \u1edf tr\u01b0\u1eddng c\u1ee7a b\u00e9 v\u1edbi h\u00ecnh minh h\u1ecda s\u00e1ng t\u1ea1o \u0111\u1ea7y m\u00e0u s\u1eafc l\u00e0 c\u00e1c b\u1ea1n \u0111\u1ed9ng v\u1eadt nh\u1ecf ng\u1ed9 ngh\u0129nh trong m\u00f4i tr\u01b0\u1eddng h\u1ecdc \u0111\u01b0\u1eddng, r\u1ea5t ph\u00f9 h\u1ee3p v\u1edbi tr\u00ed t\u01b0\u1edfng t\u01b0\u1ee3ng c\u1ee7a tr\u1ebb. K\u1ebft h\u1ee3p v\u1edbi nh\u1eefng l\u1eddi v\u0103n ng\u00e2y th\u01a1, d\u1ec5 hi\u1ec3u t\u00e1c gi\u1ea3 \u0111\u00e3 m\u1edf ra m\u1ed9t th\u1ebf gi\u1edbi g\u1ea7n g\u0169i qua l\u0103ng k\u00ednh tr\u1ebb th\u01a1\u2026 K\u1ec3 nh\u1eefng t\u00ecnh hu\u1ed1ng g\u1ea7n g\u0169i, d\u1ec5 g\u1eb7p trong tr\u01b0\u1eddng m\u1eabu gi\u00e1o, t\u1eeb \u0111\u00f3 \u0111\u1ecbnh h\u01b0\u1edbng c\u00e1ch \u1ee9ng x\u1eed c\u1ee7a c\u00e1c b\u00e9.<\/p>\n<p>B\u1ed9 s\u00e1ch g\u1ed3m 8 cu\u1ed1n:<\/p>\n<p>Ng\u00e0y \u0111\u1ea7u ti\u00ean \u0111i h\u1ecdc<br \/>\nKyle k\u1ebft b\u1ea1n<br \/>\nT\u1edb c\u0169ng kh\u00f4ng k\u00e9m \u0111\u00e2u<br \/>\nAndy \u201ccao l\u00ean\u201d r\u1ed3i<br \/>\nKyle t\u1ee9c gi\u1eadn r\u1ed3i<br \/>\nM\u00ecnh n\u00ean l\u00e0m g\u00ec<br \/>\nAi l\u00e0m v\u1ee1 b\u00ecnh hoa<br \/>\nH\u00e3y d\u0169ng c\u1ea3m n\u00f3i ra<br \/>\nM\u1ed7i c\u00e2u chuy\u1ec7n trong b\u1ed9 s\u00e1ch l\u00e0 nh\u1eefng t\u00ecnh hu\u1ed1ng c\u00f3 th\u1ec3 x\u1ea3y ra trong m\u00f4i tr\u01b0\u1eddng m\u1eabu gi\u00e1o, gi\u00fap cha m\u1eb9 hi\u1ec3u \u0111\u01b0\u1ee3c t\u1ea1i sao tr\u1ebb kh\u00f4ng mu\u1ed1n \u0111i h\u1ecdc, ph\u1ea3i l\u00e0m sao \u0111\u1ec3 gi\u00fap tr\u1ebb h\u1ecdc \u0111\u01b0\u1ee3c c\u00e1ch h\u00f2a nh\u1eadp v\u00e0o t\u1eadp th\u1ec3, b\u1ed3i d\u01b0\u1ee1ng b\u01b0\u1edbc \u0111\u1ea7u cho vi\u1ec7c h\u00ecnh th\u00e0nh nh\u00e2n c\u00e1ch v\u00e0 l\u1ed1i s\u1ed1ng cho tr\u1ebb.<\/p>\n","protected":false},"excerpt":{"rendered":"<p>Tr\u01b0\u1eddng m\u1eabu gi\u00e1o l\u00e0 m\u00f4i tr\u01b0\u1eddng x\u00e3 h\u1ed9i \u0111\u1ea7u ti\u00ean c\u1ee7a b\u00e9, \u1edf \u0111\u00f3 b\u00e9 s\u1ebd \u0111\u01b0\u1ee3c l\u00e0m v\u1edbi bi\u1ebft bao b\u1ea1n b\u00e8, th\u1ea7y c\u00f4 v\u00e0 nh\u1eefng quy t\u1eafc l\u1ea1 l\u1eabm. Tr\u1ebb v\u00e0o h\u1ecdc m\u1eabu gi\u00e1o l\u00e0 m\u1ed9t s\u1ef1 ki\u1ec7n r\u1ea5t quan tr\u1ecdng v\u1edbi m\u1ed7i gia \u0111\u00ecnh, m\u00f4i tr\u01b0\u1eddng m\u1edbi s\u1ebd khi\u1ebfn c\u00e1c b\u00e9 kh\u00f4ng kh\u1ecfi sinh ra c\u1ea3m x\u00fac s\u1ee3 h\u00e3i, tr\u00e1nh n\u00e9, mu\u1ed1n ch\u1ea1y tr\u1ed1n. V\u00e0o th\u1eddi \u0111i\u1ec3m nh\u01b0 v\u1eady, b\u1ed1 m\u1eb9 c\u1ea7n ch\u1ee7 \u0111\u1ed9ng gi\u00fap tr\u1ebb t\u1ef1 m\u00ecnh tho\u00e1t kh\u1ecfi c\u1ea3m gi\u00e1c s\u1ee3 h\u00e3i khi ph\u1ea3i r\u1eddi kh\u1ecfi nh\u1eefng ho\u00e0n c\u1ea3nh quen thu\u1ed9c, t\u1ea1m th\u1eddi xa b\u1ed1 m\u1eb9, d\u1ea7n d\u1ea7n h\u1ecdc c\u00e1ch th\u00edch nghi v\u1edbi m\u00f4i tr\u01b0\u1eddng t\u1eadp th\u1ec3 \u1edf tr\u01b0\u1eddng m\u1eabu gi\u00e1o.<\/p>\n<p>B\u1ed9 s\u00e1ch Nh\u1eefng c\u00e2u chuy\u1ec7n \u1edf tr\u01b0\u1eddng c\u1ee7a b\u00e9 v\u1edbi h\u00ecnh minh h\u1ecda s\u00e1ng t\u1ea1o \u0111\u1ea7y m\u00e0u s\u1eafc l\u00e0 c\u00e1c b\u1ea1n \u0111\u1ed9ng v\u1eadt nh\u1ecf ng\u1ed9 ngh\u0129nh trong m\u00f4i tr\u01b0\u1eddng h\u1ecdc \u0111\u01b0\u1eddng, r\u1ea5t ph\u00f9 h\u1ee3p v\u1edbi tr\u00ed t\u01b0\u1edfng t\u01b0\u1ee3ng c\u1ee7a tr\u1ebb. K\u1ebft h\u1ee3p v\u1edbi nh\u1eefng l\u1eddi v\u0103n ng\u00e2y th\u01a1, d\u1ec5 hi\u1ec3u t\u00e1c gi\u1ea3 \u0111\u00e3 m\u1edf ra m\u1ed9t th\u1ebf gi\u1edbi g\u1ea7n g\u0169i qua l\u0103ng k\u00ednh tr\u1ebb th\u01a1\u2026 K\u1ec3 nh\u1eefng t\u00ecnh hu\u1ed1ng g\u1ea7n g\u0169i, d\u1ec5 g\u1eb7p trong tr\u01b0\u1eddng m\u1eabu gi\u00e1o, t\u1eeb \u0111\u00f3 \u0111\u1ecbnh h\u01b0\u1edbng c\u00e1ch \u1ee9ng x\u1eed c\u1ee7a c\u00e1c b\u00e9.<\/p>\n<p>B\u1ed9 s\u00e1ch g\u1ed3m 8 cu\u1ed1n:<\/p>\n<p>Ng\u00e0y \u0111\u1ea7u ti\u00ean \u0111i h\u1ecdc<br \/>\nKyle k\u1ebft b\u1ea1n<br \/>\nT\u1edb c\u0169ng kh\u00f4ng k\u00e9m \u0111\u00e2u<br \/>\nAndy \u201ccao l\u00ean\u201d r\u1ed3i<br \/>\nKyle t\u1ee9c gi\u1eadn r\u1ed3i<br \/>\nM\u00ecnh n\u00ean l\u00e0m g\u00ec<br \/>\nAi l\u00e0m v\u1ee1 b\u00ecnh hoa<br \/>\nH\u00e3y d\u0169ng c\u1ea3m n\u00f3i ra<br \/>\nM\u1ed7i c\u00e2u chuy\u1ec7n trong b\u1ed9 s\u00e1ch l\u00e0 nh\u1eefng t\u00ecnh hu\u1ed1ng c\u00f3 th\u1ec3 x\u1ea3y ra trong m\u00f4i tr\u01b0\u1eddng m\u1eabu gi\u00e1o, gi\u00fap cha m\u1eb9 hi\u1ec3u \u0111\u01b0\u1ee3c t\u1ea1i sao tr\u1ebb kh\u00f4ng mu\u1ed1n \u0111i h\u1ecdc, ph\u1ea3i l\u00e0m sao \u0111\u1ec3 gi\u00fap tr\u1ebb h\u1ecdc \u0111\u01b0\u1ee3c c\u00e1ch h\u00f2a nh\u1eadp v\u00e0o t\u1eadp th\u1ec3, b\u1ed3i d\u01b0\u1ee1ng b\u01b0\u1edbc \u0111\u1ea7u cho vi\u1ec7c h\u00ecnh th\u00e0nh nh\u00e2n c\u00e1ch v\u00e0 l\u1ed1i s\u1ed1ng cho tr\u1ebb.<\/p>\n","protected":false},"featured_media":23311,"template":"","meta":{"_acf_changed":false},"product_brand":[],"product_cat":[25,17,26],"product_tag":[],"class_list":{"0":"post-23312","1":"product","2":"type-product","3":"status-publish","4":"has-post-thumbnail","6":"product_cat-nhi-dong-6-tuoi-12-tuoi","7":"product_cat-sach-danh-cho-cac-be","8":"product_cat-thieu-nien-11-tuoi-18-tuoi","10":"first","11":"outofstock","12":"taxable","13":"shipping-taxable","14":"purchasable","15":"product-type-simple"},"supplier_id":null,"supplier_sku":"","barcode":null,"atum_controlled":true,"out_stock_date":"2023-06-12 18:20:34","out_stock_threshold":null,"inheritable":false,"inbound_stock":0,"stock_on_hold":0,"sold_today":0,"sales_last_days":0,"reserved_stock":0,"customer_returns":0,"warehouse_damage":0,"lost_in_post":0,"other_logs":0,"out_stock_days":961,"lost_sales":0,"has_location":false,"update_date":"2026-01-28T23:11:14","atum_locations":[],"atum_stock_status":"outofstock","restock_status":false,"low_stock_amount":"","sales_update_date":"2026-01-28T23:11:14","calc_backorders":null,"acf":{"publisher":{"ID":22504,"post_author":"1","post_date":"2023-01-21 21:40:33","post_date_gmt":"2023-01-21 19:40:33","post_content":"","post_title":"TN BOOKS","post_excerpt":"","post_status":"publish","comment_status":"closed","ping_status":"closed","post_password":"","post_name":"tn-books","to_ping":"","pinged":"","post_modified":"2023-01-21 21:40:33","post_modified_gmt":"2023-01-21 19:40:33","post_content_filtered":"","post_parent":0,"guid":"https:\/\/sachviet.eu\/nha-phat-hanh\/tn-books\/","menu_order":0,"post_type":"publisher","post_mime_type":"","comment_count":"0","filter":"raw"}},"_links":{"self":[{"href":"https:\/\/sachviet.eu\/en\/wp-json\/wp\/v2\/product\/23312","targetHints":{"allow":["GET"]}}],"collection":[{"href":"https:\/\/sachviet.eu\/en\/wp-json\/wp\/v2\/product"}],"about":[{"href":"https:\/\/sachviet.eu\/en\/wp-json\/wp\/v2\/types\/product"}],"wp:featuredmedia":[{"embeddable":true,"href":"https:\/\/sachviet.eu\/en\/wp-json\/wp\/v2\/media\/23311"}],"wp:attachment":[{"href":"https:\/\/sachviet.eu\/en\/wp-json\/wp\/v2\/media?parent=23312"}],"wp:term":[{"taxonomy":"product_brand","embeddable":true,"href":"https:\/\/sachviet.eu\/en\/wp-json\/wp\/v2\/product_brand?post=23312"},{"taxonomy":"product_cat","embeddable":true,"href":"https:\/\/sachviet.eu\/en\/wp-json\/wp\/v2\/product_cat?post=23312"},{"taxonomy":"product_tag","embeddable":true,"href":"https:\/\/sachviet.eu\/en\/wp-json\/wp\/v2\/product_tag?post=23312"}],"curies":[{"name":"wp","href":"https:\/\/api.w.org\/{rel}","templated":true}]}}