{"id":23310,"date":"2023-04-04T22:35:40","date_gmt":"2023-04-04T19:35:40","guid":{"rendered":"https:\/\/sachviet.eu\/shop\/combo-6-cuon-ehon-kich-thich-thi-giac-am-thanh-cho-tre-so-sinh\/"},"modified":"2024-03-03T14:40:31","modified_gmt":"2024-03-03T12:40:31","slug":"combo-6-cuon-ehon-kich-thich-thi-giac-am-thanh-cho-tre-so-sinh","status":"publish","type":"product","link":"https:\/\/sachviet.eu\/en\/shop\/combo-6-cuon-ehon-kich-thich-thi-giac-am-thanh-cho-tre-so-sinh\/","title":{"rendered":"Combo 6 cu\u1ed1n Ehon K\u00edch th\u00edch th\u1ecb gi\u00e1c &#8211; \u00c2m thanh cho Tr\u1ebb s\u01a1 sinh"},"content":{"rendered":"<p>&#8211; Lung linh lung linh &#8211; G\u1ea5u Pun ng\u1eafm thi\u00ean nhi\u00ean.<\/p>\n<p>&#8211; L\u1eafc l\u01b0 l\u1eafc l\u01b0 &#8211; G\u1ea5u Pun v\u00e0 b\u1ea1n.<\/p>\n<p>&#8211; K\u00ednh coong k\u00ednh coong &#8211; \u0110\u1ed3 v\u1eadt c\u1ee7a G\u1ea5u Pun <\/p>\n<p>&#8211; Xin Ch\u00e0o M\u1ecdi Ng\u01b0\u1eddi &#8211; Hello World!<\/p>\n<p>&#8211; V\u00e0o r\u1eebng th\u00f4i! &#8211; To the Jungle!<\/p>\n<p>&#8211; V\u1eadt nu\u00f4i \u0111\u00e1ng y\u00eau! &#8211; Lovely Pets!<\/p>\n<p>Giai \u0111o\u1ea1n ph\u00e1t tri\u1ec3n \u0111\u1ea7u \u0111\u1eddi c\u1ee7a b\u00e9 l\u00e0 giai \u0111o\u1ea1n c\u1ef1c k\u1ef3 quan tr\u1ecdng gi\u00fap b\u00e9 l\u00e0m quen v\u1edbi th\u1ebf gi\u1edbi quan th\u00f4ng qua h\u00ecnh \u1ea3nh v\u00e0 \u00e2m thanh. N\u1eafm b\u1eaft \u0111\u01b0\u1ee3c \u0111i\u1ec1u \u0111\u00f3, Ehon k\u00edch th\u00edch th\u1ecb gi\u00e1c s\u1ebd gi\u00fap b\u00e9 ghi nh\u1edb c\u1ef1c nhanh v\u00e0 l\u00e0m quen v\u1edbi r\u1ea5t nhi\u1ec1u ch\u1ee7 \u0111\u1ec1 g\u1ea7n g\u0169i th\u00e2n thu\u1ed9c H\u00ecnh \u1ea3nh k\u00e8m theo sinh \u0111\u1ed9ng, h\u1ea5p d\u1eabn theo t\u1eebng ch\u1ee7 \u0111\u1ec1 gi\u00fap b\u00e9 d\u1ec5 d\u00e0ng nh\u1eadn bi\u1ebft, t\u1ea1o cho b\u00e9 s\u1ef1 h\u00e0o h\u1ee9ng khi b\u1eaft \u0111\u1ea7u b\u00e0i h\u1ecdc.<\/p>\n","protected":false},"excerpt":{"rendered":"<p>&#8211; Lung linh lung linh &#8211; G\u1ea5u Pun ng\u1eafm thi\u00ean nhi\u00ean.<\/p>\n<p>&#8211; L\u1eafc l\u01b0 l\u1eafc l\u01b0 &#8211; G\u1ea5u Pun v\u00e0 b\u1ea1n.<\/p>\n<p>&#8211; K\u00ednh coong k\u00ednh coong &#8211; \u0110\u1ed3 v\u1eadt c\u1ee7a G\u1ea5u Pun <\/p>\n<p>&#8211; Xin Ch\u00e0o M\u1ecdi Ng\u01b0\u1eddi &#8211; Hello World!<\/p>\n<p>&#8211; V\u00e0o r\u1eebng th\u00f4i! &#8211; To the Jungle!<\/p>\n<p>&#8211; V\u1eadt nu\u00f4i \u0111\u00e1ng y\u00eau! &#8211; Lovely Pets!<\/p>\n<p>Giai \u0111o\u1ea1n ph\u00e1t tri\u1ec3n \u0111\u1ea7u \u0111\u1eddi c\u1ee7a b\u00e9 l\u00e0 giai \u0111o\u1ea1n c\u1ef1c k\u1ef3 quan tr\u1ecdng gi\u00fap b\u00e9 l\u00e0m quen v\u1edbi th\u1ebf gi\u1edbi quan th\u00f4ng qua h\u00ecnh \u1ea3nh v\u00e0 \u00e2m thanh. N\u1eafm b\u1eaft \u0111\u01b0\u1ee3c \u0111i\u1ec1u \u0111\u00f3, Ehon k\u00edch th\u00edch th\u1ecb gi\u00e1c s\u1ebd gi\u00fap b\u00e9 ghi nh\u1edb c\u1ef1c nhanh v\u00e0 l\u00e0m quen v\u1edbi r\u1ea5t nhi\u1ec1u ch\u1ee7 \u0111\u1ec1 g\u1ea7n g\u0169i th\u00e2n thu\u1ed9c H\u00ecnh \u1ea3nh k\u00e8m theo sinh \u0111\u1ed9ng, h\u1ea5p d\u1eabn theo t\u1eebng ch\u1ee7 \u0111\u1ec1 gi\u00fap b\u00e9 d\u1ec5 d\u00e0ng nh\u1eadn bi\u1ebft, t\u1ea1o cho b\u00e9 s\u1ef1 h\u00e0o h\u1ee9ng khi b\u1eaft \u0111\u1ea7u b\u00e0i h\u1ecdc.<\/p>\n","protected":false},"featured_media":23309,"template":"","meta":{"_acf_changed":false},"product_brand":[],"product_cat":[20,24,25,17],"product_tag":[83],"class_list":{"0":"post-23310","1":"product","2":"type-product","3":"status-publish","4":"has-post-thumbnail","6":"product_cat-be-vua-hoc-vua-choi","7":"product_cat-nha-tre-mau-giao-0-tuoi-6-tuoi","8":"product_cat-nhi-dong-6-tuoi-12-tuoi","9":"product_cat-sach-danh-cho-cac-be","10":"product_tag-sach-moi-xuat-ban","12":"first","13":"outofstock","14":"taxable","15":"shipping-taxable","16":"purchasable","17":"product-type-simple"},"supplier_id":null,"supplier_sku":"","barcode":null,"atum_controlled":true,"out_stock_date":"2024-02-04 05:57:11","out_stock_threshold":null,"inheritable":false,"inbound_stock":0,"stock_on_hold":0,"sold_today":0,"sales_last_days":0,"reserved_stock":0,"customer_returns":0,"warehouse_damage":0,"lost_in_post":0,"other_logs":0,"out_stock_days":724,"lost_sales":0,"has_location":false,"update_date":"2026-01-28T23:11:14","atum_locations":[],"atum_stock_status":"outofstock","restock_status":false,"low_stock_amount":"","sales_update_date":"2026-01-28T23:11:14","calc_backorders":null,"acf":{"publisher":{"ID":23066,"post_author":"1","post_date":"2023-04-02 18:33:06","post_date_gmt":"2023-04-02 15:33:06","post_content":"","post_title":"H\u00e0 N\u1ed9i","post_excerpt":"","post_status":"publish","comment_status":"closed","ping_status":"closed","post_password":"","post_name":"ha-noi","to_ping":"","pinged":"","post_modified":"2023-04-02 18:33:06","post_modified_gmt":"2023-04-02 15:33:06","post_content_filtered":"","post_parent":0,"guid":"https:\/\/sachviet.eu\/nha-phat-hanh\/ha-noi\/","menu_order":0,"post_type":"publisher","post_mime_type":"","comment_count":"0","filter":"raw"}},"_links":{"self":[{"href":"https:\/\/sachviet.eu\/en\/wp-json\/wp\/v2\/product\/23310","targetHints":{"allow":["GET"]}}],"collection":[{"href":"https:\/\/sachviet.eu\/en\/wp-json\/wp\/v2\/product"}],"about":[{"href":"https:\/\/sachviet.eu\/en\/wp-json\/wp\/v2\/types\/product"}],"wp:featuredmedia":[{"embeddable":true,"href":"https:\/\/sachviet.eu\/en\/wp-json\/wp\/v2\/media\/23309"}],"wp:attachment":[{"href":"https:\/\/sachviet.eu\/en\/wp-json\/wp\/v2\/media?parent=23310"}],"wp:term":[{"taxonomy":"product_brand","embeddable":true,"href":"https:\/\/sachviet.eu\/en\/wp-json\/wp\/v2\/product_brand?post=23310"},{"taxonomy":"product_cat","embeddable":true,"href":"https:\/\/sachviet.eu\/en\/wp-json\/wp\/v2\/product_cat?post=23310"},{"taxonomy":"product_tag","embeddable":true,"href":"https:\/\/sachviet.eu\/en\/wp-json\/wp\/v2\/product_tag?post=23310"}],"curies":[{"name":"wp","href":"https:\/\/api.w.org\/{rel}","templated":true}]}}