{"id":23306,"date":"2023-04-04T22:35:28","date_gmt":"2023-04-04T19:35:28","guid":{"rendered":"https:\/\/sachviet.eu\/shop\/sach-noi-dien-tu-song-ngu-anh-viet-cho-tre-em-sach-dien-tu-da-chuc-nang-giao-duc-som-ban-nang-cap-moi-nhat\/"},"modified":"2024-08-10T13:19:45","modified_gmt":"2024-08-10T10:19:45","slug":"sach-noi-dien-tu-song-ngu-anh-viet-cho-tre-em-sach-dien-tu-da-chuc-nang-giao-duc-som-ban-nang-cap-moi-nhat","status":"publish","type":"product","link":"https:\/\/sachviet.eu\/en\/shop\/sach-noi-dien-tu-song-ngu-anh-viet-cho-tre-em-sach-dien-tu-da-chuc-nang-giao-duc-som-ban-nang-cap-moi-nhat\/","title":{"rendered":"S\u00e1ch n\u00f3i \u0110i\u1ec7n t\u1eed Song ng\u1eef Anh &#8211; Vi\u1ec7t cho tr\u1ebb em &#8211; S\u00e1ch \u0111i\u1ec7n t\u1eed \u0111a ch\u1ee9c n\u0103ng gi\u00e1o d\u1ee5c s\u1edbm &#8211; B\u1ea3n n\u00e2ng c\u1ea5p m\u1edbi nh\u1ea5t"},"content":{"rendered":"<p>S\u00e1ch n\u00f3i \u0110i\u1ec7n t\u1eed Song ng\u1eef Anh &#8211; Vi\u1ec7t cho tr\u1ebb em &#8211; S\u00e1ch \u0111i\u1ec7n t\u1eed \u0111a ch\u1ee9c n\u0103ng gi\u00e1o d\u1ee5c s\u1edbm<\/p>\n<p>Ti\u1ebfp n\u1ed1i th\u00e0nh c\u00f4ng c\u1ee7a 2 cu\u1ed1n S\u00e1ch N\u00f3i phi\u00ean b\u1ea3n 1+ v\u00e0 3+, hi\u1ec7n nay C\u00f4ng ty Thanh Nga cho ra \u0111\u1eddi b\u1ea3n n\u00e2ng c\u1ea5p cu\u1ed1n &#8220;S\u00e1ch song ng\u1eef Anh &#8211; Vi\u1ec7t cho tr\u1ebb em 3+&#8221;<\/p>\n<p>&#8211; S\u00e1ch g\u1ed3m 28 trang, h\u01a1n 500 n\u1ed9i dung v\u1edbi nhi\u1ec1u ch\u1ee7 \u0111\u1ec1 \u0111a d\u1ea1ng nh\u01b0 gia \u0111\u00ecnh, \u0111\u1ed3 v\u1eadt,hoa qu\u1ea3, ph\u01b0\u01a1ng ti\u1ec7n giao th\u00f4ng, h\u00ecnh kh\u1ed1 k\u1ebft h\u1ee3p song song hai ng\u00f4n ng\u1eef Anh-Vi\u1ec7t, phi\u00ean b\u1ea3n n\u00e0y \u0111\u01b0\u1ee3c thu t\u1eeb gi\u1ecdng \u0111\u1ecdc thi\u1ebfu nhi chu\u1ea9n r\u1ea5t \u0111\u00e1ng y\u00eau v\u00e0 ng\u1ed9 ngh\u0129nh;<\/p>\n<p>&#8211; Ngo\u00e0i c\u00e1c t\u00ednh n\u0103ng nh\u01b0 c\u00e1c phi\u00ean b\u1ea3n c\u0169, s\u00e1ch t\u00edch h\u1ee3p th\u00eam ph\u1ea7n \u0111\u1ecdc b\u1ea3ng c\u1eedu ch\u01b0\u01a1ng g\u1ed3m b\u1ea3ng nh\u00e2n v\u00e0 b\u1ea3ng c\u1ed9ng, gi\u00fap b\u00e9 t\u0103ng h\u1ee9ng th\u00fa h\u1ecdc h\u1ecdc to\u00e1n v\u00e0 nh\u1ea9m t\u00ednh nhanh r\u1ea5t hi\u1ec7u qu\u1ea3;<\/p>\n<p>&#8211; \u0110\u1eb7c bi\u1ec7t l\u00e0 ph\u1ea7n \u0111\u00e1nh \u0111\u00e0n hot nh\u1ea5t \u0111\u01b0\u1ee3c t\u00edch h\u1ee3p c\u00e1c b\u00e0i h\u00e1t hay, tr\u1ebb em y\u00eau th\u00edch v\u00e0 b\u00e9 n\u00e0o c\u0169ng c\u00f3 th\u1ec3 \u0111\u00e1nh \u0111\u01b0\u1ee3c, gi\u00fap b\u00e9 tho\u1ea3 s\u1ee9c th\u1ec3 hi\u1ec7n t\u00e0i n\u0103ng ngh\u1ec7 thu\u1eadt thi\u00ean b\u1ea9m;<\/p>\n<p>&#8211; Ph\u1ea7n \u0111\u1ecdc truy\u1ec7n v\u1edbi 6 c\u00e2u truy\u1ec7n c\u1ed5 t\u00edch hay v\u00e0 \u0111\u1eb7c s\u1eafc cho b\u00e9, k\u00e8m c\u00e1c b\u1ea3n nh\u1ea1c quen thu\u1ed9c m\u00e0 c\u00e1c b\u1ea1n nh\u1ecf r\u1ea5t y\u00eau th\u00edch;<\/p>\n<p>&#8211; S\u00e1ch t\u00edch h\u1ee3p th\u00eam nhi\u1ec1u tr\u00f2 ch\u01a1i th\u00fa v\u1ecb v\u1edbi b\u00fat m\u1ef1c c\u00f3 \u0111\u1ea7u x\u00f3a \u0111\u01b0\u1ee3c;<\/p>\n<p>&#8211; V\u1edbi cu\u1ed1n s\u00e1ch n\u00e0y b\u00e9 c\u00f3 th\u1ec3 h\u1ecdc m\u00e0 ch\u01a1i ch\u01a1i m\u00e0 h\u1ecdc r\u1ea5t b\u1ed5 \u00edch v\u00e0 ti\u1ec7n l\u1ee3i ph\u1ea3i kh\u00f4ng n\u00e0o.<\/p>\n<p>H\u00e3y \u0111\u1eb7t h\u00e0ng ngay \u0111\u1ec3 nh\u1eadn \u01b0u \u0111\u00e3i t\u1ed1t nh\u00e9 ! (Phi\u00ean b\u1ea3n \u0110\u1eb7c Bi\u1ec7t 2022) S\u00e1ch n\u00f3i \u0110i\u1ec7n t\u1eed Song ng\u1eef Anh &#8211; Vi\u1ec7t cho tr\u1ebb em 3+, S\u00e1ch \u0111i\u1ec7n t\u1eed \u0111a ch\u1ee9c n\u0103ng gi\u00e1o d\u1ee5c s\u1edbm<\/p>\n","protected":false},"excerpt":{"rendered":"<p>S\u00e1ch n\u00f3i \u0110i\u1ec7n t\u1eed Song ng\u1eef Anh &#8211; Vi\u1ec7t cho tr\u1ebb em &#8211; S\u00e1ch \u0111i\u1ec7n t\u1eed \u0111a ch\u1ee9c n\u0103ng gi\u00e1o d\u1ee5c s\u1edbm<\/p>\n<p>Ti\u1ebfp n\u1ed1i th\u00e0nh c\u00f4ng c\u1ee7a 2 cu\u1ed1n S\u00e1ch N\u00f3i phi\u00ean b\u1ea3n 1+ v\u00e0 3+, hi\u1ec7n nay C\u00f4ng ty Thanh Nga cho ra \u0111\u1eddi b\u1ea3n n\u00e2ng c\u1ea5p cu\u1ed1n &#8220;S\u00e1ch song ng\u1eef Anh &#8211; Vi\u1ec7t cho tr\u1ebb em 3+&#8221;<\/p>\n<p>&#8211; S\u00e1ch g\u1ed3m 28 trang, h\u01a1n 500 n\u1ed9i dung v\u1edbi nhi\u1ec1u ch\u1ee7 \u0111\u1ec1 \u0111a d\u1ea1ng nh\u01b0 gia \u0111\u00ecnh, \u0111\u1ed3 v\u1eadt,hoa qu\u1ea3, ph\u01b0\u01a1ng ti\u1ec7n giao th\u00f4ng, h\u00ecnh kh\u1ed1 k\u1ebft h\u1ee3p song song hai ng\u00f4n ng\u1eef Anh-Vi\u1ec7t, phi\u00ean b\u1ea3n n\u00e0y \u0111\u01b0\u1ee3c thu t\u1eeb gi\u1ecdng \u0111\u1ecdc thi\u1ebfu nhi chu\u1ea9n r\u1ea5t \u0111\u00e1ng y\u00eau v\u00e0 ng\u1ed9 ngh\u0129nh;<\/p>\n<p>&#8211; Ngo\u00e0i c\u00e1c t\u00ednh n\u0103ng nh\u01b0 c\u00e1c phi\u00ean b\u1ea3n c\u0169, s\u00e1ch t\u00edch h\u1ee3p th\u00eam ph\u1ea7n \u0111\u1ecdc b\u1ea3ng c\u1eedu ch\u01b0\u01a1ng g\u1ed3m b\u1ea3ng nh\u00e2n v\u00e0 b\u1ea3ng c\u1ed9ng, gi\u00fap b\u00e9 t\u0103ng h\u1ee9ng th\u00fa h\u1ecdc h\u1ecdc to\u00e1n v\u00e0 nh\u1ea9m t\u00ednh nhanh r\u1ea5t hi\u1ec7u qu\u1ea3;<\/p>\n<p>&#8211; \u0110\u1eb7c bi\u1ec7t l\u00e0 ph\u1ea7n \u0111\u00e1nh \u0111\u00e0n hot nh\u1ea5t \u0111\u01b0\u1ee3c t\u00edch h\u1ee3p c\u00e1c b\u00e0i h\u00e1t hay, tr\u1ebb em y\u00eau th\u00edch v\u00e0 b\u00e9 n\u00e0o c\u0169ng c\u00f3 th\u1ec3 \u0111\u00e1nh \u0111\u01b0\u1ee3c, gi\u00fap b\u00e9 tho\u1ea3 s\u1ee9c th\u1ec3 hi\u1ec7n t\u00e0i n\u0103ng ngh\u1ec7 thu\u1eadt thi\u00ean b\u1ea9m;<\/p>\n<p>&#8211; Ph\u1ea7n \u0111\u1ecdc truy\u1ec7n v\u1edbi 6 c\u00e2u truy\u1ec7n c\u1ed5 t\u00edch hay v\u00e0 \u0111\u1eb7c s\u1eafc cho b\u00e9, k\u00e8m c\u00e1c b\u1ea3n nh\u1ea1c quen thu\u1ed9c m\u00e0 c\u00e1c b\u1ea1n nh\u1ecf r\u1ea5t y\u00eau th\u00edch;<\/p>\n<p>&#8211; S\u00e1ch t\u00edch h\u1ee3p th\u00eam nhi\u1ec1u tr\u00f2 ch\u01a1i th\u00fa v\u1ecb v\u1edbi b\u00fat m\u1ef1c c\u00f3 \u0111\u1ea7u x\u00f3a \u0111\u01b0\u1ee3c;<\/p>\n<p>&#8211; V\u1edbi cu\u1ed1n s\u00e1ch n\u00e0y b\u00e9 c\u00f3 th\u1ec3 h\u1ecdc m\u00e0 ch\u01a1i ch\u01a1i m\u00e0 h\u1ecdc r\u1ea5t b\u1ed5 \u00edch v\u00e0 ti\u1ec7n l\u1ee3i ph\u1ea3i kh\u00f4ng n\u00e0o.<\/p>\n<p>H\u00e3y \u0111\u1eb7t h\u00e0ng ngay \u0111\u1ec3 nh\u1eadn \u01b0u \u0111\u00e3i t\u1ed1t nh\u00e9 ! (Phi\u00ean b\u1ea3n \u0110\u1eb7c Bi\u1ec7t 2022) S\u00e1ch n\u00f3i \u0110i\u1ec7n t\u1eed Song ng\u1eef Anh &#8211; Vi\u1ec7t cho tr\u1ebb em 3+, S\u00e1ch \u0111i\u1ec7n t\u1eed \u0111a ch\u1ee9c n\u0103ng gi\u00e1o d\u1ee5c s\u1edbm<\/p>\n","protected":false},"featured_media":23305,"template":"","meta":{"_acf_changed":false},"product_brand":[],"product_cat":[20,24,25,19,17,26],"product_tag":[83],"class_list":{"0":"post-23306","1":"product","2":"type-product","3":"status-publish","4":"has-post-thumbnail","6":"product_cat-be-vua-hoc-vua-choi","7":"product_cat-nha-tre-mau-giao-0-tuoi-6-tuoi","8":"product_cat-nhi-dong-6-tuoi-12-tuoi","9":"product_cat-nuoi-day-con","10":"product_cat-sach-danh-cho-cac-be","11":"product_cat-thieu-nien-11-tuoi-18-tuoi","12":"product_tag-sach-moi-xuat-ban","14":"first","15":"outofstock","16":"taxable","17":"shipping-taxable","18":"purchasable","19":"product-type-simple"},"supplier_id":null,"supplier_sku":"","barcode":null,"atum_controlled":true,"out_stock_date":"2024-08-10 10:19:45","out_stock_threshold":null,"inheritable":false,"inbound_stock":0,"stock_on_hold":0,"sold_today":0,"sales_last_days":0,"reserved_stock":0,"customer_returns":0,"warehouse_damage":0,"lost_in_post":0,"other_logs":0,"out_stock_days":536,"lost_sales":0,"has_location":false,"update_date":"2026-01-28T23:11:18","atum_locations":[],"atum_stock_status":"outofstock","restock_status":false,"low_stock_amount":"","sales_update_date":"2026-01-28T23:11:18","calc_backorders":null,"acf":{"publisher":{"ID":23304,"post_author":"1","post_date":"2023-04-04 22:35:24","post_date_gmt":"2023-04-04 19:35:24","post_content":"","post_title":"D\u00e2n Tr\u00ed","post_excerpt":"","post_status":"publish","comment_status":"closed","ping_status":"closed","post_password":"","post_name":"dan-tri","to_ping":"","pinged":"","post_modified":"2023-04-04 22:35:24","post_modified_gmt":"2023-04-04 19:35:24","post_content_filtered":"","post_parent":0,"guid":"https:\/\/sachviet.eu\/nha-phat-hanh\/dan-tri\/","menu_order":0,"post_type":"publisher","post_mime_type":"","comment_count":"0","filter":"raw"}},"_links":{"self":[{"href":"https:\/\/sachviet.eu\/en\/wp-json\/wp\/v2\/product\/23306","targetHints":{"allow":["GET"]}}],"collection":[{"href":"https:\/\/sachviet.eu\/en\/wp-json\/wp\/v2\/product"}],"about":[{"href":"https:\/\/sachviet.eu\/en\/wp-json\/wp\/v2\/types\/product"}],"wp:featuredmedia":[{"embeddable":true,"href":"https:\/\/sachviet.eu\/en\/wp-json\/wp\/v2\/media\/23305"}],"wp:attachment":[{"href":"https:\/\/sachviet.eu\/en\/wp-json\/wp\/v2\/media?parent=23306"}],"wp:term":[{"taxonomy":"product_brand","embeddable":true,"href":"https:\/\/sachviet.eu\/en\/wp-json\/wp\/v2\/product_brand?post=23306"},{"taxonomy":"product_cat","embeddable":true,"href":"https:\/\/sachviet.eu\/en\/wp-json\/wp\/v2\/product_cat?post=23306"},{"taxonomy":"product_tag","embeddable":true,"href":"https:\/\/sachviet.eu\/en\/wp-json\/wp\/v2\/product_tag?post=23306"}],"curies":[{"name":"wp","href":"https:\/\/api.w.org\/{rel}","templated":true}]}}