{"id":23298,"date":"2023-04-03T23:02:02","date_gmt":"2023-04-03T20:02:02","guid":{"rendered":"https:\/\/sachviet.eu\/shop\/vong-lau-tu-than-agatha-christie\/"},"modified":"2024-04-18T14:29:39","modified_gmt":"2024-04-18T11:29:39","slug":"vong-lau-tu-than-agatha-christie","status":"publish","type":"product","link":"https:\/\/sachviet.eu\/en\/shop\/vong-lau-tu-than-agatha-christie\/","title":{"rendered":"V\u1ecdng L\u00e2u T\u1eed Th\u1ea7n &#8211; Agatha Christie"},"content":{"rendered":"<p>Tr\u00f2 ch\u01a1i t\u1eeb thi\u1ec7n truy l\u00f9ng hung th\u1ee7 \u0111\u01b0\u1ee3c t\u1ed5 ch\u1ee9c t\u1ea1i m\u1ed9t \u0111i\u1ec1n trang \u1edf Devon \u0111\u00e3 bi\u1ebfn th\u00e0nh s\u1ef1 th\u1eadt. Ng\u00e0i George v\u00e0 phu nh\u00e2n Stubbs, ch\u1ee7 nh\u00e2n \u0111\u0103ng cai l\u1ec5 h\u1ed9i l\u00e0ng, \u0111\u00e3 n\u1ea3y ra \u00fd t\u01b0\u1edfng m\u1edbi l\u1ea1 v\u1ec1 vi\u1ec7c d\u00e0n d\u1ef1ng m\u1ed9t v\u1ee5 gi\u1ebft ng\u01b0\u1eddi b\u00ed \u1ea9n gi\u1ea3. V\u1edbi thi\u1ec7n \u00fd, Ariadne Oliver, nh\u00e0 v\u0103n n\u1ed5i ti\u1ebfng chuy\u00ean th\u1ec3 lo\u1ea1i trinh th\u00e1m h\u00ecnh s\u1ef1, \u0111\u1ed3ng \u00fd s\u1eafp \u0111\u1eb7t cu\u1ed9c truy l\u00f9ng hung th\u1ee7 cho h\u1ecd. B\u1ea5t ch\u1ea5p nhi\u1ec1u tu\u1ea7n l\u00ean k\u1ebf ho\u1ea1ch t\u1ec9 m\u1ec9, v\u00e0o ph\u00fat cu\u1ed1i, Ariadne g\u1ecdi cho b\u1ea1n m\u00ecnh l\u00e0 Hercule Poirot \u0111\u1ec3 nh\u1edd c\u1eady \u0111\u1ebfn t\u00e0i n\u0103ng chuy\u00ean m\u00f4n c\u1ee7a \u00f4ng. B\u1eb1ng b\u1ea3n n\u0103ng, b\u00e0 linh c\u1ea3m c\u00f3 \u00e2m m\u01b0u nham hi\u1ec3m n\u00e0o \u0111\u00f3 s\u1eafp x\u1ea3y ra\u2026 H\u00e3y c\u1ea9n th\u1eadn \u2014 \u0111\u1eebng tr\u00f4ng m\u1eb7t b\u1eaft h\u00ecnh dong b\u1ea5t c\u1ee9 ai!<\/p>\n<p>V\u1ecdng l\u00e2u t\u1eed th\u1ea7n ch\u1ee9ng ki\u1ebfn s\u1ef1 tr\u1edf l\u1ea1i c\u1ee7a nh\u00e0 v\u0103n trinh th\u00e1m Ariadne Oliver, v\u1eddi Poirot \u0111\u1ebfn m\u1ed9t \u0111i\u1ec1n trang n\u00f4ng th\u00f4n \u0111\u1ec3 \u0111i\u1ec1u tra n\u1ed7i ng\u1edd v\u1ef1c dai d\u1eb3ng trong l\u00f2ng, m\u00e0 b\u00e0 s\u1ee3 r\u1eb1ng c\u00f3 th\u1ec3 d\u1eabn \u0111\u1ebfn chuy\u1ec7n nghi\u00eam tr\u1ecdng.<\/p>\n<p>\u0110i\u1ec1n trang n\u00f4ng th\u00f4n trong truy\u1ec7n n\u00e0y \u0111\u01b0\u1ee3c l\u1ea5y c\u1ea3m h\u1ee9ng t\u1eeb nh\u00e0 ngh\u1ec9 m\u00e1t ri\u00eang c\u1ee7a Agatha Christie, Greenway House \u1edf Devon, nh\u00ecn ra s\u00f4ng Dart v\u00e0 c\u00f3 nhi\u1ec1u \u0111\u1eb7c \u0111i\u1ec3m \u0111\u01b0\u1ee3c \u0111\u1ec1 c\u1eadp trong ti\u1ec3u thuy\u1ebft. Hi\u1ec7n do National Trust s\u1edf h\u1eefu v\u00e0 qu\u1ea3n l\u00fd, ng\u00f4i nh\u00e0 \u0111\u01b0\u1ee3c s\u1eed d\u1ee5ng \u0111\u1ec3 quay b\u1ed9 phim truy\u1ec1n h\u00ecnh c\u1ee7a \u0111\u00e0i ITV chuy\u1ec3n th\u1ec3 cu\u1ed1n ti\u1ec3u thuy\u1ebft n\u00e0y. Dead Man\u2019s Folly l\u00e0 t\u1eadp th\u1ee9 ba trong phim b\u1ed9 truy\u1ec1n h\u00ecnh 13 t\u1eadp v\u1ec1 Hercule Porot c\u1ee7a Agatha Christie, ph\u00e1t s\u00f3ng l\u1ea7n \u0111\u1ea7u v\u00e0o ng\u00e0y 30 th\u00e1ng 10 n\u0103m 2013. T\u1eadp phim d\u00e0i d\u1ef1a tr\u00ean ti\u1ec3u thuy\u1ebft c\u00f9ng t\u00ean n\u00e0y c\u1ee7a Agatha Christie do Tom Vaughan \u0111\u1ea1o di\u1ec5n v\u1edbi k\u1ecbch b\u1ea3n c\u1ee7a Nick Dear.<\/p>\n<p>C\u1ed1t truy\u1ec7n ch\u00ednh l\u1ea7n \u0111\u1ea7u ti\u00ean ra m\u1eaft b\u1ea1n \u0111\u1ecdc d\u01b0\u1edbi d\u1ea1ng ti\u1ec3u thuy\u1ebft ch\u1ec9 m\u1edbi \u0111\u01b0\u1ee3c xu\u1ea5t b\u1ea3n g\u1ea7n \u0111\u00e2y v\u1edbi nhan \u0111\u1ec1 Hercule Poirot and Greenshore Folly. N\u0103m 1954, Agatha Christie vi\u1ebft c\u00e2u chuy\u1ec7n v\u1edbi \u00fd \u0111\u1ecbnh d\u00f9ng s\u1ed1 ti\u1ec1n thu \u0111\u01b0\u1ee3c g\u00f3p v\u00e0o qu\u1ef9 mua c\u1eeda s\u1ed5 k\u00ednh m\u00e0u cho nh\u00e0 th\u1edd \u0111\u1ecba ph\u01b0\u01a1ng c\u1ee7a b\u00e0 \u1edf Churston Ferrers, v\u00e0 b\u00e0 \u0111i\u1ec1n v\u00e0o c\u00e2u chuy\u1ec7n nh\u1eefng \u0111\u1ecba \u0111i\u1ec3m trong v\u00f9ng, g\u1ed3m c\u1ea3 ng\u00f4i nh\u00e0 Greenway c\u1ee7a ch\u00ednh m\u00ecnh. Nh\u01b0ng sau khi ho\u00e0n th\u00e0nh, b\u00e0 l\u1ea1i quy\u1ebft \u0111\u1ecbnh m\u1edf r\u1ed9ng c\u00e2u chuy\u1ec7n th\u00e0nh ti\u1ec3u thuy\u1ebft, Dead Man\u2019s Folly, \u0111\u01b0\u1ee3c xu\u1ea5t b\u1ea3n hai n\u0103m sau, v\u00e0 thay v\u00e0o \u0111\u00f3 quy\u00ean g\u00f3p m\u1ed9t c\u00e2u chuy\u1ec7n v\u1ec1 Miss Marple (Greenshaw\u2019s Folly) cho qu\u1ef9 c\u1ee7a nh\u00e0 th\u1edd.<\/p>\n<p>Dead Man\u2019s Folly c\u00f2n \u0111\u01b0\u1ee3c d\u1ef1ng k\u1ecbch b\u1ea3n phim cho BBC Radio 4 n\u0103m 2007, v\u1edbi s\u1ef1 tham gia c\u1ee7a John Moffatt trong vai Poirot v\u00e0 Julie McKenzie (\u0111\u01b0\u1ee3c bi\u1ebft \u0111\u1ebfn nhi\u1ec1u h\u01a1n v\u1edbi vai Miss Marple) trong vai Ariadne Oliver. N\u0103m 2009, I-play \u0111\u00e3 ph\u00e1t h\u00e0nh tr\u00f2 ch\u01a1i \u0111\u1ed3 v\u1eadt \u1ea9n c\u00f3 th\u1ec3 t\u1ea3i xu\u1ed1ng d\u1ef1a tr\u00ean c\u00e2u chuy\u1ec7n v\u00e0 chuy\u1ec3n th\u1ec3 ti\u1ec3u thuy\u1ebft tranh \u0111\u01b0\u1ee3c xu\u1ea5t b\u1ea3n v\u00e0o cu\u1ed1i n\u0103m 2012.<\/p>\n","protected":false},"excerpt":{"rendered":"<p>Tr\u00f2 ch\u01a1i t\u1eeb thi\u1ec7n truy l\u00f9ng hung th\u1ee7 \u0111\u01b0\u1ee3c t\u1ed5 ch\u1ee9c t\u1ea1i m\u1ed9t \u0111i\u1ec1n trang \u1edf Devon \u0111\u00e3 bi\u1ebfn th\u00e0nh s\u1ef1 th\u1eadt. Ng\u00e0i George v\u00e0 phu nh\u00e2n Stubbs, ch\u1ee7 nh\u00e2n \u0111\u0103ng cai l\u1ec5 h\u1ed9i l\u00e0ng, \u0111\u00e3 n\u1ea3y ra \u00fd t\u01b0\u1edfng m\u1edbi l\u1ea1 v\u1ec1 vi\u1ec7c d\u00e0n d\u1ef1ng m\u1ed9t v\u1ee5 gi\u1ebft ng\u01b0\u1eddi b\u00ed \u1ea9n gi\u1ea3. V\u1edbi thi\u1ec7n \u00fd, Ariadne Oliver, nh\u00e0 v\u0103n n\u1ed5i ti\u1ebfng chuy\u00ean th\u1ec3 lo\u1ea1i trinh th\u00e1m h\u00ecnh s\u1ef1, \u0111\u1ed3ng \u00fd s\u1eafp \u0111\u1eb7t cu\u1ed9c truy l\u00f9ng hung th\u1ee7 cho h\u1ecd. B\u1ea5t ch\u1ea5p nhi\u1ec1u tu\u1ea7n l\u00ean k\u1ebf ho\u1ea1ch t\u1ec9 m\u1ec9, v\u00e0o ph\u00fat cu\u1ed1i, Ariadne g\u1ecdi cho b\u1ea1n m\u00ecnh l\u00e0 Hercule Poirot \u0111\u1ec3 nh\u1edd c\u1eady \u0111\u1ebfn t\u00e0i n\u0103ng chuy\u00ean m\u00f4n c\u1ee7a \u00f4ng. B\u1eb1ng b\u1ea3n n\u0103ng, b\u00e0 linh c\u1ea3m c\u00f3 \u00e2m m\u01b0u nham hi\u1ec3m n\u00e0o \u0111\u00f3 s\u1eafp x\u1ea3y ra\u2026 H\u00e3y c\u1ea9n th\u1eadn \u2014 \u0111\u1eebng tr\u00f4ng m\u1eb7t b\u1eaft h\u00ecnh dong b\u1ea5t c\u1ee9 ai!<\/p>\n<p>V\u1ecdng l\u00e2u t\u1eed th\u1ea7n ch\u1ee9ng ki\u1ebfn s\u1ef1 tr\u1edf l\u1ea1i c\u1ee7a nh\u00e0 v\u0103n trinh th\u00e1m Ariadne Oliver, v\u1eddi Poirot \u0111\u1ebfn m\u1ed9t \u0111i\u1ec1n trang n\u00f4ng th\u00f4n \u0111\u1ec3 \u0111i\u1ec1u tra n\u1ed7i ng\u1edd v\u1ef1c dai d\u1eb3ng trong l\u00f2ng, m\u00e0 b\u00e0 s\u1ee3 r\u1eb1ng c\u00f3 th\u1ec3 d\u1eabn \u0111\u1ebfn chuy\u1ec7n nghi\u00eam tr\u1ecdng.<\/p>\n<p>\u0110i\u1ec1n trang n\u00f4ng th\u00f4n trong truy\u1ec7n n\u00e0y \u0111\u01b0\u1ee3c l\u1ea5y c\u1ea3m h\u1ee9ng t\u1eeb nh\u00e0 ngh\u1ec9 m\u00e1t ri\u00eang c\u1ee7a Agatha Christie, Greenway House \u1edf Devon, nh\u00ecn ra s\u00f4ng Dart v\u00e0 c\u00f3 nhi\u1ec1u \u0111\u1eb7c \u0111i\u1ec3m \u0111\u01b0\u1ee3c \u0111\u1ec1 c\u1eadp trong ti\u1ec3u thuy\u1ebft. Hi\u1ec7n do National Trust s\u1edf h\u1eefu v\u00e0 qu\u1ea3n l\u00fd, ng\u00f4i nh\u00e0 \u0111\u01b0\u1ee3c s\u1eed d\u1ee5ng \u0111\u1ec3 quay b\u1ed9 phim truy\u1ec1n h\u00ecnh c\u1ee7a \u0111\u00e0i ITV chuy\u1ec3n th\u1ec3 cu\u1ed1n ti\u1ec3u thuy\u1ebft n\u00e0y. Dead Man\u2019s Folly l\u00e0 t\u1eadp th\u1ee9 ba trong phim b\u1ed9 truy\u1ec1n h\u00ecnh 13 t\u1eadp v\u1ec1 Hercule Porot c\u1ee7a Agatha Christie, ph\u00e1t s\u00f3ng l\u1ea7n \u0111\u1ea7u v\u00e0o ng\u00e0y 30 th\u00e1ng 10 n\u0103m 2013. T\u1eadp phim d\u00e0i d\u1ef1a tr\u00ean ti\u1ec3u thuy\u1ebft c\u00f9ng t\u00ean n\u00e0y c\u1ee7a Agatha Christie do Tom Vaughan \u0111\u1ea1o di\u1ec5n v\u1edbi k\u1ecbch b\u1ea3n c\u1ee7a Nick Dear.<\/p>\n<p>C\u1ed1t truy\u1ec7n ch\u00ednh l\u1ea7n \u0111\u1ea7u ti\u00ean ra m\u1eaft b\u1ea1n \u0111\u1ecdc d\u01b0\u1edbi d\u1ea1ng ti\u1ec3u thuy\u1ebft ch\u1ec9 m\u1edbi \u0111\u01b0\u1ee3c xu\u1ea5t b\u1ea3n g\u1ea7n \u0111\u00e2y v\u1edbi nhan \u0111\u1ec1 Hercule Poirot and Greenshore Folly. N\u0103m 1954, Agatha Christie vi\u1ebft c\u00e2u chuy\u1ec7n v\u1edbi \u00fd \u0111\u1ecbnh d\u00f9ng s\u1ed1 ti\u1ec1n thu \u0111\u01b0\u1ee3c g\u00f3p v\u00e0o qu\u1ef9 mua c\u1eeda s\u1ed5 k\u00ednh m\u00e0u cho nh\u00e0 th\u1edd \u0111\u1ecba ph\u01b0\u01a1ng c\u1ee7a b\u00e0 \u1edf Churston Ferrers, v\u00e0 b\u00e0 \u0111i\u1ec1n v\u00e0o c\u00e2u chuy\u1ec7n nh\u1eefng \u0111\u1ecba \u0111i\u1ec3m trong v\u00f9ng, g\u1ed3m c\u1ea3 ng\u00f4i nh\u00e0 Greenway c\u1ee7a ch\u00ednh m\u00ecnh. Nh\u01b0ng sau khi ho\u00e0n th\u00e0nh, b\u00e0 l\u1ea1i quy\u1ebft \u0111\u1ecbnh m\u1edf r\u1ed9ng c\u00e2u chuy\u1ec7n th\u00e0nh ti\u1ec3u thuy\u1ebft, Dead Man\u2019s Folly, \u0111\u01b0\u1ee3c xu\u1ea5t b\u1ea3n hai n\u0103m sau, v\u00e0 thay v\u00e0o \u0111\u00f3 quy\u00ean g\u00f3p m\u1ed9t c\u00e2u chuy\u1ec7n v\u1ec1 Miss Marple (Greenshaw\u2019s Folly) cho qu\u1ef9 c\u1ee7a nh\u00e0 th\u1edd.<\/p>\n<p>Dead Man\u2019s Folly c\u00f2n \u0111\u01b0\u1ee3c d\u1ef1ng k\u1ecbch b\u1ea3n phim cho BBC Radio 4 n\u0103m 2007, v\u1edbi s\u1ef1 tham gia c\u1ee7a John Moffatt trong vai Poirot v\u00e0 Julie McKenzie (\u0111\u01b0\u1ee3c bi\u1ebft \u0111\u1ebfn nhi\u1ec1u h\u01a1n v\u1edbi vai Miss Marple) trong vai Ariadne Oliver. N\u0103m 2009, I-play \u0111\u00e3 ph\u00e1t h\u00e0nh tr\u00f2 ch\u01a1i \u0111\u1ed3 v\u1eadt \u1ea9n c\u00f3 th\u1ec3 t\u1ea3i xu\u1ed1ng d\u1ef1a tr\u00ean c\u00e2u chuy\u1ec7n v\u00e0 chuy\u1ec3n th\u1ec3 ti\u1ec3u thuy\u1ebft tranh \u0111\u01b0\u1ee3c xu\u1ea5t b\u1ea3n v\u00e0o cu\u1ed1i n\u0103m 2012.<\/p>\n","protected":false},"featured_media":23297,"template":"","meta":{"_acf_changed":false},"product_brand":[],"product_cat":[15,72],"product_tag":[83],"class_list":{"0":"post-23298","1":"product","2":"type-product","3":"status-publish","4":"has-post-thumbnail","6":"product_cat-sach-danh-cho-nguoi-lon","7":"product_cat-trinh-tham-kinh-di","8":"product_tag-sach-moi-xuat-ban","10":"first","11":"outofstock","12":"taxable","13":"shipping-taxable","14":"purchasable","15":"product-type-simple"},"supplier_id":null,"supplier_sku":"","barcode":null,"atum_controlled":true,"out_stock_date":"2024-04-18 11:29:39","out_stock_threshold":null,"inheritable":false,"inbound_stock":0,"stock_on_hold":0,"sold_today":0,"sales_last_days":0,"reserved_stock":0,"customer_returns":0,"warehouse_damage":0,"lost_in_post":0,"other_logs":0,"out_stock_days":650,"lost_sales":0,"has_location":false,"update_date":"2026-01-28T23:11:14","atum_locations":[],"atum_stock_status":"outofstock","restock_status":false,"low_stock_amount":"","sales_update_date":"2026-01-28T23:11:14","calc_backorders":null,"acf":{"publisher":{"ID":1517,"post_author":"1","post_date":"2021-02-17 01:14:41","post_date_gmt":"2021-02-16 23:14:41","post_content":"","post_title":"NXB Tr\u1ebb","post_excerpt":"","post_status":"publish","comment_status":"closed","ping_status":"closed","post_password":"","post_name":"nxb-tre","to_ping":"","pinged":"","post_modified":"2021-02-17 01:14:41","post_modified_gmt":"2021-02-16 23:14:41","post_content_filtered":"","post_parent":0,"guid":"https:\/\/sachviet.eu\/nha-phat-hanh\/nxb-tre\/","menu_order":0,"post_type":"publisher","post_mime_type":"","comment_count":"0","filter":"raw"}},"_links":{"self":[{"href":"https:\/\/sachviet.eu\/en\/wp-json\/wp\/v2\/product\/23298","targetHints":{"allow":["GET"]}}],"collection":[{"href":"https:\/\/sachviet.eu\/en\/wp-json\/wp\/v2\/product"}],"about":[{"href":"https:\/\/sachviet.eu\/en\/wp-json\/wp\/v2\/types\/product"}],"wp:featuredmedia":[{"embeddable":true,"href":"https:\/\/sachviet.eu\/en\/wp-json\/wp\/v2\/media\/23297"}],"wp:attachment":[{"href":"https:\/\/sachviet.eu\/en\/wp-json\/wp\/v2\/media?parent=23298"}],"wp:term":[{"taxonomy":"product_brand","embeddable":true,"href":"https:\/\/sachviet.eu\/en\/wp-json\/wp\/v2\/product_brand?post=23298"},{"taxonomy":"product_cat","embeddable":true,"href":"https:\/\/sachviet.eu\/en\/wp-json\/wp\/v2\/product_cat?post=23298"},{"taxonomy":"product_tag","embeddable":true,"href":"https:\/\/sachviet.eu\/en\/wp-json\/wp\/v2\/product_tag?post=23298"}],"curies":[{"name":"wp","href":"https:\/\/api.w.org\/{rel}","templated":true}]}}