{"id":23296,"date":"2023-04-03T23:01:56","date_gmt":"2023-04-03T20:01:56","guid":{"rendered":"https:\/\/sachviet.eu\/shop\/thung-lung-bat-hanh-agatha-christie\/"},"modified":"2024-04-18T14:29:39","modified_gmt":"2024-04-18T11:29:39","slug":"thung-lung-bat-hanh-agatha-christie","status":"publish","type":"product","link":"https:\/\/sachviet.eu\/en\/shop\/thung-lung-bat-hanh-agatha-christie\/","title":{"rendered":"Thung L\u0169ng B\u1ea5t H\u1ea1nh &#8211; Agatha Christie"},"content":{"rendered":"<p>Khi c\u00f3 m\u1eb7t t\u1ea1i trang vi\u00ean Thung L\u0169ng \u0111\u1ec3 \u0103n tr\u01b0a theo l\u1eddi m\u1eddi c\u1ee7a b\u00e0 Lucy Angkatell, th\u00e1m t\u1eed Hercule Poirot kh\u00f4ng m\u1ea5y vui khi th\u1ea5y nh\u1eefng v\u1ecb kh\u00e1ch \u0111\u00e3 d\u00e0n d\u1ef1ng m\u1ed9t hi\u1ec7n tr\u01b0\u1eddng \u00e1n m\u1ea1ng b\u00ean h\u1ed3 b\u01a1i \u0111\u1ec3 tr\u00eau ch\u1ecdc m\u00ecnh.<\/p>\n<p>Th\u1eadt kh\u00f4ng may, \u0111\u00f3 l\u00e0 th\u1eadt. L\u00fac nh\u1eefng gi\u1ecdt m\u00e1u loang xu\u1ed1ng n\u01b0\u1edbc, n\u1ea1n nh\u00e2n c\u0169ng th\u00ec th\u1ea7m t\u1eeb cu\u1ed1i \u201cHenrietta\u201d. Kh\u1ea9u s\u00fang tr\u00ean tay ng\u01b0\u1eddi v\u1ee3, v\u1eadt ch\u1ee9ng s\u1ed1 m\u1ed9t, trong l\u00fac b\u1ed1i r\u1ed1i c\u0169ng b\u1ecb r\u01a1i xu\u1ed1ng n\u01b0\u1edbc.<\/p>\n<p>\u0110i\u1ec1u tra c\u1ee7a Poirot cho th\u1ea5y m\u1ecdi chuy\u1ec7n ph\u1ee9c t\u1ea1p h\u01a1n \u00f4ng t\u01b0\u1edfng. C\u00f3 v\u1ebb nh\u01b0 ai c\u0169ng c\u00f3 \u0111\u1ed9ng c\u01a1 g\u00e2y \u00e1n, v\u00e0 trong \u0111\u1ea1i gia \u0111\u00ecnh nhi\u1ec1u b\u00ed \u1ea9n n\u00e0y, m\u1ed7i ng\u01b0\u1eddi \u0111\u1ec1u l\u00e0 n\u1ea1n nh\u00e2n c\u1ee7a t\u00ecnh y\u00eau.<\/p>\n<p>\u201cM\u1ed9t cu\u1ed1n s\u00e1ch l\u1ea1 l\u00f9ng v\u00e0 s\u00e2u s\u1eafc; nh\u01b0 m\u1ed9t \u0111\u1ea1i d\u01b0\u01a1ng s\u00e2u th\u1eb3m v\u1edbi nh\u1eefng d\u00f2ng ch\u1ea3y ng\u1ea7m m\u1ea1nh m\u1ebd.\u201d \u2013 T\u00e1c gi\u1ea3 \u0111o\u1ea1t gi\u1ea3i th\u01b0\u1edfng qu\u1ed1c t\u1ebf Michel Houellebecq<\/p>\n<p>\u201cM\u1ed9t c\u1ed1t truy\u1ec7n h\u1ea1ng A \u2013 hay nh\u1ea5t c\u1ee7a Christie trong nhi\u1ec1u n\u0103m.\u201d &#8211; San Francisco Chronicle<\/p>\n","protected":false},"excerpt":{"rendered":"<p>Khi c\u00f3 m\u1eb7t t\u1ea1i trang vi\u00ean Thung L\u0169ng \u0111\u1ec3 \u0103n tr\u01b0a theo l\u1eddi m\u1eddi c\u1ee7a b\u00e0 Lucy Angkatell, th\u00e1m t\u1eed Hercule Poirot kh\u00f4ng m\u1ea5y vui khi th\u1ea5y nh\u1eefng v\u1ecb kh\u00e1ch \u0111\u00e3 d\u00e0n d\u1ef1ng m\u1ed9t hi\u1ec7n tr\u01b0\u1eddng \u00e1n m\u1ea1ng b\u00ean h\u1ed3 b\u01a1i \u0111\u1ec3 tr\u00eau ch\u1ecdc m\u00ecnh.<\/p>\n<p>Th\u1eadt kh\u00f4ng may, \u0111\u00f3 l\u00e0 th\u1eadt. L\u00fac nh\u1eefng gi\u1ecdt m\u00e1u loang xu\u1ed1ng n\u01b0\u1edbc, n\u1ea1n nh\u00e2n c\u0169ng th\u00ec th\u1ea7m t\u1eeb cu\u1ed1i \u201cHenrietta\u201d. Kh\u1ea9u s\u00fang tr\u00ean tay ng\u01b0\u1eddi v\u1ee3, v\u1eadt ch\u1ee9ng s\u1ed1 m\u1ed9t, trong l\u00fac b\u1ed1i r\u1ed1i c\u0169ng b\u1ecb r\u01a1i xu\u1ed1ng n\u01b0\u1edbc.<\/p>\n<p>\u0110i\u1ec1u tra c\u1ee7a Poirot cho th\u1ea5y m\u1ecdi chuy\u1ec7n ph\u1ee9c t\u1ea1p h\u01a1n \u00f4ng t\u01b0\u1edfng. C\u00f3 v\u1ebb nh\u01b0 ai c\u0169ng c\u00f3 \u0111\u1ed9ng c\u01a1 g\u00e2y \u00e1n, v\u00e0 trong \u0111\u1ea1i gia \u0111\u00ecnh nhi\u1ec1u b\u00ed \u1ea9n n\u00e0y, m\u1ed7i ng\u01b0\u1eddi \u0111\u1ec1u l\u00e0 n\u1ea1n nh\u00e2n c\u1ee7a t\u00ecnh y\u00eau.<\/p>\n<p>\u201cM\u1ed9t cu\u1ed1n s\u00e1ch l\u1ea1 l\u00f9ng v\u00e0 s\u00e2u s\u1eafc; nh\u01b0 m\u1ed9t \u0111\u1ea1i d\u01b0\u01a1ng s\u00e2u th\u1eb3m v\u1edbi nh\u1eefng d\u00f2ng ch\u1ea3y ng\u1ea7m m\u1ea1nh m\u1ebd.\u201d \u2013 T\u00e1c gi\u1ea3 \u0111o\u1ea1t gi\u1ea3i th\u01b0\u1edfng qu\u1ed1c t\u1ebf Michel Houellebecq<\/p>\n<p>\u201cM\u1ed9t c\u1ed1t truy\u1ec7n h\u1ea1ng A \u2013 hay nh\u1ea5t c\u1ee7a Christie trong nhi\u1ec1u n\u0103m.\u201d &#8211; San Francisco Chronicle<\/p>\n","protected":false},"featured_media":23295,"template":"","meta":{"_acf_changed":false},"product_brand":[],"product_cat":[15,72],"product_tag":[83],"class_list":{"0":"post-23296","1":"product","2":"type-product","3":"status-publish","4":"has-post-thumbnail","6":"product_cat-sach-danh-cho-nguoi-lon","7":"product_cat-trinh-tham-kinh-di","8":"product_tag-sach-moi-xuat-ban","10":"first","11":"outofstock","12":"taxable","13":"shipping-taxable","14":"purchasable","15":"product-type-simple"},"supplier_id":null,"supplier_sku":"","barcode":null,"atum_controlled":true,"out_stock_date":"2024-04-18 11:29:39","out_stock_threshold":null,"inheritable":false,"inbound_stock":0,"stock_on_hold":0,"sold_today":0,"sales_last_days":0,"reserved_stock":0,"customer_returns":0,"warehouse_damage":0,"lost_in_post":0,"other_logs":0,"out_stock_days":650,"lost_sales":0,"has_location":false,"update_date":"2026-01-28T23:11:14","atum_locations":[],"atum_stock_status":"outofstock","restock_status":false,"low_stock_amount":"","sales_update_date":"2026-01-28T23:11:14","calc_backorders":null,"acf":{"publisher":{"ID":1517,"post_author":"1","post_date":"2021-02-17 01:14:41","post_date_gmt":"2021-02-16 23:14:41","post_content":"","post_title":"NXB Tr\u1ebb","post_excerpt":"","post_status":"publish","comment_status":"closed","ping_status":"closed","post_password":"","post_name":"nxb-tre","to_ping":"","pinged":"","post_modified":"2021-02-17 01:14:41","post_modified_gmt":"2021-02-16 23:14:41","post_content_filtered":"","post_parent":0,"guid":"https:\/\/sachviet.eu\/nha-phat-hanh\/nxb-tre\/","menu_order":0,"post_type":"publisher","post_mime_type":"","comment_count":"0","filter":"raw"}},"_links":{"self":[{"href":"https:\/\/sachviet.eu\/en\/wp-json\/wp\/v2\/product\/23296","targetHints":{"allow":["GET"]}}],"collection":[{"href":"https:\/\/sachviet.eu\/en\/wp-json\/wp\/v2\/product"}],"about":[{"href":"https:\/\/sachviet.eu\/en\/wp-json\/wp\/v2\/types\/product"}],"wp:featuredmedia":[{"embeddable":true,"href":"https:\/\/sachviet.eu\/en\/wp-json\/wp\/v2\/media\/23295"}],"wp:attachment":[{"href":"https:\/\/sachviet.eu\/en\/wp-json\/wp\/v2\/media?parent=23296"}],"wp:term":[{"taxonomy":"product_brand","embeddable":true,"href":"https:\/\/sachviet.eu\/en\/wp-json\/wp\/v2\/product_brand?post=23296"},{"taxonomy":"product_cat","embeddable":true,"href":"https:\/\/sachviet.eu\/en\/wp-json\/wp\/v2\/product_cat?post=23296"},{"taxonomy":"product_tag","embeddable":true,"href":"https:\/\/sachviet.eu\/en\/wp-json\/wp\/v2\/product_tag?post=23296"}],"curies":[{"name":"wp","href":"https:\/\/api.w.org\/{rel}","templated":true}]}}