{"id":23294,"date":"2023-04-03T23:01:51","date_gmt":"2023-04-03T20:01:51","guid":{"rendered":"https:\/\/sachviet.eu\/shop\/sau-tang-le-agatha-christie\/"},"modified":"2024-04-18T14:29:39","modified_gmt":"2024-04-18T11:29:39","slug":"sau-tang-le-agatha-christie","status":"publish","type":"product","link":"https:\/\/sachviet.eu\/en\/shop\/sau-tang-le-agatha-christie\/","title":{"rendered":"Sau Tang L\u1ec5 &#8211; Agatha Christie"},"content":{"rendered":"<p>Ch\u1ee7 nh\u00e2n m\u1ed9t dinh th\u1ef1 th\u1eddi Victoria \u0111\u1ed9t ng\u1ed9t qua \u0111\u1eddi trong gi\u1ea5c ng\u1ee7, \u0111\u1ec3 l\u1ea1i m\u1ed9t kh\u1ed1i t\u00e0i s\u1ea3n k\u1ebfch x\u00f9. T\u1ea1i bu\u1ed5i \u0111\u1ecdc di ch\u00fac c\u1ee7a \u00f4ng, tr\u01b0\u1edbc s\u1ef1 c\u00f3 m\u1eb7t c\u1ee7a hai th\u1ebf h\u1ec7 ng\u01b0\u1eddi th\u1eeba k\u1ebf, em g\u00e1i \u00f4ng \u0111\u00e3 ng\u00e2y ng\u00f4 \u0111\u1ec3 vu\u1ed9t ra c\u00e2u h\u1ecfi:<\/p>\n<p>\u201cNh\u01b0ng anh \u1ea5y b\u1ecb s\u00e1t h\u1ea1i m\u00e0, kh\u00f4ng ph\u1ea3i v\u1eady sao?\u201d<\/p>\n<p>S\u1ef1 vi\u1ec7c l\u1ebd ra \u0111\u00e3 b\u1ecb g\u1ea1t \u0111i, n\u1ebfu ngay ng\u00e0y h\u00f4m sau, Cora Lansquenet kh\u00f4ng b\u1ecb gi\u1ebft h\u1ea1i t\u00e0n nh\u1eabn b\u1eb1ng m\u1ed9t c\u00e2y r\u00ecu. L\u1ebd n\u00e0o l\u1eddi bu\u1ed9c t\u1ed9i c\u1ee7a Cora \u1ea9n ch\u1ee9a m\u1ed9t s\u1ef1 th\u1eadt \u0111en t\u1ed1i \u0111\u00e3 \u0111\u1ecbnh \u0111o\u1ea1t s\u1ed1 ph\u1eadn b\u00e0? Hay ch\u0103ng \u0111\u00f3 ch\u1ec9 l\u00e0 tr\u00f9ng h\u1ee3p?<\/p>\n<p>T\u00e1m ng\u01b0\u1eddi h\u01b0\u1edfng l\u1ee3i t\u1eeb di ch\u00fac, ch\u1eebng nh\u01b0 ai c\u0169ng c\u00f3 \u0111\u1ed9ng c\u01a1. Khao kh\u00e1t s\u1ef1 th\u1eadt, lu\u1eadt s\u01b0 c\u1ee7a gia \u0111\u00ecnh \u0111\u00e3 t\u00ecm t\u1edbi Hercule Poirot. V\u00ec ngay c\u1ea3 sau tang l\u1ec5, c\u00e1i ch\u1ebft v\u1eabn ch\u01b0a bu\u00f4ng tha cho gia \u0111\u00ecnh n\u00e0y.<\/p>\n<p>C\u1ed1t truy\u1ec7n c\u0103ng n\u00e3o, nh\u1eefng manh m\u1ed1i \u0111\u01b0\u1ee3c c\u00e0i c\u1eafm kh\u00e9o l\u00e9o, m\u1ed9t k\u1ebft c\u1ee5c s\u1eedng s\u1ed1t v\u00e0 th\u1eadt t\u00e0i t\u00ecnh, l\u1ea1i m\u1ed9t l\u1ea7n n\u1eefa Agatha Christie s\u1ebd l\u00e0m b\u1ea1n \u0111\u1ecdc ph\u1ea3i say m\u00ea.<\/p>\n<p>\u201cH\u00e3y \u0111\u1ea3m b\u1ea3o b\u1ea1n \u0111ang \u0111i\u1ec1u tra \u0111\u00fang v\u1ee5 \u00e1n, v\u00e0 coi ch\u1eebng nh\u1eefng t\u1ea5m g\u01b0\u01a1ng.\u201d \u2013 Robert Barnard<\/p>\n<p>\u201cQuy\u1ec3n s\u00e1ch s\u1ebd khi\u1ebfn \u0111\u1ed9c gi\u1ea3 ph\u1ea3i \u0111\u01b0a ra h\u1ebft ph\u1ecfng \u0111o\u00e1n n\u00e0y \u0111\u1ebfn ph\u1ecfng \u0111o\u00e1n kh\u00e1c \u2013 \u0111o\u00e1n tr\u1eadt r\u1ed3i \u0111o\u00e1n l\u1ea1i \u2013 cho \u0111\u1ebfn t\u1eadn trang s\u00e1ch cu\u1ed1i c\u00f9ng.\u201d \u2013 Liverpool Post<\/p>\n<p>\u201c\u0110\u1ec3 vi\u1ebft n\u00ean ti\u1ec3u thuy\u1ebft v\u1edbi tr\u1ecdn m\u1ed9t c\u00e2y ph\u1ea3 h\u1ec7, m\u1ed9t di ch\u00fac \u0111\u00e1ng ng\u1edd, v\u00e0 m\u1ed9t gia \u0111\u00ecnh \u0111\u1ea7y nh\u1eefng th\u00e0nh vi\u00ean c\u00f3 ti\u1ec1m n\u0103ng th\u00e0nh k\u1ebb s\u00e1t nh\u00e2n, th\u00ec ch\u1eb3ng ai t\u00e0i t\u00ecnh nh\u01b0 Christie, c\u0169ng nh\u01b0 kh\u00f4ng ai c\u00f3 th\u1ec3 h\u1ebft l\u1ea7n n\u00e0y \u0111\u1ebfn l\u1ea7n kh\u00e1c \u0111\u01b0a ra nh\u1eefng c\u00fa l\u1eeba ngo\u1ea1n m\u1ee5c v\u00e0 l\u00fd th\u00fa nh\u01b0 b\u00e0.\u201d \u2013 New York Times.<\/p>\n","protected":false},"excerpt":{"rendered":"<p>Ch\u1ee7 nh\u00e2n m\u1ed9t dinh th\u1ef1 th\u1eddi Victoria \u0111\u1ed9t ng\u1ed9t qua \u0111\u1eddi trong gi\u1ea5c ng\u1ee7, \u0111\u1ec3 l\u1ea1i m\u1ed9t kh\u1ed1i t\u00e0i s\u1ea3n k\u1ebfch x\u00f9. T\u1ea1i bu\u1ed5i \u0111\u1ecdc di ch\u00fac c\u1ee7a \u00f4ng, tr\u01b0\u1edbc s\u1ef1 c\u00f3 m\u1eb7t c\u1ee7a hai th\u1ebf h\u1ec7 ng\u01b0\u1eddi th\u1eeba k\u1ebf, em g\u00e1i \u00f4ng \u0111\u00e3 ng\u00e2y ng\u00f4 \u0111\u1ec3 vu\u1ed9t ra c\u00e2u h\u1ecfi:<\/p>\n<p>\u201cNh\u01b0ng anh \u1ea5y b\u1ecb s\u00e1t h\u1ea1i m\u00e0, kh\u00f4ng ph\u1ea3i v\u1eady sao?\u201d<\/p>\n<p>S\u1ef1 vi\u1ec7c l\u1ebd ra \u0111\u00e3 b\u1ecb g\u1ea1t \u0111i, n\u1ebfu ngay ng\u00e0y h\u00f4m sau, Cora Lansquenet kh\u00f4ng b\u1ecb gi\u1ebft h\u1ea1i t\u00e0n nh\u1eabn b\u1eb1ng m\u1ed9t c\u00e2y r\u00ecu. L\u1ebd n\u00e0o l\u1eddi bu\u1ed9c t\u1ed9i c\u1ee7a Cora \u1ea9n ch\u1ee9a m\u1ed9t s\u1ef1 th\u1eadt \u0111en t\u1ed1i \u0111\u00e3 \u0111\u1ecbnh \u0111o\u1ea1t s\u1ed1 ph\u1eadn b\u00e0? Hay ch\u0103ng \u0111\u00f3 ch\u1ec9 l\u00e0 tr\u00f9ng h\u1ee3p?<\/p>\n<p>T\u00e1m ng\u01b0\u1eddi h\u01b0\u1edfng l\u1ee3i t\u1eeb di ch\u00fac, ch\u1eebng nh\u01b0 ai c\u0169ng c\u00f3 \u0111\u1ed9ng c\u01a1. Khao kh\u00e1t s\u1ef1 th\u1eadt, lu\u1eadt s\u01b0 c\u1ee7a gia \u0111\u00ecnh \u0111\u00e3 t\u00ecm t\u1edbi Hercule Poirot. V\u00ec ngay c\u1ea3 sau tang l\u1ec5, c\u00e1i ch\u1ebft v\u1eabn ch\u01b0a bu\u00f4ng tha cho gia \u0111\u00ecnh n\u00e0y.<\/p>\n<p>C\u1ed1t truy\u1ec7n c\u0103ng n\u00e3o, nh\u1eefng manh m\u1ed1i \u0111\u01b0\u1ee3c c\u00e0i c\u1eafm kh\u00e9o l\u00e9o, m\u1ed9t k\u1ebft c\u1ee5c s\u1eedng s\u1ed1t v\u00e0 th\u1eadt t\u00e0i t\u00ecnh, l\u1ea1i m\u1ed9t l\u1ea7n n\u1eefa Agatha Christie s\u1ebd l\u00e0m b\u1ea1n \u0111\u1ecdc ph\u1ea3i say m\u00ea.<\/p>\n<p>\u201cH\u00e3y \u0111\u1ea3m b\u1ea3o b\u1ea1n \u0111ang \u0111i\u1ec1u tra \u0111\u00fang v\u1ee5 \u00e1n, v\u00e0 coi ch\u1eebng nh\u1eefng t\u1ea5m g\u01b0\u01a1ng.\u201d \u2013 Robert Barnard<\/p>\n<p>\u201cQuy\u1ec3n s\u00e1ch s\u1ebd khi\u1ebfn \u0111\u1ed9c gi\u1ea3 ph\u1ea3i \u0111\u01b0a ra h\u1ebft ph\u1ecfng \u0111o\u00e1n n\u00e0y \u0111\u1ebfn ph\u1ecfng \u0111o\u00e1n kh\u00e1c \u2013 \u0111o\u00e1n tr\u1eadt r\u1ed3i \u0111o\u00e1n l\u1ea1i \u2013 cho \u0111\u1ebfn t\u1eadn trang s\u00e1ch cu\u1ed1i c\u00f9ng.\u201d \u2013 Liverpool Post<\/p>\n<p>\u201c\u0110\u1ec3 vi\u1ebft n\u00ean ti\u1ec3u thuy\u1ebft v\u1edbi tr\u1ecdn m\u1ed9t c\u00e2y ph\u1ea3 h\u1ec7, m\u1ed9t di ch\u00fac \u0111\u00e1ng ng\u1edd, v\u00e0 m\u1ed9t gia \u0111\u00ecnh \u0111\u1ea7y nh\u1eefng th\u00e0nh vi\u00ean c\u00f3 ti\u1ec1m n\u0103ng th\u00e0nh k\u1ebb s\u00e1t nh\u00e2n, th\u00ec ch\u1eb3ng ai t\u00e0i t\u00ecnh nh\u01b0 Christie, c\u0169ng nh\u01b0 kh\u00f4ng ai c\u00f3 th\u1ec3 h\u1ebft l\u1ea7n n\u00e0y \u0111\u1ebfn l\u1ea7n kh\u00e1c \u0111\u01b0a ra nh\u1eefng c\u00fa l\u1eeba ngo\u1ea1n m\u1ee5c v\u00e0 l\u00fd th\u00fa nh\u01b0 b\u00e0.\u201d \u2013 New York Times.<\/p>\n","protected":false},"featured_media":23293,"template":"","meta":{"_acf_changed":false},"product_brand":[],"product_cat":[15,72],"product_tag":[83],"class_list":{"0":"post-23294","1":"product","2":"type-product","3":"status-publish","4":"has-post-thumbnail","6":"product_cat-sach-danh-cho-nguoi-lon","7":"product_cat-trinh-tham-kinh-di","8":"product_tag-sach-moi-xuat-ban","10":"first","11":"outofstock","12":"taxable","13":"shipping-taxable","14":"purchasable","15":"product-type-simple"},"supplier_id":null,"supplier_sku":"","barcode":null,"atum_controlled":true,"out_stock_date":"2024-04-18 11:29:39","out_stock_threshold":null,"inheritable":false,"inbound_stock":0,"stock_on_hold":0,"sold_today":0,"sales_last_days":0,"reserved_stock":0,"customer_returns":0,"warehouse_damage":0,"lost_in_post":0,"other_logs":0,"out_stock_days":650,"lost_sales":0,"has_location":false,"update_date":"2026-01-28T23:11:14","atum_locations":[],"atum_stock_status":"outofstock","restock_status":false,"low_stock_amount":"","sales_update_date":"2026-01-28T23:11:14","calc_backorders":null,"acf":{"publisher":{"ID":1517,"post_author":"1","post_date":"2021-02-17 01:14:41","post_date_gmt":"2021-02-16 23:14:41","post_content":"","post_title":"NXB Tr\u1ebb","post_excerpt":"","post_status":"publish","comment_status":"closed","ping_status":"closed","post_password":"","post_name":"nxb-tre","to_ping":"","pinged":"","post_modified":"2021-02-17 01:14:41","post_modified_gmt":"2021-02-16 23:14:41","post_content_filtered":"","post_parent":0,"guid":"https:\/\/sachviet.eu\/nha-phat-hanh\/nxb-tre\/","menu_order":0,"post_type":"publisher","post_mime_type":"","comment_count":"0","filter":"raw"}},"_links":{"self":[{"href":"https:\/\/sachviet.eu\/en\/wp-json\/wp\/v2\/product\/23294","targetHints":{"allow":["GET"]}}],"collection":[{"href":"https:\/\/sachviet.eu\/en\/wp-json\/wp\/v2\/product"}],"about":[{"href":"https:\/\/sachviet.eu\/en\/wp-json\/wp\/v2\/types\/product"}],"wp:featuredmedia":[{"embeddable":true,"href":"https:\/\/sachviet.eu\/en\/wp-json\/wp\/v2\/media\/23293"}],"wp:attachment":[{"href":"https:\/\/sachviet.eu\/en\/wp-json\/wp\/v2\/media?parent=23294"}],"wp:term":[{"taxonomy":"product_brand","embeddable":true,"href":"https:\/\/sachviet.eu\/en\/wp-json\/wp\/v2\/product_brand?post=23294"},{"taxonomy":"product_cat","embeddable":true,"href":"https:\/\/sachviet.eu\/en\/wp-json\/wp\/v2\/product_cat?post=23294"},{"taxonomy":"product_tag","embeddable":true,"href":"https:\/\/sachviet.eu\/en\/wp-json\/wp\/v2\/product_tag?post=23294"}],"curies":[{"name":"wp","href":"https:\/\/api.w.org\/{rel}","templated":true}]}}