{"id":23292,"date":"2023-04-03T23:01:45","date_gmt":"2023-04-03T20:01:45","guid":{"rendered":"https:\/\/sachviet.eu\/shop\/don-ngon-trieu-dang-agatha-christie\/"},"modified":"2024-04-18T14:29:39","modified_gmt":"2024-04-18T11:29:39","slug":"don-ngon-trieu-dang-agatha-christie","status":"publish","type":"product","link":"https:\/\/sachviet.eu\/en\/shop\/don-ngon-trieu-dang-agatha-christie\/","title":{"rendered":"\u0110\u00f3n Ng\u1ecdn Tri\u1ec1u D\u00e2ng &#8211; Agatha Christie"},"content":{"rendered":"<p>T\u1ef1a s\u00e1ch l\u1ea5y t\u1eeb \u00fd c\u1ee7a nh\u00e0 v\u0103n Anh William Shakespeare, trong t\u00e1c ph\u1ea9m Julius Caesar. \u0110\u00e2y l\u00e0 l\u1eddi c\u1ee7a Brutus khuy\u00ean Cassius ph\u1ea3i ch\u1edbp th\u1eddi c\u01a1 ph\u00e1t \u0111\u1ed9ng cu\u1ed9c chi\u1ebfn v\u1edbi Octavius v\u00e0 Antony. \u00dd ngh\u0129a l\u00e0: \u0111\u1eddi ng\u01b0\u1eddi c\u00f3 nh\u1eefng l\u00fac nh\u01b0 ng\u1ecdn tri\u1ec1u d\u00e2ng. N\u1ebfu b\u1eaft \u0111\u01b0\u1ee3c ng\u1ecdn tr\u00e0o \u0111\u1ec3 l\u01b0\u1edbt t\u1edbi th\u00ec s\u1ebd th\u00e0nh c\u00f4ng, b\u1eb1ng kh\u00f4ng, cu\u1ed9c \u0111\u1eddi v\u1ec1 sau s\u1ebd l\u00e0 chu\u1ed7i ng\u00e0y h\u1ed1i ti\u1ebfc.<\/p>\n<p>Truy\u1ec7n m\u1edf \u0111\u1ea7u v\u1edbi s\u1ef1 ki\u1ec7n \u00f4ng Gordon Cloade m\u1ea5t trong m\u1ed9t tr\u1eadn kh\u00f4ng k\u00edch c\u1ee7a qu\u00e2n \u0110\u1ee9c v\u00e0o London. Tr\u01b0\u1edbc \u0111\u00f3 v\u00e0i tu\u1ea7n \u00f4ng v\u1eeba k\u1ebft h\u00f4n v\u1edbi b\u00e0 qu\u1ea3 ph\u1ee5 tr\u1ebb \u0111\u1eb9p Underhay. S\u1ed1ng s\u00f3t trong t\u00f2a nh\u00e0 \u0111\u1ed5 n\u00e1t sau tr\u1eadn bom, b\u00e0 Underhay tr\u1edf th\u00e0nh ng\u01b0\u1eddi th\u1eeba k\u1ebf duy nh\u1ea5t gia s\u1ea3n \u0111\u1ed3 s\u1ed9 c\u1ee7a \u00f4ng Cloade. Trong khi \u0111\u00f3, nh\u1eefng ng\u01b0\u1eddi em c\u1ee7a \u00f4ng Cloade, l\u00e0 b\u00e1c s\u0129, lu\u1eadt s\u01b0\u2026 v\u1ed1n \u0111\u01b0\u1ee3c \u00f4ng anh gi\u00e0u c\u00f3, h\u00e0o ph\u00f3ng b\u1ea3o b\u1ecdc, s\u1ebd tr\u1edf n\u00ean kh\u00f3 kh\u0103n khi \u0111\u1ed9t ng\u1ed9t m\u1ea5t ngu\u1ed3n vi\u1ec7n tr\u1ee3 d\u1ed3i d\u00e0o.<\/p>\n<p>\u00cdt l\u00e2u sau \u0111\u00f3, Hercule Poirot c\u00f3 m\u1ed9t v\u1ecb kh\u00e1ch b\u1ea5t ng\u1edd, l\u00e0 em d\u00e2u c\u1ee7a ng\u01b0\u1eddi \u0111\u00e0n \u00f4ng \u0111\u00e3 ch\u1ebft. B\u00e0 cho bi\u1ebft \u0111\u00e3 \u0111\u01b0\u1ee3c c\u00e1c \u201clinh h\u1ed3n\u201d c\u1ea3nh b\u00e1o r\u1eb1ng ng\u01b0\u1eddi ch\u1ed3ng \u0111\u1ea7u ti\u00ean c\u1ee7a b\u00e0 Underhay v\u1eabn c\u00f2n s\u1ed1ng, v\u00e0 \u0111\u1ec1 ngh\u1ecb Poirot t\u00ecm \u00f4ng ta. T\u00ecm ki\u1ebfm m\u1ed9t ng\u01b0\u1eddi m\u1ea5t t\u00edch d\u01b0\u1edbi s\u1ef1 h\u01b0\u1edbng d\u1eabn c\u1ee7a th\u1ebf gi\u1edbi si\u00eau nhi\u00ean qu\u1ea3 th\u1eadt l\u1ea1 l\u00f9ng. Tuy nhi\u00ean, b\u00ed \u1ea9n l\u1edbn nh\u1ea5t v\u1edbi Poirot l\u00e0, \u0111\u1ed9ng c\u01a1 th\u1ef1c s\u1ef1 c\u1ee7a ng\u01b0\u1eddi ph\u1ee5 n\u1eef n\u00e0y l\u00e0 g\u00ec? R\u1ed3i m\u1ed9t \u00e1n m\u1ea1ng x\u1ea3y ra, v\u00e0 Poirot b\u1eaft \u0111\u1ea7u x\u00e2u chu\u1ed7i c\u00e1c s\u1ef1 ki\u1ec7n\u2026 Vi\u1ec7c t\u00ecm ra hung th\u1ee7 th\u1eadt kh\u00f4ng d\u1ec5 d\u00e0ng, v\u00ec trong s\u1ed1 nh\u1eefng ng\u01b0\u1eddi b\u1ecb t\u00ecnh nghi, ai c\u0169ng c\u00f3 th\u1ec3 l\u00e0 k\u1ebb d\u00e1m \u0111\u00f3n \u0111\u1ea7u ng\u1ecdn s\u00f3ng \u0111\u1ec3 xoay chuy\u1ec3n t\u00ecnh th\u1ebf.<\/p>\n","protected":false},"excerpt":{"rendered":"<p>T\u1ef1a s\u00e1ch l\u1ea5y t\u1eeb \u00fd c\u1ee7a nh\u00e0 v\u0103n Anh William Shakespeare, trong t\u00e1c ph\u1ea9m Julius Caesar. \u0110\u00e2y l\u00e0 l\u1eddi c\u1ee7a Brutus khuy\u00ean Cassius ph\u1ea3i ch\u1edbp th\u1eddi c\u01a1 ph\u00e1t \u0111\u1ed9ng cu\u1ed9c chi\u1ebfn v\u1edbi Octavius v\u00e0 Antony. \u00dd ngh\u0129a l\u00e0: \u0111\u1eddi ng\u01b0\u1eddi c\u00f3 nh\u1eefng l\u00fac nh\u01b0 ng\u1ecdn tri\u1ec1u d\u00e2ng. N\u1ebfu b\u1eaft \u0111\u01b0\u1ee3c ng\u1ecdn tr\u00e0o \u0111\u1ec3 l\u01b0\u1edbt t\u1edbi th\u00ec s\u1ebd th\u00e0nh c\u00f4ng, b\u1eb1ng kh\u00f4ng, cu\u1ed9c \u0111\u1eddi v\u1ec1 sau s\u1ebd l\u00e0 chu\u1ed7i ng\u00e0y h\u1ed1i ti\u1ebfc.<\/p>\n<p>Truy\u1ec7n m\u1edf \u0111\u1ea7u v\u1edbi s\u1ef1 ki\u1ec7n \u00f4ng Gordon Cloade m\u1ea5t trong m\u1ed9t tr\u1eadn kh\u00f4ng k\u00edch c\u1ee7a qu\u00e2n \u0110\u1ee9c v\u00e0o London. Tr\u01b0\u1edbc \u0111\u00f3 v\u00e0i tu\u1ea7n \u00f4ng v\u1eeba k\u1ebft h\u00f4n v\u1edbi b\u00e0 qu\u1ea3 ph\u1ee5 tr\u1ebb \u0111\u1eb9p Underhay. S\u1ed1ng s\u00f3t trong t\u00f2a nh\u00e0 \u0111\u1ed5 n\u00e1t sau tr\u1eadn bom, b\u00e0 Underhay tr\u1edf th\u00e0nh ng\u01b0\u1eddi th\u1eeba k\u1ebf duy nh\u1ea5t gia s\u1ea3n \u0111\u1ed3 s\u1ed9 c\u1ee7a \u00f4ng Cloade. Trong khi \u0111\u00f3, nh\u1eefng ng\u01b0\u1eddi em c\u1ee7a \u00f4ng Cloade, l\u00e0 b\u00e1c s\u0129, lu\u1eadt s\u01b0\u2026 v\u1ed1n \u0111\u01b0\u1ee3c \u00f4ng anh gi\u00e0u c\u00f3, h\u00e0o ph\u00f3ng b\u1ea3o b\u1ecdc, s\u1ebd tr\u1edf n\u00ean kh\u00f3 kh\u0103n khi \u0111\u1ed9t ng\u1ed9t m\u1ea5t ngu\u1ed3n vi\u1ec7n tr\u1ee3 d\u1ed3i d\u00e0o.<\/p>\n<p>\u00cdt l\u00e2u sau \u0111\u00f3, Hercule Poirot c\u00f3 m\u1ed9t v\u1ecb kh\u00e1ch b\u1ea5t ng\u1edd, l\u00e0 em d\u00e2u c\u1ee7a ng\u01b0\u1eddi \u0111\u00e0n \u00f4ng \u0111\u00e3 ch\u1ebft. B\u00e0 cho bi\u1ebft \u0111\u00e3 \u0111\u01b0\u1ee3c c\u00e1c \u201clinh h\u1ed3n\u201d c\u1ea3nh b\u00e1o r\u1eb1ng ng\u01b0\u1eddi ch\u1ed3ng \u0111\u1ea7u ti\u00ean c\u1ee7a b\u00e0 Underhay v\u1eabn c\u00f2n s\u1ed1ng, v\u00e0 \u0111\u1ec1 ngh\u1ecb Poirot t\u00ecm \u00f4ng ta. T\u00ecm ki\u1ebfm m\u1ed9t ng\u01b0\u1eddi m\u1ea5t t\u00edch d\u01b0\u1edbi s\u1ef1 h\u01b0\u1edbng d\u1eabn c\u1ee7a th\u1ebf gi\u1edbi si\u00eau nhi\u00ean qu\u1ea3 th\u1eadt l\u1ea1 l\u00f9ng. Tuy nhi\u00ean, b\u00ed \u1ea9n l\u1edbn nh\u1ea5t v\u1edbi Poirot l\u00e0, \u0111\u1ed9ng c\u01a1 th\u1ef1c s\u1ef1 c\u1ee7a ng\u01b0\u1eddi ph\u1ee5 n\u1eef n\u00e0y l\u00e0 g\u00ec? R\u1ed3i m\u1ed9t \u00e1n m\u1ea1ng x\u1ea3y ra, v\u00e0 Poirot b\u1eaft \u0111\u1ea7u x\u00e2u chu\u1ed7i c\u00e1c s\u1ef1 ki\u1ec7n\u2026 Vi\u1ec7c t\u00ecm ra hung th\u1ee7 th\u1eadt kh\u00f4ng d\u1ec5 d\u00e0ng, v\u00ec trong s\u1ed1 nh\u1eefng ng\u01b0\u1eddi b\u1ecb t\u00ecnh nghi, ai c\u0169ng c\u00f3 th\u1ec3 l\u00e0 k\u1ebb d\u00e1m \u0111\u00f3n \u0111\u1ea7u ng\u1ecdn s\u00f3ng \u0111\u1ec3 xoay chuy\u1ec3n t\u00ecnh th\u1ebf.<\/p>\n","protected":false},"featured_media":23291,"template":"","meta":{"_acf_changed":false},"product_brand":[],"product_cat":[15,72],"product_tag":[83],"class_list":{"0":"post-23292","1":"product","2":"type-product","3":"status-publish","4":"has-post-thumbnail","6":"product_cat-sach-danh-cho-nguoi-lon","7":"product_cat-trinh-tham-kinh-di","8":"product_tag-sach-moi-xuat-ban","10":"first","11":"outofstock","12":"taxable","13":"shipping-taxable","14":"purchasable","15":"product-type-simple"},"supplier_id":null,"supplier_sku":"","barcode":null,"atum_controlled":true,"out_stock_date":"2024-04-18 11:29:39","out_stock_threshold":null,"inheritable":false,"inbound_stock":0,"stock_on_hold":0,"sold_today":0,"sales_last_days":0,"reserved_stock":0,"customer_returns":0,"warehouse_damage":0,"lost_in_post":0,"other_logs":0,"out_stock_days":650,"lost_sales":0,"has_location":false,"update_date":"2026-01-28T23:11:14","atum_locations":[],"atum_stock_status":"outofstock","restock_status":false,"low_stock_amount":"","sales_update_date":"2026-01-28T23:11:14","calc_backorders":null,"acf":{"publisher":{"ID":1517,"post_author":"1","post_date":"2021-02-17 01:14:41","post_date_gmt":"2021-02-16 23:14:41","post_content":"","post_title":"NXB Tr\u1ebb","post_excerpt":"","post_status":"publish","comment_status":"closed","ping_status":"closed","post_password":"","post_name":"nxb-tre","to_ping":"","pinged":"","post_modified":"2021-02-17 01:14:41","post_modified_gmt":"2021-02-16 23:14:41","post_content_filtered":"","post_parent":0,"guid":"https:\/\/sachviet.eu\/nha-phat-hanh\/nxb-tre\/","menu_order":0,"post_type":"publisher","post_mime_type":"","comment_count":"0","filter":"raw"}},"_links":{"self":[{"href":"https:\/\/sachviet.eu\/en\/wp-json\/wp\/v2\/product\/23292","targetHints":{"allow":["GET"]}}],"collection":[{"href":"https:\/\/sachviet.eu\/en\/wp-json\/wp\/v2\/product"}],"about":[{"href":"https:\/\/sachviet.eu\/en\/wp-json\/wp\/v2\/types\/product"}],"wp:featuredmedia":[{"embeddable":true,"href":"https:\/\/sachviet.eu\/en\/wp-json\/wp\/v2\/media\/23291"}],"wp:attachment":[{"href":"https:\/\/sachviet.eu\/en\/wp-json\/wp\/v2\/media?parent=23292"}],"wp:term":[{"taxonomy":"product_brand","embeddable":true,"href":"https:\/\/sachviet.eu\/en\/wp-json\/wp\/v2\/product_brand?post=23292"},{"taxonomy":"product_cat","embeddable":true,"href":"https:\/\/sachviet.eu\/en\/wp-json\/wp\/v2\/product_cat?post=23292"},{"taxonomy":"product_tag","embeddable":true,"href":"https:\/\/sachviet.eu\/en\/wp-json\/wp\/v2\/product_tag?post=23292"}],"curies":[{"name":"wp","href":"https:\/\/api.w.org\/{rel}","templated":true}]}}