{"id":23288,"date":"2023-04-03T23:01:33","date_gmt":"2023-04-03T20:01:33","guid":{"rendered":"https:\/\/sachviet.eu\/shop\/cang-doc-lap-cang-cao-quy-cuon-sach-ky-nang-tuyet-voi-danh-cho-cac-ban-nu\/"},"modified":"2023-11-25T17:36:10","modified_gmt":"2023-11-25T15:36:10","slug":"cang-doc-lap-cang-cao-quy-cuon-sach-ky-nang-tuyet-voi-danh-cho-cac-ban-nu","status":"publish","type":"product","link":"https:\/\/sachviet.eu\/en\/shop\/cang-doc-lap-cang-cao-quy-cuon-sach-ky-nang-tuyet-voi-danh-cho-cac-ban-nu\/","title":{"rendered":"C\u00e0ng \u0110\u1ed9c L\u1eadp C\u00e0ng Cao Qu\u00fd &#8211; Cu\u1ed1n S\u00e1ch K\u1ef9 N\u0103ng Tuy\u1ec7t V\u1eddi D\u00e0nh Cho C\u00e1c B\u1ea1n N\u1eef"},"content":{"rendered":"<p>N\u00e0y c\u00f4 g\u00e1i, b\u1ea5t lu\u1eadn cu\u1ed9c \u0111\u1eddi mang \u0111\u1ebfn cho ta bao nhi\u00eau ch\u00f4ng gai th\u1eed th\u00e1ch, xin \u0111\u1eebng t\u1ef1 coi nh\u1eb9 ch\u00ednh m\u00ecnh, \u0111\u1eebng bu\u00f4ng b\u1ecf b\u1ea3n th\u00e2n v\u00e0 ph\u1ee5 thu\u1ed9c v\u00e0o ng\u01b0\u1eddi kh\u00e1c. H\u00e3y lu\u00f4n gi\u1eef v\u1eefng ni\u1ec1m tin r\u1eb1ng, s\u1ed1 ph\u1eadn c\u1ee7a ta n\u1eb1m trong ch\u00ednh ta, kh\u00f4ng n\u1eb1m trong tay \u00f4ng Tr\u1eddi.<\/p>\n<p>\u0110\u1ed9c l\u1eadp v\u1ec1 cu\u1ed9c s\u1ed1ng, t\u01b0 t\u01b0\u1edfng v\u00e0 kinh t\u1ebf gi\u00fap ch\u00fang ta v\u0129nh vi\u1ec5n kh\u00f4ng m\u1ea5t \u0111i quy\u1ec1n l\u1ef1a ch\u1ecdn trong tay m\u00ecnh.<\/p>\n<p>Kh\u00f4ng ai thay ch\u00fang ta ch\u1ecbu tr\u00e1ch nhi\u1ec7m v\u1ec1 cu\u1ed9c \u0111\u1eddi m\u00ecnh. Th\u1ebf n\u00ean, d\u00f9 \u0111ang h\u1ea1nh ph\u00fac \u0111i n\u1eefa, tr\u00ean \u0111\u01b0\u1eddng \u0111\u1eddi c\u0169ng kh\u00f4ng tr\u00e1nh kh\u1ecfi nh\u1eefng th\u00e1ng ng\u00e0y ph\u1ea3i \u0111\u1ed9c b\u01b0\u1edbc ti\u1ebfn l\u00ean. <\/p>\n<p>C\u00e0ng \u0111\u1ed9c l\u1eadp c\u00e0ng cao qu\u00fd \u2013 H\u00e3y nh\u1edb l\u1ea5y, c\u00f4 g\u00e1i nh\u00e9!<\/p>\n","protected":false},"excerpt":{"rendered":"<p>N\u00e0y c\u00f4 g\u00e1i, b\u1ea5t lu\u1eadn cu\u1ed9c \u0111\u1eddi mang \u0111\u1ebfn cho ta bao nhi\u00eau ch\u00f4ng gai th\u1eed th\u00e1ch, xin \u0111\u1eebng t\u1ef1 coi nh\u1eb9 ch\u00ednh m\u00ecnh, \u0111\u1eebng bu\u00f4ng b\u1ecf b\u1ea3n th\u00e2n v\u00e0 ph\u1ee5 thu\u1ed9c v\u00e0o ng\u01b0\u1eddi kh\u00e1c. H\u00e3y lu\u00f4n gi\u1eef v\u1eefng ni\u1ec1m tin r\u1eb1ng, s\u1ed1 ph\u1eadn c\u1ee7a ta n\u1eb1m trong ch\u00ednh ta, kh\u00f4ng n\u1eb1m trong tay \u00f4ng Tr\u1eddi.<\/p>\n<p>\u0110\u1ed9c l\u1eadp v\u1ec1 cu\u1ed9c s\u1ed1ng, t\u01b0 t\u01b0\u1edfng v\u00e0 kinh t\u1ebf gi\u00fap ch\u00fang ta v\u0129nh vi\u1ec5n kh\u00f4ng m\u1ea5t \u0111i quy\u1ec1n l\u1ef1a ch\u1ecdn trong tay m\u00ecnh.<\/p>\n<p>Kh\u00f4ng ai thay ch\u00fang ta ch\u1ecbu tr\u00e1ch nhi\u1ec7m v\u1ec1 cu\u1ed9c \u0111\u1eddi m\u00ecnh. Th\u1ebf n\u00ean, d\u00f9 \u0111ang h\u1ea1nh ph\u00fac \u0111i n\u1eefa, tr\u00ean \u0111\u01b0\u1eddng \u0111\u1eddi c\u0169ng kh\u00f4ng tr\u00e1nh kh\u1ecfi nh\u1eefng th\u00e1ng ng\u00e0y ph\u1ea3i \u0111\u1ed9c b\u01b0\u1edbc ti\u1ebfn l\u00ean. <\/p>\n<p>C\u00e0ng \u0111\u1ed9c l\u1eadp c\u00e0ng cao qu\u00fd \u2013 H\u00e3y nh\u1edb l\u1ea5y, c\u00f4 g\u00e1i nh\u00e9!<\/p>\n","protected":false},"featured_media":23287,"template":"","meta":{"_acf_changed":false},"product_brand":[],"product_cat":[15,46],"product_tag":[83],"class_list":{"0":"post-23288","1":"product","2":"type-product","3":"status-publish","4":"has-post-thumbnail","6":"product_cat-sach-danh-cho-nguoi-lon","7":"product_cat-ky-nang-song","8":"product_tag-sach-moi-xuat-ban","10":"first","11":"outofstock","12":"taxable","13":"shipping-taxable","14":"purchasable","15":"product-type-simple"},"supplier_id":null,"supplier_sku":"","barcode":null,"atum_controlled":true,"out_stock_date":"2023-11-25 15:36:10","out_stock_threshold":null,"inheritable":false,"inbound_stock":0,"stock_on_hold":0,"sold_today":0,"sales_last_days":0,"reserved_stock":0,"customer_returns":0,"warehouse_damage":0,"lost_in_post":0,"other_logs":0,"out_stock_days":795,"lost_sales":0,"has_location":false,"update_date":"2026-01-28T23:11:14","atum_locations":[],"atum_stock_status":"outofstock","restock_status":false,"low_stock_amount":"","sales_update_date":"2026-01-28T23:11:14","calc_backorders":null,"acf":{"publisher":{"ID":1785,"post_author":"1","post_date":"2021-02-17 01:54:46","post_date_gmt":"2021-02-16 23:54:46","post_content":"<!-- wp:flatsome\/uxbuilder -->\n<h1 style=\"text-align: center;\"><strong>AZ VIETNAM<\/strong><\/h1>\n[row]\n\n[col span=\"8\" span__sm=\"12\"]\n\n<p>Th\u00e0nh l\u1eadp n\u0103m: 2015<br \/>V\u1ed1n \u0111\u1ea7u t\u01b0: 4,000,000,000 \u0111\u1ed3ng<br \/><strong>L\u0129nh v\u1ef1c:<\/strong><br \/>- Xu\u1ea5t b\u1ea3n v\u00e0 ph\u00e1t h\u00e0nh v\u0103n h\u00f3a ph\u1ea9m<br \/>- Cung c\u1ea5p v\u0103n h\u00f3a ph\u1ea9m, c\u00e1c s\u1ea3n ph\u1ea9m cho in \u1ea5n, trang thi\u1ebft b\u1ecb cho c\u00e1c th\u01b0 vi\u1ec7n v\u00e0 trung t\u00e2m s\u00e1ch tr\u00ean c\u1ea3 n\u01b0\u1edbc.<br \/>- Th\u1eddi trang v\u00e0 c\u00e1c s\u1ea3n ph\u1ea9m li\u00ean quan \u0111\u1ebfn l\u0129nh v\u1ef1c th\u1eddi trang<br \/>- Xu\u1ea5t nh\u1eadp kh\u1ea9u c\u00e1c s\u1ea3n ph\u1ea9m v\u0103n h\u00f3a<\/p>\n<p><strong>Quy m\u00f4:<\/strong> 60 nh\u00e2n vi\u00ean<br \/>Kh\u1edfi ngu\u1ed3n c\u1ee7a AZ Vi\u1ec7t Nam ng\u00e0y nay l\u00e0 C\u00f4ng ty TNHH Trung t\u00e2m S\u00e1ch v\u00e0 Thi\u1ebft b\u1ecb Th\u01b0 vi\u1ec7n, v\u1edbi ho\u1ea1t \u0111\u1ed9ng \u0111\u1ea7u ti\u00ean l\u00e0 cung c\u1ea5p s\u00e1ch, trang thi\u1ebft b\u1ecb, v\u0103n h\u00f3a ph\u1ea9m cho c\u00e1c th\u01b0 vi\u1ec7n v\u00e0 trung t\u00e2m s\u00e1ch tr\u00ean c\u1ea3 n\u01b0\u1edbc. T\u1eeb cu\u1ed1i n\u0103m 2010 \u0111\u1ebfn nay, ch\u00fang t\u00f4i \u0111\u00e3 kh\u00f4ng ng\u1eebng n\u1ed7 l\u1ef1c khai ph\u00e1 v\u00e0 ph\u00e1t tri\u1ec3n c\u00e1c d\u00f2ng s\u1ea3n ph\u1ea9m m\u1edbi v\u1edbi 8 th\u01b0\u01a1ng hi\u1ec7u uy t\u00edn. \u0110\u1ec3 \u0111\u00e1p \u1ee9ng nhu c\u1ea7u ph\u00e1t tri\u1ec3n ng\u00e0y m\u1ed9t l\u1edbn m\u1ea1nh v\u00e0 t\u1eadp h\u1ee3p c\u00e1c th\u01b0\u01a1ng hi\u1ec7u \u0111\u00e3 \u0111\u01b0\u1ee3c ch\u00fang t\u00f4i x\u00e2y d\u1ef1ng, 2015 C\u00f4ng ty TNHH AZ Vi\u1ec7t Nam \u0111\u00e3 ra \u0111\u1eddi v\u1edbi s\u1ee9 m\u1ec7nh mang \u0111\u1ebfn nhi\u1ec1u h\u01a1n n\u1eefa nh\u1eefng gi\u00e1 tr\u1ecb tinh th\u1ea7n, tri th\u1ee9c ti\u00ean ti\u1ebfn cho ng\u01b0\u1eddi ti\u00eau d\u00f9ng b\u1eb1ng vi\u1ec7c cung c\u1ea5p nh\u1eefng s\u1ea3n ph\u1ea9m c\u00f3 ch\u1ea5t l\u01b0\u1ee3ng.<\/p>\n\n[\/col]\n[col span=\"4\" span__sm=\"12\"]\n\n[ux_image id=\"1836\" image_size=\"medium\"]\n\n\n[\/col]\n\n[\/row]\n\n<!-- \/wp:flatsome\/uxbuilder -->","post_title":"AZ Vi\u1ec7t Nam","post_excerpt":"","post_status":"publish","comment_status":"closed","ping_status":"closed","post_password":"","post_name":"az-viet-nam","to_ping":"","pinged":"","post_modified":"2021-02-17 22:07:10","post_modified_gmt":"2021-02-17 20:07:10","post_content_filtered":"","post_parent":0,"guid":"https:\/\/sachviet.eu\/nha-phat-hanh\/az-viet-nam\/","menu_order":0,"post_type":"publisher","post_mime_type":"","comment_count":"0","filter":"raw"}},"_links":{"self":[{"href":"https:\/\/sachviet.eu\/en\/wp-json\/wp\/v2\/product\/23288","targetHints":{"allow":["GET"]}}],"collection":[{"href":"https:\/\/sachviet.eu\/en\/wp-json\/wp\/v2\/product"}],"about":[{"href":"https:\/\/sachviet.eu\/en\/wp-json\/wp\/v2\/types\/product"}],"wp:featuredmedia":[{"embeddable":true,"href":"https:\/\/sachviet.eu\/en\/wp-json\/wp\/v2\/media\/23287"}],"wp:attachment":[{"href":"https:\/\/sachviet.eu\/en\/wp-json\/wp\/v2\/media?parent=23288"}],"wp:term":[{"taxonomy":"product_brand","embeddable":true,"href":"https:\/\/sachviet.eu\/en\/wp-json\/wp\/v2\/product_brand?post=23288"},{"taxonomy":"product_cat","embeddable":true,"href":"https:\/\/sachviet.eu\/en\/wp-json\/wp\/v2\/product_cat?post=23288"},{"taxonomy":"product_tag","embeddable":true,"href":"https:\/\/sachviet.eu\/en\/wp-json\/wp\/v2\/product_tag?post=23288"}],"curies":[{"name":"wp","href":"https:\/\/api.w.org\/{rel}","templated":true}]}}