{"id":23284,"date":"2023-04-03T23:01:22","date_gmt":"2023-04-03T20:01:22","guid":{"rendered":"https:\/\/sachviet.eu\/shop\/nguoi-gioi-khong-phai-la-nguoi-lam-tat-ca\/"},"modified":"2023-04-05T00:26:31","modified_gmt":"2023-04-04T21:26:31","slug":"nguoi-gioi-khong-phai-la-nguoi-lam-tat-ca","status":"publish","type":"product","link":"https:\/\/sachviet.eu\/en\/shop\/nguoi-gioi-khong-phai-la-nguoi-lam-tat-ca\/","title":{"rendered":"Ng\u01b0\u1eddi Gi\u1ecfi Kh\u00f4ng Ph\u1ea3i L\u00e0 Ng\u01b0\u1eddi L\u00e0m T\u1ea5t C\u1ea3"},"content":{"rendered":"<p>Qu\u1ea3n l\u00fd theo ki\u1ec3u&#8221; giao kho\u00e1n&#8221; l\u00e0 phong c\u00e1ch ph\u1ed5 bi\u1ebfn nh\u1ea5t hi\u1ec7n nay. Ng\u01b0\u1eddi qu\u1ea3n l\u00fd th\u1ef1c hi\u1ec7n c\u00f4ng vi\u1ec7c giao vi\u1ec7c v\u00e0 ch\u1ec9 can thi\u1ec7p khi n\u00e0o nh\u00e2n vi\u00ean c\u00f3 sai s\u00f3t. H\u1ecd lu\u00f4n quan t\u00e2m \u0111\u1ebfn k\u1ebft qu\u1ea3 c\u00f4ng vi\u1ec7c, v\u00e0 ch\u1ec9 bi\u1ebft la l\u1ed1i \u1ea7m \u0129 khi nh\u00e2n vi\u00ean l\u00e0m sai. H\u1ecd th\u01b0\u1eddng \u0111\u1ec3 m\u1eb7c nh\u00e2n vi\u00ean v\u1edbi m\u1edb c\u00f4ng vi\u1ec7c ng\u1ed5n ngang v\u00e0 kh\u00f4ng m\u1ed9t s\u1ef1 h\u01b0\u1edbng d\u1eabn. N\u1ebfu b\u1ea1n \u0111\u00e3 \u0111\u1ecdc v\u00e0 \u00e1p d\u1ee5ng nh\u1eefng \u0111i\u1ec1u m\u00e0 Donna Genett \u0111\u00e3 vi\u1ebft v\u1ec1 ngh\u1ec7 thu\u1eadt u\u1ef7 quy\u1ec1n, ch\u1eafc ch\u1eafn nh\u1eefng l\u1ea7n xu\u1ea5t hi\u1ec7n ng\u1eafn ng\u1ee7i v\u00f4 \u00edch \u0111\u00f3 c\u00f3 c\u1ee7a ng\u01b0\u1eddi qu\u1ea3n l\u00fd s\u1ebd kh\u00f4ng c\u00f2n c\u1ea7n thi\u1ebft n\u1eefa.<\/p>\n<p>D\u00f9 b\u1ea1n l\u00e0 ng\u01b0\u1eddi u\u1ef7 th\u00e1c hay \u0111\u01b0\u1ee3c u\u1ef7 th\u00e1c c\u00f4ng vi\u1ec7c, nh\u01b0ng n\u1ebfu bi\u1ebft \u1ee9ng d\u1ee5ng s\u00e1u nguy\u00ean t\u1eafc n\u00e0y, ch\u1eafc ch\u1eafn b\u1ea1n s\u1ebd c\u1ea3m th\u1ea5y kh\u1ed1i l\u01b0\u1ee3ng c\u00f4ng vi\u1ec7c gi\u1ea3m \u0111i \u0111\u00e1ng k\u1ec3, nh\u1edd v\u1eady b\u1ea1n s\u1ebd c\u00f3 th\u00eam nhi\u1ec1u th\u1eddi gian \u0111\u1ec3 t\u1eadp trung v\u00e0o nh\u1eefng \u0111i\u1ec1u th\u1eadt s\u1ef1 quan tr\u1ecdng trong c\u00f4ng vi\u1ec7c v\u00e0 trong cu\u1ed9c s\u1ed1ng.<\/p>\n<p>Bi\u1ebft c\u00e1ch u\u1ef7 th\u00e1c c\u00f4n vi\u1ec7c hi\u1ec7u qu\u1ea3, b\u1ea1n s\u1ebd c\u00f3 th\u1ec3:<br \/>\nT\u0103ng hi\u1ec7u qu\u1ea3 c\u00f4ng vi\u1ec7c<br \/>\nT\u1ef1 tin h\u01a1n trong c\u00f4ng vi\u1ec7c<br \/>\nGi\u1ea3m thi\u1ec3u c\u00e1c sai s\u00f3t<br \/>\nC\u1ea3i thi\u1ec7n m\u1ed1i quan h\u1ec7 v\u1edbi \u0111\u1ed3ng nghi\u1ec7p<br \/>\nC\u00f3 c\u01a1 h\u1ed9i n\u00e2ng cao n\u0103ng l\u1ef1c<br \/>\nTh\u00eam th\u1eddi gian hu\u1ea5n luy\u1ec7n cho nh\u00e2n vi\u00ean c\u1eafp d\u01b0\u1edbi<br \/>\nX\u00e2y d\u1ef1ng t\u1ed1t tinh th\u1ea7n l\u00e0m vi\u1ec7c t\u1eadp th\u1ec3<br \/>\nN\u00e2ng cao tinh th\u1ea7n l\u00e0m vi\u1ec7c c\u1ee7a nh\u00e2n vi\u00ean<br \/>\nGi\u1ea3m \u00e1p l\u1ef1c c\u00f4ng vi\u1ec7c<br \/>\n\u0110\u1ea3m b\u1ea3o \u0111\u1ea1t \u0111\u01b0\u1ee3c nh\u1eefng k\u1ebft qu\u1ea3 mong mu\u1ed1n<br \/>\nHo\u00e0n th\u00e0nh c\u00f4ng vi\u1ec7c \u0111\u00fang th\u1eddi h\u1ea1n<br \/>\nT\u00ecm \u0111\u01b0\u1ee3c b\u00ed quy\u1ebft gi\u00fa t\u00e1i t\u1ea1o n\u0103ng l\u01b0\u1ee3ng v\u00e0 \u0111am m\u00ea trong c\u00f4ng vi\u1ec7c<br \/>\nThay \u0111\u1ed5i cu\u1ed9c s\u1ed1ng b\u1ea3n th\u00e2n.<\/p>\n","protected":false},"excerpt":{"rendered":"<p>Qu\u1ea3n l\u00fd theo ki\u1ec3u&#8221; giao kho\u00e1n&#8221; l\u00e0 phong c\u00e1ch ph\u1ed5 bi\u1ebfn nh\u1ea5t hi\u1ec7n nay. Ng\u01b0\u1eddi qu\u1ea3n l\u00fd th\u1ef1c hi\u1ec7n c\u00f4ng vi\u1ec7c giao vi\u1ec7c v\u00e0 ch\u1ec9 can thi\u1ec7p khi n\u00e0o nh\u00e2n vi\u00ean c\u00f3 sai s\u00f3t. H\u1ecd lu\u00f4n quan t\u00e2m \u0111\u1ebfn k\u1ebft qu\u1ea3 c\u00f4ng vi\u1ec7c, v\u00e0 ch\u1ec9 bi\u1ebft la l\u1ed1i \u1ea7m \u0129 khi nh\u00e2n vi\u00ean l\u00e0m sai. H\u1ecd th\u01b0\u1eddng \u0111\u1ec3 m\u1eb7c nh\u00e2n vi\u00ean v\u1edbi m\u1edb c\u00f4ng vi\u1ec7c ng\u1ed5n ngang v\u00e0 kh\u00f4ng m\u1ed9t s\u1ef1 h\u01b0\u1edbng d\u1eabn. N\u1ebfu b\u1ea1n \u0111\u00e3 \u0111\u1ecdc v\u00e0 \u00e1p d\u1ee5ng nh\u1eefng \u0111i\u1ec1u m\u00e0 Donna Genett \u0111\u00e3 vi\u1ebft v\u1ec1 ngh\u1ec7 thu\u1eadt u\u1ef7 quy\u1ec1n, ch\u1eafc ch\u1eafn nh\u1eefng l\u1ea7n xu\u1ea5t hi\u1ec7n ng\u1eafn ng\u1ee7i v\u00f4 \u00edch \u0111\u00f3 c\u00f3 c\u1ee7a ng\u01b0\u1eddi qu\u1ea3n l\u00fd s\u1ebd kh\u00f4ng c\u00f2n c\u1ea7n thi\u1ebft n\u1eefa.<\/p>\n<p>D\u00f9 b\u1ea1n l\u00e0 ng\u01b0\u1eddi u\u1ef7 th\u00e1c hay \u0111\u01b0\u1ee3c u\u1ef7 th\u00e1c c\u00f4ng vi\u1ec7c, nh\u01b0ng n\u1ebfu bi\u1ebft \u1ee9ng d\u1ee5ng s\u00e1u nguy\u00ean t\u1eafc n\u00e0y, ch\u1eafc ch\u1eafn b\u1ea1n s\u1ebd c\u1ea3m th\u1ea5y kh\u1ed1i l\u01b0\u1ee3ng c\u00f4ng vi\u1ec7c gi\u1ea3m \u0111i \u0111\u00e1ng k\u1ec3, nh\u1edd v\u1eady b\u1ea1n s\u1ebd c\u00f3 th\u00eam nhi\u1ec1u th\u1eddi gian \u0111\u1ec3 t\u1eadp trung v\u00e0o nh\u1eefng \u0111i\u1ec1u th\u1eadt s\u1ef1 quan tr\u1ecdng trong c\u00f4ng vi\u1ec7c v\u00e0 trong cu\u1ed9c s\u1ed1ng.<\/p>\n<p>Bi\u1ebft c\u00e1ch u\u1ef7 th\u00e1c c\u00f4n vi\u1ec7c hi\u1ec7u qu\u1ea3, b\u1ea1n s\u1ebd c\u00f3 th\u1ec3:<br \/>\nT\u0103ng hi\u1ec7u qu\u1ea3 c\u00f4ng vi\u1ec7c<br \/>\nT\u1ef1 tin h\u01a1n trong c\u00f4ng vi\u1ec7c<br \/>\nGi\u1ea3m thi\u1ec3u c\u00e1c sai s\u00f3t<br \/>\nC\u1ea3i thi\u1ec7n m\u1ed1i quan h\u1ec7 v\u1edbi \u0111\u1ed3ng nghi\u1ec7p<br \/>\nC\u00f3 c\u01a1 h\u1ed9i n\u00e2ng cao n\u0103ng l\u1ef1c<br \/>\nTh\u00eam th\u1eddi gian hu\u1ea5n luy\u1ec7n cho nh\u00e2n vi\u00ean c\u1eafp d\u01b0\u1edbi<br \/>\nX\u00e2y d\u1ef1ng t\u1ed1t tinh th\u1ea7n l\u00e0m vi\u1ec7c t\u1eadp th\u1ec3<br \/>\nN\u00e2ng cao tinh th\u1ea7n l\u00e0m vi\u1ec7c c\u1ee7a nh\u00e2n vi\u00ean<br \/>\nGi\u1ea3m \u00e1p l\u1ef1c c\u00f4ng vi\u1ec7c<br \/>\n\u0110\u1ea3m b\u1ea3o \u0111\u1ea1t \u0111\u01b0\u1ee3c nh\u1eefng k\u1ebft qu\u1ea3 mong mu\u1ed1n<br \/>\nHo\u00e0n th\u00e0nh c\u00f4ng vi\u1ec7c \u0111\u00fang th\u1eddi h\u1ea1n<br \/>\nT\u00ecm \u0111\u01b0\u1ee3c b\u00ed quy\u1ebft gi\u00fa t\u00e1i t\u1ea1o n\u0103ng l\u01b0\u1ee3ng v\u00e0 \u0111am m\u00ea trong c\u00f4ng vi\u1ec7c<br \/>\nThay \u0111\u1ed5i cu\u1ed9c s\u1ed1ng b\u1ea3n th\u00e2n.<\/p>\n","protected":false},"featured_media":23283,"template":"","meta":{"_acf_changed":false},"product_brand":[],"product_cat":[18,15,46],"product_tag":[],"class_list":{"0":"post-23284","1":"product","2":"type-product","3":"status-publish","4":"has-post-thumbnail","6":"product_cat-kinh-te","7":"product_cat-sach-danh-cho-nguoi-lon","8":"product_cat-ky-nang-song","10":"first","11":"outofstock","12":"taxable","13":"shipping-taxable","14":"purchasable","15":"product-type-simple"},"supplier_id":null,"supplier_sku":"","barcode":null,"atum_controlled":true,"out_stock_date":"2023-04-04 21:26:31","out_stock_threshold":null,"inheritable":false,"inbound_stock":0,"stock_on_hold":0,"sold_today":0,"sales_last_days":0,"reserved_stock":0,"customer_returns":0,"warehouse_damage":0,"lost_in_post":0,"other_logs":0,"out_stock_days":1030,"lost_sales":0,"has_location":false,"update_date":"2026-01-28T23:11:14","atum_locations":[],"atum_stock_status":"outofstock","restock_status":false,"low_stock_amount":"","sales_update_date":"2026-01-28T23:11:14","calc_backorders":null,"acf":{"publisher":{"ID":6196,"post_author":"1","post_date":"2021-03-15 01:26:01","post_date_gmt":"2021-03-14 23:26:01","post_content":"","post_title":"FIRST NEWS","post_excerpt":"","post_status":"publish","comment_status":"closed","ping_status":"closed","post_password":"","post_name":"first-news","to_ping":"","pinged":"","post_modified":"2021-03-15 01:26:01","post_modified_gmt":"2021-03-14 23:26:01","post_content_filtered":"","post_parent":0,"guid":"https:\/\/sachviet.eu\/blog\/nha-phat-hanh\/first-news\/","menu_order":0,"post_type":"publisher","post_mime_type":"","comment_count":"0","filter":"raw"}},"_links":{"self":[{"href":"https:\/\/sachviet.eu\/en\/wp-json\/wp\/v2\/product\/23284","targetHints":{"allow":["GET"]}}],"collection":[{"href":"https:\/\/sachviet.eu\/en\/wp-json\/wp\/v2\/product"}],"about":[{"href":"https:\/\/sachviet.eu\/en\/wp-json\/wp\/v2\/types\/product"}],"wp:featuredmedia":[{"embeddable":true,"href":"https:\/\/sachviet.eu\/en\/wp-json\/wp\/v2\/media\/23283"}],"wp:attachment":[{"href":"https:\/\/sachviet.eu\/en\/wp-json\/wp\/v2\/media?parent=23284"}],"wp:term":[{"taxonomy":"product_brand","embeddable":true,"href":"https:\/\/sachviet.eu\/en\/wp-json\/wp\/v2\/product_brand?post=23284"},{"taxonomy":"product_cat","embeddable":true,"href":"https:\/\/sachviet.eu\/en\/wp-json\/wp\/v2\/product_cat?post=23284"},{"taxonomy":"product_tag","embeddable":true,"href":"https:\/\/sachviet.eu\/en\/wp-json\/wp\/v2\/product_tag?post=23284"}],"curies":[{"name":"wp","href":"https:\/\/api.w.org\/{rel}","templated":true}]}}