{"id":23280,"date":"2023-04-03T23:01:09","date_gmt":"2023-04-03T20:01:09","guid":{"rendered":"https:\/\/sachviet.eu\/shop\/khong-gioi-han-kham-pha-hooponopono\/"},"modified":"2023-04-05T00:16:53","modified_gmt":"2023-04-04T21:16:53","slug":"khong-gioi-han-kham-pha-hooponopono","status":"publish","type":"product","link":"https:\/\/sachviet.eu\/en\/shop\/khong-gioi-han-kham-pha-hooponopono\/","title":{"rendered":"Kh\u00f4ng Gi\u1edbi H\u1ea1n &#8211; Kh\u00e1m Ph\u00e1 HO&#8217;OPONOPONO"},"content":{"rendered":"<p>&#8220;KH\u00d4NG GI\u1edaI H\u1ea0N l\u00e0 c\u00e2u chuy\u1ec7n v\u1ec1 s\u1ef1 tr\u1edf v\u1ec1 tr\u1ea1ng th\u00e1i zero, n\u01a1i kh\u00f4ng m\u1ed9t th\u1ee9 g\u00ec t\u1ed3n t\u1ea1i nh\u01b0ng m\u1ecdi th\u1ee9 \u0111\u1ec1u kh\u1ea3 d\u0129. \u1ede tr\u1ea1ng th\u00e1i zero, kh\u00f4ng c\u00f2n t\u01b0 t\u01b0\u1edfng, ng\u00f4n t\u1eeb, h\u00e0nh vi, k\u00fd \u1ee9c, ch\u01b0\u01a1ng tr\u00ecnh, ni\u1ec1m tin ho\u1eb7c b\u1ea5t k\u1ef3 \u0111i\u1ec1u g\u00ec kh\u00e1c. Ch\u1eb3ng c\u00f3 g\u00ec c\u1ea3.&#8221; (B\u00ed m\u1eadt c\u1ee7a v\u0169 tr\u1ee5)<\/p>\n<p>C\u00f3 ph\u1ea3i b\u1ea1n \u0111ang l\u00e0m vi\u1ec7c qu\u00e1 s\u1ee9c v\u00e0 qu\u00e1 c\u0103ng th\u1eb3ng?<\/p>\n<p>C\u00f3 ph\u1ea3i b\u1ea1n \u0111ang l\u00e0m h\u1ebft s\u1ee9c nh\u01b0ng v\u1eabn ch\u1eb3ng th\u00e0nh c\u00f4ng trong s\u1ef1 nghi\u1ec7p v\u00e0 cu\u1ed9c s\u1ed1ng c\u00e1 nh\u00e2n?<\/p>\n<p>N\u1ebfu b\u1ea1n \u0111ang c\u1ed1 g\u1eafng v\u1ea5t v\u1ea3 nh\u01b0ng ch\u01b0a \u0111\u1ea1t \u0111\u01b0\u1ee3c k\u1ebft qu\u1ea3 nh\u01b0 \u00fd th\u00ec c\u00f3 l\u1ebd v\u1ea5n \u0111\u1ec3 n\u1eb1m \u1edf b\u00ean trong b\u1ea1n. C\u00f3 l\u1ebd \u0111i\u1ec1u \u0111ang c\u1ea3n tr\u1edf b\u1ea1n n\u1eb1m b\u00ean trong b\u1ea1n ch\u1ee9 kh\u00f4ng ph\u1ea3i \u1edf b\u00ean ngo\u00e0i. Kh\u00f4ng gi\u1edbi h\u1ea1n \u0111\u01b0a \u0111\u1ebfn cho b\u1ea1n m\u1ed9t ph\u01b0\u01a1ng ph\u00e1p \u0111\u1ed9t ph\u00e1 \u0111\u1ec3 v\u01b0\u1ee3t qua nh\u1eefng gi\u1edbi h\u1ea1n n\u1ed9i t\u1ea1i v\u00e0 \u0111\u1ea1t \u0111\u01b0\u1ee3c nh\u1eefng m\u1ee5c ti\u00eau m\u01a1 \u01b0\u1edbc.<\/p>\n<p>Ho&#8217;oponopono l\u00e0 m\u1ed9t h\u1ec7 th\u1ed1ng b\u00ed quy\u1ebft t\u00e2m linh c\u1ed5 x\u01b0a c\u1ee7a ng\u01b0\u1eddi Hawaii, m\u1ed9t ph\u01b0\u01a1ng ph\u00e1p tr\u1ecb li\u1ec7u v\u00f4 c\u00f9ng hi\u1ec7u qu\u1ea3 \u0111\u1ec3 gi\u1ea3i ph\u00f3ng t\u00e2m th\u1ee9c, lo\u1ea1i b\u1ecf nh\u1eefng tr\u1edf ng\u1ea1i tinh th\u1ea7n, gi\u00fap b\u1ea1n \u0111\u1ea1t \u0111\u1ebfn m\u1ee5c ti\u00eau kh\u00f4ng gi\u1edbi h\u1ea1n trong c\u00f4ng vi\u1ec7c l\u1eabn cu\u1ed9c s\u1ed1ng.<\/p>\n<p>Joe Vitale v\u00e0 Ihaleakala Hew Len, nh\u1eefng b\u1eadc th\u1ea7y v\u1ec1 Ho&#8217;oponopono hi\u1ec7n \u0111\u1ea1i, s\u1ebd t\u1eebng b\u01b0\u1edbc h\u01b0\u1edbng d\u1eabn b\u1ea1n \u00e1p d\u1ee5ng ph\u01b0\u01a1ng ph\u00e1p n\u00e0y \u0111\u1ec3 g\u1eb7t h\u00e1i th\u00e0nh c\u00f4ng v\u1ec1 v\u1eadt ch\u1ea5t, s\u1ee9c kh\u1ecfe, tinh th\u1ea7n v\u00e0 h\u1ea1nh ph\u00fac.<\/p>\n","protected":false},"excerpt":{"rendered":"<p>&#8220;KH\u00d4NG GI\u1edaI H\u1ea0N l\u00e0 c\u00e2u chuy\u1ec7n v\u1ec1 s\u1ef1 tr\u1edf v\u1ec1 tr\u1ea1ng th\u00e1i zero, n\u01a1i kh\u00f4ng m\u1ed9t th\u1ee9 g\u00ec t\u1ed3n t\u1ea1i nh\u01b0ng m\u1ecdi th\u1ee9 \u0111\u1ec1u kh\u1ea3 d\u0129. \u1ede tr\u1ea1ng th\u00e1i zero, kh\u00f4ng c\u00f2n t\u01b0 t\u01b0\u1edfng, ng\u00f4n t\u1eeb, h\u00e0nh vi, k\u00fd \u1ee9c, ch\u01b0\u01a1ng tr\u00ecnh, ni\u1ec1m tin ho\u1eb7c b\u1ea5t k\u1ef3 \u0111i\u1ec1u g\u00ec kh\u00e1c. Ch\u1eb3ng c\u00f3 g\u00ec c\u1ea3.&#8221; (B\u00ed m\u1eadt c\u1ee7a v\u0169 tr\u1ee5)<\/p>\n<p>C\u00f3 ph\u1ea3i b\u1ea1n \u0111ang l\u00e0m vi\u1ec7c qu\u00e1 s\u1ee9c v\u00e0 qu\u00e1 c\u0103ng th\u1eb3ng?<\/p>\n<p>C\u00f3 ph\u1ea3i b\u1ea1n \u0111ang l\u00e0m h\u1ebft s\u1ee9c nh\u01b0ng v\u1eabn ch\u1eb3ng th\u00e0nh c\u00f4ng trong s\u1ef1 nghi\u1ec7p v\u00e0 cu\u1ed9c s\u1ed1ng c\u00e1 nh\u00e2n?<\/p>\n<p>N\u1ebfu b\u1ea1n \u0111ang c\u1ed1 g\u1eafng v\u1ea5t v\u1ea3 nh\u01b0ng ch\u01b0a \u0111\u1ea1t \u0111\u01b0\u1ee3c k\u1ebft qu\u1ea3 nh\u01b0 \u00fd th\u00ec c\u00f3 l\u1ebd v\u1ea5n \u0111\u1ec3 n\u1eb1m \u1edf b\u00ean trong b\u1ea1n. C\u00f3 l\u1ebd \u0111i\u1ec1u \u0111ang c\u1ea3n tr\u1edf b\u1ea1n n\u1eb1m b\u00ean trong b\u1ea1n ch\u1ee9 kh\u00f4ng ph\u1ea3i \u1edf b\u00ean ngo\u00e0i. Kh\u00f4ng gi\u1edbi h\u1ea1n \u0111\u01b0a \u0111\u1ebfn cho b\u1ea1n m\u1ed9t ph\u01b0\u01a1ng ph\u00e1p \u0111\u1ed9t ph\u00e1 \u0111\u1ec3 v\u01b0\u1ee3t qua nh\u1eefng gi\u1edbi h\u1ea1n n\u1ed9i t\u1ea1i v\u00e0 \u0111\u1ea1t \u0111\u01b0\u1ee3c nh\u1eefng m\u1ee5c ti\u00eau m\u01a1 \u01b0\u1edbc.<\/p>\n<p>Ho&#8217;oponopono l\u00e0 m\u1ed9t h\u1ec7 th\u1ed1ng b\u00ed quy\u1ebft t\u00e2m linh c\u1ed5 x\u01b0a c\u1ee7a ng\u01b0\u1eddi Hawaii, m\u1ed9t ph\u01b0\u01a1ng ph\u00e1p tr\u1ecb li\u1ec7u v\u00f4 c\u00f9ng hi\u1ec7u qu\u1ea3 \u0111\u1ec3 gi\u1ea3i ph\u00f3ng t\u00e2m th\u1ee9c, lo\u1ea1i b\u1ecf nh\u1eefng tr\u1edf ng\u1ea1i tinh th\u1ea7n, gi\u00fap b\u1ea1n \u0111\u1ea1t \u0111\u1ebfn m\u1ee5c ti\u00eau kh\u00f4ng gi\u1edbi h\u1ea1n trong c\u00f4ng vi\u1ec7c l\u1eabn cu\u1ed9c s\u1ed1ng.<\/p>\n<p>Joe Vitale v\u00e0 Ihaleakala Hew Len, nh\u1eefng b\u1eadc th\u1ea7y v\u1ec1 Ho&#8217;oponopono hi\u1ec7n \u0111\u1ea1i, s\u1ebd t\u1eebng b\u01b0\u1edbc h\u01b0\u1edbng d\u1eabn b\u1ea1n \u00e1p d\u1ee5ng ph\u01b0\u01a1ng ph\u00e1p n\u00e0y \u0111\u1ec3 g\u1eb7t h\u00e1i th\u00e0nh c\u00f4ng v\u1ec1 v\u1eadt ch\u1ea5t, s\u1ee9c kh\u1ecfe, tinh th\u1ea7n v\u00e0 h\u1ea1nh ph\u00fac.<\/p>\n","protected":false},"featured_media":23279,"template":"","meta":{"_acf_changed":false},"product_brand":[],"product_cat":[18,15,46],"product_tag":[],"class_list":{"0":"post-23280","1":"product","2":"type-product","3":"status-publish","4":"has-post-thumbnail","6":"product_cat-kinh-te","7":"product_cat-sach-danh-cho-nguoi-lon","8":"product_cat-ky-nang-song","10":"first","11":"outofstock","12":"taxable","13":"shipping-taxable","14":"purchasable","15":"product-type-simple"},"supplier_id":null,"supplier_sku":"","barcode":null,"atum_controlled":true,"out_stock_date":"2023-04-04 21:16:53","out_stock_threshold":null,"inheritable":false,"inbound_stock":0,"stock_on_hold":0,"sold_today":0,"sales_last_days":0,"reserved_stock":0,"customer_returns":0,"warehouse_damage":0,"lost_in_post":0,"other_logs":0,"out_stock_days":1030,"lost_sales":0,"has_location":false,"update_date":"2026-01-28T23:11:14","atum_locations":[],"atum_stock_status":"outofstock","restock_status":false,"low_stock_amount":"","sales_update_date":"2026-01-28T23:11:14","calc_backorders":null,"acf":{"publisher":{"ID":5800,"post_author":"1","post_date":"2021-03-14 02:27:19","post_date_gmt":"2021-03-14 00:27:19","post_content":"","post_title":"Ph\u01b0\u01a1ng Nam Book","post_excerpt":"","post_status":"publish","comment_status":"closed","ping_status":"closed","post_password":"","post_name":"phuong-nam-book","to_ping":"","pinged":"","post_modified":"2021-03-14 02:27:19","post_modified_gmt":"2021-03-14 00:27:19","post_content_filtered":"","post_parent":0,"guid":"https:\/\/sachviet.eu\/blog\/nha-phat-hanh\/phuong-nam-book\/","menu_order":0,"post_type":"publisher","post_mime_type":"","comment_count":"0","filter":"raw"}},"_links":{"self":[{"href":"https:\/\/sachviet.eu\/en\/wp-json\/wp\/v2\/product\/23280","targetHints":{"allow":["GET"]}}],"collection":[{"href":"https:\/\/sachviet.eu\/en\/wp-json\/wp\/v2\/product"}],"about":[{"href":"https:\/\/sachviet.eu\/en\/wp-json\/wp\/v2\/types\/product"}],"wp:featuredmedia":[{"embeddable":true,"href":"https:\/\/sachviet.eu\/en\/wp-json\/wp\/v2\/media\/23279"}],"wp:attachment":[{"href":"https:\/\/sachviet.eu\/en\/wp-json\/wp\/v2\/media?parent=23280"}],"wp:term":[{"taxonomy":"product_brand","embeddable":true,"href":"https:\/\/sachviet.eu\/en\/wp-json\/wp\/v2\/product_brand?post=23280"},{"taxonomy":"product_cat","embeddable":true,"href":"https:\/\/sachviet.eu\/en\/wp-json\/wp\/v2\/product_cat?post=23280"},{"taxonomy":"product_tag","embeddable":true,"href":"https:\/\/sachviet.eu\/en\/wp-json\/wp\/v2\/product_tag?post=23280"}],"curies":[{"name":"wp","href":"https:\/\/api.w.org\/{rel}","templated":true}]}}