{"id":23278,"date":"2023-04-03T23:01:02","date_gmt":"2023-04-03T20:01:02","guid":{"rendered":"https:\/\/sachviet.eu\/shop\/ngoi-nha-ben-bo-bien-xanh-tham\/"},"modified":"2023-11-25T17:36:10","modified_gmt":"2023-11-25T15:36:10","slug":"ngoi-nha-ben-bo-bien-xanh-tham","status":"publish","type":"product","link":"https:\/\/sachviet.eu\/en\/shop\/ngoi-nha-ben-bo-bien-xanh-tham\/","title":{"rendered":"Ng\u00f4i Nh\u00e0 B\u00ean B\u1edd Bi\u1ec3n Xanh Th\u1eb3m"},"content":{"rendered":"<p>S\u00e1ch b\u00e1n ch\u1ea1y c\u1ee7a New York Times, USA Today v\u00e0 Washington Post.<\/p>\n<p>\u0110o\u1ea1t gi\u1ea3i th\u01b0\u1edfng Alex Awards 2021 &#8211; Gi\u1ea3i th\u01b0\u1edfng h\u00e0ng n\u0103m t\u00f4n vinh 10 cu\u1ed1n s\u00e1ch vi\u1ebft cho ng\u01b0\u1eddi l\u1edbn c\u00f3 s\u1ee9c h\u1ea5p d\u1eabn \u0111\u1eb7c bi\u1ec7t.<\/p>\n<p>\u0110o\u1ea1t gi\u1ea3i th\u01b0\u1edfng RUSA Awards 2021 &#8211; H\u1ea1ng m\u1ee5c ti\u1ec3u thuy\u1ebft gi\u1ea3 t\u01b0\u1edfng.<\/p>\n<p>L\u1ecdt danh s\u00e1ch &#8220;Nh\u1eefng cu\u1ed1n s\u00e1ch \u0111\u01b0\u1ee3c mong \u0111\u1ee3i nh\u1ea5t m\u00f9a xu\u00e2n 2020&#8221; c\u1ee7a Publishers Weekly.<\/p>\n<p>L\u1ecdt danh s\u00e1ch &#8220;20 cu\u1ed1n s\u00e1ch gi\u1ea3 t\u01b0\u1edfng th\u00fa v\u1ecb ph\u1ea3i \u0111\u1ecdc&#8221; c\u1ee7a Book Riot.<\/p>\n<p>Linus Baker l\u00e0 m\u1ed9t nh\u00e2n vi\u00ean c\u00f4ng t\u00e1c x\u00e3 h\u1ed9i l\u00e0m vi\u1ec7c t\u1ea1i S\u1edf Ph\u1ee5 Tr\u00e1ch Thanh Thi\u1ebfu Ni\u00ean Nhi\u1ec7m M\u00e0u. Anh nh\u1eadn nhi\u1ec7m v\u1ee5 x\u00e1c \u0111\u1ecbnh xem s\u00e1u \u0111\u1ee9a tr\u1ebb \u201ctr\u00f4ng c\u00f3 v\u1ebb nguy hi\u1ec3m\u201d v\u00e0 \u0111ang sinh s\u1ed1ng t\u1ea1i \u0111\u1ea3o Marsyas li\u1ec7u c\u00f3 kh\u1ea3 n\u0103ng mang \u0111\u1ebfn ng\u00e0y t\u1eadn th\u1ebf hay kh\u00f4ng.<\/p>\n<p>Arthur Parnassus l\u00e0 ch\u1ee7 tr\u1ea1i tr\u1ebb m\u1ed3 c\u00f4i. Anh l\u00e0 ng\u01b0\u1eddi y\u00eau th\u01b0\u01a1ng, quan t\u00e2m v\u00e0 s\u1ebd l\u00e0m b\u1ea5t c\u1ee9 \u0111i\u1ec1u g\u00ec \u0111\u1ec3 b\u1ecdn tr\u1ebb \u0111\u01b0\u1ee3c an to\u00e0n, ngay c\u1ea3 khi \u0111i\u1ec1u \u0111\u00f3 c\u00f3 ngh\u0129a l\u00e0 th\u1ebf gi\u1edbi s\u1ebd b\u00f9ng ch\u00e1y v\u00e0 nh\u1eefng b\u00ed m\u1eadt anh mu\u1ed1n gi\u1ea5u k\u00edn b\u1ecb ph\u01a1i b\u00e0y.<\/p>\n<p>Ng\u00f4i nh\u00e0 b\u00ean b\u1edd bi\u1ec3n xanh th\u1eb3m l\u00e0 m\u1ed9t cu\u1ed1n s\u00e1ch nh\u1eb9 nh\u00e0ng v\u00e0 ng\u1ecdt ng\u00e0o, ch\u1ee9a \u0111\u1ef1ng nh\u1eefng b\u00e0i h\u1ecdc \u0111\u1eddi th\u01b0\u1eddng m\u00e0 \u0111\u00f4i khi con ng\u01b0\u1eddi qu\u00ean m\u1ea5t. R\u1eb1ng nh\u1eefng \u0111i\u1ec1u b\u1ea5t ng\u1edd nh\u1ea5t, ph\u00f9 h\u1ee3p nh\u1ea5t s\u1ebd v\u00f4 t\u00ecnh xu\u1ea5t hi\u1ec7n khi b\u1ea1n kh\u00f4ng mong ch\u1edd nh\u1ea5t.<\/p>\n<p>\u201cNh\u00e0 kh\u00f4ng ph\u1ea3i l\u00fac n\u00e0o c\u0169ng l\u00e0 ng\u00f4i nh\u00e0 n\u01a1i ta s\u1ed1ng. \u0110\u00f3 c\u00f2n l\u00e0 nh\u1eefng ng\u01b0\u1eddi ch\u00fang ta l\u1ef1a ch\u1ecdn \u0111\u1ec3 \u1edf b\u00ean\u2026\u201d<\/p>\n","protected":false},"excerpt":{"rendered":"<p>S\u00e1ch b\u00e1n ch\u1ea1y c\u1ee7a New York Times, USA Today v\u00e0 Washington Post.<\/p>\n<p>\u0110o\u1ea1t gi\u1ea3i th\u01b0\u1edfng Alex Awards 2021 &#8211; Gi\u1ea3i th\u01b0\u1edfng h\u00e0ng n\u0103m t\u00f4n vinh 10 cu\u1ed1n s\u00e1ch vi\u1ebft cho ng\u01b0\u1eddi l\u1edbn c\u00f3 s\u1ee9c h\u1ea5p d\u1eabn \u0111\u1eb7c bi\u1ec7t.<\/p>\n<p>\u0110o\u1ea1t gi\u1ea3i th\u01b0\u1edfng RUSA Awards 2021 &#8211; H\u1ea1ng m\u1ee5c ti\u1ec3u thuy\u1ebft gi\u1ea3 t\u01b0\u1edfng.<\/p>\n<p>L\u1ecdt danh s\u00e1ch &#8220;Nh\u1eefng cu\u1ed1n s\u00e1ch \u0111\u01b0\u1ee3c mong \u0111\u1ee3i nh\u1ea5t m\u00f9a xu\u00e2n 2020&#8221; c\u1ee7a Publishers Weekly.<\/p>\n<p>L\u1ecdt danh s\u00e1ch &#8220;20 cu\u1ed1n s\u00e1ch gi\u1ea3 t\u01b0\u1edfng th\u00fa v\u1ecb ph\u1ea3i \u0111\u1ecdc&#8221; c\u1ee7a Book Riot.<\/p>\n<p>Linus Baker l\u00e0 m\u1ed9t nh\u00e2n vi\u00ean c\u00f4ng t\u00e1c x\u00e3 h\u1ed9i l\u00e0m vi\u1ec7c t\u1ea1i S\u1edf Ph\u1ee5 Tr\u00e1ch Thanh Thi\u1ebfu Ni\u00ean Nhi\u1ec7m M\u00e0u. Anh nh\u1eadn nhi\u1ec7m v\u1ee5 x\u00e1c \u0111\u1ecbnh xem s\u00e1u \u0111\u1ee9a tr\u1ebb \u201ctr\u00f4ng c\u00f3 v\u1ebb nguy hi\u1ec3m\u201d v\u00e0 \u0111ang sinh s\u1ed1ng t\u1ea1i \u0111\u1ea3o Marsyas li\u1ec7u c\u00f3 kh\u1ea3 n\u0103ng mang \u0111\u1ebfn ng\u00e0y t\u1eadn th\u1ebf hay kh\u00f4ng.<\/p>\n<p>Arthur Parnassus l\u00e0 ch\u1ee7 tr\u1ea1i tr\u1ebb m\u1ed3 c\u00f4i. Anh l\u00e0 ng\u01b0\u1eddi y\u00eau th\u01b0\u01a1ng, quan t\u00e2m v\u00e0 s\u1ebd l\u00e0m b\u1ea5t c\u1ee9 \u0111i\u1ec1u g\u00ec \u0111\u1ec3 b\u1ecdn tr\u1ebb \u0111\u01b0\u1ee3c an to\u00e0n, ngay c\u1ea3 khi \u0111i\u1ec1u \u0111\u00f3 c\u00f3 ngh\u0129a l\u00e0 th\u1ebf gi\u1edbi s\u1ebd b\u00f9ng ch\u00e1y v\u00e0 nh\u1eefng b\u00ed m\u1eadt anh mu\u1ed1n gi\u1ea5u k\u00edn b\u1ecb ph\u01a1i b\u00e0y.<\/p>\n<p>Ng\u00f4i nh\u00e0 b\u00ean b\u1edd bi\u1ec3n xanh th\u1eb3m l\u00e0 m\u1ed9t cu\u1ed1n s\u00e1ch nh\u1eb9 nh\u00e0ng v\u00e0 ng\u1ecdt ng\u00e0o, ch\u1ee9a \u0111\u1ef1ng nh\u1eefng b\u00e0i h\u1ecdc \u0111\u1eddi th\u01b0\u1eddng m\u00e0 \u0111\u00f4i khi con ng\u01b0\u1eddi qu\u00ean m\u1ea5t. R\u1eb1ng nh\u1eefng \u0111i\u1ec1u b\u1ea5t ng\u1edd nh\u1ea5t, ph\u00f9 h\u1ee3p nh\u1ea5t s\u1ebd v\u00f4 t\u00ecnh xu\u1ea5t hi\u1ec7n khi b\u1ea1n kh\u00f4ng mong ch\u1edd nh\u1ea5t.<\/p>\n<p>\u201cNh\u00e0 kh\u00f4ng ph\u1ea3i l\u00fac n\u00e0o c\u0169ng l\u00e0 ng\u00f4i nh\u00e0 n\u01a1i ta s\u1ed1ng. \u0110\u00f3 c\u00f2n l\u00e0 nh\u1eefng ng\u01b0\u1eddi ch\u00fang ta l\u1ef1a ch\u1ecdn \u0111\u1ec3 \u1edf b\u00ean\u2026\u201d<\/p>\n","protected":false},"featured_media":23277,"template":"","meta":{"_acf_changed":false},"product_brand":[],"product_cat":[15,45],"product_tag":[83],"class_list":{"0":"post-23278","1":"product","2":"type-product","3":"status-publish","4":"has-post-thumbnail","6":"product_cat-sach-danh-cho-nguoi-lon","7":"product_cat-tieu-thuyet","8":"product_tag-sach-moi-xuat-ban","10":"first","11":"outofstock","12":"taxable","13":"shipping-taxable","14":"purchasable","15":"product-type-simple"},"supplier_id":null,"supplier_sku":"","barcode":null,"atum_controlled":true,"out_stock_date":"2023-11-25 15:36:10","out_stock_threshold":null,"inheritable":false,"inbound_stock":0,"stock_on_hold":0,"sold_today":0,"sales_last_days":0,"reserved_stock":0,"customer_returns":0,"warehouse_damage":0,"lost_in_post":0,"other_logs":0,"out_stock_days":795,"lost_sales":0,"has_location":false,"update_date":"2026-01-28T23:11:14","atum_locations":[],"atum_stock_status":"outofstock","restock_status":false,"low_stock_amount":"","sales_update_date":"2026-01-28T23:11:14","calc_backorders":null,"acf":{"publisher":{"ID":22336,"post_author":"1","post_date":"2023-01-21 02:37:57","post_date_gmt":"2023-01-21 00:37:57","post_content":"<!-- wp:html \/-->","post_title":"Asbooks","post_excerpt":"","post_status":"publish","comment_status":"closed","ping_status":"closed","post_password":"","post_name":"asbooks","to_ping":"","pinged":"","post_modified":"2023-01-21 02:38:00","post_modified_gmt":"2023-01-21 00:38:00","post_content_filtered":"","post_parent":0,"guid":"https:\/\/sachviet.eu\/?post_type=publisher&#038;p=22336","menu_order":0,"post_type":"publisher","post_mime_type":"","comment_count":"0","filter":"raw"}},"_links":{"self":[{"href":"https:\/\/sachviet.eu\/en\/wp-json\/wp\/v2\/product\/23278","targetHints":{"allow":["GET"]}}],"collection":[{"href":"https:\/\/sachviet.eu\/en\/wp-json\/wp\/v2\/product"}],"about":[{"href":"https:\/\/sachviet.eu\/en\/wp-json\/wp\/v2\/types\/product"}],"wp:featuredmedia":[{"embeddable":true,"href":"https:\/\/sachviet.eu\/en\/wp-json\/wp\/v2\/media\/23277"}],"wp:attachment":[{"href":"https:\/\/sachviet.eu\/en\/wp-json\/wp\/v2\/media?parent=23278"}],"wp:term":[{"taxonomy":"product_brand","embeddable":true,"href":"https:\/\/sachviet.eu\/en\/wp-json\/wp\/v2\/product_brand?post=23278"},{"taxonomy":"product_cat","embeddable":true,"href":"https:\/\/sachviet.eu\/en\/wp-json\/wp\/v2\/product_cat?post=23278"},{"taxonomy":"product_tag","embeddable":true,"href":"https:\/\/sachviet.eu\/en\/wp-json\/wp\/v2\/product_tag?post=23278"}],"curies":[{"name":"wp","href":"https:\/\/api.w.org\/{rel}","templated":true}]}}