{"id":23274,"date":"2023-04-03T23:00:50","date_gmt":"2023-04-03T20:00:50","guid":{"rendered":"https:\/\/sachviet.eu\/shop\/7-thoi-quen-cua-ban-tre-thanh-dat\/"},"modified":"2023-10-22T22:07:15","modified_gmt":"2023-10-22T19:07:15","slug":"7-thoi-quen-cua-ban-tre-thanh-dat","status":"publish","type":"product","link":"https:\/\/sachviet.eu\/en\/shop\/7-thoi-quen-cua-ban-tre-thanh-dat\/","title":{"rendered":"7 Th\u00f3i Quen C\u1ee7a B\u1ea1n Tr\u1ebb Th\u00e0nh \u0110\u1ea1t"},"content":{"rendered":"<p>Gieo suy ngh\u0129, g\u1eb7t h\u00e0nh \u0111\u1ed9ng<\/p>\n<p>Gieo h\u00e0nh \u0111\u1ed9ng, g\u1eb7t th\u00f3i quen<\/p>\n<p>Gieo th\u00f3i quen, g\u1eb7t t\u00ednh c\u00e1ch<\/p>\n<p>Gieo t\u00ednh c\u00e1ch, g\u1eb7t s\u1ed1 ph\u1eadn.<\/p>\n<p>\u0110\u00f3 l\u00e0 b\u1ed1n c\u00e2u n\u00f3i m\u1edf \u0111\u1ea7u cho cu\u1ed1n s\u00e1ch 7 th\u00f3i quen c\u1ee7a b\u1ea1n tr\u1ebb th\u00e0nh \u0111\u1ea1t.<\/p>\n<p>B\u1ea1n \u0111\u1eebng ngh\u0129 cu\u1ed1n s\u00e1ch n\u00e0y ch\u1ec9 d\u00e0nh cho nh\u1eefng b\u1ea1n ttr\u1ebb th\u00e0nh \u0111\u1ea1t, cu\u1ed1n s\u00e1ch n\u00e0y d\u00e0nh cho t\u1ea5t c\u1ea3 nh\u1eefng ai mu\u1ed1n tr\u1edf n\u00ean th\u00e0nh \u0111\u1ea1t.<\/p>\n<p>Con ng\u01b0\u1eddi, ai c\u0169ng mu\u1ed1n th\u00e0nh \u0111\u1ea1t nh\u01b0ng kh\u00f4ng ph\u1ea3i ai c\u0169ng h\u00e0nh \u0111\u1ed9ng \u0111\u1ec3 tr\u1edf n\u00ean th\u00e0nh \u0111\u1ea1t, cu\u1ed1n s\u00e1ch n\u00e0y s\u1ebd gi\u00fap b\u1ea1n. M\u1ed7i ng\u01b0\u1eddi \u0111\u1ec1u c\u00f3 nh\u1eefng th\u00f3i quen, c\u00f3 th\u00f3i quen t\u00edch c\u1ef1c, nh\u01b0ng c\u0169ng c\u00f3 th\u00f3i quen ti\u00eau c\u1ef1c. Nh\u1eefng th\u00f3i quen ti\u00eau c\u1ef1c s\u1ebd l\u00e0m tr\u00ec ho\u00e3n h\u00e0nh \u0111\u1ed9ng c\u1ee7a b\u1ea1n, gi\u1eef l\u1ea1i mong mu\u1ed1n th\u00e0nh \u0111\u1ea1t c\u1ee7a b\u1ea1n.<\/p>\n","protected":false},"excerpt":{"rendered":"<p>Gieo suy ngh\u0129, g\u1eb7t h\u00e0nh \u0111\u1ed9ng<\/p>\n<p>Gieo h\u00e0nh \u0111\u1ed9ng, g\u1eb7t th\u00f3i quen<\/p>\n<p>Gieo th\u00f3i quen, g\u1eb7t t\u00ednh c\u00e1ch<\/p>\n<p>Gieo t\u00ednh c\u00e1ch, g\u1eb7t s\u1ed1 ph\u1eadn.<\/p>\n<p>\u0110\u00f3 l\u00e0 b\u1ed1n c\u00e2u n\u00f3i m\u1edf \u0111\u1ea7u cho cu\u1ed1n s\u00e1ch 7 th\u00f3i quen c\u1ee7a b\u1ea1n tr\u1ebb th\u00e0nh \u0111\u1ea1t.<\/p>\n<p>B\u1ea1n \u0111\u1eebng ngh\u0129 cu\u1ed1n s\u00e1ch n\u00e0y ch\u1ec9 d\u00e0nh cho nh\u1eefng b\u1ea1n ttr\u1ebb th\u00e0nh \u0111\u1ea1t, cu\u1ed1n s\u00e1ch n\u00e0y d\u00e0nh cho t\u1ea5t c\u1ea3 nh\u1eefng ai mu\u1ed1n tr\u1edf n\u00ean th\u00e0nh \u0111\u1ea1t.<\/p>\n<p>Con ng\u01b0\u1eddi, ai c\u0169ng mu\u1ed1n th\u00e0nh \u0111\u1ea1t nh\u01b0ng kh\u00f4ng ph\u1ea3i ai c\u0169ng h\u00e0nh \u0111\u1ed9ng \u0111\u1ec3 tr\u1edf n\u00ean th\u00e0nh \u0111\u1ea1t, cu\u1ed1n s\u00e1ch n\u00e0y s\u1ebd gi\u00fap b\u1ea1n. M\u1ed7i ng\u01b0\u1eddi \u0111\u1ec1u c\u00f3 nh\u1eefng th\u00f3i quen, c\u00f3 th\u00f3i quen t\u00edch c\u1ef1c, nh\u01b0ng c\u0169ng c\u00f3 th\u00f3i quen ti\u00eau c\u1ef1c. Nh\u1eefng th\u00f3i quen ti\u00eau c\u1ef1c s\u1ebd l\u00e0m tr\u00ec ho\u00e3n h\u00e0nh \u0111\u1ed9ng c\u1ee7a b\u1ea1n, gi\u1eef l\u1ea1i mong mu\u1ed1n th\u00e0nh \u0111\u1ea1t c\u1ee7a b\u1ea1n.<\/p>\n","protected":false},"featured_media":23273,"template":"","meta":{"_acf_changed":false},"product_brand":[],"product_cat":[18,15,46],"product_tag":[83],"class_list":{"0":"post-23274","1":"product","2":"type-product","3":"status-publish","4":"has-post-thumbnail","6":"product_cat-kinh-te","7":"product_cat-sach-danh-cho-nguoi-lon","8":"product_cat-ky-nang-song","9":"product_tag-sach-moi-xuat-ban","11":"first","12":"outofstock","13":"taxable","14":"shipping-taxable","15":"purchasable","16":"product-type-simple"},"supplier_id":null,"supplier_sku":"","barcode":null,"atum_controlled":true,"out_stock_date":"2023-10-22 19:07:15","out_stock_threshold":null,"inheritable":false,"inbound_stock":0,"stock_on_hold":0,"sold_today":0,"sales_last_days":0,"reserved_stock":0,"customer_returns":0,"warehouse_damage":0,"lost_in_post":0,"other_logs":0,"out_stock_days":829,"lost_sales":0,"has_location":false,"update_date":"2026-01-28T23:11:14","atum_locations":[],"atum_stock_status":"outofstock","restock_status":false,"low_stock_amount":"","sales_update_date":"2026-01-28T23:11:14","calc_backorders":null,"acf":{"publisher":{"ID":6196,"post_author":"1","post_date":"2021-03-15 01:26:01","post_date_gmt":"2021-03-14 23:26:01","post_content":"","post_title":"FIRST NEWS","post_excerpt":"","post_status":"publish","comment_status":"closed","ping_status":"closed","post_password":"","post_name":"first-news","to_ping":"","pinged":"","post_modified":"2021-03-15 01:26:01","post_modified_gmt":"2021-03-14 23:26:01","post_content_filtered":"","post_parent":0,"guid":"https:\/\/sachviet.eu\/blog\/nha-phat-hanh\/first-news\/","menu_order":0,"post_type":"publisher","post_mime_type":"","comment_count":"0","filter":"raw"}},"_links":{"self":[{"href":"https:\/\/sachviet.eu\/en\/wp-json\/wp\/v2\/product\/23274","targetHints":{"allow":["GET"]}}],"collection":[{"href":"https:\/\/sachviet.eu\/en\/wp-json\/wp\/v2\/product"}],"about":[{"href":"https:\/\/sachviet.eu\/en\/wp-json\/wp\/v2\/types\/product"}],"wp:featuredmedia":[{"embeddable":true,"href":"https:\/\/sachviet.eu\/en\/wp-json\/wp\/v2\/media\/23273"}],"wp:attachment":[{"href":"https:\/\/sachviet.eu\/en\/wp-json\/wp\/v2\/media?parent=23274"}],"wp:term":[{"taxonomy":"product_brand","embeddable":true,"href":"https:\/\/sachviet.eu\/en\/wp-json\/wp\/v2\/product_brand?post=23274"},{"taxonomy":"product_cat","embeddable":true,"href":"https:\/\/sachviet.eu\/en\/wp-json\/wp\/v2\/product_cat?post=23274"},{"taxonomy":"product_tag","embeddable":true,"href":"https:\/\/sachviet.eu\/en\/wp-json\/wp\/v2\/product_tag?post=23274"}],"curies":[{"name":"wp","href":"https:\/\/api.w.org\/{rel}","templated":true}]}}