{"id":23272,"date":"2023-04-03T23:00:44","date_gmt":"2023-04-03T20:00:44","guid":{"rendered":"https:\/\/sachviet.eu\/shop\/con-nhan-ma-o-trong-vuon\/"},"modified":"2023-09-01T22:43:36","modified_gmt":"2023-09-01T19:43:36","slug":"con-nhan-ma-o-trong-vuon","status":"publish","type":"product","link":"https:\/\/sachviet.eu\/en\/shop\/con-nhan-ma-o-trong-vuon\/","title":{"rendered":"Con Nh\u00e2n M\u00e3 \u1ede Trong V\u01b0\u1eddn"},"content":{"rendered":"<p>C\u00f3 hai lo\u1ea1i h\u1ea1nh ph\u00fac \u1edf tr\u00ean \u0111\u1eddi. H\u1ea1nh ph\u00fac \u0111\u01b0\u1ee3c h\u01a1n ng\u01b0\u1eddi kh\u00e1c v\u00e0 h\u1ea1nh ph\u00fac \u0111\u01b0\u1ee3c nh\u01b0 ng\u01b0\u1eddi kh\u00e1c. D\u1ea1ng h\u1ea1nh ph\u00fac th\u1ee9 hai gi\u1ea3n d\u1ecb h\u01a1n nh\u01b0ng \u0111\u00f4i khi l\u1ea1i xa v\u1eddi h\u01a1n. B\u1ea1n \u0111\u1ecdc \u0111ang c\u1ea7m trong tay m\u1ed9t cu\u1ed1n ti\u1ec3u thuy\u1ebft l\u1edbn, \u0111\u1ee7 s\u1ee9c kh\u00e1m ph\u00e1 nh\u1eefng ng\u00f3c ng\u00e1ch k\u00ec b\u00ed c\u1ee7a ni\u1ec1m h\u1ea1nh ph\u00fac n\u00e0y.<\/p>\n<p>\u0110\u01b0\u1ee3c xu\u1ea5t b\u1ea3n l\u1ea7n \u0111\u1ea7u n\u0103m 1985, Con nh\u00e2n m\u00e3 \u1edf trong v\u01b0\u1eddn nhanh ch\u00f3ng n\u1ed5i ti\u1ebfng to\u00e0n th\u1ebf gi\u1edbi, v\u00e0 \u0111\u01b0\u1ee3c \u0111\u00e1nh gi\u00e1 nh\u01b0 m\u1ed9t trong nh\u1eefng t\u00e1c ph\u1ea9m v\u0129 \u0111\u1ea1i nh\u1ea5t c\u1ee7a v\u0103n h\u1ecdc Do Th\u00e1i. T\u00e1c ph\u1ea9m \u0111\u01b0\u1ee3c k\u1ec3 b\u1eb1ng ng\u00f4i th\u1ee9 nh\u1ea5t, v\u1ec1 m\u1ed9t ch\u00e0ng trai t\u00ean Guedali tr\u00f3t ra \u0111\u1eddi v\u1edbi n\u1eeda th\u00e2n h\u00ecnh ng\u01b0\u1eddi, n\u1eeda th\u00e2n h\u00ecnh ng\u1ef1a. Gi\u1eefa m\u1ed9t gia \u0111\u00ecnh ngh\u00e8o kh\u00f3, gi\u1eefa m\u1ed9t x\u00e3 h\u1ed9i ng\u01b0\u1eddi nh\u1eadp c\u01b0 nhi\u1ec1u \u0111\u1ecbnh ki\u1ebfn, Nh\u00e2n m\u00e3 Guedali ph\u1ea3i t\u1ef1 th\u00edch nghi v\u1edbi cu\u1ed9c \u0111\u1eddi l\u1ea1c lo\u00e0i, \u0111\u1ea5u tranh v\u1edbi nh\u1eefng h\u1eaft h\u1ee7i, v\u00e0 r\u1ed3i v\u1eabn ph\u1ea3i t\u00ecm c\u00e1ch s\u1ed1ng, \u0111au kh\u1ed5 hay t\u1ecfa s\u00e1ng theo th\u00e2n ph\u1eadn ri\u00eang c\u1ee7a m\u00ecnh. Tuy nhi\u00ean, \u0111au \u0111\u00e1u trong l\u00f2ng anh l\u00e0 c\u00e2u h\u1ecfi, l\u00e0 \u01b0\u1edbc m\u01a1 c\u00f3 th\u1ec3 \u0111\u01b0\u1ee3c s\u1ed1ng nh\u01b0 ng\u01b0\u1eddi kh\u00e1c, ph\u1ea3i s\u1ed1ng nh\u01b0 th\u1ebf n\u00e0o? Ch\u1ea5p nh\u1eadn hay kh\u00f4ng ch\u1ea5p nh\u1eadn? L\u00e0m nh\u00e2n m\u00e3 hay l\u00e0m ng\u01b0\u1eddi th\u01b0\u1eddng?<\/p>\n<p>Cu\u1ed9c \u0111\u1eddi l\u1ea1c l\u00f5ng c\u1ee7a nh\u00e2n m\u00e3 trong th\u1ebf gi\u1edbi c\u1ee7a nh\u1eefng ng\u01b0\u1eddi b\u00ecnh th\u01b0\u1eddng, v\u1edbi gia \u0111\u00ecnh, v\u1edbi t\u00ecnh y\u00eau, tuy\u1ec7t v\u1ecdng v\u00e0 nh\u1eefng h\u1ea1nh ph\u00fac ri\u00eang bi\u1ec7t, \u0111\u00e3 chinh ph\u1ee5c \u0111\u1ed9c gi\u1ea3 to\u00e0n th\u1ebf gi\u1edbi v\u00e0 l\u00e0m n\u00ean t\u00ean tu\u1ed5i c\u1ee7a nh\u00e0 v\u0103n ng\u01b0\u1eddi Brazil Moacyr Scliar. \u00d4ng l\u00e0 b\u1eadc th\u1ea7y c\u1ee7a nh\u1eefng c\u00e2u chuy\u1ec7n \u0111\u1ea7y t\u00ednh \u1ea9n d\u1ee5 v\u1ec1 b\u1ea3n ch\u1ea5t con ng\u01b0\u1eddi b\u1eb1ng th\u1ee9 ng\u00f4n ng\u1eef uy\u00ean nguy\u00ean \u0111\u1ed9c \u0111\u00e1o, \u0111\u1ea7y m\u1ed9ng m\u01a1 v\u00e0 huy\u1ec1n \u1ea3o M\u1ef9 Latin. Linh Lan Books h\u00e2n h\u1ea1nh gi\u1edbi thi\u1ec7u b\u1ea3n d\u1ecbch m\u1edbi c\u1ee7a t\u00e1c ph\u1ea9m n\u00e0y.R\u1ed1t cu\u1ed9c h\u1ed3n ma \u0111\u00f3 l\u00e0 ai, c\u00f3 li\u00ean quan g\u00ec t\u1edbi c\u00e1i ch\u1ebft c\u1ee7a b\u1ed1 m\u1eb9 c\u00f4? T\u1ea1i sao h\u1ebft l\u1ea7n n\u00e0y t\u1edbi l\u1ea7n kh\u00e1c \u0111\u1ec1u xu\u1ea5t hi\u1ec7n tr\u01b0\u1edbc l\u01b0\u1ee1i h\u00e1i t\u1eed th\u1ea7n, dang \u0111\u00f4i tay \u0111\u1ed5i cho c\u00f4 m\u1ed9t m\u1ea1ng?<\/p>\n<p>\u0110\u00e2y l\u00e0 c\u00e2u chuy\u1ec7n mu\u00f4n th\u01b0\u1edf c\u1ef1c k\u1ef3 h\u1ea5p d\u1eabn v\u1ec1 m\u1ed1i m\u00e2u thu\u1eabn gi\u1eefa c\u00e1 nh\u00e2n v\u00e0 x\u00e3 h\u1ed9i, gi\u1eefa b\u1ea3n ng\u00e3 c\u00e1 th\u1ec3 v\u00e0 lu\u1eadt ch\u01a1i b\u1ea7y \u0111o\u00e0n. N\u1ebfu b\u1ea1n \u0111\u00e3 nhi\u1ec1u l\u00fac ph\u1ea3i gi\u1ea5u di\u1ebfm d\u1eb9p b\u1ecf nh\u1eefng c\u00e1i \u0111\u1ed9c \u0111\u00e1o kh\u00e1c bi\u1ec7t c\u1ee7a m\u00ecnh \u0111\u1ec3 c\u00f3 \u0111\u01b0\u1ee3c s\u1ef1 ch\u1ea5p nh\u1eadn c\u1ee7a m\u1ecdi ng\u01b0\u1eddi, v\u00e0 th\u01b0\u1eddng kh\u1eafc kho\u1ea3i v\u1ec1 chuy\u1ec7n \u0111\u00f3, th\u00ec &#8220;Con nh\u00e2n m\u00e3 \u1edf trong v\u01b0\u1eddn&#8221; ch\u1eafc ch\u1eafn l\u00e0 c\u00e2u chuy\u1ec7n t\u00e2m \u0111\u1eafc c\u1ee7a b\u1ea1n.<\/p>\n","protected":false},"excerpt":{"rendered":"<p>C\u00f3 hai lo\u1ea1i h\u1ea1nh ph\u00fac \u1edf tr\u00ean \u0111\u1eddi. H\u1ea1nh ph\u00fac \u0111\u01b0\u1ee3c h\u01a1n ng\u01b0\u1eddi kh\u00e1c v\u00e0 h\u1ea1nh ph\u00fac \u0111\u01b0\u1ee3c nh\u01b0 ng\u01b0\u1eddi kh\u00e1c. D\u1ea1ng h\u1ea1nh ph\u00fac th\u1ee9 hai gi\u1ea3n d\u1ecb h\u01a1n nh\u01b0ng \u0111\u00f4i khi l\u1ea1i xa v\u1eddi h\u01a1n. B\u1ea1n \u0111\u1ecdc \u0111ang c\u1ea7m trong tay m\u1ed9t cu\u1ed1n ti\u1ec3u thuy\u1ebft l\u1edbn, \u0111\u1ee7 s\u1ee9c kh\u00e1m ph\u00e1 nh\u1eefng ng\u00f3c ng\u00e1ch k\u00ec b\u00ed c\u1ee7a ni\u1ec1m h\u1ea1nh ph\u00fac n\u00e0y.<\/p>\n<p>\u0110\u01b0\u1ee3c xu\u1ea5t b\u1ea3n l\u1ea7n \u0111\u1ea7u n\u0103m 1985, Con nh\u00e2n m\u00e3 \u1edf trong v\u01b0\u1eddn nhanh ch\u00f3ng n\u1ed5i ti\u1ebfng to\u00e0n th\u1ebf gi\u1edbi, v\u00e0 \u0111\u01b0\u1ee3c \u0111\u00e1nh gi\u00e1 nh\u01b0 m\u1ed9t trong nh\u1eefng t\u00e1c ph\u1ea9m v\u0129 \u0111\u1ea1i nh\u1ea5t c\u1ee7a v\u0103n h\u1ecdc Do Th\u00e1i. T\u00e1c ph\u1ea9m \u0111\u01b0\u1ee3c k\u1ec3 b\u1eb1ng ng\u00f4i th\u1ee9 nh\u1ea5t, v\u1ec1 m\u1ed9t ch\u00e0ng trai t\u00ean Guedali tr\u00f3t ra \u0111\u1eddi v\u1edbi n\u1eeda th\u00e2n h\u00ecnh ng\u01b0\u1eddi, n\u1eeda th\u00e2n h\u00ecnh ng\u1ef1a. Gi\u1eefa m\u1ed9t gia \u0111\u00ecnh ngh\u00e8o kh\u00f3, gi\u1eefa m\u1ed9t x\u00e3 h\u1ed9i ng\u01b0\u1eddi nh\u1eadp c\u01b0 nhi\u1ec1u \u0111\u1ecbnh ki\u1ebfn, Nh\u00e2n m\u00e3 Guedali ph\u1ea3i t\u1ef1 th\u00edch nghi v\u1edbi cu\u1ed9c \u0111\u1eddi l\u1ea1c lo\u00e0i, \u0111\u1ea5u tranh v\u1edbi nh\u1eefng h\u1eaft h\u1ee7i, v\u00e0 r\u1ed3i v\u1eabn ph\u1ea3i t\u00ecm c\u00e1ch s\u1ed1ng, \u0111au kh\u1ed5 hay t\u1ecfa s\u00e1ng theo th\u00e2n ph\u1eadn ri\u00eang c\u1ee7a m\u00ecnh. Tuy nhi\u00ean, \u0111au \u0111\u00e1u trong l\u00f2ng anh l\u00e0 c\u00e2u h\u1ecfi, l\u00e0 \u01b0\u1edbc m\u01a1 c\u00f3 th\u1ec3 \u0111\u01b0\u1ee3c s\u1ed1ng nh\u01b0 ng\u01b0\u1eddi kh\u00e1c, ph\u1ea3i s\u1ed1ng nh\u01b0 th\u1ebf n\u00e0o? Ch\u1ea5p nh\u1eadn hay kh\u00f4ng ch\u1ea5p nh\u1eadn? L\u00e0m nh\u00e2n m\u00e3 hay l\u00e0m ng\u01b0\u1eddi th\u01b0\u1eddng?<\/p>\n<p>Cu\u1ed9c \u0111\u1eddi l\u1ea1c l\u00f5ng c\u1ee7a nh\u00e2n m\u00e3 trong th\u1ebf gi\u1edbi c\u1ee7a nh\u1eefng ng\u01b0\u1eddi b\u00ecnh th\u01b0\u1eddng, v\u1edbi gia \u0111\u00ecnh, v\u1edbi t\u00ecnh y\u00eau, tuy\u1ec7t v\u1ecdng v\u00e0 nh\u1eefng h\u1ea1nh ph\u00fac ri\u00eang bi\u1ec7t, \u0111\u00e3 chinh ph\u1ee5c \u0111\u1ed9c gi\u1ea3 to\u00e0n th\u1ebf gi\u1edbi v\u00e0 l\u00e0m n\u00ean t\u00ean tu\u1ed5i c\u1ee7a nh\u00e0 v\u0103n ng\u01b0\u1eddi Brazil Moacyr Scliar. \u00d4ng l\u00e0 b\u1eadc th\u1ea7y c\u1ee7a nh\u1eefng c\u00e2u chuy\u1ec7n \u0111\u1ea7y t\u00ednh \u1ea9n d\u1ee5 v\u1ec1 b\u1ea3n ch\u1ea5t con ng\u01b0\u1eddi b\u1eb1ng th\u1ee9 ng\u00f4n ng\u1eef uy\u00ean nguy\u00ean \u0111\u1ed9c \u0111\u00e1o, \u0111\u1ea7y m\u1ed9ng m\u01a1 v\u00e0 huy\u1ec1n \u1ea3o M\u1ef9 Latin. Linh Lan Books h\u00e2n h\u1ea1nh gi\u1edbi thi\u1ec7u b\u1ea3n d\u1ecbch m\u1edbi c\u1ee7a t\u00e1c ph\u1ea9m n\u00e0y.R\u1ed1t cu\u1ed9c h\u1ed3n ma \u0111\u00f3 l\u00e0 ai, c\u00f3 li\u00ean quan g\u00ec t\u1edbi c\u00e1i ch\u1ebft c\u1ee7a b\u1ed1 m\u1eb9 c\u00f4? T\u1ea1i sao h\u1ebft l\u1ea7n n\u00e0y t\u1edbi l\u1ea7n kh\u00e1c \u0111\u1ec1u xu\u1ea5t hi\u1ec7n tr\u01b0\u1edbc l\u01b0\u1ee1i h\u00e1i t\u1eed th\u1ea7n, dang \u0111\u00f4i tay \u0111\u1ed5i cho c\u00f4 m\u1ed9t m\u1ea1ng?<\/p>\n<p>\u0110\u00e2y l\u00e0 c\u00e2u chuy\u1ec7n mu\u00f4n th\u01b0\u1edf c\u1ef1c k\u1ef3 h\u1ea5p d\u1eabn v\u1ec1 m\u1ed1i m\u00e2u thu\u1eabn gi\u1eefa c\u00e1 nh\u00e2n v\u00e0 x\u00e3 h\u1ed9i, gi\u1eefa b\u1ea3n ng\u00e3 c\u00e1 th\u1ec3 v\u00e0 lu\u1eadt ch\u01a1i b\u1ea7y \u0111o\u00e0n. N\u1ebfu b\u1ea1n \u0111\u00e3 nhi\u1ec1u l\u00fac ph\u1ea3i gi\u1ea5u di\u1ebfm d\u1eb9p b\u1ecf nh\u1eefng c\u00e1i \u0111\u1ed9c \u0111\u00e1o kh\u00e1c bi\u1ec7t c\u1ee7a m\u00ecnh \u0111\u1ec3 c\u00f3 \u0111\u01b0\u1ee3c s\u1ef1 ch\u1ea5p nh\u1eadn c\u1ee7a m\u1ecdi ng\u01b0\u1eddi, v\u00e0 th\u01b0\u1eddng kh\u1eafc kho\u1ea3i v\u1ec1 chuy\u1ec7n \u0111\u00f3, th\u00ec &#8220;Con nh\u00e2n m\u00e3 \u1edf trong v\u01b0\u1eddn&#8221; ch\u1eafc ch\u1eafn l\u00e0 c\u00e2u chuy\u1ec7n t\u00e2m \u0111\u1eafc c\u1ee7a b\u1ea1n.<\/p>\n","protected":false},"featured_media":23271,"template":"","meta":{"_acf_changed":false},"product_brand":[],"product_cat":[15,45],"product_tag":[83],"class_list":{"0":"post-23272","1":"product","2":"type-product","3":"status-publish","4":"has-post-thumbnail","6":"product_cat-sach-danh-cho-nguoi-lon","7":"product_cat-tieu-thuyet","8":"product_tag-sach-moi-xuat-ban","10":"first","11":"outofstock","12":"taxable","13":"shipping-taxable","14":"purchasable","15":"product-type-simple"},"supplier_id":null,"supplier_sku":"","barcode":null,"atum_controlled":true,"out_stock_date":"2023-09-01 19:43:36","out_stock_threshold":null,"inheritable":false,"inbound_stock":0,"stock_on_hold":0,"sold_today":0,"sales_last_days":0,"reserved_stock":0,"customer_returns":0,"warehouse_damage":0,"lost_in_post":0,"other_logs":0,"out_stock_days":880,"lost_sales":0,"has_location":false,"update_date":"2026-01-28T23:11:14","atum_locations":[],"atum_stock_status":"outofstock","restock_status":false,"low_stock_amount":"","sales_update_date":"2026-01-28T23:11:14","calc_backorders":null,"acf":{"publisher":{"ID":23270,"post_author":"1","post_date":"2023-04-03 23:00:41","post_date_gmt":"2023-04-03 20:00:41","post_content":"","post_title":"Linh Lan Books","post_excerpt":"","post_status":"publish","comment_status":"closed","ping_status":"closed","post_password":"","post_name":"linh-lan-books","to_ping":"","pinged":"","post_modified":"2023-04-03 23:00:41","post_modified_gmt":"2023-04-03 20:00:41","post_content_filtered":"","post_parent":0,"guid":"https:\/\/sachviet.eu\/nha-phat-hanh\/linh-lan-books\/","menu_order":0,"post_type":"publisher","post_mime_type":"","comment_count":"0","filter":"raw"}},"_links":{"self":[{"href":"https:\/\/sachviet.eu\/en\/wp-json\/wp\/v2\/product\/23272","targetHints":{"allow":["GET"]}}],"collection":[{"href":"https:\/\/sachviet.eu\/en\/wp-json\/wp\/v2\/product"}],"about":[{"href":"https:\/\/sachviet.eu\/en\/wp-json\/wp\/v2\/types\/product"}],"wp:featuredmedia":[{"embeddable":true,"href":"https:\/\/sachviet.eu\/en\/wp-json\/wp\/v2\/media\/23271"}],"wp:attachment":[{"href":"https:\/\/sachviet.eu\/en\/wp-json\/wp\/v2\/media?parent=23272"}],"wp:term":[{"taxonomy":"product_brand","embeddable":true,"href":"https:\/\/sachviet.eu\/en\/wp-json\/wp\/v2\/product_brand?post=23272"},{"taxonomy":"product_cat","embeddable":true,"href":"https:\/\/sachviet.eu\/en\/wp-json\/wp\/v2\/product_cat?post=23272"},{"taxonomy":"product_tag","embeddable":true,"href":"https:\/\/sachviet.eu\/en\/wp-json\/wp\/v2\/product_tag?post=23272"}],"curies":[{"name":"wp","href":"https:\/\/api.w.org\/{rel}","templated":true}]}}