{"id":23267,"date":"2023-04-03T23:00:30","date_gmt":"2023-04-03T20:00:30","guid":{"rendered":"https:\/\/sachviet.eu\/shop\/chuyen-cha-con-chung-ta-la-dong-bon\/"},"modified":"2023-11-25T17:36:11","modified_gmt":"2023-11-25T15:36:11","slug":"chuyen-cha-con-chung-ta-la-dong-bon","status":"publish","type":"product","link":"https:\/\/sachviet.eu\/en\/shop\/chuyen-cha-con-chung-ta-la-dong-bon\/","title":{"rendered":"Chuy\u1ec7n cha con ch\u00fang ta l\u00e0 \u201c\u0111\u1ed3ng b\u1ecdn\u201d"},"content":{"rendered":"<p>Ch\u00fang ta kh\u00f4ng ph\u1ea3i nh\u1eefng \u00f4ng b\u1ed1 b\u00e0 m\u1eb9 ho\u00e0n h\u1ea3o nh\u01b0ng lu\u00f4n mu\u1ed1n y\u00eau con, b\u00ean con theo c\u00e1ch ho\u00e0n h\u1ea3o nh\u1ea5t.<br \/>\nCon c\u1ee7a ch\u00fang ta kh\u00f4ng ph\u1ea3i \u201cth\u1ea7n \u0111\u1ed3ng\u201d hay \u201cthi\u00ean t\u00e0i\u201d nh\u01b0ng ch\u00fang ta lu\u00f4n mu\u1ed1n ch\u00fang tr\u1edf th\u00e0nh nh\u1eefng con ng\u01b0\u1eddi h\u1ea1nh ph\u00fac, l\u00e0 nh\u1eefng \u0111\u1ee9a tr\u1ebb \u201cb\u00ecnh th\u01b0\u1eddng\u201d nh\u01b0ng kh\u00f4ng \u201ct\u1ea7m th\u01b0\u1eddng\u201d.<br \/>\nL\u00e0m cha m\u1eb9 ch\u01b0a bao gi\u1edd l\u00e0 m\u1ed9t chuy\u1ec7n d\u1ec5 d\u00e0ng nh\u1ea5t l\u00e0 v\u1edbi nh\u1eefng ph\u1ee5 huynh c\u00f3 mong mu\u1ed1n \u0111\u01b0\u1ee3c l\u00e0m \u201c\u0111\u1ed3ng b\u1ecdn\u201d v\u1edbi con. Nh\u01b0ng s\u1ebd h\u1ea1nh ph\u00fac bi\u1ebft bao khi ch\u00fang ta c\u00f3 th\u1ec3 hi\u1ec7n th\u1ef1c h\u00f3a \u0111i\u1ec1u \u0111\u00f3. B\u1eb1ng ch\u00ednh nh\u1eefng tr\u1ea3i nghi\u1ec7m trong gia \u0111\u00ecnh m\u00ecnh, t\u00e1c gi\u1ea3 Ph\u00fac Lai \u0111\u00e3 chia s\u1ebb cho \u0111\u1ed9c gi\u1ea3 nh\u1eefng c\u00e2u chuy\u1ec7n, nh\u1eefng \u201cb\u00ed k\u00edp\u201d \u0111\u1ec3 cha m\u1eb9 kh\u00f4ng ch\u1ec9 l\u00e0 ph\u1ee5 huynh, l\u00e0 ng\u01b0\u1eddi th\u1ea7y h\u01b0\u1edbng d\u1eabn m\u00e0 c\u00f2n l\u00e0 ng\u01b0\u1eddi-b\u1ea1n-th\u00e2n-thi\u1ebft \u0111\u00e1ng tin c\u1eady \u0111\u1ec3 gi\u1ea3i \u0111\u00e1p nh\u1eefng nghi ng\u1ea1i, th\u1eafc m\u1eafc v\u00e0 ti\u1ebfp th\u00eam s\u1ee9c m\u1ea1nh cho con v\u1eefng b\u01b0\u1edbc v\u00e0o \u0111\u1eddi.<br \/>\nNh\u00e0 xu\u1ea5t b\u1ea3n Ph\u1ee5 n\u1eef Vi\u1ec7t Nam tin r\u1eb1ng v\u1edbi nh\u1eefng m\u1eabu chuy\u1ec7n nho nh\u1ecf c\u1ee7a t\u00e1c gi\u1ea3 trong Chuy\u1ec7n cha con ch\u00fang ta l\u00e0 \u201c\u0111\u1ed3ng b\u1ecdn\u201d c\u00e1c b\u1eadc ph\u1ee5 huynh s\u1ebd bao dung h\u01a1n, ki\u00ean nh\u1eabn h\u01a1n tr\u01b0\u1edbc nh\u1eefng ngang b\u01b0\u1edbng, nh\u1eefng d\u1ea1i kh\u1edd v\u00e0 c\u1ea3 nh\u1eefng sai l\u1ea7m c\u1ee7a c\u00e1c con \u0111\u1ec3 t\u1eeb \u0111\u00f3 c\u00e1c th\u00e0nh vi\u00ean trong gia \u0111\u00ecnh th\u1ea5u hi\u1ec3u l\u1eabn nhau, khi\u1ebfn gia \u0111\u00ecnh th\u1eadt s\u1ef1 l\u00e0 \u201cb\u1ebfn \u0111\u1ed7\u201d \u0111\u00e1ng tin v\u00e0 \u1ea5m \u00e1p.<\/p>\n","protected":false},"excerpt":{"rendered":"<p>Ch\u00fang ta kh\u00f4ng ph\u1ea3i nh\u1eefng \u00f4ng b\u1ed1 b\u00e0 m\u1eb9 ho\u00e0n h\u1ea3o nh\u01b0ng lu\u00f4n mu\u1ed1n y\u00eau con, b\u00ean con theo c\u00e1ch ho\u00e0n h\u1ea3o nh\u1ea5t.<br \/>\nCon c\u1ee7a ch\u00fang ta kh\u00f4ng ph\u1ea3i \u201cth\u1ea7n \u0111\u1ed3ng\u201d hay \u201cthi\u00ean t\u00e0i\u201d nh\u01b0ng ch\u00fang ta lu\u00f4n mu\u1ed1n ch\u00fang tr\u1edf th\u00e0nh nh\u1eefng con ng\u01b0\u1eddi h\u1ea1nh ph\u00fac, l\u00e0 nh\u1eefng \u0111\u1ee9a tr\u1ebb \u201cb\u00ecnh th\u01b0\u1eddng\u201d nh\u01b0ng kh\u00f4ng \u201ct\u1ea7m th\u01b0\u1eddng\u201d.<br \/>\nL\u00e0m cha m\u1eb9 ch\u01b0a bao gi\u1edd l\u00e0 m\u1ed9t chuy\u1ec7n d\u1ec5 d\u00e0ng nh\u1ea5t l\u00e0 v\u1edbi nh\u1eefng ph\u1ee5 huynh c\u00f3 mong mu\u1ed1n \u0111\u01b0\u1ee3c l\u00e0m \u201c\u0111\u1ed3ng b\u1ecdn\u201d v\u1edbi con. Nh\u01b0ng s\u1ebd h\u1ea1nh ph\u00fac bi\u1ebft bao khi ch\u00fang ta c\u00f3 th\u1ec3 hi\u1ec7n th\u1ef1c h\u00f3a \u0111i\u1ec1u \u0111\u00f3. B\u1eb1ng ch\u00ednh nh\u1eefng tr\u1ea3i nghi\u1ec7m trong gia \u0111\u00ecnh m\u00ecnh, t\u00e1c gi\u1ea3 Ph\u00fac Lai \u0111\u00e3 chia s\u1ebb cho \u0111\u1ed9c gi\u1ea3 nh\u1eefng c\u00e2u chuy\u1ec7n, nh\u1eefng \u201cb\u00ed k\u00edp\u201d \u0111\u1ec3 cha m\u1eb9 kh\u00f4ng ch\u1ec9 l\u00e0 ph\u1ee5 huynh, l\u00e0 ng\u01b0\u1eddi th\u1ea7y h\u01b0\u1edbng d\u1eabn m\u00e0 c\u00f2n l\u00e0 ng\u01b0\u1eddi-b\u1ea1n-th\u00e2n-thi\u1ebft \u0111\u00e1ng tin c\u1eady \u0111\u1ec3 gi\u1ea3i \u0111\u00e1p nh\u1eefng nghi ng\u1ea1i, th\u1eafc m\u1eafc v\u00e0 ti\u1ebfp th\u00eam s\u1ee9c m\u1ea1nh cho con v\u1eefng b\u01b0\u1edbc v\u00e0o \u0111\u1eddi.<br \/>\nNh\u00e0 xu\u1ea5t b\u1ea3n Ph\u1ee5 n\u1eef Vi\u1ec7t Nam tin r\u1eb1ng v\u1edbi nh\u1eefng m\u1eabu chuy\u1ec7n nho nh\u1ecf c\u1ee7a t\u00e1c gi\u1ea3 trong Chuy\u1ec7n cha con ch\u00fang ta l\u00e0 \u201c\u0111\u1ed3ng b\u1ecdn\u201d c\u00e1c b\u1eadc ph\u1ee5 huynh s\u1ebd bao dung h\u01a1n, ki\u00ean nh\u1eabn h\u01a1n tr\u01b0\u1edbc nh\u1eefng ngang b\u01b0\u1edbng, nh\u1eefng d\u1ea1i kh\u1edd v\u00e0 c\u1ea3 nh\u1eefng sai l\u1ea7m c\u1ee7a c\u00e1c con \u0111\u1ec3 t\u1eeb \u0111\u00f3 c\u00e1c th\u00e0nh vi\u00ean trong gia \u0111\u00ecnh th\u1ea5u hi\u1ec3u l\u1eabn nhau, khi\u1ebfn gia \u0111\u00ecnh th\u1eadt s\u1ef1 l\u00e0 \u201cb\u1ebfn \u0111\u1ed7\u201d \u0111\u00e1ng tin v\u00e0 \u1ea5m \u00e1p.<\/p>\n","protected":false},"featured_media":23266,"template":"","meta":{"_acf_changed":false},"product_brand":[],"product_cat":[15,47],"product_tag":[83],"class_list":{"0":"post-23267","1":"product","2":"type-product","3":"status-publish","4":"has-post-thumbnail","6":"product_cat-sach-danh-cho-nguoi-lon","7":"product_cat-truyen-ngan-tan-van","8":"product_tag-sach-moi-xuat-ban","10":"first","11":"outofstock","12":"taxable","13":"shipping-taxable","14":"purchasable","15":"product-type-simple"},"supplier_id":null,"supplier_sku":"","barcode":null,"atum_controlled":true,"out_stock_date":"2023-11-25 15:36:11","out_stock_threshold":null,"inheritable":false,"inbound_stock":0,"stock_on_hold":0,"sold_today":0,"sales_last_days":0,"reserved_stock":0,"customer_returns":0,"warehouse_damage":0,"lost_in_post":0,"other_logs":0,"out_stock_days":795,"lost_sales":0,"has_location":false,"update_date":"2026-01-28T23:11:14","atum_locations":[],"atum_stock_status":"outofstock","restock_status":false,"low_stock_amount":"","sales_update_date":"2026-01-28T23:11:14","calc_backorders":null,"acf":{"publisher":{"ID":5988,"post_author":"1","post_date":"2021-03-14 02:36:31","post_date_gmt":"2021-03-14 00:36:31","post_content":"","post_title":"Ph\u1ee5 N\u1eef","post_excerpt":"","post_status":"publish","comment_status":"closed","ping_status":"closed","post_password":"","post_name":"phu-nu","to_ping":"","pinged":"","post_modified":"2021-03-14 02:36:31","post_modified_gmt":"2021-03-14 00:36:31","post_content_filtered":"","post_parent":0,"guid":"https:\/\/sachviet.eu\/blog\/nha-phat-hanh\/phu-nu\/","menu_order":0,"post_type":"publisher","post_mime_type":"","comment_count":"0","filter":"raw"}},"_links":{"self":[{"href":"https:\/\/sachviet.eu\/en\/wp-json\/wp\/v2\/product\/23267","targetHints":{"allow":["GET"]}}],"collection":[{"href":"https:\/\/sachviet.eu\/en\/wp-json\/wp\/v2\/product"}],"about":[{"href":"https:\/\/sachviet.eu\/en\/wp-json\/wp\/v2\/types\/product"}],"wp:featuredmedia":[{"embeddable":true,"href":"https:\/\/sachviet.eu\/en\/wp-json\/wp\/v2\/media\/23266"}],"wp:attachment":[{"href":"https:\/\/sachviet.eu\/en\/wp-json\/wp\/v2\/media?parent=23267"}],"wp:term":[{"taxonomy":"product_brand","embeddable":true,"href":"https:\/\/sachviet.eu\/en\/wp-json\/wp\/v2\/product_brand?post=23267"},{"taxonomy":"product_cat","embeddable":true,"href":"https:\/\/sachviet.eu\/en\/wp-json\/wp\/v2\/product_cat?post=23267"},{"taxonomy":"product_tag","embeddable":true,"href":"https:\/\/sachviet.eu\/en\/wp-json\/wp\/v2\/product_tag?post=23267"}],"curies":[{"name":"wp","href":"https:\/\/api.w.org\/{rel}","templated":true}]}}