{"id":23265,"date":"2023-04-03T23:00:20","date_gmt":"2023-04-03T20:00:20","guid":{"rendered":"https:\/\/sachviet.eu\/shop\/dua-tre-hu\/"},"modified":"2023-05-22T13:42:21","modified_gmt":"2023-05-22T10:42:21","slug":"dua-tre-hu","status":"publish","type":"product","link":"https:\/\/sachviet.eu\/en\/shop\/dua-tre-hu\/","title":{"rendered":"\u0110\u1ee9a Tr\u1ebb H\u01b0"},"content":{"rendered":"<p>Chu Tri\u1ec1u D\u01b0\u01a1ng, c\u1eadu h\u1ecdc sinh c\u00f3 th\u00e0nh t\u00edch h\u1ecdc t\u1eadp xu\u1ea5t s\u1eafc nh\u1ea5t to\u00e0n tr\u01b0\u1eddng c\u1ea5p 2. Ph\u1ed5 Ph\u1ed5 v\u00e0 \u0110inh H\u1ea1o b\u1ecf tr\u1ed1n kh\u1ecfi c\u00f4 nhi vi\u1ec7n v\u00e0 \u0111\u1ebfn t\u00ecm c\u1eadu \u0111\u1ec3 \u1edf nh\u1edd.<\/p>\n<p>Ba \u0111\u1eeda tr\u1ebb t\u00ecnh c\u1edd quay \u0111\u01b0\u1ee3c \u0111oan video Tr\u01b0\u01a1ng \u0110\u1ed1ng Th\u0103ng gi\u1ebft b\u1ed1 m\u1eb9 v\u1ee3 anh ta v\u00e0 ti\u1ebfn h\u00e0nh t\u1ed1ng ti\u00e9n. Chu Tri\u1ec1u D\u01b0\u01a1ng v\u00f4 t\u00ecnh ng\u1ed9 s\u00e1t \u0111\u1ee9a em g\u00e1i c\u00f9ng cha kh\u00e1c m\u1eb9, l\u00fac \u0111\u00f3 ch\u00ed \u00e9o Ph\u1ed5 Ph\u1ed5 v\u00e0 \u0110inh H\u1ea1o ch\u1ee9ng ki\u1ebfn.<\/p>\n<p>B\u00e0 m\u1eb9 k\u1ebf nghi ng\u1edd c\u1eadu ch\u00ednh l\u00e0 hung th\u1ee7 n\u00ean d\u00e3 t\u00ecm m\u1ecdi c\u00e1ch tr\u1ea3 th\u00f9 c\u1eadu. C\u1ea3nh s\u00e1t ho\u00e0n to\u00e0n kh\u00f4ng nghi ng\u1edd g\u00ec Chu Tri\u1ec1u D\u01b0\u01a1ng nh\u01b0ng v\u1eabn lu\u00f4n t\u00ecm ki\u1ebfm tung t\u00edch c\u1ee7a k\u1ebb gi\u1ebft ch\u1ebft Chu Tinh Tinh v\u00e0 \u0111\u00e3 d\u1ea7n \u0111i\u00eau tra \u0111\u01b0\u1ee3c m\u1ed9t s\u1ed1 manh m\u1ed1i.<\/p>\n<p>Li\u1ec7u Chu Tri\u1ec1u D\u01b0\u01a1ng s\u1ebd x\u1eed tr\u00ed ra sao? M\u1ed1i quan h\u1ec7 gi\u1eefa ba \u0111\u1ee9a tr\u1ebb v\u00e0 Tr\u01b0\u01a1ng \u0110\u1ed1ng Th\u0103ng s\u1ebd di\u1ec5n bi\u1ebfn nh\u01b0 th\u1ebf n\u00e0o? Li\u1ec7u Tr\u01b0\u01a1ng \u0110\u1ed1ng Th\u0103ng c\u00f3 th\u1ec3 th\u1ef1c hi\u1ec7n \u0111\u01b0\u1ee3c k\u1ebf ho\u1ea1ch c\u1ee7a anh ta m\u1ed9t c\u00e1ch thu\u1eadn l\u1ee3i?<\/p>\n<p>S\u1ed1 ph\u1eadn c\u1ee7a ba \u0111\u1ee9a tr\u1ebb s\u1ebd ra sao? V\u00e0 sau c\u00f9ng, m\u1ecdi h\u00e0nh vi c\u1ee7a Chu Tri\u1ec1u D\u01b0\u01a1ng c\u00f3 b\u1ecb ph\u00e1t gi\u00e1c hay kh\u00f4ng? C\u1eadu s\u1ebd c\u00f3 m\u1ed9t cu\u1ed9c s\u1ed1ng ho\u00e0n to\u00e0n m\u1edbi hay ph\u1ea3i ch\u1ecbu s\u1ee5 tr\u1eebng ph\u1ea1t c\u1ee7a<\/p>\n","protected":false},"excerpt":{"rendered":"<p>Chu Tri\u1ec1u D\u01b0\u01a1ng, c\u1eadu h\u1ecdc sinh c\u00f3 th\u00e0nh t\u00edch h\u1ecdc t\u1eadp xu\u1ea5t s\u1eafc nh\u1ea5t to\u00e0n tr\u01b0\u1eddng c\u1ea5p 2. Ph\u1ed5 Ph\u1ed5 v\u00e0 \u0110inh H\u1ea1o b\u1ecf tr\u1ed1n kh\u1ecfi c\u00f4 nhi vi\u1ec7n v\u00e0 \u0111\u1ebfn t\u00ecm c\u1eadu \u0111\u1ec3 \u1edf nh\u1edd.<\/p>\n<p>Ba \u0111\u1eeda tr\u1ebb t\u00ecnh c\u1edd quay \u0111\u01b0\u1ee3c \u0111oan video Tr\u01b0\u01a1ng \u0110\u1ed1ng Th\u0103ng gi\u1ebft b\u1ed1 m\u1eb9 v\u1ee3 anh ta v\u00e0 ti\u1ebfn h\u00e0nh t\u1ed1ng ti\u00e9n. Chu Tri\u1ec1u D\u01b0\u01a1ng v\u00f4 t\u00ecnh ng\u1ed9 s\u00e1t \u0111\u1ee9a em g\u00e1i c\u00f9ng cha kh\u00e1c m\u1eb9, l\u00fac \u0111\u00f3 ch\u00ed \u00e9o Ph\u1ed5 Ph\u1ed5 v\u00e0 \u0110inh H\u1ea1o ch\u1ee9ng ki\u1ebfn.<\/p>\n<p>B\u00e0 m\u1eb9 k\u1ebf nghi ng\u1edd c\u1eadu ch\u00ednh l\u00e0 hung th\u1ee7 n\u00ean d\u00e3 t\u00ecm m\u1ecdi c\u00e1ch tr\u1ea3 th\u00f9 c\u1eadu. C\u1ea3nh s\u00e1t ho\u00e0n to\u00e0n kh\u00f4ng nghi ng\u1edd g\u00ec Chu Tri\u1ec1u D\u01b0\u01a1ng nh\u01b0ng v\u1eabn lu\u00f4n t\u00ecm ki\u1ebfm tung t\u00edch c\u1ee7a k\u1ebb gi\u1ebft ch\u1ebft Chu Tinh Tinh v\u00e0 \u0111\u00e3 d\u1ea7n \u0111i\u00eau tra \u0111\u01b0\u1ee3c m\u1ed9t s\u1ed1 manh m\u1ed1i.<\/p>\n<p>Li\u1ec7u Chu Tri\u1ec1u D\u01b0\u01a1ng s\u1ebd x\u1eed tr\u00ed ra sao? M\u1ed1i quan h\u1ec7 gi\u1eefa ba \u0111\u1ee9a tr\u1ebb v\u00e0 Tr\u01b0\u01a1ng \u0110\u1ed1ng Th\u0103ng s\u1ebd di\u1ec5n bi\u1ebfn nh\u01b0 th\u1ebf n\u00e0o? Li\u1ec7u Tr\u01b0\u01a1ng \u0110\u1ed1ng Th\u0103ng c\u00f3 th\u1ec3 th\u1ef1c hi\u1ec7n \u0111\u01b0\u1ee3c k\u1ebf ho\u1ea1ch c\u1ee7a anh ta m\u1ed9t c\u00e1ch thu\u1eadn l\u1ee3i?<\/p>\n<p>S\u1ed1 ph\u1eadn c\u1ee7a ba \u0111\u1ee9a tr\u1ebb s\u1ebd ra sao? V\u00e0 sau c\u00f9ng, m\u1ecdi h\u00e0nh vi c\u1ee7a Chu Tri\u1ec1u D\u01b0\u01a1ng c\u00f3 b\u1ecb ph\u00e1t gi\u00e1c hay kh\u00f4ng? C\u1eadu s\u1ebd c\u00f3 m\u1ed9t cu\u1ed9c s\u1ed1ng ho\u00e0n to\u00e0n m\u1edbi hay ph\u1ea3i ch\u1ecbu s\u1ee5 tr\u1eebng ph\u1ea1t c\u1ee7a<\/p>\n","protected":false},"featured_media":23264,"template":"","meta":{"_acf_changed":false},"product_brand":[],"product_cat":[79,15,45],"product_tag":[83],"class_list":{"0":"post-23265","1":"product","2":"type-product","3":"status-publish","4":"has-post-thumbnail","6":"product_cat-uncategorized","7":"product_cat-sach-danh-cho-nguoi-lon","8":"product_cat-tieu-thuyet","9":"product_tag-sach-moi-xuat-ban","11":"first","12":"outofstock","13":"taxable","14":"shipping-taxable","15":"purchasable","16":"product-type-simple"},"supplier_id":null,"supplier_sku":"","barcode":null,"atum_controlled":true,"out_stock_date":"2023-05-22 10:42:21","out_stock_threshold":null,"inheritable":false,"inbound_stock":0,"stock_on_hold":0,"sold_today":0,"sales_last_days":0,"reserved_stock":0,"customer_returns":0,"warehouse_damage":0,"lost_in_post":0,"other_logs":0,"out_stock_days":982,"lost_sales":0,"has_location":false,"update_date":"2026-01-28T23:11:14","atum_locations":[],"atum_stock_status":"outofstock","restock_status":false,"low_stock_amount":"","sales_update_date":"2026-01-28T23:11:14","calc_backorders":null,"acf":{"publisher":{"ID":23263,"post_author":"1","post_date":"2023-04-03 23:00:15","post_date_gmt":"2023-04-03 20:00:15","post_content":"","post_title":"C\u1ed5 Nguy\u1ec7t","post_excerpt":"","post_status":"publish","comment_status":"closed","ping_status":"closed","post_password":"","post_name":"co-nguyet","to_ping":"","pinged":"","post_modified":"2023-04-03 23:00:15","post_modified_gmt":"2023-04-03 20:00:15","post_content_filtered":"","post_parent":0,"guid":"https:\/\/sachviet.eu\/nha-phat-hanh\/co-nguyet\/","menu_order":0,"post_type":"publisher","post_mime_type":"","comment_count":"0","filter":"raw"}},"_links":{"self":[{"href":"https:\/\/sachviet.eu\/en\/wp-json\/wp\/v2\/product\/23265","targetHints":{"allow":["GET"]}}],"collection":[{"href":"https:\/\/sachviet.eu\/en\/wp-json\/wp\/v2\/product"}],"about":[{"href":"https:\/\/sachviet.eu\/en\/wp-json\/wp\/v2\/types\/product"}],"wp:featuredmedia":[{"embeddable":true,"href":"https:\/\/sachviet.eu\/en\/wp-json\/wp\/v2\/media\/23264"}],"wp:attachment":[{"href":"https:\/\/sachviet.eu\/en\/wp-json\/wp\/v2\/media?parent=23265"}],"wp:term":[{"taxonomy":"product_brand","embeddable":true,"href":"https:\/\/sachviet.eu\/en\/wp-json\/wp\/v2\/product_brand?post=23265"},{"taxonomy":"product_cat","embeddable":true,"href":"https:\/\/sachviet.eu\/en\/wp-json\/wp\/v2\/product_cat?post=23265"},{"taxonomy":"product_tag","embeddable":true,"href":"https:\/\/sachviet.eu\/en\/wp-json\/wp\/v2\/product_tag?post=23265"}],"curies":[{"name":"wp","href":"https:\/\/api.w.org\/{rel}","templated":true}]}}