{"id":23262,"date":"2023-04-03T23:00:10","date_gmt":"2023-04-03T20:00:10","guid":{"rendered":"https:\/\/sachviet.eu\/shop\/nha-den\/"},"modified":"2023-11-27T21:06:01","modified_gmt":"2023-11-27T19:06:01","slug":"nha-den","status":"publish","type":"product","link":"https:\/\/sachviet.eu\/en\/shop\/nha-den\/","title":{"rendered":"Nh\u00e0 \u0110en"},"content":{"rendered":"<p>Nh\u00e0 \u0110en t\u1eebng \u0111o\u1ea1t gi\u1ea3i Nh\u1ea5t Ti\u1ec3u thuy\u1ebft Kinh d\u1ecb Nh\u1eadt B\u1ea3n n\u0103m 1997.<\/p>\n<p>M\u1ed9t truy\u1ec7n d\u00e0i v\u00f4 t\u1eadn d\u1eabn v\u00e0o \u0111\u1ecba h\u1ea1t c\u1ee7a b\u1ea5t nh\u00e2n.<\/p>\n<p>\u2026<\/p>\n<p>Wakatsuki l\u00e0m vi\u1ec7c t\u1ea1i m\u1ed9t h\u00e3ng b\u1ea3o hi\u1ec3m, c\u00f4ng vi\u1ec7c chuy\u00ean m\u00f4n l\u00e0 th\u1ea9m \u0111\u1ecbnh ti\u1ec1n b\u1ea3o hi\u1ec3m t\u1eed vong.<\/p>\n<p>H\u1eb1ng ng\u00e0y anh ph\u1ea3i ti\u1ebfp x\u00fac v\u1edbi r\u1ea5t nhi\u1ec1u th\u00e0nh ph\u1ea7n kh\u00e1ch h\u00e0ng, trong \u0111\u00f3 c\u00f3 c\u1ea3 nh\u1eefng k\u1ebb l\u1eeba \u0111\u1ea3o r\u1eafp t\u00e2m chi\u1ebfm \u0111o\u1ea1t ti\u1ec1n b\u1ea3o hi\u1ec3m.<\/p>\n<p>Sau m\u1ed9t l\u1ea7n t\u01b0 v\u1ea5n qu\u00e1 m\u1ee9c ch\u00e2n t\u00ecnh cho kh\u00e1ch, anh b\u1ecb l\u1ee3i d\u1ee5ng, b\u1ecb bi\u1ebfn th\u00e0nh nh\u00e2n ch\u1ee9ng \u0111\u1ea7u ti\u00ean cho m\u1ed9t c\u00e1i x\u00e1c thi\u1ebfu ni\u00ean treo l\u1ee7ng l\u1eb3ng. Tuy b\u1ed1 m\u1eb9 c\u1eadu b\u00e9 kh\u1eb3ng \u0111\u1ecbnh l\u00e0 con m\u00ecnh t\u1ef1 t\u1eed, nh\u01b0ng tr\u1ef1c gi\u00e1c m\u00e1ch b\u1ea3o Wakatsuki r\u1eb1ng \u0111\u00e2y l\u00e0 m\u1ed9t v\u1ee5 gi\u1ebft ng\u01b0\u1eddi.<\/p>\n<p>Do gi\u00e1n ti\u1ebfp ng\u0103n c\u1ea3n vi\u1ec7c chi tr\u1ea3 ti\u1ec1n b\u1ea3o hi\u1ec3m, chu\u1ed7i ng\u00e0y ti\u1ebfp theo c\u1ee7a anh kh\u00f4ng c\u00f2n y\u00ean b\u00ecnh nh\u01b0 tr\u01b0\u1edbc. C\u00e1c m\u00e0n kh\u1ee7ng b\u1ed1 tri\u1ec1n mi\u00ean, s\u00e1t kh\u00ed n\u1eb7ng n\u1ec1 l\u1edfn v\u1edfn, v\u00e0 h\u01a1n h\u1ebft th\u1ea3y, thi th\u1ec3 kh\u00f4ng to\u00e0n v\u1eb9n c\u1ee7a nh\u1eefng ng\u01b0\u1eddi ho\u1eb7c v\u00f4 t\u00ecnh ho\u1eb7c c\u1ed1 \u00fd nh\u1ea3y v\u00e0o l\u00e0m ch\u1eadm tr\u1ec5 qu\u00e1 tr\u00ecnh chi tr\u1ea3 \u0111\u1ec1u l\u00e0 l\u1eddi c\u1ea3nh c\u00e1o b\u1eb1ng m\u00e1u g\u1eedi t\u1edbi anh chuy\u00ean vi\u00ean b\u1ea3o hi\u1ec3m. B\u1ea5t ch\u1ea5p t\u1ea5t c\u1ea3, Wakatsuki v\u1eabn b\u1ec1n b\u1ec9 khai qu\u1eadt s\u1ef1 th\u1eadt, nh\u01b0ng anh kh\u00f4ng ng\u1edd m\u00ecnh ph\u1ea3i \u0111\u1ed1i m\u1eb7t v\u1edbi qu\u00e1 nhi\u1ec1u s\u1eefng s\u1edd v\u00e0 run r\u1ea9y.<\/p>\n<p>Trong ng\u00f4i nh\u00e0 \u0111en ng\u1eadp ng\u1ee5a h\u00f4i th\u1ed1i, t\u1eeb \u0111i\u1ec3m b\u1eaft \u0111\u1ea7u l\u00e0 c\u00e1i x\u00e1c treo c\u1ed5, Wakatsuki \u0111\u00e3 \u0111\u00e0o l\u00ean c\u1ea3 m\u1ed9t \u1ed5 d\u00f2i\u2026<\/p>\n","protected":false},"excerpt":{"rendered":"<p>Nh\u00e0 \u0110en t\u1eebng \u0111o\u1ea1t gi\u1ea3i Nh\u1ea5t Ti\u1ec3u thuy\u1ebft Kinh d\u1ecb Nh\u1eadt B\u1ea3n n\u0103m 1997.<\/p>\n<p>M\u1ed9t truy\u1ec7n d\u00e0i v\u00f4 t\u1eadn d\u1eabn v\u00e0o \u0111\u1ecba h\u1ea1t c\u1ee7a b\u1ea5t nh\u00e2n.<\/p>\n<p>\u2026<\/p>\n<p>Wakatsuki l\u00e0m vi\u1ec7c t\u1ea1i m\u1ed9t h\u00e3ng b\u1ea3o hi\u1ec3m, c\u00f4ng vi\u1ec7c chuy\u00ean m\u00f4n l\u00e0 th\u1ea9m \u0111\u1ecbnh ti\u1ec1n b\u1ea3o hi\u1ec3m t\u1eed vong.<\/p>\n<p>H\u1eb1ng ng\u00e0y anh ph\u1ea3i ti\u1ebfp x\u00fac v\u1edbi r\u1ea5t nhi\u1ec1u th\u00e0nh ph\u1ea7n kh\u00e1ch h\u00e0ng, trong \u0111\u00f3 c\u00f3 c\u1ea3 nh\u1eefng k\u1ebb l\u1eeba \u0111\u1ea3o r\u1eafp t\u00e2m chi\u1ebfm \u0111o\u1ea1t ti\u1ec1n b\u1ea3o hi\u1ec3m.<\/p>\n<p>Sau m\u1ed9t l\u1ea7n t\u01b0 v\u1ea5n qu\u00e1 m\u1ee9c ch\u00e2n t\u00ecnh cho kh\u00e1ch, anh b\u1ecb l\u1ee3i d\u1ee5ng, b\u1ecb bi\u1ebfn th\u00e0nh nh\u00e2n ch\u1ee9ng \u0111\u1ea7u ti\u00ean cho m\u1ed9t c\u00e1i x\u00e1c thi\u1ebfu ni\u00ean treo l\u1ee7ng l\u1eb3ng. Tuy b\u1ed1 m\u1eb9 c\u1eadu b\u00e9 kh\u1eb3ng \u0111\u1ecbnh l\u00e0 con m\u00ecnh t\u1ef1 t\u1eed, nh\u01b0ng tr\u1ef1c gi\u00e1c m\u00e1ch b\u1ea3o Wakatsuki r\u1eb1ng \u0111\u00e2y l\u00e0 m\u1ed9t v\u1ee5 gi\u1ebft ng\u01b0\u1eddi.<\/p>\n<p>Do gi\u00e1n ti\u1ebfp ng\u0103n c\u1ea3n vi\u1ec7c chi tr\u1ea3 ti\u1ec1n b\u1ea3o hi\u1ec3m, chu\u1ed7i ng\u00e0y ti\u1ebfp theo c\u1ee7a anh kh\u00f4ng c\u00f2n y\u00ean b\u00ecnh nh\u01b0 tr\u01b0\u1edbc. C\u00e1c m\u00e0n kh\u1ee7ng b\u1ed1 tri\u1ec1n mi\u00ean, s\u00e1t kh\u00ed n\u1eb7ng n\u1ec1 l\u1edfn v\u1edfn, v\u00e0 h\u01a1n h\u1ebft th\u1ea3y, thi th\u1ec3 kh\u00f4ng to\u00e0n v\u1eb9n c\u1ee7a nh\u1eefng ng\u01b0\u1eddi ho\u1eb7c v\u00f4 t\u00ecnh ho\u1eb7c c\u1ed1 \u00fd nh\u1ea3y v\u00e0o l\u00e0m ch\u1eadm tr\u1ec5 qu\u00e1 tr\u00ecnh chi tr\u1ea3 \u0111\u1ec1u l\u00e0 l\u1eddi c\u1ea3nh c\u00e1o b\u1eb1ng m\u00e1u g\u1eedi t\u1edbi anh chuy\u00ean vi\u00ean b\u1ea3o hi\u1ec3m. B\u1ea5t ch\u1ea5p t\u1ea5t c\u1ea3, Wakatsuki v\u1eabn b\u1ec1n b\u1ec9 khai qu\u1eadt s\u1ef1 th\u1eadt, nh\u01b0ng anh kh\u00f4ng ng\u1edd m\u00ecnh ph\u1ea3i \u0111\u1ed1i m\u1eb7t v\u1edbi qu\u00e1 nhi\u1ec1u s\u1eefng s\u1edd v\u00e0 run r\u1ea9y.<\/p>\n<p>Trong ng\u00f4i nh\u00e0 \u0111en ng\u1eadp ng\u1ee5a h\u00f4i th\u1ed1i, t\u1eeb \u0111i\u1ec3m b\u1eaft \u0111\u1ea7u l\u00e0 c\u00e1i x\u00e1c treo c\u1ed5, Wakatsuki \u0111\u00e3 \u0111\u00e0o l\u00ean c\u1ea3 m\u1ed9t \u1ed5 d\u00f2i\u2026<\/p>\n","protected":false},"featured_media":23261,"template":"","meta":{"_acf_changed":false},"product_brand":[],"product_cat":[15,72],"product_tag":[83],"class_list":{"0":"post-23262","1":"product","2":"type-product","3":"status-publish","4":"has-post-thumbnail","6":"product_cat-sach-danh-cho-nguoi-lon","7":"product_cat-trinh-tham-kinh-di","8":"product_tag-sach-moi-xuat-ban","10":"first","11":"outofstock","12":"taxable","13":"shipping-taxable","14":"purchasable","15":"product-type-simple"},"supplier_id":null,"supplier_sku":"","barcode":null,"atum_controlled":true,"out_stock_date":"2023-11-27 19:06:01","out_stock_threshold":null,"inheritable":false,"inbound_stock":0,"stock_on_hold":0,"sold_today":0,"sales_last_days":0,"reserved_stock":0,"customer_returns":0,"warehouse_damage":0,"lost_in_post":0,"other_logs":0,"out_stock_days":793,"lost_sales":0,"has_location":false,"update_date":"2026-01-28T23:11:14","atum_locations":[],"atum_stock_status":"outofstock","restock_status":false,"low_stock_amount":"","sales_update_date":"2026-01-28T23:11:14","calc_backorders":null,"acf":{"publisher":{"ID":8612,"post_author":"1","post_date":"2021-04-28 14:27:30","post_date_gmt":"2021-04-28 11:27:30","post_content":"","post_title":"IPM","post_excerpt":"","post_status":"publish","comment_status":"closed","ping_status":"closed","post_password":"","post_name":"ipm","to_ping":"","pinged":"","post_modified":"2021-04-28 14:27:30","post_modified_gmt":"2021-04-28 11:27:30","post_content_filtered":"","post_parent":0,"guid":"https:\/\/sachviet.eu\/nha-phat-hanh\/ipm\/","menu_order":0,"post_type":"publisher","post_mime_type":"","comment_count":"0","filter":"raw"}},"_links":{"self":[{"href":"https:\/\/sachviet.eu\/en\/wp-json\/wp\/v2\/product\/23262","targetHints":{"allow":["GET"]}}],"collection":[{"href":"https:\/\/sachviet.eu\/en\/wp-json\/wp\/v2\/product"}],"about":[{"href":"https:\/\/sachviet.eu\/en\/wp-json\/wp\/v2\/types\/product"}],"wp:featuredmedia":[{"embeddable":true,"href":"https:\/\/sachviet.eu\/en\/wp-json\/wp\/v2\/media\/23261"}],"wp:attachment":[{"href":"https:\/\/sachviet.eu\/en\/wp-json\/wp\/v2\/media?parent=23262"}],"wp:term":[{"taxonomy":"product_brand","embeddable":true,"href":"https:\/\/sachviet.eu\/en\/wp-json\/wp\/v2\/product_brand?post=23262"},{"taxonomy":"product_cat","embeddable":true,"href":"https:\/\/sachviet.eu\/en\/wp-json\/wp\/v2\/product_cat?post=23262"},{"taxonomy":"product_tag","embeddable":true,"href":"https:\/\/sachviet.eu\/en\/wp-json\/wp\/v2\/product_tag?post=23262"}],"curies":[{"name":"wp","href":"https:\/\/api.w.org\/{rel}","templated":true}]}}