{"id":23253,"date":"2023-04-03T22:59:40","date_gmt":"2023-04-03T19:59:40","guid":{"rendered":"https:\/\/sachviet.eu\/shop\/ho-so-tam-ly-hoc-tam-than-hay-ke-dien\/"},"modified":"2023-04-18T10:47:07","modified_gmt":"2023-04-18T07:47:07","slug":"ho-so-tam-ly-hoc-tam-than-hay-ke-dien","status":"publish","type":"product","link":"https:\/\/sachviet.eu\/en\/shop\/ho-so-tam-ly-hoc-tam-than-hay-ke-dien\/","title":{"rendered":"H\u1ed3 S\u01a1 T\u00e2m L\u00fd H\u1ecdc T\u00e2m Th\u1ea7n Hay K\u1ebb \u0110i\u00ean"},"content":{"rendered":"<p>\u201cC\u00f3 l\u00fac, ch\u00fang ta g\u1ecdi b\u1ec7nh t\u00e2m th\u1ea7n l\u00e0 b\u1ec7nh c\u1ed1 ch\u1ea5p, c\u00e1c b\u1ec7nh nh\u00e2n \u0111\u1ec1u c\u1ed1 ch\u1ea5p s\u1ed1ng trong th\u1ebf gi\u1edbi k\u00ec th\u00fa c\u1ee7a m\u00ecnh, kh\u00f4ng ch\u1ecbu h\u00f2a nh\u1eadp v\u1edbi ng\u01b0\u1eddi xung quanh, kh\u00f4ng th\u1ec3 gi\u1ed1ng v\u1edbi \u0111\u00e1m \u0111\u00f4ng, h\u1ecd c\u1ed1 ch\u1ea5p d\u1eb1n v\u1eb7t ch\u00ednh m\u00ecnh.\u201d<\/p>\n<p>N\u1ebfu kh\u00f4ng c\u00f3 chuy\u00ean m\u00f4n ch\u00fang ta s\u1ebd ch\u1eb3ng th\u1ec3 hi\u1ec3u n\u1ed5i \u0111i\u1ec1u g\u00ec \u0111ang th\u1ed1ng tr\u1ecb trong th\u1ebf gi\u1edbi c\u1ee7a nh\u1eefng k\u1ebb t\u00e2m th\u1ea7n. Tuy nhi\u00ean, n\u1ebfu b\u1ea1n \u0111\u00e3 s\u1eb5n s\u00e0ng ti\u1ebfn th\u00eam m\u1ed9t b\u01b0\u1edbc v\u00e0o m\u1ea3ng t\u1ed1i trong th\u1ebf gi\u1edbi c\u1ee7a h\u1ecd, h\u00e3y c\u1ea7m cu\u1ed1n s\u00e1ch n\u00e0y l\u00ean.<\/p>\n<p>Cu\u1ed1n s\u00e1ch \u201cH\u1ed3 s\u01a1 t\u00e2m l\u00fd h\u1ecdc &#8211; T\u00e2m th\u1ea7n hay k\u1ebb \u0111i\u00ean\u201d c\u1ee7a t\u00e1c gi\u1ea3 M\u1ee5c Qua s\u1ebd t\u00e1i hi\u1ec7n ch\u00e2n th\u1ef1c nh\u1eefng kh\u1ed1n c\u1ea3nh t\u00e2m l\u00fd c\u1ee7a nh\u1eefng b\u1ec7nh nh\u00e2n t\u00e2m th\u1ea7n d\u01b0\u1edbi g\u00f3c nh\u00ecn c\u1ee7a b\u00e1c s\u0129, c\u0169ng nh\u01b0 qu\u00e1 tr\u00ecnh \u0111\u1ea5u tranh v\u00e0 h\u1ed9i ph\u1ee5c t\u00e2m l\u00fd c\u1ee7a h\u1ecd. T\u1eeb \u0111\u00f3 ph\u01a1i b\u00e0y nh\u1eefng g\u00f3c khu\u1ea5t c\u1ee7a x\u00e3 h\u1ed9i, m\u00f4i tr\u01b0\u1eddng gia \u0111\u00ecnh, b\u1ea1o l\u1ef1c, t\u1ed9i ph\u1ea1m, m\u1ed1i li\u00ean h\u1ec7 gi\u1eefa b\u1ec7nh nh\u00e2n v\u00e0 x\u00e3 h\u1ed9i.<\/p>\n<p>Cu\u1ed1n s\u00e1ch bao g\u1ed3m 13 c\u00e2u chuy\u1ec7n kh\u00e1c nhau di\u1ec5n ra trong c\u00f9ng m\u1ed9t b\u1ec7nh vi\u1ec7n t\u00e2m th\u1ea7n, n\u00f3 l\u1ed9t t\u1ea3 chi ti\u1ebft t\u1eebng kh\u00eda c\u1ea1nh v\u1ec1 nh\u1eefng c\u0103n b\u1ec7nh t\u00e2m th\u1ea7n nh\u01b0 ch\u1ee9ng cu\u1ed3ng ph\u00f3ng h\u1ecfa, r\u1ed1i lo\u1ea1n nh\u00e2n d\u1ea1ng ph\u00e2n ly, tr\u1ea7m c\u1ea3m c\u01b0\u1eddi, ch\u1ee9ng hoang t\u01b0\u1edfng,\u00ean su\u1ed1t cu\u1ed1n s\u00e1ch b\u1ea1n s\u1ebd b\u1eaft g\u1eb7p m\u1ed9t nh\u00f3m \u201cng\u01b0\u1eddi \u0111i\u00ean\u201d \u0111ang s\u1ed1ng trong v\u1ef1c th\u1eb3m. H\u1ecd c\u00f3 th\u1ec3 l\u00e0 nh\u1eefng thi\u00ean t\u00e0i k\u1ef3 qu\u00e1i v\u1edbi nh\u1eefng \u00fd t\u01b0\u1edfng k\u1ef3 l\u1ea1 kh\u00f4ng th\u1ec3 hi\u1ec3u n\u1ed5i. L\u00e0 nh\u1eefng k\u1ebb l\u1eeba \u0111\u1ea3o c\u00f3 h\u1ecdc, gi\u1ea5u \u0111i nh\u00e2n c\u00e1ch ph\u1ea3n x\u00e3 h\u1ed9i v\u00e0 ph\u1ea3n nh\u00e2n lo\u1ea1i m\u1ed9t c\u00e1ch \u0111\u1ea7y ho\u00e0n h\u1ea3o, c\u00e0ng l\u00e0 nh\u1eefng k\u1ebb c\u00f4 \u0111\u1ed9c \u0111\u1ebfn \u0111\u00e1ng th\u01b0\u01a1ng, H\u1ecd mang trong m\u00ecnh nh\u1eefng t\u00e2m h\u1ed3n tan n\u00e1t song \u0111\u1ea7y n\u00f3ng b\u1ecfng \u1ea9n sau hai t\u1eeb \u201ck\u1ebb \u0111i\u00ean\u201d.<\/p>\n<p>\u0110\u1eb7c bi\u1ec7t, nh\u1eefng b\u1ed1i c\u1ea3nh t\u00e2m l\u00fd trong cu\u1ed1n s\u00e1ch \u0111\u1ec1u d\u1ef1a tr\u00ean nh\u1eefng c\u00e2u chuy\u1ec7n th\u1ef1c t\u1ebf c\u1ee7a ch\u00ednh b\u1ea3n th\u00e2n t\u00e1c gi\u1ea3 khi l\u00e0m vi\u1ec7c t\u1ea1i Trung T\u00e2m s\u1ee9c kh\u1ecfe T\u00e2m th\u1ea7n t\u1eeb khi l\u00e0 th\u1ef1c t\u1eadp sinh. D\u01b0\u1edbi ng\u00f2i b\u00fat c\u1ee7a m\u00ecnh, b\u1ed5 sung th\u00eam ki\u1ebfn th\u1ee9c t\u00e2m l\u00fd h\u1ecdc v\u00e0 tr\u00edch d\u1eabn l\u00fd thuy\u1ebft m\u1ed9t c\u00e1ch r\u00f5 r\u00e0ng cu\u1ed1n s\u00e1ch s\u1ebd d\u1eabn d\u1eaft b\u1ea1n \u0111i qua t\u1ea5t c\u1ea3 nh\u1eefng cung b\u1eadc c\u1ea3m x\u00fac t\u1eeb ho\u00e0i nghi, ph\u1eabn n\u1ed7 \u0111\u1ebfn bi th\u01b0\u01a1ng v\u00e0 \u0111\u1ed3ng c\u1ea3m, ph\u00e1 v\u1ee1 nh\u1eefng \u0111\u1ecbnh ki\u1ebfn v\u1ec1 c\u0103n b\u1ec7nh n\u00e0y.<\/p>\n<p>Bi\u1ebfn m\u00ecnh tr\u1edf th\u00e0nh m\u1ed9t \u0111\u1ee9a tr\u1ebb ngoan, gi\u1ebft ch\u1ebft nh\u00e2n c\u00e1ch v\u1ed1n c\u00f3, m\u1ed9t \u0111\u1ee9a tr\u1ebb \u0111\u00e3 ph\u1ea3i tr\u1ea3i qua nh\u1eefng g\u00ec \u0111\u1ec3 c\u00f3 th\u1ec3 l\u00e0m h\u00e0i l\u00f2ng cha m\u1eb9? Cu\u1ed1n s\u00e1ch s\u1ebd \u0111\u01b0a b\u1ea1n xuy\u00ean qua nh\u1eefng khu r\u1eebng t\u0103m t\u1ed1i c\u1ee7a tr\u00e1i tim con ng\u01b0\u1eddi v\u00e0 ch\u1ea1m v\u00e0o nh\u1eefng m\u1ea3nh \u0111\u1eddi \u0111ang ch\u1edd \u0111\u1ee3i \u0111\u01b0\u1ee3c s\u1eeda ch\u1eefa. B\u1edfi suy cho c\u00f9ng nh\u1eefng b\u1ec7nh nh\u00e2n t\u00e2m th\u1ea7n ch\u00ednh l\u00e0 nh\u1eefng con ng\u01b0\u1eddi \u0111\u00e1ng th\u01b0\u01a1ng nh\u1ea5t khi h\u1ecd lu\u00f4n ph\u1ea3i ch\u1ea1y tr\u1ed1n trong ch\u00ednh v\u1ecf b\u1ecdc m\u00e0 m\u00ecnh t\u1ea1o ra.<\/p>\n","protected":false},"excerpt":{"rendered":"<p>\u201cC\u00f3 l\u00fac, ch\u00fang ta g\u1ecdi b\u1ec7nh t\u00e2m th\u1ea7n l\u00e0 b\u1ec7nh c\u1ed1 ch\u1ea5p, c\u00e1c b\u1ec7nh nh\u00e2n \u0111\u1ec1u c\u1ed1 ch\u1ea5p s\u1ed1ng trong th\u1ebf gi\u1edbi k\u00ec th\u00fa c\u1ee7a m\u00ecnh, kh\u00f4ng ch\u1ecbu h\u00f2a nh\u1eadp v\u1edbi ng\u01b0\u1eddi xung quanh, kh\u00f4ng th\u1ec3 gi\u1ed1ng v\u1edbi \u0111\u00e1m \u0111\u00f4ng, h\u1ecd c\u1ed1 ch\u1ea5p d\u1eb1n v\u1eb7t ch\u00ednh m\u00ecnh.\u201d<\/p>\n<p>N\u1ebfu kh\u00f4ng c\u00f3 chuy\u00ean m\u00f4n ch\u00fang ta s\u1ebd ch\u1eb3ng th\u1ec3 hi\u1ec3u n\u1ed5i \u0111i\u1ec1u g\u00ec \u0111ang th\u1ed1ng tr\u1ecb trong th\u1ebf gi\u1edbi c\u1ee7a nh\u1eefng k\u1ebb t\u00e2m th\u1ea7n. Tuy nhi\u00ean, n\u1ebfu b\u1ea1n \u0111\u00e3 s\u1eb5n s\u00e0ng ti\u1ebfn th\u00eam m\u1ed9t b\u01b0\u1edbc v\u00e0o m\u1ea3ng t\u1ed1i trong th\u1ebf gi\u1edbi c\u1ee7a h\u1ecd, h\u00e3y c\u1ea7m cu\u1ed1n s\u00e1ch n\u00e0y l\u00ean.<\/p>\n<p>Cu\u1ed1n s\u00e1ch \u201cH\u1ed3 s\u01a1 t\u00e2m l\u00fd h\u1ecdc &#8211; T\u00e2m th\u1ea7n hay k\u1ebb \u0111i\u00ean\u201d c\u1ee7a t\u00e1c gi\u1ea3 M\u1ee5c Qua s\u1ebd t\u00e1i hi\u1ec7n ch\u00e2n th\u1ef1c nh\u1eefng kh\u1ed1n c\u1ea3nh t\u00e2m l\u00fd c\u1ee7a nh\u1eefng b\u1ec7nh nh\u00e2n t\u00e2m th\u1ea7n d\u01b0\u1edbi g\u00f3c nh\u00ecn c\u1ee7a b\u00e1c s\u0129, c\u0169ng nh\u01b0 qu\u00e1 tr\u00ecnh \u0111\u1ea5u tranh v\u00e0 h\u1ed9i ph\u1ee5c t\u00e2m l\u00fd c\u1ee7a h\u1ecd. T\u1eeb \u0111\u00f3 ph\u01a1i b\u00e0y nh\u1eefng g\u00f3c khu\u1ea5t c\u1ee7a x\u00e3 h\u1ed9i, m\u00f4i tr\u01b0\u1eddng gia \u0111\u00ecnh, b\u1ea1o l\u1ef1c, t\u1ed9i ph\u1ea1m, m\u1ed1i li\u00ean h\u1ec7 gi\u1eefa b\u1ec7nh nh\u00e2n v\u00e0 x\u00e3 h\u1ed9i.<\/p>\n<p>Cu\u1ed1n s\u00e1ch bao g\u1ed3m 13 c\u00e2u chuy\u1ec7n kh\u00e1c nhau di\u1ec5n ra trong c\u00f9ng m\u1ed9t b\u1ec7nh vi\u1ec7n t\u00e2m th\u1ea7n, n\u00f3 l\u1ed9t t\u1ea3 chi ti\u1ebft t\u1eebng kh\u00eda c\u1ea1nh v\u1ec1 nh\u1eefng c\u0103n b\u1ec7nh t\u00e2m th\u1ea7n nh\u01b0 ch\u1ee9ng cu\u1ed3ng ph\u00f3ng h\u1ecfa, r\u1ed1i lo\u1ea1n nh\u00e2n d\u1ea1ng ph\u00e2n ly, tr\u1ea7m c\u1ea3m c\u01b0\u1eddi, ch\u1ee9ng hoang t\u01b0\u1edfng,\u00ean su\u1ed1t cu\u1ed1n s\u00e1ch b\u1ea1n s\u1ebd b\u1eaft g\u1eb7p m\u1ed9t nh\u00f3m \u201cng\u01b0\u1eddi \u0111i\u00ean\u201d \u0111ang s\u1ed1ng trong v\u1ef1c th\u1eb3m. H\u1ecd c\u00f3 th\u1ec3 l\u00e0 nh\u1eefng thi\u00ean t\u00e0i k\u1ef3 qu\u00e1i v\u1edbi nh\u1eefng \u00fd t\u01b0\u1edfng k\u1ef3 l\u1ea1 kh\u00f4ng th\u1ec3 hi\u1ec3u n\u1ed5i. L\u00e0 nh\u1eefng k\u1ebb l\u1eeba \u0111\u1ea3o c\u00f3 h\u1ecdc, gi\u1ea5u \u0111i nh\u00e2n c\u00e1ch ph\u1ea3n x\u00e3 h\u1ed9i v\u00e0 ph\u1ea3n nh\u00e2n lo\u1ea1i m\u1ed9t c\u00e1ch \u0111\u1ea7y ho\u00e0n h\u1ea3o, c\u00e0ng l\u00e0 nh\u1eefng k\u1ebb c\u00f4 \u0111\u1ed9c \u0111\u1ebfn \u0111\u00e1ng th\u01b0\u01a1ng, H\u1ecd mang trong m\u00ecnh nh\u1eefng t\u00e2m h\u1ed3n tan n\u00e1t song \u0111\u1ea7y n\u00f3ng b\u1ecfng \u1ea9n sau hai t\u1eeb \u201ck\u1ebb \u0111i\u00ean\u201d.<\/p>\n<p>\u0110\u1eb7c bi\u1ec7t, nh\u1eefng b\u1ed1i c\u1ea3nh t\u00e2m l\u00fd trong cu\u1ed1n s\u00e1ch \u0111\u1ec1u d\u1ef1a tr\u00ean nh\u1eefng c\u00e2u chuy\u1ec7n th\u1ef1c t\u1ebf c\u1ee7a ch\u00ednh b\u1ea3n th\u00e2n t\u00e1c gi\u1ea3 khi l\u00e0m vi\u1ec7c t\u1ea1i Trung T\u00e2m s\u1ee9c kh\u1ecfe T\u00e2m th\u1ea7n t\u1eeb khi l\u00e0 th\u1ef1c t\u1eadp sinh. D\u01b0\u1edbi ng\u00f2i b\u00fat c\u1ee7a m\u00ecnh, b\u1ed5 sung th\u00eam ki\u1ebfn th\u1ee9c t\u00e2m l\u00fd h\u1ecdc v\u00e0 tr\u00edch d\u1eabn l\u00fd thuy\u1ebft m\u1ed9t c\u00e1ch r\u00f5 r\u00e0ng cu\u1ed1n s\u00e1ch s\u1ebd d\u1eabn d\u1eaft b\u1ea1n \u0111i qua t\u1ea5t c\u1ea3 nh\u1eefng cung b\u1eadc c\u1ea3m x\u00fac t\u1eeb ho\u00e0i nghi, ph\u1eabn n\u1ed7 \u0111\u1ebfn bi th\u01b0\u01a1ng v\u00e0 \u0111\u1ed3ng c\u1ea3m, ph\u00e1 v\u1ee1 nh\u1eefng \u0111\u1ecbnh ki\u1ebfn v\u1ec1 c\u0103n b\u1ec7nh n\u00e0y.<\/p>\n<p>Bi\u1ebfn m\u00ecnh tr\u1edf th\u00e0nh m\u1ed9t \u0111\u1ee9a tr\u1ebb ngoan, gi\u1ebft ch\u1ebft nh\u00e2n c\u00e1ch v\u1ed1n c\u00f3, m\u1ed9t \u0111\u1ee9a tr\u1ebb \u0111\u00e3 ph\u1ea3i tr\u1ea3i qua nh\u1eefng g\u00ec \u0111\u1ec3 c\u00f3 th\u1ec3 l\u00e0m h\u00e0i l\u00f2ng cha m\u1eb9? Cu\u1ed1n s\u00e1ch s\u1ebd \u0111\u01b0a b\u1ea1n xuy\u00ean qua nh\u1eefng khu r\u1eebng t\u0103m t\u1ed1i c\u1ee7a tr\u00e1i tim con ng\u01b0\u1eddi v\u00e0 ch\u1ea1m v\u00e0o nh\u1eefng m\u1ea3nh \u0111\u1eddi \u0111ang ch\u1edd \u0111\u1ee3i \u0111\u01b0\u1ee3c s\u1eeda ch\u1eefa. B\u1edfi suy cho c\u00f9ng nh\u1eefng b\u1ec7nh nh\u00e2n t\u00e2m th\u1ea7n ch\u00ednh l\u00e0 nh\u1eefng con ng\u01b0\u1eddi \u0111\u00e1ng th\u01b0\u01a1ng nh\u1ea5t khi h\u1ecd lu\u00f4n ph\u1ea3i ch\u1ea1y tr\u1ed1n trong ch\u00ednh v\u1ecf b\u1ecdc m\u00e0 m\u00ecnh t\u1ea1o ra.<\/p>\n","protected":false},"featured_media":23252,"template":"","meta":{"_acf_changed":false},"product_brand":[],"product_cat":[18,15,46],"product_tag":[],"class_list":{"0":"post-23253","1":"product","2":"type-product","3":"status-publish","4":"has-post-thumbnail","6":"product_cat-kinh-te","7":"product_cat-sach-danh-cho-nguoi-lon","8":"product_cat-ky-nang-song","10":"first","11":"outofstock","12":"taxable","13":"shipping-taxable","14":"purchasable","15":"product-type-simple"},"supplier_id":null,"supplier_sku":"","barcode":null,"atum_controlled":true,"out_stock_date":"2023-04-18 07:47:07","out_stock_threshold":null,"inheritable":false,"inbound_stock":0,"stock_on_hold":0,"sold_today":0,"sales_last_days":0,"reserved_stock":0,"customer_returns":0,"warehouse_damage":0,"lost_in_post":0,"other_logs":0,"out_stock_days":1016,"lost_sales":0,"has_location":false,"update_date":"2026-01-28T23:11:13","atum_locations":[],"atum_stock_status":"outofstock","restock_status":false,"low_stock_amount":"","sales_update_date":"2026-01-28T23:11:13","calc_backorders":null,"acf":{"publisher":{"ID":23251,"post_author":"1","post_date":"2023-04-03 22:59:37","post_date_gmt":"2023-04-03 19:59:37","post_content":"","post_title":"Be.iN BOOKS","post_excerpt":"","post_status":"publish","comment_status":"closed","ping_status":"closed","post_password":"","post_name":"be-in-books","to_ping":"","pinged":"","post_modified":"2023-04-03 22:59:37","post_modified_gmt":"2023-04-03 19:59:37","post_content_filtered":"","post_parent":0,"guid":"https:\/\/sachviet.eu\/nha-phat-hanh\/be-in-books\/","menu_order":0,"post_type":"publisher","post_mime_type":"","comment_count":"0","filter":"raw"}},"_links":{"self":[{"href":"https:\/\/sachviet.eu\/en\/wp-json\/wp\/v2\/product\/23253","targetHints":{"allow":["GET"]}}],"collection":[{"href":"https:\/\/sachviet.eu\/en\/wp-json\/wp\/v2\/product"}],"about":[{"href":"https:\/\/sachviet.eu\/en\/wp-json\/wp\/v2\/types\/product"}],"wp:featuredmedia":[{"embeddable":true,"href":"https:\/\/sachviet.eu\/en\/wp-json\/wp\/v2\/media\/23252"}],"wp:attachment":[{"href":"https:\/\/sachviet.eu\/en\/wp-json\/wp\/v2\/media?parent=23253"}],"wp:term":[{"taxonomy":"product_brand","embeddable":true,"href":"https:\/\/sachviet.eu\/en\/wp-json\/wp\/v2\/product_brand?post=23253"},{"taxonomy":"product_cat","embeddable":true,"href":"https:\/\/sachviet.eu\/en\/wp-json\/wp\/v2\/product_cat?post=23253"},{"taxonomy":"product_tag","embeddable":true,"href":"https:\/\/sachviet.eu\/en\/wp-json\/wp\/v2\/product_tag?post=23253"}],"curies":[{"name":"wp","href":"https:\/\/api.w.org\/{rel}","templated":true}]}}