{"id":23250,"date":"2023-04-03T22:59:33","date_gmt":"2023-04-03T19:59:33","guid":{"rendered":"https:\/\/sachviet.eu\/shop\/hanh-trinh-cua-linh-hon\/"},"modified":"2024-07-08T16:02:40","modified_gmt":"2024-07-08T13:02:40","slug":"hanh-trinh-cua-linh-hon","status":"publish","type":"product","link":"https:\/\/sachviet.eu\/en\/shop\/hanh-trinh-cua-linh-hon\/","title":{"rendered":"H\u00e0nh Tr\u00ecnh C\u1ee7a Linh H\u1ed3n"},"content":{"rendered":"<p>Michael Duff Newton gi\u1eef h\u1ecdc v\u1ecb ti\u1ebfn s\u0129 v\u1ec1 c\u1ed1 v\u1ea5n t\u00e2m l\u00fd, l\u00e0 nh\u00e0 th\u00f4i mi\u00ean c\u00f3 b\u1eb1ng c\u1ea5p v\u00e0 l\u00e0 th\u00e0nh vi\u00ean c\u1ee7a Hi\u1ec7p h\u1ed9i C\u1ed1 v\u1ea5n M\u1ef9. \u00d4ng l\u00e0 gi\u1ea3ng vi\u00ean trong c\u00e1c tr\u01b0\u1eddng \u0111\u1ea1i h\u1ecdc, \u0111\u1ed3ng th\u1eddi h\u00e0nh ngh\u1ec1 t\u01b0 t\u1ea1i Los Angeles. Ti\u1ebfn s\u0129 Newton ph\u00e1t tri\u1ec3n k\u1ef9 thu\u1eadt kh\u00f4i ph\u1ee5c l\u1ea1i k\u00fd \u1ee9c qu\u00e1 kh\u1ee9 \u0111\u1ec3 c\u00f3 th\u1ec3 \u0111\u01b0a c\u00e1c \u0111\u1ed1i t\u01b0\u1ee3ng b\u1ecb th\u00f4i mi\u00ean v\u01b0\u1ee3t qua c\u00e1c k\u00fd \u1ee9c c\u1ee7a ki\u1ebfp tr\u01b0\u1edbc m\u1ed9t c\u00e1ch c\u00f3 hi\u1ec7u qu\u1ea3 \u0111\u1ec3 \u0111\u1ebfn v\u1edbi c\u00e1c tr\u1ea3i nghi\u1ec7m c\u00f3 \u00fd ngh\u0129a h\u01a1n gi\u1eefa c\u00e1c ki\u1ebfp c\u1ee7a linh h\u1ed3n. T\u00e1c gi\u1ea3 \u0111\u01b0\u1ee3c coi l\u00e0 ng\u01b0\u1eddi \u0111i ti\u00ean phong trong vi\u1ec7c kh\u00e1m ph\u00e1 c\u00e1c b\u00ed m\u1eadt v\u1ec1 cu\u1ed9c s\u1ed1ng c\u1ee7a ch\u00fang ta \u1edf th\u1ebf gi\u1edbi linh h\u1ed3n, l\u1ea7n \u0111\u1ea7u ti\u00ean \u0111\u01b0\u1ee3c thu\u1eadt l\u1ea1i trong cu\u1ed1n s\u00e1ch b\u00e1n ch\u1ea1y nh\u1ea5t n\u00e0y.<\/p>\n","protected":false},"excerpt":{"rendered":"<p>Michael Duff Newton gi\u1eef h\u1ecdc v\u1ecb ti\u1ebfn s\u0129 v\u1ec1 c\u1ed1 v\u1ea5n t\u00e2m l\u00fd, l\u00e0 nh\u00e0 th\u00f4i mi\u00ean c\u00f3 b\u1eb1ng c\u1ea5p v\u00e0 l\u00e0 th\u00e0nh vi\u00ean c\u1ee7a Hi\u1ec7p h\u1ed9i C\u1ed1 v\u1ea5n M\u1ef9. \u00d4ng l\u00e0 gi\u1ea3ng vi\u00ean trong c\u00e1c tr\u01b0\u1eddng \u0111\u1ea1i h\u1ecdc, \u0111\u1ed3ng th\u1eddi h\u00e0nh ngh\u1ec1 t\u01b0 t\u1ea1i Los Angeles. Ti\u1ebfn s\u0129 Newton ph\u00e1t tri\u1ec3n k\u1ef9 thu\u1eadt kh\u00f4i ph\u1ee5c l\u1ea1i k\u00fd \u1ee9c qu\u00e1 kh\u1ee9 \u0111\u1ec3 c\u00f3 th\u1ec3 \u0111\u01b0a c\u00e1c \u0111\u1ed1i t\u01b0\u1ee3ng b\u1ecb th\u00f4i mi\u00ean v\u01b0\u1ee3t qua c\u00e1c k\u00fd \u1ee9c c\u1ee7a ki\u1ebfp tr\u01b0\u1edbc m\u1ed9t c\u00e1ch c\u00f3 hi\u1ec7u qu\u1ea3 \u0111\u1ec3 \u0111\u1ebfn v\u1edbi c\u00e1c tr\u1ea3i nghi\u1ec7m c\u00f3 \u00fd ngh\u0129a h\u01a1n gi\u1eefa c\u00e1c ki\u1ebfp c\u1ee7a linh h\u1ed3n. T\u00e1c gi\u1ea3 \u0111\u01b0\u1ee3c coi l\u00e0 ng\u01b0\u1eddi \u0111i ti\u00ean phong trong vi\u1ec7c kh\u00e1m ph\u00e1 c\u00e1c b\u00ed m\u1eadt v\u1ec1 cu\u1ed9c s\u1ed1ng c\u1ee7a ch\u00fang ta \u1edf th\u1ebf gi\u1edbi linh h\u1ed3n, l\u1ea7n \u0111\u1ea7u ti\u00ean \u0111\u01b0\u1ee3c thu\u1eadt l\u1ea1i trong cu\u1ed1n s\u00e1ch b\u00e1n ch\u1ea1y nh\u1ea5t n\u00e0y.<\/p>\n","protected":false},"featured_media":23249,"template":"","meta":{"_acf_changed":false},"product_brand":[],"product_cat":[15,76],"product_tag":[83],"class_list":{"0":"post-23250","1":"product","2":"type-product","3":"status-publish","4":"has-post-thumbnail","6":"product_cat-sach-danh-cho-nguoi-lon","7":"product_cat-ton-giao-tam-linh","8":"product_tag-sach-moi-xuat-ban","10":"first","11":"outofstock","12":"taxable","13":"shipping-taxable","14":"purchasable","15":"product-type-simple"},"supplier_id":null,"supplier_sku":"","barcode":null,"atum_controlled":true,"out_stock_date":"2023-09-01 19:43:36","out_stock_threshold":null,"inheritable":false,"inbound_stock":0,"stock_on_hold":0,"sold_today":0,"sales_last_days":0,"reserved_stock":0,"customer_returns":0,"warehouse_damage":0,"lost_in_post":0,"other_logs":0,"out_stock_days":880,"lost_sales":0,"has_location":false,"update_date":"2026-01-28T23:11:13","atum_locations":[],"atum_stock_status":"outofstock","restock_status":false,"low_stock_amount":"","sales_update_date":"2026-01-28T23:11:13","calc_backorders":null,"acf":{"publisher":{"ID":1474,"post_author":"1","post_date":"2021-02-17 01:12:51","post_date_gmt":"2021-02-16 23:12:51","post_content":"","post_title":"Th\u00e1i H\u00e0","post_excerpt":"","post_status":"publish","comment_status":"closed","ping_status":"closed","post_password":"","post_name":"thai-ha","to_ping":"","pinged":"","post_modified":"2021-02-17 01:12:51","post_modified_gmt":"2021-02-16 23:12:51","post_content_filtered":"","post_parent":0,"guid":"https:\/\/sachviet.eu\/nha-phat-hanh\/thai-ha\/","menu_order":0,"post_type":"publisher","post_mime_type":"","comment_count":"0","filter":"raw"}},"_links":{"self":[{"href":"https:\/\/sachviet.eu\/en\/wp-json\/wp\/v2\/product\/23250","targetHints":{"allow":["GET"]}}],"collection":[{"href":"https:\/\/sachviet.eu\/en\/wp-json\/wp\/v2\/product"}],"about":[{"href":"https:\/\/sachviet.eu\/en\/wp-json\/wp\/v2\/types\/product"}],"wp:featuredmedia":[{"embeddable":true,"href":"https:\/\/sachviet.eu\/en\/wp-json\/wp\/v2\/media\/23249"}],"wp:attachment":[{"href":"https:\/\/sachviet.eu\/en\/wp-json\/wp\/v2\/media?parent=23250"}],"wp:term":[{"taxonomy":"product_brand","embeddable":true,"href":"https:\/\/sachviet.eu\/en\/wp-json\/wp\/v2\/product_brand?post=23250"},{"taxonomy":"product_cat","embeddable":true,"href":"https:\/\/sachviet.eu\/en\/wp-json\/wp\/v2\/product_cat?post=23250"},{"taxonomy":"product_tag","embeddable":true,"href":"https:\/\/sachviet.eu\/en\/wp-json\/wp\/v2\/product_tag?post=23250"}],"curies":[{"name":"wp","href":"https:\/\/api.w.org\/{rel}","templated":true}]}}