{"id":23248,"date":"2023-04-03T22:59:27","date_gmt":"2023-04-03T19:59:27","guid":{"rendered":"https:\/\/sachviet.eu\/shop\/the-witcher-thuat-si-dieu-uoc-cuoi-cung\/"},"modified":"2023-05-22T13:42:21","modified_gmt":"2023-05-22T10:42:21","slug":"the-witcher-thuat-si-dieu-uoc-cuoi-cung","status":"publish","type":"product","link":"https:\/\/sachviet.eu\/en\/shop\/the-witcher-thuat-si-dieu-uoc-cuoi-cung\/","title":{"rendered":"THE WITCHER &#8211; THU\u1eacT S\u0128, \u0110I\u1ec0U \u01af\u1edaC CU\u1ed0I C\u00d9NG"},"content":{"rendered":"<p>\u201cM\u1ed7i c\u00e2u chuy\u1ec7n c\u1ed5 t\u00edch \u0111\u1ec1u ch\u1ee9a \u0111\u1ef1ng ch\u00fat \u00edt s\u1ef1 th\u1eadt\u2026\u201d<\/p>\n<p>Geralt x\u1ee9 Rivia l\u00e0 m\u1ed9t thu\u1eadt s\u0129, nh\u1eefng k\u1ebb t\u1eeb nh\u1ecf \u0111\u00e3 \u0111\u01b0\u1ee3c hu\u1ea5n luy\u1ec7n v\u00e0 tr\u1ea3i qua nh\u1eefng bi\u1ebfn \u0111\u1ed5i th\u1ec3 ch\u1ea5t \u0111\u1ec3 \u0111\u1ea1t \u0111\u01b0\u1ee3c th\u1ec3 l\u1ef1c h\u01a1n ng\u01b0\u1eddi. V\u1edbi nhi\u1ec1u ng\u01b0\u1eddi, g\u00e3 l\u00e0 th\u1ee3 s\u0103n ti\u1ec1n th\u01b0\u1edfng, l\u00e0 ph\u00f9 th\u1ee7y, k\u1ebb \u0111\u1ed9t bi\u1ebfn \u0111\u00e1ng khinh, qu\u00e2n s\u00e1t nh\u00e2n m\u00e1u l\u1ea1nh. M\u1eb7c d\u00f9 v\u1eady, m\u1ee5c \u0111\u00edch c\u1ee7a Geralt ch\u1ec9 c\u00f3 m\u1ed9t: ti\u00eau di\u1ec7t \u0111\u00e1m qu\u00e1i v\u1eadt \u0111ang lan tr\u00e0n kh\u1eafp th\u1ebf gi\u1edbi. Nh\u01b0ng Geralt kh\u00f4ng s\u1ed1ng trong m\u1ed9t th\u1ebf gi\u1edbi n\u01a1i c\u00e1c quan ni\u1ec7m \u0111\u1ea1o \u0111\u1ee9c \u0111\u1ec1u r\u1ea1ch r\u00f2i tr\u1eafng \u0111en, hay m\u1ecdi th\u1ee9 x\u1ea5u x\u00ed \u0111\u1ec1u x\u1ea5u xa. G\u00e3 v\u1eabn tu\u00e2n theo nh\u1eefng nguy\u00ean t\u1eafc c\u1ee7a ri\u00eang m\u00ecnh, d\u1eabu cho c\u00f3 l\u00fac ph\u1ea3i l\u1ef1a ch\u1ecdn \u0111\u00e2u l\u00e0 ph\u01b0\u01a1ng \u00e1n \u00edt t\u00e0n \u00e1c h\u01a1n\u2026<\/p>\n<p>\u0110i\u1ec1u \u01b0\u1edbc cu\u1ed1i c\u00f9ng v\u00e0 Thanh ki\u1ebfm \u0111\u1ecbnh m\u1ec7nh l\u00e0 2 t\u1eadp truy\u1ec7n ng\u1eafn gi\u1edbi thi\u1ec7u c\u00e1c nh\u00e2n v\u1eadt v\u00e0 th\u1ebf gi\u1edbi c\u1ee7a thu\u1eadt s\u0129, trong \u0111\u00f3 trung t\u00e2m l\u00e0 Geralt x\u1ee9 Rivia, m\u1edf \u0111\u01b0\u1eddng cho tr\u01b0\u1eddng thi\u00ean ti\u1ec3u thuy\u1ebft g\u1ed3m 5 t\u1eadp v\u00e0 1 ti\u1ec3u thuy\u1ebft \u0111\u1ed9c l\u1eadp kh\u00e1c. Series v\u1ec1 g\u00e3 thu\u1eadt s\u0129 Geralt x\u1ee9 Rivia \u0111\u00e3 \u0111\u01b0\u1ee3c d\u1ecbch ra tr\u00ean 37 th\u1ee9 ti\u1ebfng, bi\u1ebfn Sapkowski th\u00e0nh nh\u00e0 v\u0103n sci-fi v\u00e0 fantasy \u0111\u01b0\u1ee3c d\u1ecbch nhi\u1ec1u th\u1ee9 hai c\u1ee7a Ba Lan, sau Stanis\u0142aw Lem.<\/p>\n<p>T\u00c1C GI\u1ea2:<br \/>\nAndrzej Sapkowski (21\/6\/1948) l\u00e0 t\u00e1c gi\u1ea3 fantasy ng\u01b0\u1eddi Ba Lan. Tr\u01b0\u1edbc khi chuy\u1ec3n sang vi\u1ebft v\u0103n, \u00f4ng t\u1eebng l\u00e0 m\u1ed9t ng\u01b0\u1eddi b\u00e1n h\u00e0ng c\u1ea5p cao \u0111\u1ea1i di\u1ec7n cho m\u1ed9t c\u00f4ng ty th\u01b0\u01a1ng m\u1ea1i qu\u1ed1c t\u1ebf, sau \u0111\u00f3 \u00f4ng b\u1eaft \u0111\u1ea7u s\u1ef1 nghi\u1ec7p v\u0103n ch\u01b0\u01a1ng b\u1eb1ng vi\u1ec7c d\u1ecbch c\u00e1c t\u00e1c ph\u1ea9m sci-fi n\u01b0\u1edbc ngo\u00e0i. \u00d4ng k\u1ec3 m\u00ecnh \u0111\u00e3 vi\u1ebft truy\u1ec7n ng\u1eafn \u0111\u1ea7u ti\u00ean &#8211; \u201cThu\u1eadt s\u0129\u201d (ti\u1ebfng Ba Lan: \u201cWied\u017amin\u201d, ti\u1ebfng Anh: \u201cThe Witcher\u201d) &#8211; \u0111\u1ec3 tham d\u1ef1 m\u1ed9t cu\u1ed9c thi do t\u1ea1p ch\u00ed Fantastyka chuy\u00ean v\u1ec1 sci-fi v\u00e0 fantasy c\u1ee7a Ba Lan t\u1ed5 ch\u1ee9c, v\u00e0 \u0111\u00e3 gi\u00e0nh gi\u1ea3i ba. T\u1eeb \u0111\u00f3, \u00f4ng \u0111\u00e3 s\u00e1ng t\u1ea1o ra m\u1ed9t lo\u1ea1t c\u00e1c c\u00e2u chuy\u1ec7n \u0111\u1eb7t trong th\u1ebf gi\u1edbi c\u1ee7a \u201cThu\u1eadt s\u0129\u201d, h\u1ee3p th\u00e0nh 2 t\u1eadp truy\u1ec7n ng\u1eafn v\u00e0 6 ti\u1ec3u thuy\u1ebft. Lo\u1ea1t truy\u1ec7n n\u00e0y \u0111\u00e3 g\u00f3p ph\u1ea7n \u0111\u01b0a \u00f4ng th\u00e0nh nh\u00e0 v\u0103n fantasy n\u1ed5i ti\u1ebfng nh\u1ea5t Ba Lan nh\u1eefng n\u0103m 1990.<\/p>\n<p>N\u0103m 2001, lo\u1ea1t phim truy\u1ec1n h\u00ecnh chuy\u1ec3n th\u1ec3 t\u1eeb t\u00e1c ph\u1ea9m \u0111\u01b0\u1ee3c ra m\u1eaft \u1edf Ba Lan v\u00e0 th\u1ebf gi\u1edbi, v\u1edbi t\u00ean Wied\u017amin (The Hexer trong ti\u1ebfng Anh). N\u0103m 2007, nh\u00e0 ph\u00e1t tri\u1ec3n game Ba Lan, CD Projekt Red, cho ra m\u1eaft The Witcher, t\u1ef1a game nh\u1eadp vai \u0111\u1ea7u ti\u00ean d\u1ef1a theo t\u00e1c ph\u1ea9m. C\u00e1c ph\u1ea7n game ti\u1ebfp theo l\u1ea7n l\u01b0\u1ee3t \u0111\u01b0\u1ee3c ph\u00e1t h\u00e0nh l\u00e0 The Witcher 2: Assassins of Kings (2011) v\u00e0 The Witcher 3: Wild Hunt (2015). N\u0103m 2019, Netflix cho ra m\u1eaft m\u00f9a \u0111\u1ea7u ti\u00ean phi\u00ean b\u1ea3n phim chuy\u1ec3n th\u1ec3 n\u00f3i ti\u1ebfng Anh, t\u00ean g\u1ecdi The Witcher. M\u00f9a th\u1ee9 hai c\u1ee7a phim \u0111\u01b0\u1ee3c ra m\u1eaft n\u0103m 2021, c\u00f9ng v\u1edbi c\u00e1c d\u1ef1 \u00e1n phim ti\u1ec1n truy\u1ec7n kh\u00e1c.<\/p>\n","protected":false},"excerpt":{"rendered":"<p>\u201cM\u1ed7i c\u00e2u chuy\u1ec7n c\u1ed5 t\u00edch \u0111\u1ec1u ch\u1ee9a \u0111\u1ef1ng ch\u00fat \u00edt s\u1ef1 th\u1eadt\u2026\u201d<\/p>\n<p>Geralt x\u1ee9 Rivia l\u00e0 m\u1ed9t thu\u1eadt s\u0129, nh\u1eefng k\u1ebb t\u1eeb nh\u1ecf \u0111\u00e3 \u0111\u01b0\u1ee3c hu\u1ea5n luy\u1ec7n v\u00e0 tr\u1ea3i qua nh\u1eefng bi\u1ebfn \u0111\u1ed5i th\u1ec3 ch\u1ea5t \u0111\u1ec3 \u0111\u1ea1t \u0111\u01b0\u1ee3c th\u1ec3 l\u1ef1c h\u01a1n ng\u01b0\u1eddi. V\u1edbi nhi\u1ec1u ng\u01b0\u1eddi, g\u00e3 l\u00e0 th\u1ee3 s\u0103n ti\u1ec1n th\u01b0\u1edfng, l\u00e0 ph\u00f9 th\u1ee7y, k\u1ebb \u0111\u1ed9t bi\u1ebfn \u0111\u00e1ng khinh, qu\u00e2n s\u00e1t nh\u00e2n m\u00e1u l\u1ea1nh. M\u1eb7c d\u00f9 v\u1eady, m\u1ee5c \u0111\u00edch c\u1ee7a Geralt ch\u1ec9 c\u00f3 m\u1ed9t: ti\u00eau di\u1ec7t \u0111\u00e1m qu\u00e1i v\u1eadt \u0111ang lan tr\u00e0n kh\u1eafp th\u1ebf gi\u1edbi. Nh\u01b0ng Geralt kh\u00f4ng s\u1ed1ng trong m\u1ed9t th\u1ebf gi\u1edbi n\u01a1i c\u00e1c quan ni\u1ec7m \u0111\u1ea1o \u0111\u1ee9c \u0111\u1ec1u r\u1ea1ch r\u00f2i tr\u1eafng \u0111en, hay m\u1ecdi th\u1ee9 x\u1ea5u x\u00ed \u0111\u1ec1u x\u1ea5u xa. G\u00e3 v\u1eabn tu\u00e2n theo nh\u1eefng nguy\u00ean t\u1eafc c\u1ee7a ri\u00eang m\u00ecnh, d\u1eabu cho c\u00f3 l\u00fac ph\u1ea3i l\u1ef1a ch\u1ecdn \u0111\u00e2u l\u00e0 ph\u01b0\u01a1ng \u00e1n \u00edt t\u00e0n \u00e1c h\u01a1n\u2026<\/p>\n<p>\u0110i\u1ec1u \u01b0\u1edbc cu\u1ed1i c\u00f9ng v\u00e0 Thanh ki\u1ebfm \u0111\u1ecbnh m\u1ec7nh l\u00e0 2 t\u1eadp truy\u1ec7n ng\u1eafn gi\u1edbi thi\u1ec7u c\u00e1c nh\u00e2n v\u1eadt v\u00e0 th\u1ebf gi\u1edbi c\u1ee7a thu\u1eadt s\u0129, trong \u0111\u00f3 trung t\u00e2m l\u00e0 Geralt x\u1ee9 Rivia, m\u1edf \u0111\u01b0\u1eddng cho tr\u01b0\u1eddng thi\u00ean ti\u1ec3u thuy\u1ebft g\u1ed3m 5 t\u1eadp v\u00e0 1 ti\u1ec3u thuy\u1ebft \u0111\u1ed9c l\u1eadp kh\u00e1c. Series v\u1ec1 g\u00e3 thu\u1eadt s\u0129 Geralt x\u1ee9 Rivia \u0111\u00e3 \u0111\u01b0\u1ee3c d\u1ecbch ra tr\u00ean 37 th\u1ee9 ti\u1ebfng, bi\u1ebfn Sapkowski th\u00e0nh nh\u00e0 v\u0103n sci-fi v\u00e0 fantasy \u0111\u01b0\u1ee3c d\u1ecbch nhi\u1ec1u th\u1ee9 hai c\u1ee7a Ba Lan, sau Stanis\u0142aw Lem.<\/p>\n<p>T\u00c1C GI\u1ea2:<br \/>\nAndrzej Sapkowski (21\/6\/1948) l\u00e0 t\u00e1c gi\u1ea3 fantasy ng\u01b0\u1eddi Ba Lan. Tr\u01b0\u1edbc khi chuy\u1ec3n sang vi\u1ebft v\u0103n, \u00f4ng t\u1eebng l\u00e0 m\u1ed9t ng\u01b0\u1eddi b\u00e1n h\u00e0ng c\u1ea5p cao \u0111\u1ea1i di\u1ec7n cho m\u1ed9t c\u00f4ng ty th\u01b0\u01a1ng m\u1ea1i qu\u1ed1c t\u1ebf, sau \u0111\u00f3 \u00f4ng b\u1eaft \u0111\u1ea7u s\u1ef1 nghi\u1ec7p v\u0103n ch\u01b0\u01a1ng b\u1eb1ng vi\u1ec7c d\u1ecbch c\u00e1c t\u00e1c ph\u1ea9m sci-fi n\u01b0\u1edbc ngo\u00e0i. \u00d4ng k\u1ec3 m\u00ecnh \u0111\u00e3 vi\u1ebft truy\u1ec7n ng\u1eafn \u0111\u1ea7u ti\u00ean &#8211; \u201cThu\u1eadt s\u0129\u201d (ti\u1ebfng Ba Lan: \u201cWied\u017amin\u201d, ti\u1ebfng Anh: \u201cThe Witcher\u201d) &#8211; \u0111\u1ec3 tham d\u1ef1 m\u1ed9t cu\u1ed9c thi do t\u1ea1p ch\u00ed Fantastyka chuy\u00ean v\u1ec1 sci-fi v\u00e0 fantasy c\u1ee7a Ba Lan t\u1ed5 ch\u1ee9c, v\u00e0 \u0111\u00e3 gi\u00e0nh gi\u1ea3i ba. T\u1eeb \u0111\u00f3, \u00f4ng \u0111\u00e3 s\u00e1ng t\u1ea1o ra m\u1ed9t lo\u1ea1t c\u00e1c c\u00e2u chuy\u1ec7n \u0111\u1eb7t trong th\u1ebf gi\u1edbi c\u1ee7a \u201cThu\u1eadt s\u0129\u201d, h\u1ee3p th\u00e0nh 2 t\u1eadp truy\u1ec7n ng\u1eafn v\u00e0 6 ti\u1ec3u thuy\u1ebft. Lo\u1ea1t truy\u1ec7n n\u00e0y \u0111\u00e3 g\u00f3p ph\u1ea7n \u0111\u01b0a \u00f4ng th\u00e0nh nh\u00e0 v\u0103n fantasy n\u1ed5i ti\u1ebfng nh\u1ea5t Ba Lan nh\u1eefng n\u0103m 1990.<\/p>\n<p>N\u0103m 2001, lo\u1ea1t phim truy\u1ec1n h\u00ecnh chuy\u1ec3n th\u1ec3 t\u1eeb t\u00e1c ph\u1ea9m \u0111\u01b0\u1ee3c ra m\u1eaft \u1edf Ba Lan v\u00e0 th\u1ebf gi\u1edbi, v\u1edbi t\u00ean Wied\u017amin (The Hexer trong ti\u1ebfng Anh). N\u0103m 2007, nh\u00e0 ph\u00e1t tri\u1ec3n game Ba Lan, CD Projekt Red, cho ra m\u1eaft The Witcher, t\u1ef1a game nh\u1eadp vai \u0111\u1ea7u ti\u00ean d\u1ef1a theo t\u00e1c ph\u1ea9m. C\u00e1c ph\u1ea7n game ti\u1ebfp theo l\u1ea7n l\u01b0\u1ee3t \u0111\u01b0\u1ee3c ph\u00e1t h\u00e0nh l\u00e0 The Witcher 2: Assassins of Kings (2011) v\u00e0 The Witcher 3: Wild Hunt (2015). N\u0103m 2019, Netflix cho ra m\u1eaft m\u00f9a \u0111\u1ea7u ti\u00ean phi\u00ean b\u1ea3n phim chuy\u1ec3n th\u1ec3 n\u00f3i ti\u1ebfng Anh, t\u00ean g\u1ecdi The Witcher. M\u00f9a th\u1ee9 hai c\u1ee7a phim \u0111\u01b0\u1ee3c ra m\u1eaft n\u0103m 2021, c\u00f9ng v\u1edbi c\u00e1c d\u1ef1 \u00e1n phim ti\u1ec1n truy\u1ec7n kh\u00e1c.<\/p>\n","protected":false},"featured_media":23247,"template":"","meta":{"_acf_changed":false},"product_brand":[],"product_cat":[15,45],"product_tag":[83],"class_list":{"0":"post-23248","1":"product","2":"type-product","3":"status-publish","4":"has-post-thumbnail","6":"product_cat-sach-danh-cho-nguoi-lon","7":"product_cat-tieu-thuyet","8":"product_tag-sach-moi-xuat-ban","10":"first","11":"outofstock","12":"taxable","13":"shipping-taxable","14":"purchasable","15":"product-type-simple"},"supplier_id":null,"supplier_sku":"","barcode":null,"atum_controlled":true,"out_stock_date":"2023-05-22 10:42:21","out_stock_threshold":null,"inheritable":false,"inbound_stock":0,"stock_on_hold":0,"sold_today":0,"sales_last_days":0,"reserved_stock":0,"customer_returns":0,"warehouse_damage":0,"lost_in_post":0,"other_logs":0,"out_stock_days":982,"lost_sales":0,"has_location":false,"update_date":"2026-01-28T23:11:13","atum_locations":[],"atum_stock_status":"outofstock","restock_status":false,"low_stock_amount":"","sales_update_date":"2026-01-28T23:11:13","calc_backorders":null,"acf":{"publisher":{"ID":1424,"post_author":"1","post_date":"2021-02-17 00:02:29","post_date_gmt":"2021-02-16 22:02:29","post_content":"<!-- wp:flatsome\/uxbuilder -->\n<h1 style=\"text-align: center\"><strong>Nh\u00e3 Nam<\/strong><\/h1>\n[row]\n\n[col span=\"6\" span__sm=\"12\"]\n\n[ux_image id=\"1438\" image_size=\"medium\"]\n\n\n[\/col]\n[col span=\"6\" span__sm=\"12\"]\n\n<p><strong>C\u00f4ng ty c\u1ed5 ph\u1ea7n V\u0103n h\u00f3a v\u00e0 Truy\u1ec1n th\u00f4ng Nh\u00e3 Nam<\/strong><\/p>\n<p>Th\u00e1ng 2 n\u0103m 2005, Nh\u00e3 Nam, t\u00ean \u0111\u1ea7y \u0111\u1ee7 l\u00e0 C\u00f4ng ty C\u1ed5 ph\u1ea7n V\u0103n h\u00f3a v\u00e0 Truy\u1ec1n th\u00f4ng Nh\u00e3 Nam \u0111\u00e3 gia nh\u1eadp th\u1ecb tr\u01b0\u1eddng s\u00e1ch. T\u00e1c ph\u1ea9m \"Balzac v\u00e0 c\u00f4 b\u00e9 th\u1ee3 may Trung hoa\" c\u1ee7a \u0110\u1edbi T\u01b0 Ki\u1ec7t l\u00e0 cu\u1ed1n s\u00e1ch \u0111\u1ea7u ti\u00ean \u0111\u01b0\u1ee3c nh\u1eefng ng\u01b0\u1eddi s\u00e1ng l\u1eadp Nh\u00e3 Nam xu\u1ea5t b\u1ea3n c\u1ea3 tr\u01b0\u1edbc khi c\u00f4ng ty ra \u0111\u1eddi. Ngay l\u1eadp t\u1ee9c t\u1eeb cu\u1ed1n s\u00e1ch \u0111\u1ea7u ti\u00ean, \u0111\u1ed9c gi\u1ea3 \u0111\u00e3 d\u00e0nh s\u1ef1 quan t\u00e2m v\u00e0 y\u00eau m\u1ebfn cho m\u1ed9t th\u01b0\u01a1ng hi\u1ec7u s\u00e1ch m\u1edbi m\u1ebb mang trong m\u00ecnh kh\u00e1t v\u1ecdng g\u00f3p ph\u1ea7n t\u1ea1o l\u1eadp di\u1ec7n m\u1ea1o m\u1edbi cho xu\u1ea5t b\u1ea3n v\u0103n h\u1ecdc t\u1ea1i Vi\u1ec7t Nam.<\/p>\n<p>L\u00f2ng say m\u00ea c\u1ee7a \u0111\u1ed9i ng\u0169 l\u00e0 vi\u00ean \u0111\u00e1 \u0111\u1ea7u ti\u00ean. Tr\u1ea3i qua m\u1ea5y n\u0103m ph\u00e1t tri\u1ec3n, Nh\u00e3 Nam \u0111\u00e3 \u0111\u01b0\u1ee3c x\u00e2y d\u1ef1ng d\u1ea7n l\u00ean trong di\u1ec7n m\u1ea1o m\u1ed9t nh\u00e0 xu\u1ea5t b\u1ea3n v\u1eefng ch\u00e3i v\u00e0 chuy\u00ean nghi\u1ec7p. S\u00e1u th\u00e1ng sau khi th\u00e0nh l\u1eadp c\u00f4ng ty, Nh\u1eadt k\u00fd \u0110\u1eb7ng Th\u00f9y Tr\u00e2m ra \u0111\u1eddi, t\u1ea1o n\u00ean m\u1ed9t c\u01a1n s\u1ed1t trong x\u00e3 h\u1ed9i, v\u1edbi g\u1ea7n 500,000 b\u1ea3n s\u00e1ch \u0111\u01b0\u1ee3c ph\u00e1t h\u00e0nh, ph\u00e1 m\u1ecdi k\u1ef7 l\u1ee5c v\u1ec1 xu\u1ea5t b\u1ea3n tr\u01b0\u1edbc \u0111\u00f3, k\u00e9o theo m\u1ed9t lo\u1ea1t nh\u1eefng hi\u1ec7u \u1ee9ng x\u00e3 h\u1ed9i v\u00e0 d\u01b0 lu\u1eadn c\u00f3 \u00fd ngh\u0129a. T\u1eeb \u0111\u00f3 tr\u1edf \u0111i, th\u00f4ng qua Nh\u00e3 Nam, c\u00e1c cu\u1ed1n s\u00e1ch v\u0103n h\u1ecdc n\u01b0\u1edbc ngo\u00e0i c\u00f3 gi\u00e1 tr\u1ecb \u0111\u01b0\u1ee3c li\u00ean t\u1ee5c mua b\u1ea3n quy\u1ec1n v\u00e0 xu\u1ea5t b\u1ea3n t\u1ea1i Vi\u1ec7t Nam, thu h\u00fat nhi\u1ec1u t\u1ea7ng l\u1edbp \u0111\u1ed9c gi\u1ea3. S\u00e1ch c\u1ee7a Nh\u00e3 Nam n\u1ed5i b\u1eadt b\u1edfi n\u1ed9i dung v\u0103n h\u1ecdc tinh t\u1ebf, b\u1edfi v\u1ebb \u0111\u1eb9p c\u1ee7a thi\u1ebft k\u1ebf hi\u1ec7n \u0111\u1ea1i \u1edf h\u00ecnh th\u1ee9c, b\u1edfi s\u1ef1 ch\u0103m ch\u00fat k\u1ef9 l\u01b0\u1ee1ng cho m\u1ed7i cu\u1ed1n s\u00e1ch nh\u01b0 m\u1ed9t con thuy\u1ec1n mang t\u1edbi ni\u1ec1m vui, tri th\u1ee9c, ng\u1ea1c nhi\u00ean, v\u00e0 \u0111\u1ed3ng c\u1ea3m.<\/p>\n\n[\/col]\n\n[\/row]\n<p style=\"text-align: left\">Hi\u1ec3u th\u1eddi \u0111\u1ea1i \u0111ang s\u1ed1ng th\u00f4ng qua s\u00e1ch, song h\u00e0nh v\u1edbi nh\u1eefng bi\u1ebfn chuy\u1ec3n s\u00e2u s\u1eafc trong l\u00f2ng x\u00e3 h\u1ed9i b\u1eb1ng nh\u1eefng ho\u1ea1t \u0111\u1ed9ng xu\u1ea5t b\u1ea3n mi\u1ec7t m\u00e0i v\u00e0 qu\u1ea3 c\u1ea3m, con \u0111\u01b0\u1eddng Nh\u00e3 Nam \u0111\u00e3 ch\u1ecdn \u0111\u1ec3 \u0111i s\u1ebd c\u00f2n d\u00e0i. Nhi\u1ec1u kh\u00f3 kh\u0103n, th\u1eed th\u00e1ch \u0111ang \u1edf ph\u00eda tr\u01b0\u1edbc. B\u01b0\u1edbc qua th\u1eddi k\u1ef3 s\u01a1 khai v\u1edbi nh\u1eefng b\u00e0i h\u1ecdc v\u00e0 nh\u1eefng kinh nghi\u1ec7m \u0111\u1ea7u ti\u00ean, Nh\u00e3 Nam gi\u1edd \u0111\u00e3 s\u1eb5n s\u00e0ng cho m\u1ed9t ch\u1eb7ng \u0111\u01b0\u1eddng ph\u00e1t tri\u1ec3n m\u1edbi. V\u00e0 ch\u00fang t\u00f4i mu\u1ed1n ho\u00e0n thi\u1ec7n m\u00ecnh trong s\u1ef1 c\u1ea7u th\u1ecb v\u00e0 c\u1ea9n tr\u1ecdng. T\u1ea5t c\u1ea3 v\u00ec m\u1ed9t gia s\u1ea3n s\u00e1ch to l\u1edbn, c\u00f3 s\u1ee9c s\u1ed1ng d\u00e0i l\u00e2u, c\u00f3 \u00fd ngh\u0129a v\u1edbi nhi\u1ec1u th\u1ebf h\u1ec7 b\u1ea1n \u0111\u1ecdc.<br \/>B\u1edfi v\u00ec s\u00e1ch l\u00e0 th\u1ebf gi\u1edbi.<\/p>\n<p><strong>\u0110\u00e2y l\u00e0 m\u1ed9t nh\u00e0 ph\u00e1t h\u00e0nh s\u00e1ch m\u00e0 SACHVIET.EU r\u1ea5t y\u00eau th\u00edch v\u00e0 tin t\u01b0\u1edfng. Nh\u00ecn \u0111\u01b0\u1ee3c t\u1ea7m \u1ea3nh h\u01b0\u1edfng c\u1ee7a Nh\u00e3 Nam qua t\u1eebng cu\u1ed1n s\u00e1ch, SACHVIET.EU li\u00ean h\u1ec7 h\u1ee3p t\u00e1c ngay v\u1edbi Nh\u00e3 Nam \u0111\u1ec3 \u0111em to\u00e0n b\u1ed9 nh\u1eefng t\u00e1c ph\u1ea9m m\u1edbi, hay nh\u1ea5t m\u00e0 Nh\u00e3 Nam c\u00f3 sang Ch\u00e2u \u00c2u, \u0111\u01b0a \u0111\u1ebfn cho \u0111\u1ed9c gi\u1ea3 c\u00f3 nhi\u1ec1u s\u1ef1 l\u1ef1a ch\u1ecdn phong ph\u00fa h\u01a1n c\u1ea3 s\u00e1ch cho tr\u1ebb em l\u1eabn ng\u01b0\u1eddi l\u1edbn.\u00a0<\/strong><\/p>\n\n<!-- \/wp:flatsome\/uxbuilder -->","post_title":"Nh\u00e3 Nam","post_excerpt":"","post_status":"publish","comment_status":"closed","ping_status":"closed","post_password":"","post_name":"nha-nam","to_ping":"","pinged":"","post_modified":"2022-12-19 23:15:33","post_modified_gmt":"2022-12-19 21:15:33","post_content_filtered":"","post_parent":0,"guid":"https:\/\/sachviet.eu\/?post_type=publisher&#038;p=1424","menu_order":0,"post_type":"publisher","post_mime_type":"","comment_count":"0","filter":"raw"}},"_links":{"self":[{"href":"https:\/\/sachviet.eu\/en\/wp-json\/wp\/v2\/product\/23248","targetHints":{"allow":["GET"]}}],"collection":[{"href":"https:\/\/sachviet.eu\/en\/wp-json\/wp\/v2\/product"}],"about":[{"href":"https:\/\/sachviet.eu\/en\/wp-json\/wp\/v2\/types\/product"}],"wp:featuredmedia":[{"embeddable":true,"href":"https:\/\/sachviet.eu\/en\/wp-json\/wp\/v2\/media\/23247"}],"wp:attachment":[{"href":"https:\/\/sachviet.eu\/en\/wp-json\/wp\/v2\/media?parent=23248"}],"wp:term":[{"taxonomy":"product_brand","embeddable":true,"href":"https:\/\/sachviet.eu\/en\/wp-json\/wp\/v2\/product_brand?post=23248"},{"taxonomy":"product_cat","embeddable":true,"href":"https:\/\/sachviet.eu\/en\/wp-json\/wp\/v2\/product_cat?post=23248"},{"taxonomy":"product_tag","embeddable":true,"href":"https:\/\/sachviet.eu\/en\/wp-json\/wp\/v2\/product_tag?post=23248"}],"curies":[{"name":"wp","href":"https:\/\/api.w.org\/{rel}","templated":true}]}}