{"id":23242,"date":"2023-04-03T22:59:08","date_gmt":"2023-04-03T19:59:08","guid":{"rendered":"https:\/\/sachviet.eu\/shop\/bi-mat-the-secret\/"},"modified":"2023-04-04T00:19:25","modified_gmt":"2023-04-03T21:19:25","slug":"bi-mat-the-secret","status":"publish","type":"product","link":"https:\/\/sachviet.eu\/en\/shop\/bi-mat-the-secret\/","title":{"rendered":"B\u00ed m\u1eadt &#8211; The secret"},"content":{"rendered":"<p>Li\u1ec7u Lu\u1eadt h\u1ea5p d\u1eabn c\u00f3 th\u1ef1c s\u1ef1 l\u00e0 m\u1ed9t b\u00ed m\u1eadt? B\u1ea1n c\u00f3 th\u1ec3 ngh\u0129 r\u1eb1ng n\u00f3 ch\u1ec9 l\u00e0 m\u1ed9t th\u1ee9 huy\u1ec1n b\u00ed v\u1edb v\u1ea9n, nh\u01b0ng trong s\u00e1ch Kinh th\u00e1nh c\u0169ng c\u00f3 m\u1ed9t c\u00e2u n\u00f3i r\u1ea5t kinh \u0111i\u1ec3n, \u201cNg\u01b0\u1eddi c\u00f3 \u01b0\u1edbc m\u01a1, lu\u00f4n nh\u1eadn \u0111\u01b0\u1ee3c nhi\u1ec1u h\u01a1n\u201d. \u0110\u00f3 ch\u00ednh l\u00e0 t\u1ef1 c\u1ea3m nh\u1eadn s\u1ef1 \u0111\u1ea7y \u0111\u1ee7 ngay t\u1eeb \u0111\u1ea7u, th\u00ec b\u1ea1n s\u1ebd h\u1ea5p d\u1eabn nhi\u1ec1u s\u1ef1 \u0111\u1ea7y \u0111\u1ee7 h\u01a1n n\u1eefa.<\/p>\n<p>N\u1ebfu b\u1ea1n lu\u00f4n c\u1ea3m th\u1ea5y thi\u1ebfu th\u00ec b\u1ea1n lu\u00f4n nh\u1eadn \u0111\u01b0\u1ee3c t\u00e1c \u0111\u1ed9ng t\u01b0\u01a1ng t\u1ef1. T\u1ea1i sao \u0111i\u1ec1u n\u00e0y x\u1ea3y ra lu\u00f4n l\u00e0 m\u1ed9t \u0111i\u1ec1u huy\u1ec1n b\u00ed? Nh\u01b0ng n\u1ebfu b\u1ea1n c\u00f3 tin hay kh\u00f4ng \u0111i n\u1eefa th\u00ec Lu\u1eadt h\u1ea5p d\u1eabn c\u1ee7a Rhonda lu\u00f4n t\u1ed3n t\u1ea1i.<\/p>\n","protected":false},"excerpt":{"rendered":"<p>Li\u1ec7u Lu\u1eadt h\u1ea5p d\u1eabn c\u00f3 th\u1ef1c s\u1ef1 l\u00e0 m\u1ed9t b\u00ed m\u1eadt? B\u1ea1n c\u00f3 th\u1ec3 ngh\u0129 r\u1eb1ng n\u00f3 ch\u1ec9 l\u00e0 m\u1ed9t th\u1ee9 huy\u1ec1n b\u00ed v\u1edb v\u1ea9n, nh\u01b0ng trong s\u00e1ch Kinh th\u00e1nh c\u0169ng c\u00f3 m\u1ed9t c\u00e2u n\u00f3i r\u1ea5t kinh \u0111i\u1ec3n, \u201cNg\u01b0\u1eddi c\u00f3 \u01b0\u1edbc m\u01a1, lu\u00f4n nh\u1eadn \u0111\u01b0\u1ee3c nhi\u1ec1u h\u01a1n\u201d. \u0110\u00f3 ch\u00ednh l\u00e0 t\u1ef1 c\u1ea3m nh\u1eadn s\u1ef1 \u0111\u1ea7y \u0111\u1ee7 ngay t\u1eeb \u0111\u1ea7u, th\u00ec b\u1ea1n s\u1ebd h\u1ea5p d\u1eabn nhi\u1ec1u s\u1ef1 \u0111\u1ea7y \u0111\u1ee7 h\u01a1n n\u1eefa.<\/p>\n<p>N\u1ebfu b\u1ea1n lu\u00f4n c\u1ea3m th\u1ea5y thi\u1ebfu th\u00ec b\u1ea1n lu\u00f4n nh\u1eadn \u0111\u01b0\u1ee3c t\u00e1c \u0111\u1ed9ng t\u01b0\u01a1ng t\u1ef1. T\u1ea1i sao \u0111i\u1ec1u n\u00e0y x\u1ea3y ra lu\u00f4n l\u00e0 m\u1ed9t \u0111i\u1ec1u huy\u1ec1n b\u00ed? Nh\u01b0ng n\u1ebfu b\u1ea1n c\u00f3 tin hay kh\u00f4ng \u0111i n\u1eefa th\u00ec Lu\u1eadt h\u1ea5p d\u1eabn c\u1ee7a Rhonda lu\u00f4n t\u1ed3n t\u1ea1i.<\/p>\n","protected":false},"featured_media":23241,"template":"","meta":{"_acf_changed":false},"product_brand":[],"product_cat":[18],"product_tag":[],"class_list":{"0":"post-23242","1":"product","2":"type-product","3":"status-publish","4":"has-post-thumbnail","6":"product_cat-kinh-te","8":"first","9":"outofstock","10":"taxable","11":"shipping-taxable","12":"purchasable","13":"product-type-simple"},"supplier_id":null,"supplier_sku":"","barcode":null,"atum_controlled":true,"out_stock_date":"2023-04-03 21:03:13","out_stock_threshold":null,"inheritable":false,"inbound_stock":0,"stock_on_hold":0,"sold_today":0,"sales_last_days":0,"reserved_stock":0,"customer_returns":0,"warehouse_damage":0,"lost_in_post":0,"other_logs":0,"out_stock_days":1031,"lost_sales":0,"has_location":false,"update_date":"2026-01-28T23:11:13","atum_locations":[],"atum_stock_status":"outofstock","restock_status":false,"low_stock_amount":"","sales_update_date":"2026-01-28T23:11:13","calc_backorders":null,"acf":{"publisher":{"ID":8671,"post_author":"1","post_date":"2021-04-28 14:30:12","post_date_gmt":"2021-04-28 11:30:12","post_content":"","post_title":"Alphabooks","post_excerpt":"","post_status":"publish","comment_status":"closed","ping_status":"closed","post_password":"","post_name":"alphabooks","to_ping":"","pinged":"","post_modified":"2021-04-28 14:30:12","post_modified_gmt":"2021-04-28 11:30:12","post_content_filtered":"","post_parent":0,"guid":"https:\/\/sachviet.eu\/nha-phat-hanh\/alphabooks\/","menu_order":0,"post_type":"publisher","post_mime_type":"","comment_count":"0","filter":"raw"}},"_links":{"self":[{"href":"https:\/\/sachviet.eu\/en\/wp-json\/wp\/v2\/product\/23242","targetHints":{"allow":["GET"]}}],"collection":[{"href":"https:\/\/sachviet.eu\/en\/wp-json\/wp\/v2\/product"}],"about":[{"href":"https:\/\/sachviet.eu\/en\/wp-json\/wp\/v2\/types\/product"}],"wp:featuredmedia":[{"embeddable":true,"href":"https:\/\/sachviet.eu\/en\/wp-json\/wp\/v2\/media\/23241"}],"wp:attachment":[{"href":"https:\/\/sachviet.eu\/en\/wp-json\/wp\/v2\/media?parent=23242"}],"wp:term":[{"taxonomy":"product_brand","embeddable":true,"href":"https:\/\/sachviet.eu\/en\/wp-json\/wp\/v2\/product_brand?post=23242"},{"taxonomy":"product_cat","embeddable":true,"href":"https:\/\/sachviet.eu\/en\/wp-json\/wp\/v2\/product_cat?post=23242"},{"taxonomy":"product_tag","embeddable":true,"href":"https:\/\/sachviet.eu\/en\/wp-json\/wp\/v2\/product_tag?post=23242"}],"curies":[{"name":"wp","href":"https:\/\/api.w.org\/{rel}","templated":true}]}}