{"id":23240,"date":"2023-04-03T22:59:01","date_gmt":"2023-04-03T19:59:01","guid":{"rendered":"https:\/\/sachviet.eu\/shop\/the-magic-phep-mau\/"},"modified":"2023-10-23T21:19:08","modified_gmt":"2023-10-23T18:19:08","slug":"the-magic-phep-mau","status":"publish","type":"product","link":"https:\/\/sachviet.eu\/en\/shop\/the-magic-phep-mau\/","title":{"rendered":"The Magic &#8211; Ph\u00e9p m\u00e0u"},"content":{"rendered":"<p>Trong su\u1ed1t h\u01a1n 20 th\u1ebf k\u1ef7 qua, nh\u1eefng l\u1eddi d\u1ea1y trong c\u00e1c v\u0103n b\u1ea3n linh thi\u00eang c\u1ed5 x\u01b0a \u0111\u00e3 khi\u1ebfn h\u1ea7u h\u1ebft m\u1ecdi ng\u01b0\u1eddi hi\u1ec3u nh\u1ea7m. Ch\u1ec9 c\u00f3 m\u1ed9t s\u1ed1 \u00edt ng\u01b0\u1eddi trong l\u1ecbch s\u1eed c\u00f3 th\u1ec3 nh\u1eadn ra r\u1eb1ng n\u00f3 th\u1eadt ra l\u00e0 m\u1ed9t c\u00e2u \u0111\u1ed1, v\u00e0 m\u1ed9t khi \u0111\u00e3 gi\u1ea3i \u0111\u01b0\u1ee3c \u1ea9n \u00fd trong c\u00e2u \u0111\u1ed1 \u1ea5y &#8211;  \u0111\u1ec3 v\u00e9n b\u1ee9c m\u00e0n b\u00ed m\u1eadt &#8211; m\u1ed9t th\u1ebf gi\u1edbi ho\u00e0n to\u00e0n m\u1edbi s\u1ebd xu\u1ea5t hi\u1ec7n tr\u01b0\u1edbc m\u1eaft b\u1ea1n.<\/p>\n<p>Trong quy\u1ec3n s\u00e1ch ph\u00e9p m\u00e0u, Rhonda Byrne \u0111\u00e3 ti\u1ebft l\u1ed9 b\u00ed m\u1eadt \u0111\u1ea7y quy\u1ec1n n\u0103ng n\u00e0y cho c\u1ea3 th\u1ebf gi\u1edbi. V\u00e0 sau \u0111\u00f3, v\u1edbi h\u00e0nh tr\u00ecnh 28 ng\u00e0y nhi\u1ec7m m\u00e0u, c\u00f4 \u1ea5y h\u01b0\u1edbng d\u1eabn ch\u00fang ta ph\u01b0\u01a1ng ph\u00e1p \u1ee9ng d\u1ee5ng ki\u1ebfn th\u1ee9c n\u00e0y v\u00e0o cu\u1ed9c s\u1ed1ng th\u01b0\u1eddng nh\u1eadt.<\/p>\n<p>B\u1ea5t k\u1ec3 b\u1ea1n l\u00e0 ai, b\u1ea5t k\u1ec3 b\u1ea1n \u1edf \u0111\u00e2u, b\u1ea5t k\u1ec3 t\u00ecnh hu\u1ed1ng hi\u1ec7n t\u1ea1i c\u1ee7a b\u1ea1n l\u00e0 g\u00ec, ph\u00e9p m\u00e0u s\u1ebd thay \u0111\u1ed5i ho\u00e0n to\u00e0n cu\u1ed9c s\u1ed1ng c\u1ee7a b\u1ea1n!<\/p>\n","protected":false},"excerpt":{"rendered":"<p>Trong su\u1ed1t h\u01a1n 20 th\u1ebf k\u1ef7 qua, nh\u1eefng l\u1eddi d\u1ea1y trong c\u00e1c v\u0103n b\u1ea3n linh thi\u00eang c\u1ed5 x\u01b0a \u0111\u00e3 khi\u1ebfn h\u1ea7u h\u1ebft m\u1ecdi ng\u01b0\u1eddi hi\u1ec3u nh\u1ea7m. Ch\u1ec9 c\u00f3 m\u1ed9t s\u1ed1 \u00edt ng\u01b0\u1eddi trong l\u1ecbch s\u1eed c\u00f3 th\u1ec3 nh\u1eadn ra r\u1eb1ng n\u00f3 th\u1eadt ra l\u00e0 m\u1ed9t c\u00e2u \u0111\u1ed1, v\u00e0 m\u1ed9t khi \u0111\u00e3 gi\u1ea3i \u0111\u01b0\u1ee3c \u1ea9n \u00fd trong c\u00e2u \u0111\u1ed1 \u1ea5y &#8211;  \u0111\u1ec3 v\u00e9n b\u1ee9c m\u00e0n b\u00ed m\u1eadt &#8211; m\u1ed9t th\u1ebf gi\u1edbi ho\u00e0n to\u00e0n m\u1edbi s\u1ebd xu\u1ea5t hi\u1ec7n tr\u01b0\u1edbc m\u1eaft b\u1ea1n.<\/p>\n<p>Trong quy\u1ec3n s\u00e1ch ph\u00e9p m\u00e0u, Rhonda Byrne \u0111\u00e3 ti\u1ebft l\u1ed9 b\u00ed m\u1eadt \u0111\u1ea7y quy\u1ec1n n\u0103ng n\u00e0y cho c\u1ea3 th\u1ebf gi\u1edbi. V\u00e0 sau \u0111\u00f3, v\u1edbi h\u00e0nh tr\u00ecnh 28 ng\u00e0y nhi\u1ec7m m\u00e0u, c\u00f4 \u1ea5y h\u01b0\u1edbng d\u1eabn ch\u00fang ta ph\u01b0\u01a1ng ph\u00e1p \u1ee9ng d\u1ee5ng ki\u1ebfn th\u1ee9c n\u00e0y v\u00e0o cu\u1ed9c s\u1ed1ng th\u01b0\u1eddng nh\u1eadt.<\/p>\n<p>B\u1ea5t k\u1ec3 b\u1ea1n l\u00e0 ai, b\u1ea5t k\u1ec3 b\u1ea1n \u1edf \u0111\u00e2u, b\u1ea5t k\u1ec3 t\u00ecnh hu\u1ed1ng hi\u1ec7n t\u1ea1i c\u1ee7a b\u1ea1n l\u00e0 g\u00ec, ph\u00e9p m\u00e0u s\u1ebd thay \u0111\u1ed5i ho\u00e0n to\u00e0n cu\u1ed9c s\u1ed1ng c\u1ee7a b\u1ea1n!<\/p>\n","protected":false},"featured_media":23239,"template":"","meta":{"_acf_changed":false},"product_brand":[],"product_cat":[18],"product_tag":[],"class_list":{"0":"post-23240","1":"product","2":"type-product","3":"status-publish","4":"has-post-thumbnail","6":"product_cat-kinh-te","8":"first","9":"outofstock","10":"taxable","11":"shipping-taxable","12":"purchasable","13":"product-type-simple"},"supplier_id":null,"supplier_sku":"","barcode":null,"atum_controlled":true,"out_stock_date":"2023-10-23 18:19:08","out_stock_threshold":null,"inheritable":false,"inbound_stock":0,"stock_on_hold":0,"sold_today":0,"sales_last_days":0,"reserved_stock":0,"customer_returns":0,"warehouse_damage":0,"lost_in_post":0,"other_logs":0,"out_stock_days":828,"lost_sales":0,"has_location":false,"update_date":"2026-01-28T23:11:13","atum_locations":[],"atum_stock_status":"outofstock","restock_status":false,"low_stock_amount":"","sales_update_date":"2026-01-28T23:11:13","calc_backorders":null,"acf":{"publisher":{"ID":8671,"post_author":"1","post_date":"2021-04-28 14:30:12","post_date_gmt":"2021-04-28 11:30:12","post_content":"","post_title":"Alphabooks","post_excerpt":"","post_status":"publish","comment_status":"closed","ping_status":"closed","post_password":"","post_name":"alphabooks","to_ping":"","pinged":"","post_modified":"2021-04-28 14:30:12","post_modified_gmt":"2021-04-28 11:30:12","post_content_filtered":"","post_parent":0,"guid":"https:\/\/sachviet.eu\/nha-phat-hanh\/alphabooks\/","menu_order":0,"post_type":"publisher","post_mime_type":"","comment_count":"0","filter":"raw"}},"_links":{"self":[{"href":"https:\/\/sachviet.eu\/en\/wp-json\/wp\/v2\/product\/23240","targetHints":{"allow":["GET"]}}],"collection":[{"href":"https:\/\/sachviet.eu\/en\/wp-json\/wp\/v2\/product"}],"about":[{"href":"https:\/\/sachviet.eu\/en\/wp-json\/wp\/v2\/types\/product"}],"wp:featuredmedia":[{"embeddable":true,"href":"https:\/\/sachviet.eu\/en\/wp-json\/wp\/v2\/media\/23239"}],"wp:attachment":[{"href":"https:\/\/sachviet.eu\/en\/wp-json\/wp\/v2\/media?parent=23240"}],"wp:term":[{"taxonomy":"product_brand","embeddable":true,"href":"https:\/\/sachviet.eu\/en\/wp-json\/wp\/v2\/product_brand?post=23240"},{"taxonomy":"product_cat","embeddable":true,"href":"https:\/\/sachviet.eu\/en\/wp-json\/wp\/v2\/product_cat?post=23240"},{"taxonomy":"product_tag","embeddable":true,"href":"https:\/\/sachviet.eu\/en\/wp-json\/wp\/v2\/product_tag?post=23240"}],"curies":[{"name":"wp","href":"https:\/\/api.w.org\/{rel}","templated":true}]}}