{"id":23238,"date":"2023-04-03T22:58:56","date_gmt":"2023-04-03T19:58:56","guid":{"rendered":"https:\/\/sachviet.eu\/shop\/hoc-vien-the-institute-stephen-king\/"},"modified":"2023-05-22T13:42:21","modified_gmt":"2023-05-22T10:42:21","slug":"hoc-vien-the-institute-stephen-king","status":"publish","type":"product","link":"https:\/\/sachviet.eu\/en\/shop\/hoc-vien-the-institute-stephen-king\/","title":{"rendered":"H\u1ecdc Vi\u1ec7n &#8211; The Institute (Stephen King)"},"content":{"rendered":"<p>B\u00ean c\u1ea1nh B\u1ea3n \u0111\u1eb7c bi\u1ec7t The Institute ( H\u1ecdc Vi\u1ec7n) l\u00e0m n\u1ee9c l\u00f2ng ng\u01b0\u1eddi h\u00e2m m\u1ed9 \u00f4ng ho\u00e0ng truy\u1ec7n kinh d\u1ecb Stephen King, 1980Books ti\u1ebfp t\u1ee5c ra m\u1eaft b\u1ea3n th\u01b0\u1eddng c\u1ee7a H\u1ecdc Vi\u1ec7n \u0111\u1ec3 \u0111\u01b0a t\u00e1c ph\u1ea9m \u0111\u1ebfn g\u1ea7n v\u1edbi \u0111\u00f4ng \u0111\u1ea3o ng\u01b0\u1eddi h\u00e2m m\u1ed9 truy\u1ec7n h\u01a1n.<\/p>\n<p>H\u1ecdc Vi\u1ec7n l\u00e0 t\u00e1c ph\u1ea9m \u00e1p \u00fat c\u1ee7a t\u00e1c gi\u1ea3 b\u00e1n \u0111\u01b0\u1ee3c h\u01a1n 350 tri\u1ec7u cu\u1ed1n s\u00e1ch tr\u00ean to\u00e0n th\u1ebf gi\u1edbi, Stephen King.<\/p>\n<p>T\u00e1c ph\u1ea9m m\u1edf ra v\u1edbi nh\u00e2n v\u1eadt Tim Jamieson, m\u1ed9t c\u1ef1u c\u1ea3nh s\u00e1t ng\u01b0\u1eddi M\u1ef9 b\u1ecb m\u1ea5t vi\u1ec7c \u0111ang lang thang tr\u00ean cu\u1ed9c h\u00e0nh tr\u00ecnh d\u1ecdc v\u1ec1 ph\u00eda b\u1eafc. T\u00ecnh c\u1edd, anh t\u1edbi m\u1ed9t th\u1ecb tr\u1ea5n kh\u00f4ng-ai-bi\u1ebft-t\u1edbi: DuPray. T\u1ea1i \u0111\u00e2y anh \u0111\u01b0\u1ee3c nh\u1eadn v\u00e0o l\u00e0m ng\u01b0\u1eddi g\u00e1c \u0111\u00eam c\u1ee7a th\u1ecb tr\u1ea5n, mong r\u1eb1ng qu\u00e3ng th\u1eddi gian s\u1eafp t\u1edbi s\u1ebd \u00eam \u0111\u1ec1<\/p>\n<p>Th\u1ebf nh\u01b0ng \u0111\u00f3 ch\u1ec9 l\u00e0 v\u00f2ng ngo\u00e0i, ph\u1ea7n l\u1edbn c\u00e2u chuy\u1ec7n di\u1ec5n ra trong m\u1ed9t c\u01a1 s\u1edf b\u00ed m\u1eadt c\u1ee7a ch\u00ednh ph\u1ee7, v\u1edbi khung c\u1ea3nh x\u00e1m x\u1ecbt, \u0111en t\u1ed1i v\u00e0 \u0111\u1ea7y c\u0103ng th\u1eb3ng, xoay quanh m\u1ed9t c\u1eadu b\u00e9 12 tu\u1ed5i Luke Ellis.<\/p>\n<p>Luke Ellis l\u00e0 m\u1ed9t th\u1ea7n \u0111\u1ed3ng v\u1edbi d\u1ef1 \u0111\u1ecbnh theo h\u1ecdc t\u1ea1i hai tr\u01b0\u1eddng \u0111\u1ea1i h\u1ecdc c\u00f9ng m\u1ed9t l\u00fac. Nh\u01b0ng r\u1ed3i cu\u1ed9c s\u1ed1ng c\u1ee7a c\u1eadu \u0111\u00e3 thay \u0111\u1ed5i ho\u00e0n to\u00e0n khi ph\u00e1t hi\u1ec7n ra m\u00ecnh t\u1ec9nh d\u1eady trong m\u1ed9t c\u0103n ph\u00f2ng gi\u1ed1ng h\u1ec7t ph\u00f2ng ng\u1ee7 t\u1ea1i nh\u00e0, nh\u01b0ng n\u01a1i n\u00e0y l\u1ea1i l\u00e0 m\u1ed9t c\u01a1 s\u1edf b\u00ed m\u1eadt n\u1eb1m \u1edf v\u00f9ng h\u1ebbo l\u00e1nh gi\u1eefa r\u1eebng gi\u00e0 B\u1eafc Maine v\u1edbi c\u00e1i t\u00ean g\u1ecdi: H\u1ecdc Vi\u1ec7n. \u1ede \u0111\u00e2y c\u00f3 nh\u1eefng \u0111\u1ee9a tr\u1ebb \u0111\u1eb7c bi\u1ec7t gi\u1ed1ng nh\u01b0 c\u1eadu, sinh s\u1ed1ng \u1edf Khu n\u1eeda tr\u01b0\u1edbc. Gi\u00e1m \u0111\u1ed1c c\u1ee7a H\u1ecdc vi\u1ec7n, b\u00e0 Sigsby, v\u00e0 c\u00e1c nh\u00e2n vi\u00ean c\u1ee7a b\u00e0 ta h\u1eb1ng ng\u00e0y t\u00e0n nh\u1eabn khai th\u00e1c s\u1ee9c m\u1ea1nh t\u1eeb nh\u1eefng \u0111\u1ee9a tr\u1ebb n\u00e0y, nghi\u00ean c\u1ee9u v\u00e0 s\u1eed d\u1ee5ng nh\u1eefng m\u00f3n qu\u00e0 \u0111\u1eb7c bi\u1ec7t c\u1ee7a ch\u00fang.<\/p>\n<p>N\u1ebfu b\u1ea1n v\u00e2ng l\u1eddi, b\u1ea1n s\u1ebd nh\u1eadn \u0111\u01b0\u1ee3c m\u00e3 \u0111\u1ec3 mua b\u1ea5t k\u00ec th\u1ee9 g\u00ec t\u1eeb c\u00e1c m\u00e1y b\u00e1n h\u00e0ng t\u1ef1 \u0111\u1ed9ng. N\u1ebfu b\u1ea1n kh\u00f4ng nghe theo, \u0111i\u1ec1u ch\u1edd \u0111\u00f3n b\u1ea1n l\u00e0 nh\u1eefng h\u00ecnh ph\u1ea1t t\u00e0n b\u1ea1o. M\u1ed7i khi c\u00f3 m\u1ed9t \u0111\u1ee9a tr\u1ebb b\u1ecb \u0111\u01b0a t\u1edbi Khu n\u1eeda sau v\u00e0 kh\u00f4ng bao gi\u1edd tr\u1edf l\u1ea1i, Luke c\u00e0ng tr\u1edf n\u00ean tuy\u1ec7t v\u1ecdng v\u1edbi vi\u1ec7c tr\u1ed1n tho\u00e1t ra ngo\u00e0i v\u00e0 t\u00ecm s\u1ef1 gi\u00fap \u0111\u1ee1. Ch\u01b0a t\u1eebng c\u00f3 ai tr\u1ed1n tho\u00e1t kh\u1ecfi H\u1ecdc Vi\u1ec7n.<\/p>\n<p>S\u1ef1 th\u1eadt \u0111\u1eb1ng sau n\u01a1i \u0111\u01b0\u1ee3c g\u1ecdi l\u00e0 H\u1ecdc Vi\u1ec7n n\u00e0y l\u00e0 g\u00ec? V\u00e0 c\u00e1i k\u1ebft n\u00e0o cho nh\u1eefng \u0111\u1ee9a tr\u1ebb b\u1ecb b\u1eaft t\u1edbi H\u1ecdc Vi\u1ec7n?<br \/>\nV\u1ec1 t\u00e1c gi\u1ea3:<br \/>\n\u0110\u1ed9c gi\u1ea3 kh\u00f4ng c\u00f2n xa l\u1ea1 v\u1edbi c\u00e1i t\u00ean Stephen King, t\u00e1c gi\u1ea3 d\u00f2ng s\u00e1ch kinh d\u1ecb, k\u00ec b\u00ed n\u1ed5i danh to\u00e0n th\u1ebf gi\u1edbi v\u1edbi c\u00e1c t\u00e1c ph\u1ea9m c\u00f9ng c\u00e1c b\u1ed9 phim chuy\u1ec3n th\u1ec3 \u0111\u00e3 tr\u1edf th\u00e0nh kinh \u0111i\u1ec3n.<br \/>\n\u00d4ng l\u00e0 t\u00e1c gi\u1ea3 c\u1ee7a h\u01a1n 50 cu\u1ed1n s\u00e1ch b\u00e1n ch\u1ea1y nh\u1ea5t &#8211; l\u00e0 m\u1ed9t b\u1eadc th\u1ea7y trong vi\u1ec7c t\u1ea1o ra m\u1ed9t b\u1ea7u kh\u00f4ng kh\u00ed u \u00e1m bao ph\u1ee7 l\u00ean t\u1eebng trang truy\u1ec7n.<\/p>\n<p>Stephen King l\u00e0 ng\u01b0\u1eddi gi\u1ecfi nh\u1ea5t trong vi\u1ec7c t\u1ea1o ra t\u1eebng m\u1ea3nh gh\u00e9p c\u1ee7a c\u00e2u chuy\u1ec7n v\u00e0 x\u1ebfp \u0111\u1eb7t ch\u00fang l\u1ea1i v\u1edbi nhau theo m\u1ed9t c\u00e1ch kh\u00e9o l\u00e9o, d\u1ec5 hi\u1ec3u v\u00e0 \u0111\u01a1n gi\u1ea3n. H\u1ecdc Vi\u1ec7n kh\u00f4ng qu\u00e1 b\u1ea1o l\u1ef1c ho\u1eb7c r\u00f9ng r\u1ee3n nh\u01b0 xu h\u01b0\u1edbng trong m\u1ed9t s\u1ed1 cu\u1ed1n s\u00e1ch kh\u00e1c c\u1ee7a King. N\u1eeda \u0111\u1ea7u cu\u1ed1n s\u00e1ch c\u00f3 di\u1ec5n ti\u1ebfn ch\u1eadm r\u00e3i, v\u1ebd n\u00ean m\u1ed9t khung c\u1ea3nh t\u01b0\u1edfng ch\u1eebng \u00eam \u0111\u1ec1m v\u00e0 nh\u1eb9 nh\u00e0ng, nh\u01b0ng King \u0111\u00e3 c\u00e0i c\u1eafm nh\u1eefng g\u1ee3i m\u1edf n\u1ed9i dung v\u00e0 nh\u1eefng t\u00ecnh ti\u1ebft nh\u1ecf v\u00e0o t\u1eebng c\u00e2u ch\u1eef, \u0111\u1ec3 m\u1ed7i ph\u1ea7n \u0111\u1ec1u l\u00e0 m\u1ed9t m\u1eaft x\u00edch gi\u00fap khai ph\u00e1 ra s\u1ef1 th\u1eadt \u1ea9n \u0111\u1eb1ng sau H\u1ecdc Vi\u1ec7n.<\/p>\n<p>M\u1ecdi th\u1ee9 b\u1ea1n mong \u0111\u1ee3i \u1edf Stephen King \u0111\u1ec1u c\u00f3 trong cu\u1ed1n s\u00e1ch n\u00e0y: nh\u1eefng nh\u00e2n v\u1eadt v\u1edbi t\u00ednh c\u00e1ch \u0111\u01b0\u1ee3c kh\u1eafc h\u1ecda v\u00f4 c\u00f9ng l\u1eadp d\u1ecb; m\u1ed9t c\u1ed1t truy\u1ec7n \u0111\u01b0\u1ee3c x\u00e2y d\u1ef1ng ch\u1eb7t ch\u1ebd v\u00e0 m\u1ed7i chi ti\u1ebft nh\u1ecf \u0111\u1ec1u \u0111\u01b0\u1ee3c s\u1eafp \u0111\u1eb7t c\u00f3 ch\u1ee7 \u0111\u00edch; m\u1ed9t c\u1ea3m gi\u00e1c ng\u01b0\u1eddi \u0111\u1ecdc \u0111\u01b0\u1ee3c t\u1ef1 th\u1ecfa s\u1ee9c t\u01b0\u1edfng t\u01b0\u1ee3ng ra t\u1eebng khung c\u1ea3nh; v\u00e0 nh\u1eefng c\u00e2u chuy\u1ec7n c\u1ea3m \u0111\u1ed9ng v\u1ec1 t\u00ecnh b\u1ea1n khi\u1ebfn ta th\u1ea5y b\u1ee9t r\u1ee9t.<\/p>\n<p>The Institute cho th\u1ea5y Stephen King d\u00f9 tu\u1ed5i \u0111\u00e3 cao nh\u01b0ng v\u1eabn \u0111ang c\u00f2n \u1edf \u0111\u1ec9nh cao phong \u0111\u1ed9.<\/p>\n","protected":false},"excerpt":{"rendered":"<p>B\u00ean c\u1ea1nh B\u1ea3n \u0111\u1eb7c bi\u1ec7t The Institute ( H\u1ecdc Vi\u1ec7n) l\u00e0m n\u1ee9c l\u00f2ng ng\u01b0\u1eddi h\u00e2m m\u1ed9 \u00f4ng ho\u00e0ng truy\u1ec7n kinh d\u1ecb Stephen King, 1980Books ti\u1ebfp t\u1ee5c ra m\u1eaft b\u1ea3n th\u01b0\u1eddng c\u1ee7a H\u1ecdc Vi\u1ec7n \u0111\u1ec3 \u0111\u01b0a t\u00e1c ph\u1ea9m \u0111\u1ebfn g\u1ea7n v\u1edbi \u0111\u00f4ng \u0111\u1ea3o ng\u01b0\u1eddi h\u00e2m m\u1ed9 truy\u1ec7n h\u01a1n.<\/p>\n<p>H\u1ecdc Vi\u1ec7n l\u00e0 t\u00e1c ph\u1ea9m \u00e1p \u00fat c\u1ee7a t\u00e1c gi\u1ea3 b\u00e1n \u0111\u01b0\u1ee3c h\u01a1n 350 tri\u1ec7u cu\u1ed1n s\u00e1ch tr\u00ean to\u00e0n th\u1ebf gi\u1edbi, Stephen King.<\/p>\n<p>T\u00e1c ph\u1ea9m m\u1edf ra v\u1edbi nh\u00e2n v\u1eadt Tim Jamieson, m\u1ed9t c\u1ef1u c\u1ea3nh s\u00e1t ng\u01b0\u1eddi M\u1ef9 b\u1ecb m\u1ea5t vi\u1ec7c \u0111ang lang thang tr\u00ean cu\u1ed9c h\u00e0nh tr\u00ecnh d\u1ecdc v\u1ec1 ph\u00eda b\u1eafc. T\u00ecnh c\u1edd, anh t\u1edbi m\u1ed9t th\u1ecb tr\u1ea5n kh\u00f4ng-ai-bi\u1ebft-t\u1edbi: DuPray. T\u1ea1i \u0111\u00e2y anh \u0111\u01b0\u1ee3c nh\u1eadn v\u00e0o l\u00e0m ng\u01b0\u1eddi g\u00e1c \u0111\u00eam c\u1ee7a th\u1ecb tr\u1ea5n, mong r\u1eb1ng qu\u00e3ng th\u1eddi gian s\u1eafp t\u1edbi s\u1ebd \u00eam \u0111\u1ec1<\/p>\n<p>Th\u1ebf nh\u01b0ng \u0111\u00f3 ch\u1ec9 l\u00e0 v\u00f2ng ngo\u00e0i, ph\u1ea7n l\u1edbn c\u00e2u chuy\u1ec7n di\u1ec5n ra trong m\u1ed9t c\u01a1 s\u1edf b\u00ed m\u1eadt c\u1ee7a ch\u00ednh ph\u1ee7, v\u1edbi khung c\u1ea3nh x\u00e1m x\u1ecbt, \u0111en t\u1ed1i v\u00e0 \u0111\u1ea7y c\u0103ng th\u1eb3ng, xoay quanh m\u1ed9t c\u1eadu b\u00e9 12 tu\u1ed5i Luke Ellis.<\/p>\n<p>Luke Ellis l\u00e0 m\u1ed9t th\u1ea7n \u0111\u1ed3ng v\u1edbi d\u1ef1 \u0111\u1ecbnh theo h\u1ecdc t\u1ea1i hai tr\u01b0\u1eddng \u0111\u1ea1i h\u1ecdc c\u00f9ng m\u1ed9t l\u00fac. Nh\u01b0ng r\u1ed3i cu\u1ed9c s\u1ed1ng c\u1ee7a c\u1eadu \u0111\u00e3 thay \u0111\u1ed5i ho\u00e0n to\u00e0n khi ph\u00e1t hi\u1ec7n ra m\u00ecnh t\u1ec9nh d\u1eady trong m\u1ed9t c\u0103n ph\u00f2ng gi\u1ed1ng h\u1ec7t ph\u00f2ng ng\u1ee7 t\u1ea1i nh\u00e0, nh\u01b0ng n\u01a1i n\u00e0y l\u1ea1i l\u00e0 m\u1ed9t c\u01a1 s\u1edf b\u00ed m\u1eadt n\u1eb1m \u1edf v\u00f9ng h\u1ebbo l\u00e1nh gi\u1eefa r\u1eebng gi\u00e0 B\u1eafc Maine v\u1edbi c\u00e1i t\u00ean g\u1ecdi: H\u1ecdc Vi\u1ec7n. \u1ede \u0111\u00e2y c\u00f3 nh\u1eefng \u0111\u1ee9a tr\u1ebb \u0111\u1eb7c bi\u1ec7t gi\u1ed1ng nh\u01b0 c\u1eadu, sinh s\u1ed1ng \u1edf Khu n\u1eeda tr\u01b0\u1edbc. Gi\u00e1m \u0111\u1ed1c c\u1ee7a H\u1ecdc vi\u1ec7n, b\u00e0 Sigsby, v\u00e0 c\u00e1c nh\u00e2n vi\u00ean c\u1ee7a b\u00e0 ta h\u1eb1ng ng\u00e0y t\u00e0n nh\u1eabn khai th\u00e1c s\u1ee9c m\u1ea1nh t\u1eeb nh\u1eefng \u0111\u1ee9a tr\u1ebb n\u00e0y, nghi\u00ean c\u1ee9u v\u00e0 s\u1eed d\u1ee5ng nh\u1eefng m\u00f3n qu\u00e0 \u0111\u1eb7c bi\u1ec7t c\u1ee7a ch\u00fang.<\/p>\n<p>N\u1ebfu b\u1ea1n v\u00e2ng l\u1eddi, b\u1ea1n s\u1ebd nh\u1eadn \u0111\u01b0\u1ee3c m\u00e3 \u0111\u1ec3 mua b\u1ea5t k\u00ec th\u1ee9 g\u00ec t\u1eeb c\u00e1c m\u00e1y b\u00e1n h\u00e0ng t\u1ef1 \u0111\u1ed9ng. N\u1ebfu b\u1ea1n kh\u00f4ng nghe theo, \u0111i\u1ec1u ch\u1edd \u0111\u00f3n b\u1ea1n l\u00e0 nh\u1eefng h\u00ecnh ph\u1ea1t t\u00e0n b\u1ea1o. M\u1ed7i khi c\u00f3 m\u1ed9t \u0111\u1ee9a tr\u1ebb b\u1ecb \u0111\u01b0a t\u1edbi Khu n\u1eeda sau v\u00e0 kh\u00f4ng bao gi\u1edd tr\u1edf l\u1ea1i, Luke c\u00e0ng tr\u1edf n\u00ean tuy\u1ec7t v\u1ecdng v\u1edbi vi\u1ec7c tr\u1ed1n tho\u00e1t ra ngo\u00e0i v\u00e0 t\u00ecm s\u1ef1 gi\u00fap \u0111\u1ee1. Ch\u01b0a t\u1eebng c\u00f3 ai tr\u1ed1n tho\u00e1t kh\u1ecfi H\u1ecdc Vi\u1ec7n.<\/p>\n<p>S\u1ef1 th\u1eadt \u0111\u1eb1ng sau n\u01a1i \u0111\u01b0\u1ee3c g\u1ecdi l\u00e0 H\u1ecdc Vi\u1ec7n n\u00e0y l\u00e0 g\u00ec? V\u00e0 c\u00e1i k\u1ebft n\u00e0o cho nh\u1eefng \u0111\u1ee9a tr\u1ebb b\u1ecb b\u1eaft t\u1edbi H\u1ecdc Vi\u1ec7n?<br \/>\nV\u1ec1 t\u00e1c gi\u1ea3:<br \/>\n\u0110\u1ed9c gi\u1ea3 kh\u00f4ng c\u00f2n xa l\u1ea1 v\u1edbi c\u00e1i t\u00ean Stephen King, t\u00e1c gi\u1ea3 d\u00f2ng s\u00e1ch kinh d\u1ecb, k\u00ec b\u00ed n\u1ed5i danh to\u00e0n th\u1ebf gi\u1edbi v\u1edbi c\u00e1c t\u00e1c ph\u1ea9m c\u00f9ng c\u00e1c b\u1ed9 phim chuy\u1ec3n th\u1ec3 \u0111\u00e3 tr\u1edf th\u00e0nh kinh \u0111i\u1ec3n.<br \/>\n\u00d4ng l\u00e0 t\u00e1c gi\u1ea3 c\u1ee7a h\u01a1n 50 cu\u1ed1n s\u00e1ch b\u00e1n ch\u1ea1y nh\u1ea5t &#8211; l\u00e0 m\u1ed9t b\u1eadc th\u1ea7y trong vi\u1ec7c t\u1ea1o ra m\u1ed9t b\u1ea7u kh\u00f4ng kh\u00ed u \u00e1m bao ph\u1ee7 l\u00ean t\u1eebng trang truy\u1ec7n.<\/p>\n<p>Stephen King l\u00e0 ng\u01b0\u1eddi gi\u1ecfi nh\u1ea5t trong vi\u1ec7c t\u1ea1o ra t\u1eebng m\u1ea3nh gh\u00e9p c\u1ee7a c\u00e2u chuy\u1ec7n v\u00e0 x\u1ebfp \u0111\u1eb7t ch\u00fang l\u1ea1i v\u1edbi nhau theo m\u1ed9t c\u00e1ch kh\u00e9o l\u00e9o, d\u1ec5 hi\u1ec3u v\u00e0 \u0111\u01a1n gi\u1ea3n. H\u1ecdc Vi\u1ec7n kh\u00f4ng qu\u00e1 b\u1ea1o l\u1ef1c ho\u1eb7c r\u00f9ng r\u1ee3n nh\u01b0 xu h\u01b0\u1edbng trong m\u1ed9t s\u1ed1 cu\u1ed1n s\u00e1ch kh\u00e1c c\u1ee7a King. N\u1eeda \u0111\u1ea7u cu\u1ed1n s\u00e1ch c\u00f3 di\u1ec5n ti\u1ebfn ch\u1eadm r\u00e3i, v\u1ebd n\u00ean m\u1ed9t khung c\u1ea3nh t\u01b0\u1edfng ch\u1eebng \u00eam \u0111\u1ec1m v\u00e0 nh\u1eb9 nh\u00e0ng, nh\u01b0ng King \u0111\u00e3 c\u00e0i c\u1eafm nh\u1eefng g\u1ee3i m\u1edf n\u1ed9i dung v\u00e0 nh\u1eefng t\u00ecnh ti\u1ebft nh\u1ecf v\u00e0o t\u1eebng c\u00e2u ch\u1eef, \u0111\u1ec3 m\u1ed7i ph\u1ea7n \u0111\u1ec1u l\u00e0 m\u1ed9t m\u1eaft x\u00edch gi\u00fap khai ph\u00e1 ra s\u1ef1 th\u1eadt \u1ea9n \u0111\u1eb1ng sau H\u1ecdc Vi\u1ec7n.<\/p>\n<p>M\u1ecdi th\u1ee9 b\u1ea1n mong \u0111\u1ee3i \u1edf Stephen King \u0111\u1ec1u c\u00f3 trong cu\u1ed1n s\u00e1ch n\u00e0y: nh\u1eefng nh\u00e2n v\u1eadt v\u1edbi t\u00ednh c\u00e1ch \u0111\u01b0\u1ee3c kh\u1eafc h\u1ecda v\u00f4 c\u00f9ng l\u1eadp d\u1ecb; m\u1ed9t c\u1ed1t truy\u1ec7n \u0111\u01b0\u1ee3c x\u00e2y d\u1ef1ng ch\u1eb7t ch\u1ebd v\u00e0 m\u1ed7i chi ti\u1ebft nh\u1ecf \u0111\u1ec1u \u0111\u01b0\u1ee3c s\u1eafp \u0111\u1eb7t c\u00f3 ch\u1ee7 \u0111\u00edch; m\u1ed9t c\u1ea3m gi\u00e1c ng\u01b0\u1eddi \u0111\u1ecdc \u0111\u01b0\u1ee3c t\u1ef1 th\u1ecfa s\u1ee9c t\u01b0\u1edfng t\u01b0\u1ee3ng ra t\u1eebng khung c\u1ea3nh; v\u00e0 nh\u1eefng c\u00e2u chuy\u1ec7n c\u1ea3m \u0111\u1ed9ng v\u1ec1 t\u00ecnh b\u1ea1n khi\u1ebfn ta th\u1ea5y b\u1ee9t r\u1ee9t.<\/p>\n<p>The Institute cho th\u1ea5y Stephen King d\u00f9 tu\u1ed5i \u0111\u00e3 cao nh\u01b0ng v\u1eabn \u0111ang c\u00f2n \u1edf \u0111\u1ec9nh cao phong \u0111\u1ed9.<\/p>\n","protected":false},"featured_media":23237,"template":"","meta":{"_acf_changed":false},"product_brand":[],"product_cat":[15,45,72],"product_tag":[83],"class_list":{"0":"post-23238","1":"product","2":"type-product","3":"status-publish","4":"has-post-thumbnail","6":"product_cat-sach-danh-cho-nguoi-lon","7":"product_cat-tieu-thuyet","8":"product_cat-trinh-tham-kinh-di","9":"product_tag-sach-moi-xuat-ban","11":"first","12":"outofstock","13":"taxable","14":"shipping-taxable","15":"purchasable","16":"product-type-simple"},"supplier_id":null,"supplier_sku":"","barcode":null,"atum_controlled":true,"out_stock_date":"2023-05-22 10:42:21","out_stock_threshold":null,"inheritable":false,"inbound_stock":0,"stock_on_hold":0,"sold_today":0,"sales_last_days":0,"reserved_stock":0,"customer_returns":0,"warehouse_damage":0,"lost_in_post":0,"other_logs":0,"out_stock_days":982,"lost_sales":0,"has_location":false,"update_date":"2026-01-28T23:11:13","atum_locations":[],"atum_stock_status":"outofstock","restock_status":false,"low_stock_amount":"","sales_update_date":"2026-01-28T23:11:13","calc_backorders":null,"acf":{"publisher":{"ID":4030,"post_author":"1","post_date":"2021-03-02 03:51:27","post_date_gmt":"2021-03-02 01:51:27","post_content":"","post_title":"1980 Books","post_excerpt":"","post_status":"publish","comment_status":"closed","ping_status":"closed","post_password":"","post_name":"1980-books","to_ping":"","pinged":"","post_modified":"2021-03-02 03:51:27","post_modified_gmt":"2021-03-02 01:51:27","post_content_filtered":"","post_parent":0,"guid":"https:\/\/sachviet.eu\/nha-phat-hanh\/1980-books\/","menu_order":0,"post_type":"publisher","post_mime_type":"","comment_count":"0","filter":"raw"}},"_links":{"self":[{"href":"https:\/\/sachviet.eu\/en\/wp-json\/wp\/v2\/product\/23238","targetHints":{"allow":["GET"]}}],"collection":[{"href":"https:\/\/sachviet.eu\/en\/wp-json\/wp\/v2\/product"}],"about":[{"href":"https:\/\/sachviet.eu\/en\/wp-json\/wp\/v2\/types\/product"}],"wp:featuredmedia":[{"embeddable":true,"href":"https:\/\/sachviet.eu\/en\/wp-json\/wp\/v2\/media\/23237"}],"wp:attachment":[{"href":"https:\/\/sachviet.eu\/en\/wp-json\/wp\/v2\/media?parent=23238"}],"wp:term":[{"taxonomy":"product_brand","embeddable":true,"href":"https:\/\/sachviet.eu\/en\/wp-json\/wp\/v2\/product_brand?post=23238"},{"taxonomy":"product_cat","embeddable":true,"href":"https:\/\/sachviet.eu\/en\/wp-json\/wp\/v2\/product_cat?post=23238"},{"taxonomy":"product_tag","embeddable":true,"href":"https:\/\/sachviet.eu\/en\/wp-json\/wp\/v2\/product_tag?post=23238"}],"curies":[{"name":"wp","href":"https:\/\/api.w.org\/{rel}","templated":true}]}}