{"id":23236,"date":"2023-04-03T22:58:50","date_gmt":"2023-04-03T19:58:50","guid":{"rendered":"https:\/\/sachviet.eu\/shop\/tiem-tap-hoa-luu-dong-cua-tama-chan-oc-sen-tien-ve-phia-truoc\/"},"modified":"2023-05-22T13:42:21","modified_gmt":"2023-05-22T10:42:21","slug":"tiem-tap-hoa-luu-dong-cua-tama-chan-oc-sen-tien-ve-phia-truoc","status":"publish","type":"product","link":"https:\/\/sachviet.eu\/en\/shop\/tiem-tap-hoa-luu-dong-cua-tama-chan-oc-sen-tien-ve-phia-truoc\/","title":{"rendered":"Ti\u1ec7m T\u1ea1p H\u00f3a L\u01b0u \u0110\u1ed9ng C\u1ee7a Tama-Chan &#8211; \u1ed0c S\u00ean Ti\u1ebfn V\u1ec1 Ph\u00eda Tr\u01b0\u1edbc"},"content":{"rendered":"<p>Sau khi b\u1ecf h\u1ecdc \u0111\u1ea1i h\u1ecdc, Tama quy\u1ebft \u0111\u1ecbnh m\u1edf m\u1ed9t c\u1eeda h\u00e0ng l\u01b0u \u0111\u1ed9ng \u0111\u1ec3 gi\u00fap \u0111\u1ee1 nh\u1eefng ng\u01b0\u1eddi g\u1eb7p kh\u00f3 kh\u0103n trong vi\u1ec7c mua s\u1eafm t\u1ea1i th\u1ecb tr\u1ea5n qu\u00ea nh\u00e0 c\u00f4 \u2013 n\u01a1i t\u1ec9 l\u1ec7 d\u00e2n s\u1ed1 b\u1ecb gi\u00e0 h\u00f3a \u0111ang \u1edf m\u1ee9c b\u00e1o \u0111\u1ed9ng. Tuy nhi\u00ean, nh\u1eefng r\u1eafc r\u1ed1i c\u1ee9 t\u00ecm \u0111\u1ebfn Tama, s\u1ef1 b\u1ea5t h\u00f2a v\u1edbi ng\u01b0\u1eddi m\u1eb9 k\u1ebf ng\u01b0\u1eddi Philippines, nh\u1eefng ng\u01b0\u1eddi l\u1edbn tu\u1ed5i c\u00f4 \u0111\u01a1n kh\u00f4ng \u0111\u01b0\u1ee3c \u1edf b\u00ean c\u1ea1nh ng\u01b0\u1eddi th\u00e2 v\u00e0 d\u01b0\u1eddng nh\u01b0 ch\u1eb3ng bao gi\u1edd c\u00f3 h\u1ed3i k\u1ebft. Nh\u01b0ng d\u1eabu v\u1eady, d\u00f9 gi\u00fap \u0111\u1ee1 ai hay \u0111\u01b0\u1ee3c ai gi\u00fap \u0111\u1ee1, c\u00f4 v\u1eabn lu\u00f4n m\u1ec9m c\u01b0\u1eddi v\u00e0 ti\u1ebfp t\u1ee5c b\u01b0\u1edbc v\u1ec1 ph\u00eda tr\u01b0\u1edbc.<br \/>\nM\u1ed9t cu\u1ed1n ti\u1ec3u thuy\u1ebft gia \u0111\u00ecnh \u1ea5m \u00e1p gi\u00fap b\u1ea1n gi\u1ea3i t\u1ecfa t\u00e2m tr\u00ed v\u00e0 s\u01b0\u1edfi \u1ea5m tr\u00e1i tim trong nh\u1eefng ng\u00e0y m\u00f9a \u0111\u00f4ng l\u1ea1nh gi\u00e1.<\/p>\n","protected":false},"excerpt":{"rendered":"<p>Sau khi b\u1ecf h\u1ecdc \u0111\u1ea1i h\u1ecdc, Tama quy\u1ebft \u0111\u1ecbnh m\u1edf m\u1ed9t c\u1eeda h\u00e0ng l\u01b0u \u0111\u1ed9ng \u0111\u1ec3 gi\u00fap \u0111\u1ee1 nh\u1eefng ng\u01b0\u1eddi g\u1eb7p kh\u00f3 kh\u0103n trong vi\u1ec7c mua s\u1eafm t\u1ea1i th\u1ecb tr\u1ea5n qu\u00ea nh\u00e0 c\u00f4 \u2013 n\u01a1i t\u1ec9 l\u1ec7 d\u00e2n s\u1ed1 b\u1ecb gi\u00e0 h\u00f3a \u0111ang \u1edf m\u1ee9c b\u00e1o \u0111\u1ed9ng. Tuy nhi\u00ean, nh\u1eefng r\u1eafc r\u1ed1i c\u1ee9 t\u00ecm \u0111\u1ebfn Tama, s\u1ef1 b\u1ea5t h\u00f2a v\u1edbi ng\u01b0\u1eddi m\u1eb9 k\u1ebf ng\u01b0\u1eddi Philippines, nh\u1eefng ng\u01b0\u1eddi l\u1edbn tu\u1ed5i c\u00f4 \u0111\u01a1n kh\u00f4ng \u0111\u01b0\u1ee3c \u1edf b\u00ean c\u1ea1nh ng\u01b0\u1eddi th\u00e2 v\u00e0 d\u01b0\u1eddng nh\u01b0 ch\u1eb3ng bao gi\u1edd c\u00f3 h\u1ed3i k\u1ebft. Nh\u01b0ng d\u1eabu v\u1eady, d\u00f9 gi\u00fap \u0111\u1ee1 ai hay \u0111\u01b0\u1ee3c ai gi\u00fap \u0111\u1ee1, c\u00f4 v\u1eabn lu\u00f4n m\u1ec9m c\u01b0\u1eddi v\u00e0 ti\u1ebfp t\u1ee5c b\u01b0\u1edbc v\u1ec1 ph\u00eda tr\u01b0\u1edbc.<br \/>\nM\u1ed9t cu\u1ed1n ti\u1ec3u thuy\u1ebft gia \u0111\u00ecnh \u1ea5m \u00e1p gi\u00fap b\u1ea1n gi\u1ea3i t\u1ecfa t\u00e2m tr\u00ed v\u00e0 s\u01b0\u1edfi \u1ea5m tr\u00e1i tim trong nh\u1eefng ng\u00e0y m\u00f9a \u0111\u00f4ng l\u1ea1nh gi\u00e1.<\/p>\n","protected":false},"featured_media":23235,"template":"","meta":{"_acf_changed":false},"product_brand":[],"product_cat":[15,45],"product_tag":[83],"class_list":{"0":"post-23236","1":"product","2":"type-product","3":"status-publish","4":"has-post-thumbnail","6":"product_cat-sach-danh-cho-nguoi-lon","7":"product_cat-tieu-thuyet","8":"product_tag-sach-moi-xuat-ban","10":"first","11":"outofstock","12":"taxable","13":"shipping-taxable","14":"purchasable","15":"product-type-simple"},"supplier_id":null,"supplier_sku":"","barcode":null,"atum_controlled":true,"out_stock_date":"2023-05-22 10:42:21","out_stock_threshold":null,"inheritable":false,"inbound_stock":0,"stock_on_hold":0,"sold_today":0,"sales_last_days":0,"reserved_stock":0,"customer_returns":0,"warehouse_damage":0,"lost_in_post":0,"other_logs":0,"out_stock_days":982,"lost_sales":0,"has_location":false,"update_date":"2026-01-28T23:11:13","atum_locations":[],"atum_stock_status":"outofstock","restock_status":false,"low_stock_amount":"","sales_update_date":"2026-01-28T23:11:13","calc_backorders":null,"acf":{"publisher":{"ID":1460,"post_author":"1","post_date":"2021-02-17 01:12:24","post_date_gmt":"2021-02-16 23:12:24","post_content":"<!-- wp:flatsome\/uxbuilder -->\n<h1 style=\"text-align: center;\"><strong>Skybooks<\/strong><\/h1>\n[row]\n\n[col span=\"7\" span__sm=\"12\"]\n\n<p>C\u00f4ng ty ph\u00e1t h\u00e0nh s\u00e1ch Skybooks. \"T\u00f4i tr\u1ebb, t\u00f4i \u0111am m\u00ea\" v\u1edbi s\u1ee9 m\u1ec7nh lan to\u1ea3 c\u1ea3m x\u00fac v\u00e0 k\u1ebft n\u1ed1i t\u00e2m h\u1ed3n<\/p>\n<p><strong>Skybooks l\u00e0 c\u00e2u chuy\u1ec7n k\u1ec3 v\u1ec1:<\/strong><br \/>M\u1ed9t th\u1ebf h\u1ec7 ng\u01b0\u1eddi vi\u1ebft tr\u1ebb, \u0111am m\u00ea v\u0103n ch\u01b0\u01a1ng v\u00e0 t\u00f4n tr\u1ecdng, g\u00ecn gi\u1eef, s\u00e1ng t\u1ea1o Ti\u1ebfng Vi\u1ec7t. M\u1ed9t th\u1ebf h\u1ec7 \u0111\u1ed9c gi\u1ea3 tr\u1ebb, \u0111am m\u00ea kh\u00e1m ph\u00e1 ng\u00f4n ng\u1eef v\u00e0 say m\u00ea \u0111\u1ebfn v\u1edbi th\u1ebf gi\u1edbi c\u1ee7a nh\u1eefng quy\u1ec3n s\u00e1ch. M\u1ed9t th\u1ebf h\u1ec7 ng\u01b0\u1eddi l\u00e0m s\u00e1ch tr\u1ebb, \u0111am m\u00ea mang nh\u1eefng gi\u00e1 tr\u1ecb tinh th\u1ea7n l\u1ea1i g\u1ea7n ng\u01b0\u1eddi \u0111\u1ecdc.<br \/>Trong b\u1ed9 nh\u1eadn d\u1ea1ng th\u01b0\u01a1ng hi\u1ec7u:<br \/>Skybooks v\u1edbi ch\u1eef Sky m\u00e0u xanh da tr\u1eddi c\u00f3 \u00fd ngh\u0129a l\u00e0 c\u00f4ng ty B\u1ea7u Tr\u1eddi - n\u01a1i t\u1ea5t c\u1ea3 \u01b0\u1edbc m\u01a1 \u0111\u01b0\u1ee3c t\u1ef1 do tung c\u00e1nh.<br \/>V\u1edbi logo h\u00ecnh hoa b\u1ed3 c\u00f4ng anh \u0111ang bay t\u01b0\u1ee3ng tr\u01b0ng cho s\u1ef1 lan to\u1ea3 c\u1ea3m x\u00fac v\u00e0 kh\u00e1t v\u1ecdng bay cao.<br \/>K\u1ebb v\u1ea1ch logo c\u00f3 n\u1ec1n m\u00e0u ghi x\u00e1m xu\u1ea5t hi\u1ec7n tr\u00ean b\u00eca m\u1ecdi \u1ea5n ph\u1ea9m th\u1ec3 hi\u1ec7n con \u0111\u01b0\u1eddng b\u01b0\u1edbc v\u00e0o th\u1ecb tr\u01b0\u1eddng s\u00e1ch v\u00e0 chinh ph\u1ee5c \u0111\u1ed9c gi\u1ea3 l\u00e0 m\u1ed9t h\u00e0nh tr\u00ecnh d\u00e0i, \u0111\u1ea7y gian kh\u00f3, c\u00f3 nhi\u1ec1u b\u00e3o t\u1ed1, nh\u01b0ng ch\u1ec9 c\u1ea7n n\u1ed7 l\u1ef1c c\u1ed1 g\u1eafng nh\u1ea5t \u0111\u1ecbnh s\u1ebd ngo\u1ea1n m\u1ee5c v\u01b0\u1ee3t qua. \u0110\u1ec3 kh\u1eb3ng \u0111\u1ecbnh v\u00e0 ch\u1ee9ng minh ch\u00ednh m\u00ecnh!<\/p>\n\n[\/col]\n[col span=\"5\" span__sm=\"12\"]\n\n[ux_image id=\"1825\" image_size=\"medium\"]\n\n\n[\/col]\n\n[\/row]\n\n<!-- \/wp:flatsome\/uxbuilder -->","post_title":"Skybooks","post_excerpt":"","post_status":"publish","comment_status":"closed","ping_status":"closed","post_password":"","post_name":"skybooks","to_ping":"","pinged":"","post_modified":"2021-02-17 01:57:31","post_modified_gmt":"2021-02-16 23:57:31","post_content_filtered":"","post_parent":0,"guid":"https:\/\/sachviet.eu\/nha-phat-hanh\/skybooks\/","menu_order":0,"post_type":"publisher","post_mime_type":"","comment_count":"0","filter":"raw"}},"_links":{"self":[{"href":"https:\/\/sachviet.eu\/en\/wp-json\/wp\/v2\/product\/23236","targetHints":{"allow":["GET"]}}],"collection":[{"href":"https:\/\/sachviet.eu\/en\/wp-json\/wp\/v2\/product"}],"about":[{"href":"https:\/\/sachviet.eu\/en\/wp-json\/wp\/v2\/types\/product"}],"wp:featuredmedia":[{"embeddable":true,"href":"https:\/\/sachviet.eu\/en\/wp-json\/wp\/v2\/media\/23235"}],"wp:attachment":[{"href":"https:\/\/sachviet.eu\/en\/wp-json\/wp\/v2\/media?parent=23236"}],"wp:term":[{"taxonomy":"product_brand","embeddable":true,"href":"https:\/\/sachviet.eu\/en\/wp-json\/wp\/v2\/product_brand?post=23236"},{"taxonomy":"product_cat","embeddable":true,"href":"https:\/\/sachviet.eu\/en\/wp-json\/wp\/v2\/product_cat?post=23236"},{"taxonomy":"product_tag","embeddable":true,"href":"https:\/\/sachviet.eu\/en\/wp-json\/wp\/v2\/product_tag?post=23236"}],"curies":[{"name":"wp","href":"https:\/\/api.w.org\/{rel}","templated":true}]}}