{"id":23234,"date":"2023-04-03T22:58:45","date_gmt":"2023-04-03T19:58:45","guid":{"rendered":"https:\/\/sachviet.eu\/shop\/hoi-ve-nhan-john-grisham\/"},"modified":"2023-11-27T21:06:01","modified_gmt":"2023-11-27T19:06:01","slug":"hoi-ve-nhan-john-grisham","status":"publish","type":"product","link":"https:\/\/sachviet.eu\/en\/shop\/hoi-ve-nhan-john-grisham\/","title":{"rendered":"H\u1ed9i V\u1ec7 Nh\u00e2n &#8211; John Grisham"},"content":{"rendered":"<p>Cullen Post l\u00e0 m\u1ed9t lu\u1eadt s\u01b0, \u0111\u1ed3ng th\u1eddi c\u0169ng l\u00e0 linh m\u1ee5c. Anh l\u00e0 th\u00e0nh vi\u00ean c\u1ee7a H\u1ed9i V\u1ec7 nh\u00e2n, m\u1ed9t t\u1ed5  ch\u1ee9c lu\u1eadt s\u01b0 chuy\u00ean b\u00e0o ch\u1eefa mi\u1ec5n ph\u00ed cho ng\u01b0\u1eddi ngh\u00e8o v\u00f4 t\u1ed9i \u0111ang th\u1ee5 \u00e1n oan sai tr\u00ean kh\u1eafp n\u01b0\u1edbc M\u1ef9. Th\u00e2n ch\u1ee7 c\u1ee7a anh b\u1ecb \u0111\u1ea9y v\u00e0o t\u00f9 v\u00ec nhi\u1ec1u l\u00fd do: b\u1ecb m\u1ed9t t\u1ed5 ch\u1ee9c bu\u00f4n b\u00e1n ma t\u00fay g\u00e0i b\u1eaby, ho\u1eb7c do s\u1ef1 c\u1ea9u th\u1ea3 t\u1eafc tr\u00e1ch c\u1ee7a c\u00f4ng t\u1ed1 vi\u00ean\u2026 H\u1ecd \u0111\u00e3 m\u1ea5t h\u00e0ng ch\u1ee5c n\u0103m trong t\u00f9, th\u1eadm ch\u00ed nhi\u1ec1u l\u1ea7n chu\u1ea9n b\u1ecb b\u01b0\u1edbc v\u00e0o ph\u00f2ng h\u01a1i ng\u1ea1t, cho \u0111\u1ebfn khi Post v\u00e0 c\u00e1c \u0111\u1ed3ng nghi\u1ec7p c\u1ee7a anh \u0111\u01b0a s\u1ef1 vi\u1ec7c ra \u00e1nh s\u00e1ng.<br \/>\nNh\u01b0ng v\u1ee5 \u00e1n trong s\u00e1ch \u0111\u1ec1u \u0111\u01b0\u1ee3c t\u00e1c gi\u1ea3 h\u01b0 c\u1ea5u d\u1ef1a tr\u00ean nh\u1eefng c\u00e2u chuy\u1ec7n c\u00f3 th\u1eadt, \u0111\u01b0\u1ee3c \u00f4ng t\u00e1i hi\u1ec7n t\u00e0i t\u00ecnh v\u00e0 h\u1ea5p d\u1eabn b\u1eb1ng m\u1ed9t b\u00fat l\u1ef1c s\u1eafc b\u00e9n. John Grisham l\u00e0 m\u1ed9t t\u00e1c gi\u1ea3 ng\u01b0\u1eddi M\u1ef9 n\u1ed5i ti\u1ebfng v\u1edbi nh\u1eefng ti\u1ec3u thuy\u1ebft trinh th\u00e1m h\u00ecnh s\u1ef1. Nh\u00e0 v\u0103n t\u1eebng \u0111o\u1ea1t gi\u1ea3i Galaxy British Book Awards n\u00e0y l\u00e0 t\u00e1c gi\u1ea3 c\u1ee7a 25 ti\u1ec3u thuy\u1ebft, nhi\u1ec1u truy\u1ec7n ng\u1eafn v\u00e0 lo\u1ea1t truy\u1ec7n d\u00e0nh cho tr\u1ebb em. S\u00e1ch c\u1ee7a \u00f4ng \u0111\u00e3 \u0111\u01b0\u1ee3c d\u1ecbch sang 42 th\u1ee9 ti\u1ebfng v\u00e0 xu\u1ea5t b\u1ea3n tr\u00ean to\u00e0n th\u1ebf gi\u1edbi, nhi\u1ec1u t\u00e1c ph\u1ea9m trong s\u1ed1 \u0111\u00f3 \u0111\u00e3 \u0111\u01b0\u1ee3c chuy\u1ec3n th\u1ec3 th\u00e0nh phim \u0111i\u1ec7n \u1ea3nh v\u00e0 phim truy\u1ec1n h\u00ecnh. \u00d4ng c\u0169ng l\u00e0 m\u1ed9t trong s\u1ed1 ba t\u00e1c gi\u1ea3 \u00edt \u1ecfi b\u00e1n \u0111\u01b0\u1ee3c hai tri\u1ec7u cu\u1ed1n trong b\u1ea3n in \u0111\u1ea7u ti\u00ean, c\u00f9ng Tom Clancy v\u00e0 J. K. Rowling.<\/p>\n<p>\u201cKhi\u1ebfp s\u1ee3\u2026 X\u00fac \u0111\u1ed9ng\u2026 Grisham l\u1ea1i l\u00e0m \u0111\u01b0\u1ee3c \u0111i\u1ec1u \u0111\u00f3 v\u1edbi t\u00e1c ph\u1ea9m n\u00e0y.\u201d<br \/>\n\u2014Maureen Corrigan, The Washington Post<\/p>\n","protected":false},"excerpt":{"rendered":"<p>Cullen Post l\u00e0 m\u1ed9t lu\u1eadt s\u01b0, \u0111\u1ed3ng th\u1eddi c\u0169ng l\u00e0 linh m\u1ee5c. Anh l\u00e0 th\u00e0nh vi\u00ean c\u1ee7a H\u1ed9i V\u1ec7 nh\u00e2n, m\u1ed9t t\u1ed5  ch\u1ee9c lu\u1eadt s\u01b0 chuy\u00ean b\u00e0o ch\u1eefa mi\u1ec5n ph\u00ed cho ng\u01b0\u1eddi ngh\u00e8o v\u00f4 t\u1ed9i \u0111ang th\u1ee5 \u00e1n oan sai tr\u00ean kh\u1eafp n\u01b0\u1edbc M\u1ef9. Th\u00e2n ch\u1ee7 c\u1ee7a anh b\u1ecb \u0111\u1ea9y v\u00e0o t\u00f9 v\u00ec nhi\u1ec1u l\u00fd do: b\u1ecb m\u1ed9t t\u1ed5 ch\u1ee9c bu\u00f4n b\u00e1n ma t\u00fay g\u00e0i b\u1eaby, ho\u1eb7c do s\u1ef1 c\u1ea9u th\u1ea3 t\u1eafc tr\u00e1ch c\u1ee7a c\u00f4ng t\u1ed1 vi\u00ean\u2026 H\u1ecd \u0111\u00e3 m\u1ea5t h\u00e0ng ch\u1ee5c n\u0103m trong t\u00f9, th\u1eadm ch\u00ed nhi\u1ec1u l\u1ea7n chu\u1ea9n b\u1ecb b\u01b0\u1edbc v\u00e0o ph\u00f2ng h\u01a1i ng\u1ea1t, cho \u0111\u1ebfn khi Post v\u00e0 c\u00e1c \u0111\u1ed3ng nghi\u1ec7p c\u1ee7a anh \u0111\u01b0a s\u1ef1 vi\u1ec7c ra \u00e1nh s\u00e1ng.<br \/>\nNh\u01b0ng v\u1ee5 \u00e1n trong s\u00e1ch \u0111\u1ec1u \u0111\u01b0\u1ee3c t\u00e1c gi\u1ea3 h\u01b0 c\u1ea5u d\u1ef1a tr\u00ean nh\u1eefng c\u00e2u chuy\u1ec7n c\u00f3 th\u1eadt, \u0111\u01b0\u1ee3c \u00f4ng t\u00e1i hi\u1ec7n t\u00e0i t\u00ecnh v\u00e0 h\u1ea5p d\u1eabn b\u1eb1ng m\u1ed9t b\u00fat l\u1ef1c s\u1eafc b\u00e9n. John Grisham l\u00e0 m\u1ed9t t\u00e1c gi\u1ea3 ng\u01b0\u1eddi M\u1ef9 n\u1ed5i ti\u1ebfng v\u1edbi nh\u1eefng ti\u1ec3u thuy\u1ebft trinh th\u00e1m h\u00ecnh s\u1ef1. Nh\u00e0 v\u0103n t\u1eebng \u0111o\u1ea1t gi\u1ea3i Galaxy British Book Awards n\u00e0y l\u00e0 t\u00e1c gi\u1ea3 c\u1ee7a 25 ti\u1ec3u thuy\u1ebft, nhi\u1ec1u truy\u1ec7n ng\u1eafn v\u00e0 lo\u1ea1t truy\u1ec7n d\u00e0nh cho tr\u1ebb em. S\u00e1ch c\u1ee7a \u00f4ng \u0111\u00e3 \u0111\u01b0\u1ee3c d\u1ecbch sang 42 th\u1ee9 ti\u1ebfng v\u00e0 xu\u1ea5t b\u1ea3n tr\u00ean to\u00e0n th\u1ebf gi\u1edbi, nhi\u1ec1u t\u00e1c ph\u1ea9m trong s\u1ed1 \u0111\u00f3 \u0111\u00e3 \u0111\u01b0\u1ee3c chuy\u1ec3n th\u1ec3 th\u00e0nh phim \u0111i\u1ec7n \u1ea3nh v\u00e0 phim truy\u1ec1n h\u00ecnh. \u00d4ng c\u0169ng l\u00e0 m\u1ed9t trong s\u1ed1 ba t\u00e1c gi\u1ea3 \u00edt \u1ecfi b\u00e1n \u0111\u01b0\u1ee3c hai tri\u1ec7u cu\u1ed1n trong b\u1ea3n in \u0111\u1ea7u ti\u00ean, c\u00f9ng Tom Clancy v\u00e0 J. K. Rowling.<\/p>\n<p>\u201cKhi\u1ebfp s\u1ee3\u2026 X\u00fac \u0111\u1ed9ng\u2026 Grisham l\u1ea1i l\u00e0m \u0111\u01b0\u1ee3c \u0111i\u1ec1u \u0111\u00f3 v\u1edbi t\u00e1c ph\u1ea9m n\u00e0y.\u201d<br \/>\n\u2014Maureen Corrigan, The Washington Post<\/p>\n","protected":false},"featured_media":23233,"template":"","meta":{"_acf_changed":false},"product_brand":[],"product_cat":[15,72],"product_tag":[83],"class_list":{"0":"post-23234","1":"product","2":"type-product","3":"status-publish","4":"has-post-thumbnail","6":"product_cat-sach-danh-cho-nguoi-lon","7":"product_cat-trinh-tham-kinh-di","8":"product_tag-sach-moi-xuat-ban","10":"first","11":"outofstock","12":"taxable","13":"shipping-taxable","14":"purchasable","15":"product-type-simple"},"supplier_id":null,"supplier_sku":"","barcode":null,"atum_controlled":true,"out_stock_date":"2023-11-27 19:06:01","out_stock_threshold":null,"inheritable":false,"inbound_stock":0,"stock_on_hold":0,"sold_today":0,"sales_last_days":0,"reserved_stock":0,"customer_returns":0,"warehouse_damage":0,"lost_in_post":0,"other_logs":0,"out_stock_days":793,"lost_sales":0,"has_location":false,"update_date":"2026-01-28T23:11:13","atum_locations":[],"atum_stock_status":"outofstock","restock_status":false,"low_stock_amount":"","sales_update_date":"2026-01-28T23:11:13","calc_backorders":null,"acf":{"publisher":{"ID":1517,"post_author":"1","post_date":"2021-02-17 01:14:41","post_date_gmt":"2021-02-16 23:14:41","post_content":"","post_title":"NXB Tr\u1ebb","post_excerpt":"","post_status":"publish","comment_status":"closed","ping_status":"closed","post_password":"","post_name":"nxb-tre","to_ping":"","pinged":"","post_modified":"2021-02-17 01:14:41","post_modified_gmt":"2021-02-16 23:14:41","post_content_filtered":"","post_parent":0,"guid":"https:\/\/sachviet.eu\/nha-phat-hanh\/nxb-tre\/","menu_order":0,"post_type":"publisher","post_mime_type":"","comment_count":"0","filter":"raw"}},"_links":{"self":[{"href":"https:\/\/sachviet.eu\/en\/wp-json\/wp\/v2\/product\/23234","targetHints":{"allow":["GET"]}}],"collection":[{"href":"https:\/\/sachviet.eu\/en\/wp-json\/wp\/v2\/product"}],"about":[{"href":"https:\/\/sachviet.eu\/en\/wp-json\/wp\/v2\/types\/product"}],"wp:featuredmedia":[{"embeddable":true,"href":"https:\/\/sachviet.eu\/en\/wp-json\/wp\/v2\/media\/23233"}],"wp:attachment":[{"href":"https:\/\/sachviet.eu\/en\/wp-json\/wp\/v2\/media?parent=23234"}],"wp:term":[{"taxonomy":"product_brand","embeddable":true,"href":"https:\/\/sachviet.eu\/en\/wp-json\/wp\/v2\/product_brand?post=23234"},{"taxonomy":"product_cat","embeddable":true,"href":"https:\/\/sachviet.eu\/en\/wp-json\/wp\/v2\/product_cat?post=23234"},{"taxonomy":"product_tag","embeddable":true,"href":"https:\/\/sachviet.eu\/en\/wp-json\/wp\/v2\/product_tag?post=23234"}],"curies":[{"name":"wp","href":"https:\/\/api.w.org\/{rel}","templated":true}]}}