{"id":23230,"date":"2023-04-03T22:58:30","date_gmt":"2023-04-03T19:58:30","guid":{"rendered":"https:\/\/sachviet.eu\/shop\/12-quy-luat-cuoc-doi-than-duoc-cho-cuoc-song-hien-dai\/"},"modified":"2024-08-12T01:20:56","modified_gmt":"2024-08-11T22:20:56","slug":"12-quy-luat-cuoc-doi-than-duoc-cho-cuoc-song-hien-dai","status":"publish","type":"product","link":"https:\/\/sachviet.eu\/en\/shop\/12-quy-luat-cuoc-doi-than-duoc-cho-cuoc-song-hien-dai\/","title":{"rendered":"12 Quy Lu\u1eadt Cu\u1ed9c \u0110\u1eddi: Th\u1ea7n D\u01b0\u1ee3c Cho Cu\u1ed9c S\u1ed1ng Hi\u1ec7n \u0110\u1ea1i"},"content":{"rendered":"<p>N\u1ebfu \u0111\u01b0\u1ee3c h\u1ecfi ch\u00ednh m\u00ecnh m\u1ed9t c\u00e2u th\u1eadt th\u1eb3ng th\u1eafn th\u00ec ch\u1eafc ch\u1eafn ch\u00fang ta s\u1ebd mu\u1ed1n b\u1eaft \u0111\u1ea7u b\u1eb1ng c\u00e2u h\u1ecfi n\u00e0y: \u201cT\u1ea1i sao cu\u1ed9c s\u1ed1ng l\u1ea1i x\u1ea5u xa, n\u1eb7ng n\u1ec1 v\u00e0 m\u1ec7t m\u1ecfi \u0111\u1ebfn th\u1ebf?\u201d<\/p>\n<p>Ch\u1eb3ng ph\u1ea3i l\u00e0 m\u1ecdi l\u00fac, m\u1ecdi n\u01a1i, nh\u01b0ng \u0111\u1ea5y l\u00e0 c\u00e2u h\u1ecfi v\u1eabn \u0111eo \u0111\u1eb3ng m\u1ed7i ch\u00fang ta; c\u00f3 l\u00fac n\u00f3 nh\u01b0 \u0111\u1ed9ng c\u01a1 th\u00f4i th\u00fac ch\u00fang ta s\u1ed1ng, s\u1ed1ng \u0111\u1ec3 t\u00ecm ra c\u00e2u tr\u1ea3 l\u1eddi cu\u1ed1i c\u00f9ng; c\u00f3 l\u00fac n\u00f3 nh\u01b0 h\u00f2n \u0111\u00e1 t\u1ea3ng c\u1ea3n \u0111\u01b0\u1eddng, nh\u01b0 mu\u1ed1n l\u1ea5y n\u1ed1t \u0111i c\u1ee7a ch\u00fang ta ch\u00fat \u00fd ch\u00ed cu\u1ed1i c\u00f9ng, khi\u1ebfn ch\u00fang ta mu\u1ed1n h\u1ee7y ho\u1ea1i cu\u1ed9c s\u1ed1ng c\u1ee7a m\u00ecnh. C\u1ee9 th\u1ebf cho \u0111\u1ebfn t\u1eadn c\u00f9ng. \u201cM\u1ecdi ng\u01b0\u1eddi \u0111\u1ec1u h\u00e0nh \u0111\u1ed9ng nh\u01b0 th\u1ec3 n\u1ed7i \u0111au c\u1ee7a h\u1ecd l\u00e0 c\u00f3 th\u1eadt \u2013 \u0111\u1ec3 r\u1ed3i sau c\u00f9ng n\u00f3 l\u00e0 th\u1eadt. N\u1ed7i \u0111au quan tr\u1ecdng h\u01a1n c\u1ea3 nh\u1eefng v\u1ea5n \u0111\u1ec1 v\u1eadt ch\u1ea5t.\u201d<\/p>\n<p>C\u00f3 c\u00e1ch n\u00e0o kh\u00f4ng, \u0111\u1ec3 m\u1ed7i ch\u00fang ta t\u00ecm th\u1ea5y \u0111\u01b0\u1ee3c \u00fd ngh\u0129a c\u1ee7a cu\u1ed9c s\u1ed1ng v\u00e0 v\u01b0\u1ee3t qua \u0111\u01b0\u1ee3c nh\u1eefng x\u1ea5u xa, n\u1eb7ng n\u1ec1 v\u00e0 m\u1ec7t m\u1ecfi c\u1ee7a n\u00f3 m\u00e0 s\u1ed1ng m\u1ed9t cu\u1ed9c \u0111\u1eddi an vui? R\u1ea5t nhi\u1ec1u ng\u01b0\u1eddi \u0111i t\u00ecm c\u00e2u tr\u1ea3 l\u1eddi, t\u00ecm trong tri\u1ebft h\u1ecdc, t\u00ecm trong khoa h\u1ecdc, t\u00ecm trong v\u0103n ch\u01b0\u01a1ng v\u00e0 ngh\u1ec7 thu\u1eadt; v\u00e0 cho d\u00f9 \u0111\u00e3 c\u00f3 r\u1ea5t nhi\u1ec1u c\u00e2u tr\u1ea3 l\u1eddi \u0111\u01b0\u1ee3c c\u00f4ng b\u1ed1 b\u1eb1ng c\u00e1ch n\u00e0y hay c\u00e1ch kh\u00e1c, th\u00ec d\u01b0\u1eddng nh\u01b0 \u0111i\u1ec3m chung c\u1ee7a ch\u00fang \u0111\u1ec1u n\u1eb1m \u1edf k\u1ebft lu\u1eadn r\u1eb1ng: Ch\u00fang ta m\u1ec7t m\u1ecfi v\u1edbi cu\u1ed9c s\u1ed1ng l\u00e0 v\u00ec \u0111\u00e3 s\u1ed1ng sai \u1edf \u0111\u00e2u \u0111\u00f3; \u0111\u1ec3 t\u1ed1t \u0111\u1eb9p v\u00e0 tho\u1ea3i m\u00e1i h\u01a1n, h\u00e3y bi\u1ebft tu\u00e2n theo c\u00e1c quy lu\u1eadt!<\/p>\n","protected":false},"excerpt":{"rendered":"<p>N\u1ebfu \u0111\u01b0\u1ee3c h\u1ecfi ch\u00ednh m\u00ecnh m\u1ed9t c\u00e2u th\u1eadt th\u1eb3ng th\u1eafn th\u00ec ch\u1eafc ch\u1eafn ch\u00fang ta s\u1ebd mu\u1ed1n b\u1eaft \u0111\u1ea7u b\u1eb1ng c\u00e2u h\u1ecfi n\u00e0y: \u201cT\u1ea1i sao cu\u1ed9c s\u1ed1ng l\u1ea1i x\u1ea5u xa, n\u1eb7ng n\u1ec1 v\u00e0 m\u1ec7t m\u1ecfi \u0111\u1ebfn th\u1ebf?\u201d<\/p>\n<p>Ch\u1eb3ng ph\u1ea3i l\u00e0 m\u1ecdi l\u00fac, m\u1ecdi n\u01a1i, nh\u01b0ng \u0111\u1ea5y l\u00e0 c\u00e2u h\u1ecfi v\u1eabn \u0111eo \u0111\u1eb3ng m\u1ed7i ch\u00fang ta; c\u00f3 l\u00fac n\u00f3 nh\u01b0 \u0111\u1ed9ng c\u01a1 th\u00f4i th\u00fac ch\u00fang ta s\u1ed1ng, s\u1ed1ng \u0111\u1ec3 t\u00ecm ra c\u00e2u tr\u1ea3 l\u1eddi cu\u1ed1i c\u00f9ng; c\u00f3 l\u00fac n\u00f3 nh\u01b0 h\u00f2n \u0111\u00e1 t\u1ea3ng c\u1ea3n \u0111\u01b0\u1eddng, nh\u01b0 mu\u1ed1n l\u1ea5y n\u1ed1t \u0111i c\u1ee7a ch\u00fang ta ch\u00fat \u00fd ch\u00ed cu\u1ed1i c\u00f9ng, khi\u1ebfn ch\u00fang ta mu\u1ed1n h\u1ee7y ho\u1ea1i cu\u1ed9c s\u1ed1ng c\u1ee7a m\u00ecnh. C\u1ee9 th\u1ebf cho \u0111\u1ebfn t\u1eadn c\u00f9ng. \u201cM\u1ecdi ng\u01b0\u1eddi \u0111\u1ec1u h\u00e0nh \u0111\u1ed9ng nh\u01b0 th\u1ec3 n\u1ed7i \u0111au c\u1ee7a h\u1ecd l\u00e0 c\u00f3 th\u1eadt \u2013 \u0111\u1ec3 r\u1ed3i sau c\u00f9ng n\u00f3 l\u00e0 th\u1eadt. N\u1ed7i \u0111au quan tr\u1ecdng h\u01a1n c\u1ea3 nh\u1eefng v\u1ea5n \u0111\u1ec1 v\u1eadt ch\u1ea5t.\u201d<\/p>\n<p>C\u00f3 c\u00e1ch n\u00e0o kh\u00f4ng, \u0111\u1ec3 m\u1ed7i ch\u00fang ta t\u00ecm th\u1ea5y \u0111\u01b0\u1ee3c \u00fd ngh\u0129a c\u1ee7a cu\u1ed9c s\u1ed1ng v\u00e0 v\u01b0\u1ee3t qua \u0111\u01b0\u1ee3c nh\u1eefng x\u1ea5u xa, n\u1eb7ng n\u1ec1 v\u00e0 m\u1ec7t m\u1ecfi c\u1ee7a n\u00f3 m\u00e0 s\u1ed1ng m\u1ed9t cu\u1ed9c \u0111\u1eddi an vui? R\u1ea5t nhi\u1ec1u ng\u01b0\u1eddi \u0111i t\u00ecm c\u00e2u tr\u1ea3 l\u1eddi, t\u00ecm trong tri\u1ebft h\u1ecdc, t\u00ecm trong khoa h\u1ecdc, t\u00ecm trong v\u0103n ch\u01b0\u01a1ng v\u00e0 ngh\u1ec7 thu\u1eadt; v\u00e0 cho d\u00f9 \u0111\u00e3 c\u00f3 r\u1ea5t nhi\u1ec1u c\u00e2u tr\u1ea3 l\u1eddi \u0111\u01b0\u1ee3c c\u00f4ng b\u1ed1 b\u1eb1ng c\u00e1ch n\u00e0y hay c\u00e1ch kh\u00e1c, th\u00ec d\u01b0\u1eddng nh\u01b0 \u0111i\u1ec3m chung c\u1ee7a ch\u00fang \u0111\u1ec1u n\u1eb1m \u1edf k\u1ebft lu\u1eadn r\u1eb1ng: Ch\u00fang ta m\u1ec7t m\u1ecfi v\u1edbi cu\u1ed9c s\u1ed1ng l\u00e0 v\u00ec \u0111\u00e3 s\u1ed1ng sai \u1edf \u0111\u00e2u \u0111\u00f3; \u0111\u1ec3 t\u1ed1t \u0111\u1eb9p v\u00e0 tho\u1ea3i m\u00e1i h\u01a1n, h\u00e3y bi\u1ebft tu\u00e2n theo c\u00e1c quy lu\u1eadt!<\/p>\n","protected":false},"featured_media":23229,"template":"","meta":{"_acf_changed":false},"product_brand":[],"product_cat":[18,15,46],"product_tag":[83],"class_list":{"0":"post-23230","1":"product","2":"type-product","3":"status-publish","4":"has-post-thumbnail","6":"product_cat-kinh-te","7":"product_cat-sach-danh-cho-nguoi-lon","8":"product_cat-ky-nang-song","9":"product_tag-sach-moi-xuat-ban","11":"first","12":"outofstock","13":"taxable","14":"shipping-taxable","15":"purchasable","16":"product-type-simple"},"supplier_id":null,"supplier_sku":"","barcode":null,"atum_controlled":true,"out_stock_date":"2024-08-11 22:20:56","out_stock_threshold":null,"inheritable":false,"inbound_stock":0,"stock_on_hold":0,"sold_today":0,"sales_last_days":0,"reserved_stock":0,"customer_returns":0,"warehouse_damage":0,"lost_in_post":0,"other_logs":0,"out_stock_days":535,"lost_sales":0,"has_location":false,"update_date":"2026-01-28T23:11:20","atum_locations":[],"atum_stock_status":"outofstock","restock_status":false,"low_stock_amount":"","sales_update_date":"2026-01-28T23:11:20","calc_backorders":null,"acf":{"publisher":{"ID":9871,"post_author":"1","post_date":"2021-06-02 17:52:59","post_date_gmt":"2021-06-02 14:52:59","post_content":"","post_title":"Saigon Books","post_excerpt":"","post_status":"publish","comment_status":"closed","ping_status":"closed","post_password":"","post_name":"saigon-books","to_ping":"","pinged":"","post_modified":"2021-06-02 17:52:59","post_modified_gmt":"2021-06-02 14:52:59","post_content_filtered":"","post_parent":0,"guid":"https:\/\/sachviet.eu\/nha-phat-hanh\/saigon-books\/","menu_order":0,"post_type":"publisher","post_mime_type":"","comment_count":"0","filter":"raw"}},"_links":{"self":[{"href":"https:\/\/sachviet.eu\/en\/wp-json\/wp\/v2\/product\/23230","targetHints":{"allow":["GET"]}}],"collection":[{"href":"https:\/\/sachviet.eu\/en\/wp-json\/wp\/v2\/product"}],"about":[{"href":"https:\/\/sachviet.eu\/en\/wp-json\/wp\/v2\/types\/product"}],"wp:featuredmedia":[{"embeddable":true,"href":"https:\/\/sachviet.eu\/en\/wp-json\/wp\/v2\/media\/23229"}],"wp:attachment":[{"href":"https:\/\/sachviet.eu\/en\/wp-json\/wp\/v2\/media?parent=23230"}],"wp:term":[{"taxonomy":"product_brand","embeddable":true,"href":"https:\/\/sachviet.eu\/en\/wp-json\/wp\/v2\/product_brand?post=23230"},{"taxonomy":"product_cat","embeddable":true,"href":"https:\/\/sachviet.eu\/en\/wp-json\/wp\/v2\/product_cat?post=23230"},{"taxonomy":"product_tag","embeddable":true,"href":"https:\/\/sachviet.eu\/en\/wp-json\/wp\/v2\/product_tag?post=23230"}],"curies":[{"name":"wp","href":"https:\/\/api.w.org\/{rel}","templated":true}]}}