{"id":23224,"date":"2023-04-03T22:58:11","date_gmt":"2023-04-03T19:58:11","guid":{"rendered":"https:\/\/sachviet.eu\/shop\/thuat-thoi-mien-trong-giao-tiep\/"},"modified":"2023-11-17T00:20:35","modified_gmt":"2023-11-16T22:20:35","slug":"thuat-thoi-mien-trong-giao-tiep","status":"publish","type":"product","link":"https:\/\/sachviet.eu\/en\/shop\/thuat-thoi-mien-trong-giao-tiep\/","title":{"rendered":"Thu\u1eadt Th\u00f4i Mi\u00ean Trong Giao Ti\u1ebfp"},"content":{"rendered":"<p>Th\u00f4i mi\u00ean kh\u00f4ng ch\u1ec9 l\u00e0 m\u1ed9t m\u00e0n \u1ea3o thu\u1eadt \u0111\u1ec3 xem cho vui tr\u00ean s\u00e2n kh\u1ea5u, n\u00f3 c\u00f2n l\u00e0 m\u1ed9t hi\u1ec7n t\u01b0\u1ee3ng c\u00f3 th\u1ef1c v\u00e0 ph\u1ed5 bi\u1ebfn trong cu\u1ed9c s\u1ed1ng. \u1ede ch\u1eebng m\u1ef1c n\u00e0o \u0111\u00f3, ph\u1ea7n l\u1edbn con ng\u01b0\u1eddi ch\u00fang ta \u0111\u1ec1u c\u1ed1 g\u1eafng th\u00f4i mi\u00ean l\u1eabn nhau v\u00e0 t\u1ef1 th\u00f4i mi\u00ean m\u00ecnh m\u1ed9t c\u00e1ch v\u00f4 th\u1ee9c.<\/p>\n<p>Tuy nhi\u00ean, \u1edf m\u1ed9t m\u1ee9c \u00fd th\u1ee9c cao h\u01a1n, th\u00f4i mi\u00ean c\u00f3 th\u1ec3 (v\u00e0 th\u1ef1c s\u1ef1 \u0111\u00e3, \u0111ang v\u00e0 s\u1ebd) \u0111\u01b0\u1ee3c s\u1eed d\u1ee5ng nh\u01b0 m\u1ed9t ph\u01b0\u01a1ng ti\u1ec7n l\u1ee3i h\u1ea1i v\u00e0 hi\u1ec7u qu\u1ea3 trong vi\u1ec7c \u201cm\u1edf c\u1eeda t\u00e2m tr\u00ed c\u1ee7a b\u1ea5t k\u1ef3 ai\u201d. Qua \u0111\u00f3, b\u1ea1n s\u1ebd x\u00e2y d\u1ef1ng c\u0169ng nh\u01b0 c\u1ea3i thi\u1ec7n \u0111\u01b0\u1ee3c c\u00e1c m\u1ed1i quan h\u1ec7 xung quanh m\u00ecnh. T\u1eeb quan h\u1ec7 gia \u0111\u00ecnh, b\u1ea1n b\u00e8, giao t\u1ebf x\u00e3 h\u1ed9i\u2026 \u0111\u1ebfn th\u01b0\u01a1ng thuy\u1ebft, \u0111\u00e0m ph\u00e1n trong c\u00f4ng vi\u1ec7c l\u00e0m \u0103n. V\u1edbi th\u00f4i mi\u00ean, b\u1ea1n c\u00f3 th\u1ec3 khi\u1ebfn b\u1ea5t c\u1ee9 ai c\u0169ng ph\u1ea3i l\u1eafng nghe v\u00e0 \u0111\u1ed3ng thu\u1eadn v\u1edbi m\u00ecnh, \u0111\u01a1n gi\u1ea3n v\u00ec b\u1ea1n hi\u1ec3u c\u00e1ch t\u00e2m tr\u00ed c\u1ee7a h\u1ecd v\u1eadn h\u00e0nh nh\u01b0 th\u1ebf n\u00e0o. H\u00e3y t\u01b0\u1edfng t\u01b0\u1ee3ng b\u1ea1n c\u00f3 th\u1ec3 l\u00e0m \u0111\u01b0\u1ee3c nh\u1eefng g\u00ec trong x\u00e3 h\u1ed9i n\u00e0y v\u1edbi \u01b0u th\u1ebf \u0111\u00f3. B\u1ea1n c\u00f3 mu\u1ed1n s\u1edf h\u1eefu \u201cv\u0169 kh\u00ed\u201d giao ti\u1ebfp t\u1ed1i th\u01b0\u1ee3ng \u0111\u00f3? H\u00e3y \u0111\u1ecdc Thu\u1eadt th\u00f4i mi\u00ean trong giao ti\u1ebfp c\u1ee7a Hiroyuki Ishii!<\/p>\n","protected":false},"excerpt":{"rendered":"<p>Th\u00f4i mi\u00ean kh\u00f4ng ch\u1ec9 l\u00e0 m\u1ed9t m\u00e0n \u1ea3o thu\u1eadt \u0111\u1ec3 xem cho vui tr\u00ean s\u00e2n kh\u1ea5u, n\u00f3 c\u00f2n l\u00e0 m\u1ed9t hi\u1ec7n t\u01b0\u1ee3ng c\u00f3 th\u1ef1c v\u00e0 ph\u1ed5 bi\u1ebfn trong cu\u1ed9c s\u1ed1ng. \u1ede ch\u1eebng m\u1ef1c n\u00e0o \u0111\u00f3, ph\u1ea7n l\u1edbn con ng\u01b0\u1eddi ch\u00fang ta \u0111\u1ec1u c\u1ed1 g\u1eafng th\u00f4i mi\u00ean l\u1eabn nhau v\u00e0 t\u1ef1 th\u00f4i mi\u00ean m\u00ecnh m\u1ed9t c\u00e1ch v\u00f4 th\u1ee9c.<\/p>\n<p>Tuy nhi\u00ean, \u1edf m\u1ed9t m\u1ee9c \u00fd th\u1ee9c cao h\u01a1n, th\u00f4i mi\u00ean c\u00f3 th\u1ec3 (v\u00e0 th\u1ef1c s\u1ef1 \u0111\u00e3, \u0111ang v\u00e0 s\u1ebd) \u0111\u01b0\u1ee3c s\u1eed d\u1ee5ng nh\u01b0 m\u1ed9t ph\u01b0\u01a1ng ti\u1ec7n l\u1ee3i h\u1ea1i v\u00e0 hi\u1ec7u qu\u1ea3 trong vi\u1ec7c \u201cm\u1edf c\u1eeda t\u00e2m tr\u00ed c\u1ee7a b\u1ea5t k\u1ef3 ai\u201d. Qua \u0111\u00f3, b\u1ea1n s\u1ebd x\u00e2y d\u1ef1ng c\u0169ng nh\u01b0 c\u1ea3i thi\u1ec7n \u0111\u01b0\u1ee3c c\u00e1c m\u1ed1i quan h\u1ec7 xung quanh m\u00ecnh. T\u1eeb quan h\u1ec7 gia \u0111\u00ecnh, b\u1ea1n b\u00e8, giao t\u1ebf x\u00e3 h\u1ed9i\u2026 \u0111\u1ebfn th\u01b0\u01a1ng thuy\u1ebft, \u0111\u00e0m ph\u00e1n trong c\u00f4ng vi\u1ec7c l\u00e0m \u0103n. V\u1edbi th\u00f4i mi\u00ean, b\u1ea1n c\u00f3 th\u1ec3 khi\u1ebfn b\u1ea5t c\u1ee9 ai c\u0169ng ph\u1ea3i l\u1eafng nghe v\u00e0 \u0111\u1ed3ng thu\u1eadn v\u1edbi m\u00ecnh, \u0111\u01a1n gi\u1ea3n v\u00ec b\u1ea1n hi\u1ec3u c\u00e1ch t\u00e2m tr\u00ed c\u1ee7a h\u1ecd v\u1eadn h\u00e0nh nh\u01b0 th\u1ebf n\u00e0o. H\u00e3y t\u01b0\u1edfng t\u01b0\u1ee3ng b\u1ea1n c\u00f3 th\u1ec3 l\u00e0m \u0111\u01b0\u1ee3c nh\u1eefng g\u00ec trong x\u00e3 h\u1ed9i n\u00e0y v\u1edbi \u01b0u th\u1ebf \u0111\u00f3. B\u1ea1n c\u00f3 mu\u1ed1n s\u1edf h\u1eefu \u201cv\u0169 kh\u00ed\u201d giao ti\u1ebfp t\u1ed1i th\u01b0\u1ee3ng \u0111\u00f3? H\u00e3y \u0111\u1ecdc Thu\u1eadt th\u00f4i mi\u00ean trong giao ti\u1ebfp c\u1ee7a Hiroyuki Ishii!<\/p>\n","protected":false},"featured_media":23223,"template":"","meta":{"_acf_changed":false},"product_brand":[],"product_cat":[18,15,46],"product_tag":[83],"class_list":{"0":"post-23224","1":"product","2":"type-product","3":"status-publish","4":"has-post-thumbnail","6":"product_cat-kinh-te","7":"product_cat-sach-danh-cho-nguoi-lon","8":"product_cat-ky-nang-song","9":"product_tag-sach-moi-xuat-ban","11":"first","12":"outofstock","13":"taxable","14":"shipping-taxable","15":"purchasable","16":"product-type-simple"},"supplier_id":null,"supplier_sku":"","barcode":null,"atum_controlled":true,"out_stock_date":"2023-11-16 22:20:35","out_stock_threshold":null,"inheritable":false,"inbound_stock":0,"stock_on_hold":0,"sold_today":0,"sales_last_days":0,"reserved_stock":0,"customer_returns":0,"warehouse_damage":0,"lost_in_post":0,"other_logs":0,"out_stock_days":804,"lost_sales":0,"has_location":false,"update_date":"2026-01-28T23:11:13","atum_locations":[],"atum_stock_status":"outofstock","restock_status":false,"low_stock_amount":"","sales_update_date":"2026-01-28T23:11:13","calc_backorders":null,"acf":{"publisher":{"ID":9147,"post_author":"2","post_date":"2021-05-20 21:06:21","post_date_gmt":"2021-05-20 18:06:21","post_content":"<!-- wp:html \/-->\n\n<!-- wp:image {\"align\":\"center\",\"id\":9152,\"sizeSlug\":\"large\",\"linkDestination\":\"media\"} -->\n<div class=\"wp-block-image\"><figure class=\"aligncenter size-large\"><a href=\"https:\/\/sachviet.eu\/wp-content\/uploads\/2021\/05\/logo.png\"><img src=\"https:\/\/sachviet.eu\/wp-content\/uploads\/2021\/05\/logo.png\" alt=\"\" class=\"wp-image-9152\" \/><\/a><\/figure><\/div>\n<!-- \/wp:image -->\n\n<!-- wp:paragraph -->\n<p>\u0110\u01b0\u1ee3c th\u00e0nh l\u1eadp n\u0103m 2015 b\u1edfi nh\u1eefng c\u1ed5 \u0111\u00f4ng \u0111\u00e3 c\u00f3 nhi\u1ec1u n\u0103m kinh nghi\u1ec7m trong ng\u00e0nh s\u00e1ch \u1edf Vi\u1ec7t Nam, ZENBOOKS h\u01b0\u1edbng \u0111\u1ebfn m\u1ee5c ti\u00eau \u0111\u1ea7y tham v\u1ecdng l\u00e0 tr\u1edf th\u00e0nh m\u1ed9t trong 10 c\u00f4ng ty s\u00e1ch h\u00e0ng \u0111\u1ea7u t\u1ea1i Vi\u1ec7t Nam sau 10 n\u0103m ho\u1ea1t \u0111\u1ed9ng.<\/p>\n<!-- \/wp:paragraph -->\n\n<!-- wp:paragraph -->\n<p>ZENBOOKS t\u1eadp trung v\u00e0o c\u00e1c d\u00f2ng s\u00e1ch gi\u00fap cho ng\u01b0\u1eddi \u0111\u1ecdc t\u00ecm \u0111\u01b0\u1ee3c nh\u1eefng g\u1ee3i \u00fd v\u00e0 h\u01b0\u1edbng d\u1eabn \u0111\u1ec3 c\u00f3 m\u1ed9t cu\u1ed9c s\u1ed1ng c\u00e2n b\u1eb1ng th\u00f4ng qua vi\u1ec7c \u0111i\u1ec1u ch\u1ec9nh h\u00e0nh vi v\u00e0 th\u00e1i \u0111\u1ed9 c\u1ee7a h\u1ecd.<\/p>\n<!-- \/wp:paragraph -->\n\n<!-- wp:paragraph -->\n<p>C\u00e1c d\u00f2ng s\u00e1ch c\u1ee7a ZENBOOKS:<\/p>\n<!-- \/wp:paragraph -->\n\n<!-- wp:paragraph -->\n<p>&nbsp;- T\u00e2m l\u00fd &amp; K\u1ef9 n\u0103ng (Self-help &amp; Life Skills)<\/p>\n<!-- \/wp:paragraph -->\n\n<!-- wp:paragraph -->\n<p>&nbsp;- V\u0103n h\u1ecdc (Literature)<\/p>\n<!-- \/wp:paragraph -->\n\n<!-- wp:paragraph -->\n<p>\u00a0- H\u1ed7 tr\u1ee3 h\u1ecdc t\u1eadp (Textbook Companions)<\/p>\n<!-- \/wp:paragraph -->\n\n<!-- wp:paragraph -->\n<p><\/p>\n<!-- \/wp:paragraph -->","post_title":"Zenbooks","post_excerpt":"","post_status":"publish","comment_status":"closed","ping_status":"closed","post_password":"","post_name":"zenbooks","to_ping":"","pinged":"","post_modified":"2021-05-22 01:04:48","post_modified_gmt":"2021-05-21 22:04:48","post_content_filtered":"","post_parent":0,"guid":"https:\/\/sachviet.eu\/?post_type=publisher&#038;p=9147","menu_order":0,"post_type":"publisher","post_mime_type":"","comment_count":"0","filter":"raw"}},"_links":{"self":[{"href":"https:\/\/sachviet.eu\/en\/wp-json\/wp\/v2\/product\/23224","targetHints":{"allow":["GET"]}}],"collection":[{"href":"https:\/\/sachviet.eu\/en\/wp-json\/wp\/v2\/product"}],"about":[{"href":"https:\/\/sachviet.eu\/en\/wp-json\/wp\/v2\/types\/product"}],"wp:featuredmedia":[{"embeddable":true,"href":"https:\/\/sachviet.eu\/en\/wp-json\/wp\/v2\/media\/23223"}],"wp:attachment":[{"href":"https:\/\/sachviet.eu\/en\/wp-json\/wp\/v2\/media?parent=23224"}],"wp:term":[{"taxonomy":"product_brand","embeddable":true,"href":"https:\/\/sachviet.eu\/en\/wp-json\/wp\/v2\/product_brand?post=23224"},{"taxonomy":"product_cat","embeddable":true,"href":"https:\/\/sachviet.eu\/en\/wp-json\/wp\/v2\/product_cat?post=23224"},{"taxonomy":"product_tag","embeddable":true,"href":"https:\/\/sachviet.eu\/en\/wp-json\/wp\/v2\/product_tag?post=23224"}],"curies":[{"name":"wp","href":"https:\/\/api.w.org\/{rel}","templated":true}]}}