{"id":23222,"date":"2023-04-03T22:58:05","date_gmt":"2023-04-03T19:58:05","guid":{"rendered":"https:\/\/sachviet.eu\/shop\/tri-tue-do-thai\/"},"modified":"2023-04-06T18:41:00","modified_gmt":"2023-04-06T15:41:00","slug":"tri-tue-do-thai","status":"publish","type":"product","link":"https:\/\/sachviet.eu\/en\/shop\/tri-tue-do-thai\/","title":{"rendered":"Tr\u00ed Tu\u1ec7 Do Th\u00e1i"},"content":{"rendered":"<p>Tr\u00ed tu\u1ec7 Do Th\u00e1i l\u00e0 m\u1ed9t cu\u1ed1n s\u00e1ch t\u01b0 duy \u0111\u1ea7y tham v\u1ecdng trong vi\u1ec7c n\u00e2ng cao kh\u1ea3 n\u0103ng t\u1ef1 h\u1ecdc t\u1eadp, ghi nh\u1edb v\u00e0 ph\u00e2n t\u00edch &#8211; nh\u1eefng \u0111i\u1ec1u \u0111\u00e3 khi\u1ebfn ng\u01b0\u1eddi Do Th\u00e1i v\u01b0\u1ee3t tr\u1ed9i l\u00ean, chi\u1ebfm l\u0129nh nh\u1eefng v\u1ecb tr\u00ed quan tr\u1ecdng trong ng\u00e0nh truy\u1ec1n th\u00f4ng, ng\u00e2n h\u00e0ng v\u00e0 nh\u1eefng gi\u1ea3i th\u01b0\u1edfng s\u00e1ng t\u1ea1o tr\u00ean th\u1ebf gi\u1edbi.  <\/p>\n<p>Tuy l\u00e0 m\u1ed9t cu\u1ed1n s\u00e1ch nh\u1ecf nh\u01b0ng Tr\u00ed Tu\u1ec7 Do Th\u00e1i l\u1ea1i mang trong m\u00ecnh tri th\u1ee9c v\u1ec1 m\u1ed9t d\u00e2n t\u1ed9c c\u00f3 th\u1ec3 nh\u1ecf v\u1ec1 s\u1ed1 l\u01b0\u1ee3ng nh\u01b0ng v\u0129 \u0111\u1ea1i v\u1ec1 tr\u00ed tu\u1ec7 v\u00e0 t\u00e0i n\u0103ng. Cu\u1ed1n s\u00e1ch kh\u00f4ng ch\u1ec9 l\u00fd gi\u1ea3i l\u00fd do v\u00ec sao nh\u1eefng ng\u01b0\u1eddi Do Th\u00e1i tr\u00ean th\u1ebf gi\u1edbi l\u1ea1i th\u00f4ng minh v\u00e0 gi\u00e0u c\u00f3, m\u00e0 c\u00f2n \u0111\u1eb7c t\u1ea3 con \u0111\u01b0\u1eddng th\u00e0nh c\u00f4ng c\u1ee7a m\u1ed9t ng\u01b0\u1eddi Do Th\u00e1i &#8211; Jerome c\u00f9ng nh\u1eefng tri\u1ebft l\u00fd \u0111\u01b0\u1ee3c \u0111\u00fac k\u1ebft \u0111\u1ea7y gi\u00e1 tr\u1ecb.<\/p>\n<p>Tr\u00ed Tu\u1ec7 Do Th\u00e1i kh\u00f4ng d\u1eebng l\u1ea1i \u1edf gi\u1edbi h\u1ea1n c\u1ee7a m\u1ed9t cu\u1ed1n s\u00e1ch tri\u1ebft l\u00fd hay k\u1ef9 n\u0103ng. Th\u00f4ng qua Jerome, m\u1ed9t k\u1ebb l\u00f4ng b\u00f4ng th\u00edch la c\u00e0, t\u00e1c gi\u1ea3 \u0111\u01b0a ng\u01b0\u1eddi \u0111\u1ecdc v\u00e0o m\u1ed9t chuy\u1ebfn kh\u00e1m ph\u00e1 v\u1ec1 tr\u00ed tu\u1ec7 c\u1ee7a ng\u01b0\u1eddi Do Th\u00e1i, t\u1eeb \u0111\u00f3 kh\u01a1i ra nh\u1eefng gi\u1edbi h\u1ea1n \u0111\u1ec3 ng\u01b0\u1eddi \u0111\u1ecdc c\u00f3 th\u1ec3 t\u1ef1 khai ph\u00e1 tr\u00ed tu\u1ec7 b\u1ea3n th\u00e2n v\u1edbi &#8220;N\u0103m nguy\u00ean t\u1eafc&#8221; v\u00e0 &#8220;M\u01b0\u1eddi l\u0103m g\u1ee3i \u00fd&#8221;. \u0110\u00e2y s\u1ebd l\u00e0 nh\u1eefng b\u00e0i h\u1ecdc qu\u00fd gi\u00e1 d\u00e0nh cho nh\u1eefng ai mu\u1ed1n t\u1ed3n t\u1ea1i v\u00e0 ph\u00e1t tri\u1ec3n m\u1ea1nh m\u1ebd, kh\u00f4ng ch\u1ec9 v\u1edbi con \u0111\u01b0\u1eddng th\u00e0nh c\u00f4ng c\u1ee7a ri\u00eang m\u00ecnh.<\/p>\n<p>Kh\u00f4ng \u0111\u01b0\u1ee3c vi\u1ebft nh\u01b0 m\u1ed9t cu\u1ed1n s\u00e1ch k\u1ef9 n\u0103ng kh\u00f4 khan, Tr\u00ed Tu\u1ec7 Do Th\u00e1i \u0111\u01b0\u1ee3c d\u1ef1ng l\u00ean b\u1eb1ng m\u1ed9t c\u00e2u chuy\u1ec7n v\u00e0 r\u1ed3i c\u0169ng kh\u00e9p l\u1ea1i v\u1edbi m\u1ed9t c\u00e1i k\u1ebft m\u1edf, n\u01a1i nh\u1eefng ng\u01b0\u1eddi Do Th\u00e1i \u0111ang kh\u00f4ng ng\u1eebng \u0111\u1ed1i m\u1eb7t v\u1edbi cu\u1ed9c s\u1ed1ng v\u00e0 chinh ph\u1ee5c n\u00f3.<\/p>\n","protected":false},"excerpt":{"rendered":"<p>Tr\u00ed tu\u1ec7 Do Th\u00e1i l\u00e0 m\u1ed9t cu\u1ed1n s\u00e1ch t\u01b0 duy \u0111\u1ea7y tham v\u1ecdng trong vi\u1ec7c n\u00e2ng cao kh\u1ea3 n\u0103ng t\u1ef1 h\u1ecdc t\u1eadp, ghi nh\u1edb v\u00e0 ph\u00e2n t\u00edch &#8211; nh\u1eefng \u0111i\u1ec1u \u0111\u00e3 khi\u1ebfn ng\u01b0\u1eddi Do Th\u00e1i v\u01b0\u1ee3t tr\u1ed9i l\u00ean, chi\u1ebfm l\u0129nh nh\u1eefng v\u1ecb tr\u00ed quan tr\u1ecdng trong ng\u00e0nh truy\u1ec1n th\u00f4ng, ng\u00e2n h\u00e0ng v\u00e0 nh\u1eefng gi\u1ea3i th\u01b0\u1edfng s\u00e1ng t\u1ea1o tr\u00ean th\u1ebf gi\u1edbi.  <\/p>\n<p>Tuy l\u00e0 m\u1ed9t cu\u1ed1n s\u00e1ch nh\u1ecf nh\u01b0ng Tr\u00ed Tu\u1ec7 Do Th\u00e1i l\u1ea1i mang trong m\u00ecnh tri th\u1ee9c v\u1ec1 m\u1ed9t d\u00e2n t\u1ed9c c\u00f3 th\u1ec3 nh\u1ecf v\u1ec1 s\u1ed1 l\u01b0\u1ee3ng nh\u01b0ng v\u0129 \u0111\u1ea1i v\u1ec1 tr\u00ed tu\u1ec7 v\u00e0 t\u00e0i n\u0103ng. Cu\u1ed1n s\u00e1ch kh\u00f4ng ch\u1ec9 l\u00fd gi\u1ea3i l\u00fd do v\u00ec sao nh\u1eefng ng\u01b0\u1eddi Do Th\u00e1i tr\u00ean th\u1ebf gi\u1edbi l\u1ea1i th\u00f4ng minh v\u00e0 gi\u00e0u c\u00f3, m\u00e0 c\u00f2n \u0111\u1eb7c t\u1ea3 con \u0111\u01b0\u1eddng th\u00e0nh c\u00f4ng c\u1ee7a m\u1ed9t ng\u01b0\u1eddi Do Th\u00e1i &#8211; Jerome c\u00f9ng nh\u1eefng tri\u1ebft l\u00fd \u0111\u01b0\u1ee3c \u0111\u00fac k\u1ebft \u0111\u1ea7y gi\u00e1 tr\u1ecb.<\/p>\n<p>Tr\u00ed Tu\u1ec7 Do Th\u00e1i kh\u00f4ng d\u1eebng l\u1ea1i \u1edf gi\u1edbi h\u1ea1n c\u1ee7a m\u1ed9t cu\u1ed1n s\u00e1ch tri\u1ebft l\u00fd hay k\u1ef9 n\u0103ng. Th\u00f4ng qua Jerome, m\u1ed9t k\u1ebb l\u00f4ng b\u00f4ng th\u00edch la c\u00e0, t\u00e1c gi\u1ea3 \u0111\u01b0a ng\u01b0\u1eddi \u0111\u1ecdc v\u00e0o m\u1ed9t chuy\u1ebfn kh\u00e1m ph\u00e1 v\u1ec1 tr\u00ed tu\u1ec7 c\u1ee7a ng\u01b0\u1eddi Do Th\u00e1i, t\u1eeb \u0111\u00f3 kh\u01a1i ra nh\u1eefng gi\u1edbi h\u1ea1n \u0111\u1ec3 ng\u01b0\u1eddi \u0111\u1ecdc c\u00f3 th\u1ec3 t\u1ef1 khai ph\u00e1 tr\u00ed tu\u1ec7 b\u1ea3n th\u00e2n v\u1edbi &#8220;N\u0103m nguy\u00ean t\u1eafc&#8221; v\u00e0 &#8220;M\u01b0\u1eddi l\u0103m g\u1ee3i \u00fd&#8221;. \u0110\u00e2y s\u1ebd l\u00e0 nh\u1eefng b\u00e0i h\u1ecdc qu\u00fd gi\u00e1 d\u00e0nh cho nh\u1eefng ai mu\u1ed1n t\u1ed3n t\u1ea1i v\u00e0 ph\u00e1t tri\u1ec3n m\u1ea1nh m\u1ebd, kh\u00f4ng ch\u1ec9 v\u1edbi con \u0111\u01b0\u1eddng th\u00e0nh c\u00f4ng c\u1ee7a ri\u00eang m\u00ecnh.<\/p>\n<p>Kh\u00f4ng \u0111\u01b0\u1ee3c vi\u1ebft nh\u01b0 m\u1ed9t cu\u1ed1n s\u00e1ch k\u1ef9 n\u0103ng kh\u00f4 khan, Tr\u00ed Tu\u1ec7 Do Th\u00e1i \u0111\u01b0\u1ee3c d\u1ef1ng l\u00ean b\u1eb1ng m\u1ed9t c\u00e2u chuy\u1ec7n v\u00e0 r\u1ed3i c\u0169ng kh\u00e9p l\u1ea1i v\u1edbi m\u1ed9t c\u00e1i k\u1ebft m\u1edf, n\u01a1i nh\u1eefng ng\u01b0\u1eddi Do Th\u00e1i \u0111ang kh\u00f4ng ng\u1eebng \u0111\u1ed1i m\u1eb7t v\u1edbi cu\u1ed9c s\u1ed1ng v\u00e0 chinh ph\u1ee5c n\u00f3.<\/p>\n","protected":false},"featured_media":23221,"template":"","meta":{"_acf_changed":false},"product_brand":[],"product_cat":[18,15,46],"product_tag":[83],"class_list":{"0":"post-23222","1":"product","2":"type-product","3":"status-publish","4":"has-post-thumbnail","6":"product_cat-kinh-te","7":"product_cat-sach-danh-cho-nguoi-lon","8":"product_cat-ky-nang-song","9":"product_tag-sach-moi-xuat-ban","11":"first","12":"outofstock","13":"taxable","14":"shipping-taxable","15":"purchasable","16":"product-type-simple"},"supplier_id":null,"supplier_sku":"","barcode":null,"atum_controlled":true,"out_stock_date":"2023-04-06 15:41:00","out_stock_threshold":null,"inheritable":false,"inbound_stock":0,"stock_on_hold":0,"sold_today":0,"sales_last_days":0,"reserved_stock":0,"customer_returns":0,"warehouse_damage":0,"lost_in_post":0,"other_logs":0,"out_stock_days":1028,"lost_sales":0,"has_location":false,"update_date":"2026-01-28T23:11:13","atum_locations":[],"atum_stock_status":"outofstock","restock_status":false,"low_stock_amount":"","sales_update_date":"2026-01-28T23:11:13","calc_backorders":null,"acf":{"publisher":{"ID":8671,"post_author":"1","post_date":"2021-04-28 14:30:12","post_date_gmt":"2021-04-28 11:30:12","post_content":"","post_title":"Alphabooks","post_excerpt":"","post_status":"publish","comment_status":"closed","ping_status":"closed","post_password":"","post_name":"alphabooks","to_ping":"","pinged":"","post_modified":"2021-04-28 14:30:12","post_modified_gmt":"2021-04-28 11:30:12","post_content_filtered":"","post_parent":0,"guid":"https:\/\/sachviet.eu\/nha-phat-hanh\/alphabooks\/","menu_order":0,"post_type":"publisher","post_mime_type":"","comment_count":"0","filter":"raw"}},"_links":{"self":[{"href":"https:\/\/sachviet.eu\/en\/wp-json\/wp\/v2\/product\/23222","targetHints":{"allow":["GET"]}}],"collection":[{"href":"https:\/\/sachviet.eu\/en\/wp-json\/wp\/v2\/product"}],"about":[{"href":"https:\/\/sachviet.eu\/en\/wp-json\/wp\/v2\/types\/product"}],"wp:featuredmedia":[{"embeddable":true,"href":"https:\/\/sachviet.eu\/en\/wp-json\/wp\/v2\/media\/23221"}],"wp:attachment":[{"href":"https:\/\/sachviet.eu\/en\/wp-json\/wp\/v2\/media?parent=23222"}],"wp:term":[{"taxonomy":"product_brand","embeddable":true,"href":"https:\/\/sachviet.eu\/en\/wp-json\/wp\/v2\/product_brand?post=23222"},{"taxonomy":"product_cat","embeddable":true,"href":"https:\/\/sachviet.eu\/en\/wp-json\/wp\/v2\/product_cat?post=23222"},{"taxonomy":"product_tag","embeddable":true,"href":"https:\/\/sachviet.eu\/en\/wp-json\/wp\/v2\/product_tag?post=23222"}],"curies":[{"name":"wp","href":"https:\/\/api.w.org\/{rel}","templated":true}]}}